{"id":11797,"date":"2020-06-18T08:58:24","date_gmt":"2020-06-18T00:58:24","guid":{"rendered":"https:\/\/arturf.com\/?post_type=product&#038;p=11797"},"modified":"2022-05-28T09:45:12","modified_gmt":"2022-05-28T01:45:12","slug":"professional-artificial-grass-installation-tools","status":"publish","type":"product","link":"https:\/\/arturf.com\/vi\/product\/professional-artificial-grass-installation-tools\/","title":{"rendered":"C\u00f4ng c\u1ee5 l\u1eafp \u0111\u1eb7t c\u1ecf nh\u00e2n t\u1ea1o chuy\u00ean nghi\u1ec7p"},"content":{"rendered":"<p>B\u1ed9 c\u00f4ng c\u1ee5 l\u1eafp \u0111\u1eb7t c\u1ecf nh\u00e2n t\u1ea1o. Ch\u00edn c\u00f4ng c\u1ee5 l\u1eafp \u0111\u1eb7t c\u1ecf nh\u00e2n t\u1ea1o tr\u1ecdn g\u00f3i tr\u1ecdn g\u00f3i. B\u1ea1n c\u00f3 th\u1ec3 mua m\u1ed9t g\u00f3i \u0111\u1ea7y \u0111\u1ee7 ho\u1eb7c ch\u1ec9 ch\u1ecdn m\u1ed9t s\u1ed1 c\u00f4ng c\u1ee5 \u0111\u01b0\u1ee3c s\u1eed d\u1ee5ng th\u01b0\u1eddng xuy\u00ean nh\u1ea5t. C\u00f4ng c\u1ee5 l\u1eafp \u0111\u1eb7t c\u1ee7a ch\u00fang t\u00f4i s\u1ebd gi\u00fap b\u1ea1n r\u1ea5t nhi\u1ec1u \u0111\u1ec3 ti\u1ebft ki\u1ec7m th\u1eddi gian v\u00e0 s\u1ee9c l\u1ef1c n\u1ebfu b\u1ea1n l\u00e0 ng\u01b0\u1eddi l\u1eafp \u0111\u1eb7t c\u1ecf nh\u00e2n t\u1ea1o, \u0111\u1eb7c bi\u1ec7t h\u1eefu \u00edch cho nh\u1eefng ng\u01b0\u1eddi l\u1eafp \u0111\u1eb7t c\u1ecf nh\u00e2n t\u1ea1o b\u00f3ng \u0111\u00e1.<\/p>\n\t<div class=\"box has-hover   has-hover box-vertical box-text-bottom\" >\n\n\t\t<div class=\"box-image\" style=\"width:20%;\">\n\t\t\t\t\t\t<div class=\"\" >\n\t\t\t\t<img loading=\"lazy\" decoding=\"async\" width=\"400\" height=\"400\" src=\"https:\/\/arturf.com\/wp-content\/uploads\/2020\/06\/Line-Cutter.jpg\" class=\"attachment- size-\" alt=\"\" srcset=\"https:\/\/arturf.com\/wp-content\/uploads\/2020\/06\/Line-Cutter.jpg 400w, https:\/\/arturf.com\/wp-content\/uploads\/2020\/06\/Line-Cutter-300x300.jpg 300w, https:\/\/arturf.com\/wp-content\/uploads\/2020\/06\/Line-Cutter-12x12.jpg 12w, https:\/\/arturf.com\/wp-content\/uploads\/2020\/06\/Line-Cutter-100x100.jpg 100w\" sizes=\"auto, (max-width: 400px) 100vw, 400px\" \/>\t\t\t\t\t\t\t\t\t\t\t<\/div>\n\t\t\t\t\t<\/div>\n\n\t\t<div class=\"box-text text-left\" >\n\t\t\t<div class=\"box-text-inner\">\n\t\t\t\t\n<h4>M\u00e1y c\u1eaft d\u00f2ng<\/h4>\n<p>M\u1ed9t c\u00f4ng c\u1ee5 h\u1eefu \u00edch \u0111\u1ec3 c\u1eaft c\u1ecf xanh \u0111\u00e3 tr\u1ea3i theo \u0111\u01b0\u1eddng th\u1eb3ng, sau \u0111\u00f3 c\u00e0i \u0111\u1eb7t \u0111\u01b0\u1eddng c\u1eaft c\u1ecf tr\u1eafng. R\u1ea5t kh\u00f3 \u0111\u1ec3 c\u00e0i \u0111\u1eb7t <a href=\"https:\/\/arturf.com\/vi\/installation\/artificial-grass-line-marking\/\">v\u1ea1ch tr\u1eafng<\/a> kh\u00f4ng c\u00f3 c\u00f4ng c\u1ee5 n\u00e0y, n\u00f3 l\u00e0 ch\u00eca kh\u00f3a v\u00e0 quan tr\u1ecdng cho vi\u1ec7c c\u00e0i \u0111\u1eb7t c\u1ecf.<\/p>\n\t\t\t<\/div>\n\t\t<\/div>\n\t<\/div>\n\t\n\t<div id=\"gap-742858489\" class=\"gap-element clearfix\" style=\"display:block; height:auto;\">\n\t\t\n<style>\n#gap-742858489 {\n  padding-top: 20px;\n}\n<\/style>\n\t<\/div>\n\t\n\t<div class=\"box has-hover   has-hover box-vertical box-text-bottom\" >\n\n\t\t<div class=\"box-image\" style=\"width:20%;\">\n\t\t\t\t\t\t<div class=\"\" >\n\t\t\t\t<img loading=\"lazy\" decoding=\"async\" width=\"400\" height=\"400\" src=\"https:\/\/arturf.com\/wp-content\/uploads\/2020\/06\/Circle-Cutter.jpg\" class=\"attachment- size-\" alt=\"\" srcset=\"https:\/\/arturf.com\/wp-content\/uploads\/2020\/06\/Circle-Cutter.jpg 400w, https:\/\/arturf.com\/wp-content\/uploads\/2020\/06\/Circle-Cutter-300x300.jpg 300w, https:\/\/arturf.com\/wp-content\/uploads\/2020\/06\/Circle-Cutter-12x12.jpg 12w, https:\/\/arturf.com\/wp-content\/uploads\/2020\/06\/Circle-Cutter-100x100.jpg 100w\" sizes=\"auto, (max-width: 400px) 100vw, 400px\" \/>\t\t\t\t\t\t\t\t\t\t\t<\/div>\n\t\t\t\t\t<\/div>\n\n\t\t<div class=\"box-text text-left\" >\n\t\t\t<div class=\"box-text-inner\">\n\t\t\t\t\n<h4>M\u00e1y c\u1eaft v\u00f2ng tr\u00f2n<\/h4>\n<p>M\u1ed9t d\u1ee5ng c\u1ee5 l\u00e0m c\u1ecf nh\u00e2n t\u1ea1o h\u1eefu \u00edch c\u00f3 t\u00ean l\u00e0 m\u00e1y c\u1eaft c\u1ecf tr\u00f2n. N\u00f3 \u0111\u01b0\u1ee3c thi\u1ebft k\u1ebf \u0111\u1ec3 t\u1ea1o c\u00e1c \u0111i\u1ec3m v\u00f2ng tr\u00f2n c\u1ecf ho\u00e0n h\u1ea3o nh\u01b0 \u0111i\u1ec3m trung t\u00e2m v\u00e0 \u0111i\u1ec3m ph\u1ea1t \u0111\u1ec1n trong s\u00e2n b\u00f3ng \u0111\u00e1. V\u00e0 n\u00f3 l\u00e0 m\u1ed9t c\u00f4ng c\u1ee5 tuy\u1ec7t v\u1eddi v\u00e0 quan tr\u1ecdng \u0111\u1ec3 c\u1eaft c\u00e1c l\u1ed7 xanh g\u00f4n.<\/p>\n\t\t\t<\/div>\n\t\t<\/div>\n\t<\/div>\n\t\n\t<div id=\"gap-2073215889\" class=\"gap-element clearfix\" style=\"display:block; height:auto;\">\n\t\t\n<style>\n#gap-2073215889 {\n  padding-top: 20px;\n}\n<\/style>\n\t<\/div>\n\t\n\t<div class=\"box has-hover   has-hover box-vertical box-text-bottom\" >\n\n\t\t<div class=\"box-image\" style=\"width:20%;\">\n\t\t\t\t\t\t<div class=\"\" >\n\t\t\t\t<img loading=\"lazy\" decoding=\"async\" width=\"400\" height=\"400\" src=\"https:\/\/arturf.com\/wp-content\/uploads\/2020\/06\/Turf-Fix.jpg\" class=\"attachment- size-\" alt=\"\" srcset=\"https:\/\/arturf.com\/wp-content\/uploads\/2020\/06\/Turf-Fix.jpg 400w, https:\/\/arturf.com\/wp-content\/uploads\/2020\/06\/Turf-Fix-300x300.jpg 300w, https:\/\/arturf.com\/wp-content\/uploads\/2020\/06\/Turf-Fix-12x12.jpg 12w, https:\/\/arturf.com\/wp-content\/uploads\/2020\/06\/Turf-Fix-100x100.jpg 100w\" sizes=\"auto, (max-width: 400px) 100vw, 400px\" \/>\t\t\t\t\t\t\t\t\t\t\t<\/div>\n\t\t\t\t\t<\/div>\n\n\t\t<div class=\"box-text text-left\" >\n\t\t\t<div class=\"box-text-inner\">\n\t\t\t\t\n<h4>S\u1eeda c\u1ecf<\/h4>\n<p>M\u1ed9t c\u00f4ng c\u1ee5 l\u1eafp \u0111\u1eb7t c\u1ecf nh\u00e2n t\u1ea1o chuy\u00ean nghi\u1ec7p v\u00e0 h\u1eefu \u00edch gi\u00fap k\u00e9o hai mi\u1ebfng c\u1ecf n\u1eb7ng m\u1ed9t c\u00e1ch d\u1ec5 d\u00e0ng v\u00e0 t\u1eeb t\u1eeb l\u1ea1i v\u1edbi nhau \u0111\u1ec3 n\u1ed1i t\u1eebng mi\u1ebfng m\u1ed9t c\u00e1ch ho\u00e0n h\u1ea3o v\u00e0 li\u1ec1n m\u1ea1ch.<\/p>\n\t\t\t<\/div>\n\t\t<\/div>\n\t<\/div>\n\t\n\t<div id=\"gap-174859641\" class=\"gap-element clearfix\" style=\"display:block; height:auto;\">\n\t\t\n<style>\n#gap-174859641 {\n  padding-top: 20px;\n}\n<\/style>\n\t<\/div>\n\t\n\t<div class=\"box has-hover   has-hover box-vertical box-text-bottom\" >\n\n\t\t<div class=\"box-image\" style=\"width:20%;\">\n\t\t\t\t\t\t<div class=\"\" >\n\t\t\t\t<img loading=\"lazy\" decoding=\"async\" width=\"400\" height=\"400\" src=\"https:\/\/arturf.com\/wp-content\/uploads\/2020\/06\/Grass-Grip.jpg\" class=\"attachment- size-\" alt=\"\" srcset=\"https:\/\/arturf.com\/wp-content\/uploads\/2020\/06\/Grass-Grip.jpg 400w, https:\/\/arturf.com\/wp-content\/uploads\/2020\/06\/Grass-Grip-300x300.jpg 300w, https:\/\/arturf.com\/wp-content\/uploads\/2020\/06\/Grass-Grip-12x12.jpg 12w, https:\/\/arturf.com\/wp-content\/uploads\/2020\/06\/Grass-Grip-100x100.jpg 100w\" sizes=\"auto, (max-width: 400px) 100vw, 400px\" \/>\t\t\t\t\t\t\t\t\t\t\t<\/div>\n\t\t\t\t\t<\/div>\n\n\t\t<div class=\"box-text text-left\" >\n\t\t\t<div class=\"box-text-inner\">\n\t\t\t\t\n<h4>N\u1eafm c\u1ecf<\/h4>\n<p>M\u1ed9t c\u00f4ng c\u1ee5 h\u1eefu \u00edch v\u00e0 chuy\u00ean nghi\u1ec7p \u0111\u1ec3 l\u1eafp \u0111\u1eb7t c\u1ecf nh\u00e2n t\u1ea1o gi\u00fap k\u1eb9p ch\u1eb7t c\u1ecf n\u1eb7ng v\u00e0 k\u00e9o xung quanh d\u1ec5 d\u00e0ng m\u00e0 kh\u00f4ng l\u00e0m h\u1ecfng n\u00f3. N\u00f3 c\u00f3 m\u1ed9t c\u00e1i mi\u1ec7ng l\u1edbn \u0111\u1ea7y r\u0103ng m\u1ea1nh m\u1ebd n\u1ed1i v\u1edbi hai tay c\u1ea7m, gi\u1eef tay c\u1ea7m b\u1eb1ng hai tay v\u00e0 k\u00e9o n\u00f3. N\u00f3 cung c\u1ea5p s\u1ee9c m\u1ea1nh s\u1ee9c m\u1ea1nh \u0111\u1ec3 n\u1eafm c\u1ecf b\u1eb1ng c\u00e1ch s\u1eed d\u1ee5ng quy t\u1eafc \u0111\u00f2n b\u1ea9y.<\/p>\n\t\t\t<\/div>\n\t\t<\/div>\n\t<\/div>\n\t\n\t<div id=\"gap-460912744\" class=\"gap-element clearfix\" style=\"display:block; height:auto;\">\n\t\t\n<style>\n#gap-460912744 {\n  padding-top: 20px;\n}\n<\/style>\n\t<\/div>\n\t\n\t<div class=\"box has-hover   has-hover box-vertical box-text-bottom\" >\n\n\t\t<div class=\"box-image\" style=\"width:20%;\">\n\t\t\t\t\t\t<div class=\"\" >\n\t\t\t\t<img loading=\"lazy\" decoding=\"async\" width=\"400\" height=\"400\" src=\"https:\/\/arturf.com\/wp-content\/uploads\/2020\/06\/Seam-Fix.jpg\" class=\"attachment- size-\" alt=\"\" srcset=\"https:\/\/arturf.com\/wp-content\/uploads\/2020\/06\/Seam-Fix.jpg 400w, https:\/\/arturf.com\/wp-content\/uploads\/2020\/06\/Seam-Fix-300x300.jpg 300w, https:\/\/arturf.com\/wp-content\/uploads\/2020\/06\/Seam-Fix-12x12.jpg 12w, https:\/\/arturf.com\/wp-content\/uploads\/2020\/06\/Seam-Fix-100x100.jpg 100w\" sizes=\"auto, (max-width: 400px) 100vw, 400px\" \/>\t\t\t\t\t\t\t\t\t\t\t<\/div>\n\t\t\t\t\t<\/div>\n\n\t\t<div class=\"box-text text-left\" >\n\t\t\t<div class=\"box-text-inner\">\n\t\t\t\t\n<h4>S\u1eeda \u0111\u01b0\u1eddng may<\/h4>\n<p>D\u00f9ng \u0111\u1ec3 \u00e9p c\u1ed1 \u0111\u1ecbnh c\u00e1c m\u00e9p c\u1ecf l\u1ea1i v\u1edbi nhau gi\u00fap c\u1ed1 \u0111\u1ecbnh \u0111\u01b0\u1eddng may ch\u1eafc ch\u1eafn v\u00e0 \u0111\u1eb9p m\u1eaft. N\u00f3 \u0111\u01b0\u1ee3c thi\u1ebft k\u1ebf v\u1edbi c\u1ea3 tay c\u1ea7m v\u00e0 m\u1ed9t chi\u1ebfc v\u00f2ng c\u00f3 th\u1ec3 \u0111\u01b0\u1ee3c s\u1eed d\u1ee5ng theo c\u00e1ch c\u00fai ng\u01b0\u1eddi, ho\u1eb7c g\u1eady ho\u1eb7c \u1ed1ng v\u1edbi \u0111\u1ed9 d\u00e0i ph\u00f9 h\u1ee3p \u0111\u1ec3 b\u1ea1n c\u00f3 th\u1ec3 \u0111i b\u1ed9.<\/p>\n\t\t\t<\/div>\n\t\t<\/div>\n\t<\/div>\n\t\n\t<div id=\"gap-708135941\" class=\"gap-element clearfix\" style=\"display:block; height:auto;\">\n\t\t\n<style>\n#gap-708135941 {\n  padding-top: 20px;\n}\n<\/style>\n\t<\/div>\n\t\n\t<div class=\"box has-hover   has-hover box-vertical box-text-bottom\" >\n\n\t\t<div class=\"box-image\" style=\"width:20%;\">\n\t\t\t\t\t\t<div class=\"\" >\n\t\t\t\t<img loading=\"lazy\" decoding=\"async\" width=\"400\" height=\"400\" src=\"https:\/\/arturf.com\/wp-content\/uploads\/2020\/06\/Glue-Fix.jpg\" class=\"attachment- size-\" alt=\"\" srcset=\"https:\/\/arturf.com\/wp-content\/uploads\/2020\/06\/Glue-Fix.jpg 400w, https:\/\/arturf.com\/wp-content\/uploads\/2020\/06\/Glue-Fix-300x300.jpg 300w, https:\/\/arturf.com\/wp-content\/uploads\/2020\/06\/Glue-Fix-12x12.jpg 12w, https:\/\/arturf.com\/wp-content\/uploads\/2020\/06\/Glue-Fix-100x100.jpg 100w\" sizes=\"auto, (max-width: 400px) 100vw, 400px\" \/>\t\t\t\t\t\t\t\t\t\t\t<\/div>\n\t\t\t\t\t<\/div>\n\n\t\t<div class=\"box-text text-left\" >\n\t\t\t<div class=\"box-text-inner\">\n\t\t\t\t\n<h4>Keo s\u1eeda ch\u1eefa<\/h4>\n<p>M\u1ed9t c\u00f4ng c\u1ee5 h\u1eefu \u00edch c\u00f2n \u0111\u01b0\u1ee3c g\u1ecdi l\u00e0 d\u1ee5ng c\u1ee5 b\u00f4i keo \u0111\u1ec3 ph\u1ee7 keo c\u1ee7a b\u0103ng keo cho c\u1ecf nh\u00e2n t\u1ea1o. V\u1edbi n\u00f3, b\u1ea1n c\u00f3 th\u1ec3 l\u00e2y lan <a href=\"https:\/\/arturf.com\/vi\/product\/artificial-grass-adhesive\/\">keo c\u1ecf nh\u00e2n t\u1ea1o<\/a> tr\u00ean b\u0103ng \u0111\u01b0\u1eddng may nhanh ch\u00f3ng v\u00e0 d\u1ec5 d\u00e0ng. Hai th\u00f9ng ch\u1ee9a keo, chi\u1ec1u r\u1ed9ng l\u1edbp ph\u1ee7 c\u00f3 th\u1ec3 \u0111i\u1ec1u ch\u1ec9nh \u0111\u1ec3 th\u00edch \u1ee9ng v\u1edbi chi\u1ec1u r\u1ed9ng kh\u00e1c nhau c\u1ee7a b\u0103ng \u0111\u01b0\u1eddng may<\/p>\n\t\t\t<\/div>\n\t\t<\/div>\n\t<\/div>\n\t\n\t<div id=\"gap-321963631\" class=\"gap-element clearfix\" style=\"display:block; height:auto;\">\n\t\t\n<style>\n#gap-321963631 {\n  padding-top: 20px;\n}\n<\/style>\n\t<\/div>\n\t\n\t<div class=\"box has-hover   has-hover box-vertical box-text-bottom\" >\n\n\t\t<div class=\"box-image\" style=\"width:20%;\">\n\t\t\t\t\t\t<div class=\"\" >\n\t\t\t\t<img loading=\"lazy\" decoding=\"async\" width=\"400\" height=\"400\" src=\"https:\/\/arturf.com\/wp-content\/uploads\/2020\/06\/Grass-Cutter.jpg\" class=\"attachment- size-\" alt=\"\" srcset=\"https:\/\/arturf.com\/wp-content\/uploads\/2020\/06\/Grass-Cutter.jpg 400w, https:\/\/arturf.com\/wp-content\/uploads\/2020\/06\/Grass-Cutter-300x300.jpg 300w, https:\/\/arturf.com\/wp-content\/uploads\/2020\/06\/Grass-Cutter-12x12.jpg 12w, https:\/\/arturf.com\/wp-content\/uploads\/2020\/06\/Grass-Cutter-100x100.jpg 100w\" sizes=\"auto, (max-width: 400px) 100vw, 400px\" \/>\t\t\t\t\t\t\t\t\t\t\t<\/div>\n\t\t\t\t\t<\/div>\n\n\t\t<div class=\"box-text text-left\" >\n\t\t\t<div class=\"box-text-inner\">\n\t\t\t\t\n<h4>M\u00e1y c\u1eaft c\u1ecf<\/h4>\n<p>M\u1ed9t c\u00f4ng c\u1ee5 c\u1ecf h\u1eefu \u00edch \u0111\u1ec3 nhanh ch\u00f3ng c\u1eaft d\u1ecdc theo \u0111\u01b0\u1eddng c\u1ecf nh\u00e2n t\u1ea1o hi\u1ec7n c\u00f3. Tay c\u1ea7m tho\u1ea3i m\u00e1i v\u00e0 d\u1ec5 d\u00e0ng c\u1ea7m b\u1eb1ng m\u1ed9t tay. D\u1ee5ng c\u1ee5 c\u1eaft c\u1ecf nh\u1eb9 v\u00e0 ti\u1ec7n d\u1ee5ng, d\u1ec5 d\u00e0ng g\u1ea1t v\u1ec1 ph\u00eda tr\u01b0\u1edbc \u0111\u1ec3 c\u1eaft \u0111\u01b0\u1eddng th\u1eb3ng.<\/p>\n\t\t\t<\/div>\n\t\t<\/div>\n\t<\/div>\n\t\n\t<div id=\"gap-1786941263\" class=\"gap-element clearfix\" style=\"display:block; height:auto;\">\n\t\t\n<style>\n#gap-1786941263 {\n  padding-top: 20px;\n}\n<\/style>\n\t<\/div>\n\t\n\t<div class=\"box has-hover   has-hover box-vertical box-text-bottom\" >\n\n\t\t<div class=\"box-image\" style=\"width:20%;\">\n\t\t\t\t\t\t<div class=\"\" >\n\t\t\t\t<img loading=\"lazy\" decoding=\"async\" width=\"400\" height=\"400\" src=\"https:\/\/arturf.com\/wp-content\/uploads\/2020\/06\/Edge-Trimmer.jpg\" class=\"attachment- size-\" alt=\"\" srcset=\"https:\/\/arturf.com\/wp-content\/uploads\/2020\/06\/Edge-Trimmer.jpg 400w, https:\/\/arturf.com\/wp-content\/uploads\/2020\/06\/Edge-Trimmer-300x300.jpg 300w, https:\/\/arturf.com\/wp-content\/uploads\/2020\/06\/Edge-Trimmer-12x12.jpg 12w, https:\/\/arturf.com\/wp-content\/uploads\/2020\/06\/Edge-Trimmer-100x100.jpg 100w\" sizes=\"auto, (max-width: 400px) 100vw, 400px\" \/>\t\t\t\t\t\t\t\t\t\t\t<\/div>\n\t\t\t\t\t<\/div>\n\n\t\t<div class=\"box-text text-left\" >\n\t\t\t<div class=\"box-text-inner\">\n\t\t\t\t\n<h4>M\u00e1y c\u1eaft c\u1ea1nh<\/h4>\n<p>M\u00e1y x\u00e9n m\u00e9p c\u1ecf l\u00e0 m\u1ed9t d\u1ee5ng c\u1ee5 r\u1ea5t h\u1eefu \u00edch v\u00e0 hi\u1ec7u qu\u1ea3 trong vi\u1ec7c l\u1eafp \u0111\u1eb7t c\u1ecf nh\u00e2n t\u1ea1o, n\u00f3 c\u00f3 th\u1ec3 gi\u00fap ch\u00fang ta c\u1eaft m\u00e9p th\u1eeba (c\u1ecf th\u1eeba) ho\u1eb7c ph\u1ea7n c\u1ecf th\u1eeba m\u1ed9t c\u00e1ch nhanh ch\u00f3ng. N\u00f3 c\u00f3 m\u1ed9t tay c\u1ea7m \u0111\u1ec3 b\u1ea1n c\u1ea7m n\u00f3 b\u1eb1ng tay v\u00e0 ch\u00fang ta c\u1ea7m n\u00f3 theo c\u00e1ch c\u00fai xu\u1ed1ng, tuy nhi\u00ean, m\u1ed9t chi\u1ebfc g\u1eady c\u00f3 chi\u1ec1u d\u00e0i th\u00edch h\u1ee3p l\u00e0 ch\u1eafc ch\u1eafn \u0111\u1ec3 g\u1eafn v\u00e0o d\u1ee5ng c\u1ee5 n\u00e0y \u0111\u1ec3 b\u1ea1n c\u00f3 th\u1ec3 b\u01b0\u1edbc \u0111i nhanh ch\u00f3ng v\u00e0 tho\u1ea3i m\u00e1i. C\u00f3 m\u1ed9t v\u00f2ng \u0111\u1ec3 k\u1ebft n\u1ed1i thanh ho\u1eb7c \u1ed1ng.<\/p>\n\t\t\t<\/div>\n\t\t<\/div>\n\t<\/div>\n\t\n\t<div id=\"gap-165775051\" class=\"gap-element clearfix\" style=\"display:block; height:auto;\">\n\t\t\n<style>\n#gap-165775051 {\n  padding-top: 20px;\n}\n<\/style>\n\t<\/div>\n\t\n\t<div class=\"box has-hover   has-hover box-vertical box-text-bottom\" >\n\n\t\t<div class=\"box-image\" style=\"width:20%;\">\n\t\t\t\t\t\t<div class=\"\" >\n\t\t\t\t<img loading=\"lazy\" decoding=\"async\" width=\"403\" height=\"403\" src=\"https:\/\/arturf.com\/wp-content\/uploads\/2020\/06\/Floor-Test.jpg\" class=\"attachment- size-\" alt=\"\" srcset=\"https:\/\/arturf.com\/wp-content\/uploads\/2020\/06\/Floor-Test.jpg 403w, https:\/\/arturf.com\/wp-content\/uploads\/2020\/06\/Floor-Test-300x300.jpg 300w, https:\/\/arturf.com\/wp-content\/uploads\/2020\/06\/Floor-Test-12x12.jpg 12w, https:\/\/arturf.com\/wp-content\/uploads\/2020\/06\/Floor-Test-100x100.jpg 100w\" sizes=\"auto, (max-width: 403px) 100vw, 403px\" \/>\t\t\t\t\t\t\t\t\t\t\t<\/div>\n\t\t\t\t\t<\/div>\n\n\t\t<div class=\"box-text text-left\" >\n\t\t\t<div class=\"box-text-inner\">\n\t\t\t\t\n<h4>Ki\u1ec3m tra s\u00e0n<\/h4>\n<p>C\u00f4ng c\u1ee5 n\u00e0y (th\u01b0\u1edbc k\u1ebb) \u0111\u01b0\u1ee3c g\u1ecdi l\u00e0 th\u01b0\u1edbc \u0111o \u0111\u1ed9 s\u00e2u ho\u1eb7c ki\u1ec3m tra s\u00e0n \u0111\u01b0\u1ee3c s\u1eed d\u1ee5ng \u0111\u1ec3 \u0111o \u0111\u1ed9 s\u00e2u c\u1ee7a l\u1edbp ch\u00e8n bao g\u1ed3m c\u00e1t v\u00e0 h\u1ea1t cao su v\u00e0 c\u00e1c v\u1eadt li\u1ec7u ch\u00e8n l\u1ea5p kh\u00e1c \u0111\u01b0\u1ee3c l\u1ea5p \u0111\u1ea7y b\u00ean trong s\u00e2n c\u1ecf t\u1ed5ng h\u1ee3p \/ c\u1ecf nh\u00e2n t\u1ea1o, n\u00f3 l\u00e0 m\u1ed9t c\u00f4ng c\u1ee5 r\u1ea5t h\u1eefu \u00edch \u0111\u1ec3 l\u1eafp \u0111\u1eb7t c\u1ecf nh\u00e2n t\u1ea1o , n\u00f3 gi\u00fap ch\u00fang t\u00f4i ki\u1ec3m tra s\u1ed1 l\u01b0\u1ee3ng v\u00e0 ch\u1ea5t l\u01b0\u1ee3ng \u0111\u1ed5 v\u00e0o c\u1ee7a b\u1ec1 m\u1eb7t c\u1ecf nh\u00e2n t\u1ea1o.<\/p>\n\t\t\t<\/div>\n\t\t<\/div>\n\t<\/div>","protected":false},"excerpt":{"rendered":"<p>C\u00e1c c\u00f4ng c\u1ee5 h\u1eefu \u00edch v\u00e0 chuy\u00ean nghi\u1ec7p \u0111\u1ec3 l\u1eafp \u0111\u1eb7t c\u1ecf nh\u00e2n t\u1ea1o, bao g\u1ed3m M\u00e1y c\u1eaft \u0111\u01b0\u1eddng \uff0c M\u00e1y c\u1eaft v\u00f2ng tr\u00f2n \uff0c S\u1eeda s\u00e2n c\u1ecf \uff0c Tay c\u1ea7m c\u1ecf \uff0c S\u1eeda \u0111\u01b0\u1eddng may \uff0c S\u1eeda keo \uff0c M\u00e1y c\u1eaft c\u1ecf \uff0c M\u00e1y c\u1eaft c\u1ea1nh \uff0c Ki\u1ec3m tra s\u00e0n. T\u1ed5ng c\u1ed9ng ch\u00edn c\u00f4ng c\u1ee5 l\u1eafp \u0111\u1eb7t c\u1ecf nh\u00e2n t\u1ea1o cho m\u1ed9t g\u00f3i \u0111\u1ea7y \u0111\u1ee7. B\u1ea1n c\u00f3 th\u1ec3 mua m\u1ed9t g\u00f3i \u0111\u1ea7y \u0111\u1ee7 ho\u1eb7c ch\u1ec9 ch\u1ecdn m\u1ed9t s\u1ed1 c\u00f4ng c\u1ee5 \u0111\u01b0\u1ee3c s\u1eed d\u1ee5ng th\u01b0\u1eddng xuy\u00ean nh\u1ea5t.<\/p>","protected":false},"featured_media":11916,"template":"","meta":{"_seopress_robots_primary_cat":"","_seopress_titles_title":"","_seopress_titles_desc":"Useful and professional tools for artificial grass installation, including turf grip, turf fix, seam fix, line cutter, grass cutter, glue fix, edge trimmer, circle cutter, and floor test.","_seopress_robots_index":""},"product_brand":[],"product_cat":[66],"product_tag":[],"class_list":{"0":"post-11797","1":"product","2":"type-product","3":"status-publish","4":"has-post-thumbnail","6":"product_cat-accessories","8":"first","9":"instock","10":"shipping-taxable","11":"product-type-simple"},"_links":{"self":[{"href":"https:\/\/arturf.com\/vi\/wp-json\/wp\/v2\/product\/11797","targetHints":{"allow":["GET"]}}],"collection":[{"href":"https:\/\/arturf.com\/vi\/wp-json\/wp\/v2\/product"}],"about":[{"href":"https:\/\/arturf.com\/vi\/wp-json\/wp\/v2\/types\/product"}],"wp:featuredmedia":[{"embeddable":true,"href":"https:\/\/arturf.com\/vi\/wp-json\/wp\/v2\/media\/11916"}],"wp:attachment":[{"href":"https:\/\/arturf.com\/vi\/wp-json\/wp\/v2\/media?parent=11797"}],"wp:term":[{"taxonomy":"product_brand","embeddable":true,"href":"https:\/\/arturf.com\/vi\/wp-json\/wp\/v2\/product_brand?post=11797"},{"taxonomy":"product_cat","embeddable":true,"href":"https:\/\/arturf.com\/vi\/wp-json\/wp\/v2\/product_cat?post=11797"},{"taxonomy":"product_tag","embeddable":true,"href":"https:\/\/arturf.com\/vi\/wp-json\/wp\/v2\/product_tag?post=11797"}],"curies":[{"name":"wp","href":"https:\/\/api.w.org\/{rel}","templated":true}]}}