{"id":13490,"date":"2020-12-07T14:25:30","date_gmt":"2020-12-07T06:25:30","guid":{"rendered":"https:\/\/arturf.com\/?post_type=product&#038;p=13490"},"modified":"2024-07-13T16:25:22","modified_gmt":"2024-07-13T08:25:22","slug":"sports-lighting","status":"publish","type":"product","link":"https:\/\/arturf.com\/vi\/product\/sports-lighting\/","title":{"rendered":"Chi\u1ebfu s\u00e1ng th\u1ec3 thao"},"content":{"rendered":"<p>Tr\u1ea3i nghi\u1ec7m \u0111\u1ec9nh cao c\u1ee7a h\u1ec7 th\u1ed1ng chi\u1ebfu s\u00e1ng th\u1ec3 thao v\u1edbi c\u00e1c gi\u1ea3i ph\u00e1p LED cao c\u1ea5p c\u1ee7a ch\u00fang t\u00f4i. Ch\u00fang t\u00f4i h\u1ee3p t\u00e1c ch\u1eb7t ch\u1ebd v\u1edbi c\u00e1c nh\u00e0 s\u1ea3n xu\u1ea5t \u0111\u00e8n th\u1ec3 thao LED n\u1ed5i ti\u1ebfng \u0111\u1ec3 cung c\u1ea5p cho b\u1ea1n c\u00f4ng ngh\u1ec7 ti\u00ean ti\u1ebfn gi\u00fap n\u00e2ng cao kh\u1ea3 n\u0103ng hi\u1ec3n th\u1ecb v\u00e0 hi\u1ec7u qu\u1ea3 trong l\u0129nh v\u1ef1c th\u1ec3 thao c\u1ee7a b\u1ea1n.<\/p>\n<h3>T\u1ea1i sao ch\u1ecdn \u0111\u00e8n LED th\u1ec3 thao c\u1ee7a ch\u00fang t\u00f4i?<\/h3>\n<ol>\n<li>\n<p><strong>Quan h\u1ec7 \u0111\u1ed1i t\u00e1c chuy\u00ean gia:<\/strong> M\u1eb7c d\u00f9 ch\u00fang t\u00f4i kh\u00f4ng t\u1ef1 s\u1ea3n xu\u1ea5t \u0111\u00e8n pha LED nh\u01b0ng ch\u00fang t\u00f4i \u0111\u00e3 thi\u1ebft l\u1eadp m\u1ed1i quan h\u1ec7 h\u1ee3p t\u00e1c s\u00e2u s\u1eafc v\u1edbi m\u1ed9t s\u1ed1 nh\u00e0 cung c\u1ea5p \u0111\u00e8n chi\u1ebfu s\u00e1ng th\u1ec3 thao c\u00f3 uy t\u00edn. \u0110i\u1ec1u n\u00e0y cho ph\u00e9p ch\u00fang t\u00f4i l\u1ef1a ch\u1ecdn c\u00e1c s\u1ea3n ph\u1ea9m chi\u1ebfu s\u00e1ng th\u1ec3 thao LED ph\u00f9 h\u1ee3p nh\u1ea5t cho kh\u00e1ch h\u00e0ng qu\u00fd gi\u00e1 c\u1ee7a m\u00ecnh, \u0111\u1ea3m b\u1ea3o hi\u1ec7u su\u1ea5t v\u00e0 \u0111\u1ed9 tin c\u1eady t\u1ed1t nh\u1ea5t c\u00f3 th\u1ec3.<\/p>\n<\/li>\n<li>\n<p><strong>\u0110\u1ea3m b\u1ea3o ch\u1ea5t l\u01b0\u1ee3ng:<\/strong> Quan h\u1ec7 \u0111\u1ed1i t\u00e1c l\u00e2u d\u00e0i c\u1ee7a ch\u00fang t\u00f4i \u0111\u1ea3m b\u1ea3o ch\u1ea5t l\u01b0\u1ee3ng \u1ed5n \u0111\u1ecbnh v\u00e0 gi\u00e1 c\u1ea3 c\u1ea1nh tranh, mang l\u1ea1i gi\u00e1 tr\u1ecb \u0111\u1eb7c bi\u1ec7t m\u00e0 kh\u00f4ng \u1ea3nh h\u01b0\u1edfng \u0111\u1ebfn hi\u1ec7u su\u1ea5t.<\/p>\n<\/li>\n<li>\n<p><strong>Gi\u1ea3i ph\u00e1p t\u00f9y ch\u1ec9nh:<\/strong> \u0110\u01b0\u1ee3c thi\u1ebft k\u1ebf \u0111\u1ec3 ph\u00f9 h\u1ee3p v\u1edbi y\u00eau c\u1ea7u ri\u00eang c\u1ee7a d\u1ef1 \u00e1n c\u1ee7a b\u1ea1n, ch\u00fang t\u00f4i cung c\u1ea5p B\u00e1o c\u00e1o ph\u00e2n t\u00edch tr\u1eafc quang v\u00e0 m\u00f4 ph\u1ecfng mi\u1ec5n ph\u00ed. \u0110i\u1ec1u n\u00e0y \u0111\u1ea3m b\u1ea3o hi\u1ec7u su\u1ea5t t\u1ed1i \u01b0u v\u00e0 c\u00e1c gi\u1ea3i ph\u00e1p ti\u1ebft ki\u1ec7m chi ph\u00ed ph\u00f9 h\u1ee3p v\u1edbi quy m\u00f4 tr\u01b0\u1eddng c\u1ee7a b\u1ea1n, m\u1ee9c \u0111\u1ed9 chi\u1ebfu s\u00e1ng mong mu\u1ed1n, s\u1ed1 l\u01b0\u1ee3ng c\u1ed9t \u0111\u00e8n v\u00e0 chi\u1ec1u cao c\u1ed9t.<\/p>\n<\/li>\n<li>\n<p><strong>D\u1ecbch v\u1ee5 kh\u00f4ng r\u1eafc r\u1ed1i:<\/strong> L\u00e0 \u0111\u1ea7u m\u1ed1i li\u00ean h\u1ec7 duy nh\u1ea5t c\u1ee7a b\u1ea1n, Arturf qu\u1ea3n l\u00fd t\u1ea5t c\u1ea3 c\u00e1c kh\u00eda c\u1ea1nh c\u1ee7a d\u1ef1 \u00e1n chi\u1ebfu s\u00e1ng c\u1ee7a b\u1ea1n, \u0111\u1ea3m b\u1ea3o qu\u00e1 tr\u00ecnh tri\u1ec3n khai su\u00f4n s\u1ebb v\u00e0 th\u00e0nh c\u00f4ng.<\/p>\n<\/li>\n<\/ol>\n<h3>C\u00e1c t\u00ednh n\u0103ng c\u1ee7a s\u1ea3n ph\u1ea9m chi\u1ebfu s\u00e1ng LED th\u1ec3 thao c\u1ee7a ch\u00fang t\u00f4i:<\/h3>\n<ul>\n<li>\n<p><strong>Hi\u1ec7u qu\u1ea3 cao:<\/strong> B\u1eb1ng c\u00e1ch s\u1eed d\u1ee5ng chip LED ch\u1ea5t l\u01b0\u1ee3ng cao, \u0111\u00e8n s\u00e2n v\u1eadn \u0111\u1ed9ng c\u1ee7a ch\u00fang t\u00f4i \u0111\u1ea1t \u0111\u01b0\u1ee3c c\u00f4ng su\u1ea5t l\u00ean t\u1edbi 150-160lm\/W, ti\u1ebft ki\u1ec7m t\u1ed1i \u0111a n\u0103ng l\u01b0\u1ee3ng v\u00e0 gi\u1ea3m chi ph\u00ed v\u1eadn h\u00e0nh.<\/p>\n<\/li>\n<li>\n<p><strong>Thi\u1ebft k\u1ebf m\u00f4-\u0111un:<\/strong> C\u00f4ng su\u1ea5t c\u00f3 th\u1ec3 \u0111i\u1ec1u ch\u1ec9nh t\u1eeb 200W \u0111\u1ebfn 1800W cho ph\u00e9p linh ho\u1ea1t trong thi\u1ebft k\u1ebf v\u00e0 qu\u1ea3n l\u00fd n\u0103ng l\u01b0\u1ee3ng.<\/p>\n<\/li>\n<li>\n<p><strong>Tr\u00ecnh \u0111i\u1ec1u khi\u1ec3n \u0111\u00e1ng tin c\u1eady:<\/strong> \u0110\u01b0\u1ee3c trang b\u1ecb tr\u00ecnh \u0111i\u1ec1u khi\u1ec3n th\u01b0\u01a1ng hi\u1ec7u n\u1ed5i ti\u1ebfng nh\u01b0 Meanwell, Inventronics ho\u1eb7c Philips, \u0111\u1ea3m b\u1ea3o h\u1ec7 s\u1ed1 c\u00f4ng su\u1ea5t cao (&gt;0,9), \u0111\u1ed9 m\u00e9o h\u00e0i t\u1ed5ng th\u1ea5p (THD) v\u00e0 ho\u1ea1t \u0111\u1ed9ng kh\u00f4ng nh\u1ea5p nh\u00e1y.<\/p>\n<\/li>\n<li>\n<p><strong>Nh\u1eb9 v\u00e0 b\u1ec1n:<\/strong> \u0110\u01b0\u1ee3c thi\u1ebft k\u1ebf \u0111\u1eb7c bi\u1ec7t cho m\u00f4i tr\u01b0\u1eddng th\u1ec3 thao, \u0111\u00e8n c\u1ee7a ch\u00fang t\u00f4i c\u00f3 k\u1ebft c\u1ea5u ch\u1eafc ch\u1eafn m\u00e0 kh\u00f4ng \u1ea3nh h\u01b0\u1edfng \u0111\u1ebfn hi\u1ec7u su\u1ea5t.<\/p>\n<\/li>\n<li>\n<p><strong>G\u00f3c ch\u00f9m tia \u0111a n\u0103ng:<\/strong> Ch\u1ecdn t\u1eeb nhi\u1ec1u g\u00f3c ch\u00f9m s\u00e1ng kh\u00e1c nhau \u0111\u1ec3 t\u1ed1i \u01b0u h\u00f3a s\u1ef1 ph\u00e2n b\u1ed5 \u00e1nh s\u00e1ng cho c\u00e1c k\u00edch th\u01b0\u1edbc v\u00e0 c\u1ea5u h\u00ecnh tr\u01b0\u1eddng kh\u00e1c nhau, \u0111\u1ea3m b\u1ea3o t\u1ea7m ph\u1ee7 \u0111\u1ec1u v\u00e0 \u0111\u1ed9 ch\u00f3i t\u1ed1i thi\u1ec3u.<\/p>\n<\/li>\n<\/ul>\n<h3>Th\u01b0 vi\u1ec7n s\u1ea3n ph\u1ea9m<\/h3>\n<p>Kh\u00e1m ph\u00e1 c\u00e1c gi\u1ea3i ph\u00e1p chi\u1ebfu s\u00e1ng LED th\u1ec3 thao cao c\u1ea5p c\u1ee7a ch\u00fang t\u00f4i.<\/p>\n<div class=\"row\"  id=\"row-696916980\">\n\n\t<div id=\"col-1138231624\" class=\"col small-12 large-12\"  >\n\t\t\t\t<div class=\"col-inner\"  >\n\t\t\t\n\t\t\t\n\n  \n    <div class=\"row large-columns-3 medium-columns- small-columns-2\" >\n  <div class=\"gallery-col col\" >\n          <div class=\"col-inner\">\n            <a class=\"image-lightbox lightbox-gallery\" href=\"https:\/\/arturf.com\/wp-content\/uploads\/2020\/12\/Arturf-LED-Sports-Lighting-03.jpg\" title=\"\">            <div class=\"box has-hover gallery-box box-overlay dark\">\n              <div class=\"box-image image-cover\" style=\"padding-top:100%;\">\n                <img loading=\"lazy\" decoding=\"async\" width=\"500\" height=\"500\" src=\"https:\/\/arturf.com\/wp-content\/uploads\/2020\/12\/Arturf-LED-Sports-Lighting-03-500x500.jpg\" class=\"attachment-medium size-medium\" alt=\"\" ids=\"19851,19850,19849,13496,13497,13495\" columns=\"3\" image_height=\"100%\" srcset=\"https:\/\/arturf.com\/wp-content\/uploads\/2020\/12\/Arturf-LED-Sports-Lighting-03-500x500.jpg 500w, https:\/\/arturf.com\/wp-content\/uploads\/2020\/12\/Arturf-LED-Sports-Lighting-03-768x768.jpg 768w, https:\/\/arturf.com\/wp-content\/uploads\/2020\/12\/Arturf-LED-Sports-Lighting-03-12x12.jpg 12w, https:\/\/arturf.com\/wp-content\/uploads\/2020\/12\/Arturf-LED-Sports-Lighting-03-510x510.jpg 510w, https:\/\/arturf.com\/wp-content\/uploads\/2020\/12\/Arturf-LED-Sports-Lighting-03-100x100.jpg 100w, https:\/\/arturf.com\/wp-content\/uploads\/2020\/12\/Arturf-LED-Sports-Lighting-03.jpg 1000w\" sizes=\"auto, (max-width: 500px) 100vw, 500px\" \/>                                  <div class=\"overlay fill\"\n                      style=\"background-color: rgba(0,0,0,.15)\">\n                  <\/div>\n                                                              <\/div>\n              <div class=\"box-text text-left\" >\n                 <p><\/p>\n              <\/div>\n            <\/div>\n            <\/a>          <\/div>\n         <\/div><div class=\"gallery-col col\" >\n          <div class=\"col-inner\">\n            <a class=\"image-lightbox lightbox-gallery\" href=\"https:\/\/arturf.com\/wp-content\/uploads\/2020\/12\/Arturf-LED-Sports-Lighting-02.jpg\" title=\"\">            <div class=\"box has-hover gallery-box box-overlay dark\">\n              <div class=\"box-image image-cover\" style=\"padding-top:100%;\">\n                <img loading=\"lazy\" decoding=\"async\" width=\"500\" height=\"375\" src=\"https:\/\/arturf.com\/wp-content\/uploads\/2020\/12\/Arturf-LED-Sports-Lighting-02-500x375.jpg\" class=\"attachment-medium size-medium\" alt=\"\" ids=\"19851,19850,19849,13496,13497,13495\" columns=\"3\" image_height=\"100%\" srcset=\"https:\/\/arturf.com\/wp-content\/uploads\/2020\/12\/Arturf-LED-Sports-Lighting-02-500x375.jpg 500w, https:\/\/arturf.com\/wp-content\/uploads\/2020\/12\/Arturf-LED-Sports-Lighting-02-200x150.jpg 200w, https:\/\/arturf.com\/wp-content\/uploads\/2020\/12\/Arturf-LED-Sports-Lighting-02-768x575.jpg 768w, https:\/\/arturf.com\/wp-content\/uploads\/2020\/12\/Arturf-LED-Sports-Lighting-02-16x12.jpg 16w, https:\/\/arturf.com\/wp-content\/uploads\/2020\/12\/Arturf-LED-Sports-Lighting-02-350x263.jpg 350w, https:\/\/arturf.com\/wp-content\/uploads\/2020\/12\/Arturf-LED-Sports-Lighting-02-510x382.jpg 510w, https:\/\/arturf.com\/wp-content\/uploads\/2020\/12\/Arturf-LED-Sports-Lighting-02.jpg 1000w\" sizes=\"auto, (max-width: 500px) 100vw, 500px\" \/>                                  <div class=\"overlay fill\"\n                      style=\"background-color: rgba(0,0,0,.15)\">\n                  <\/div>\n                                                              <\/div>\n              <div class=\"box-text text-left\" >\n                 <p><\/p>\n              <\/div>\n            <\/div>\n            <\/a>          <\/div>\n         <\/div><div class=\"gallery-col col\" >\n          <div class=\"col-inner\">\n            <a class=\"image-lightbox lightbox-gallery\" href=\"https:\/\/arturf.com\/wp-content\/uploads\/2020\/12\/Arturf-LED-Sports-Lighting-01.jpg\" title=\"\">            <div class=\"box has-hover gallery-box box-overlay dark\">\n              <div class=\"box-image image-cover\" style=\"padding-top:100%;\">\n                <img loading=\"lazy\" decoding=\"async\" width=\"500\" height=\"500\" src=\"https:\/\/arturf.com\/wp-content\/uploads\/2020\/12\/Arturf-LED-Sports-Lighting-01-500x500.jpg\" class=\"attachment-medium size-medium\" alt=\"\" ids=\"19851,19850,19849,13496,13497,13495\" columns=\"3\" image_height=\"100%\" srcset=\"https:\/\/arturf.com\/wp-content\/uploads\/2020\/12\/Arturf-LED-Sports-Lighting-01-500x500.jpg 500w, https:\/\/arturf.com\/wp-content\/uploads\/2020\/12\/Arturf-LED-Sports-Lighting-01-768x768.jpg 768w, https:\/\/arturf.com\/wp-content\/uploads\/2020\/12\/Arturf-LED-Sports-Lighting-01-12x12.jpg 12w, https:\/\/arturf.com\/wp-content\/uploads\/2020\/12\/Arturf-LED-Sports-Lighting-01-510x510.jpg 510w, https:\/\/arturf.com\/wp-content\/uploads\/2020\/12\/Arturf-LED-Sports-Lighting-01-100x100.jpg 100w, https:\/\/arturf.com\/wp-content\/uploads\/2020\/12\/Arturf-LED-Sports-Lighting-01.jpg 1000w\" sizes=\"auto, (max-width: 500px) 100vw, 500px\" \/>                                  <div class=\"overlay fill\"\n                      style=\"background-color: rgba(0,0,0,.15)\">\n                  <\/div>\n                                                              <\/div>\n              <div class=\"box-text text-left\" >\n                 <p><\/p>\n              <\/div>\n            <\/div>\n            <\/a>          <\/div>\n         <\/div><div class=\"gallery-col col\" >\n          <div class=\"col-inner\">\n            <a class=\"image-lightbox lightbox-gallery\" href=\"https:\/\/arturf.com\/wp-content\/uploads\/2020\/12\/LED-SPORTS-LIGHTING-QC865.jpg\" title=\"\">            <div class=\"box has-hover gallery-box box-overlay dark\">\n              <div class=\"box-image image-cover\" style=\"padding-top:100%;\">\n                <img loading=\"lazy\" decoding=\"async\" width=\"300\" height=\"300\" src=\"https:\/\/arturf.com\/wp-content\/uploads\/2020\/12\/LED-SPORTS-LIGHTING-QC865-300x300.jpg\" class=\"attachment-medium size-medium\" alt=\"\" ids=\"19851,19850,19849,13496,13497,13495\" columns=\"3\" image_height=\"100%\" srcset=\"https:\/\/arturf.com\/wp-content\/uploads\/2020\/12\/LED-SPORTS-LIGHTING-QC865-300x300.jpg 300w, https:\/\/arturf.com\/wp-content\/uploads\/2020\/12\/LED-SPORTS-LIGHTING-QC865-768x768.jpg 768w, https:\/\/arturf.com\/wp-content\/uploads\/2020\/12\/LED-SPORTS-LIGHTING-QC865-12x12.jpg 12w, https:\/\/arturf.com\/wp-content\/uploads\/2020\/12\/LED-SPORTS-LIGHTING-QC865-510x510.jpg 510w, https:\/\/arturf.com\/wp-content\/uploads\/2020\/12\/LED-SPORTS-LIGHTING-QC865-100x100.jpg 100w, https:\/\/arturf.com\/wp-content\/uploads\/2020\/12\/LED-SPORTS-LIGHTING-QC865.jpg 800w\" sizes=\"auto, (max-width: 300px) 100vw, 300px\" \/>                                  <div class=\"overlay fill\"\n                      style=\"background-color: rgba(0,0,0,.15)\">\n                  <\/div>\n                                                              <\/div>\n              <div class=\"box-text text-left\" >\n                 <p><\/p>\n              <\/div>\n            <\/div>\n            <\/a>          <\/div>\n         <\/div><div class=\"gallery-col col\" >\n          <div class=\"col-inner\">\n            <a class=\"image-lightbox lightbox-gallery\" href=\"https:\/\/arturf.com\/wp-content\/uploads\/2020\/12\/LED-SPORTS-LIGHTING-QC866.jpg\" title=\"\">            <div class=\"box has-hover gallery-box box-overlay dark\">\n              <div class=\"box-image image-cover\" style=\"padding-top:100%;\">\n                <img loading=\"lazy\" decoding=\"async\" width=\"300\" height=\"300\" src=\"https:\/\/arturf.com\/wp-content\/uploads\/2020\/12\/LED-SPORTS-LIGHTING-QC866-300x300.jpg\" class=\"attachment-medium size-medium\" alt=\"\" ids=\"19851,19850,19849,13496,13497,13495\" columns=\"3\" image_height=\"100%\" srcset=\"https:\/\/arturf.com\/wp-content\/uploads\/2020\/12\/LED-SPORTS-LIGHTING-QC866-300x300.jpg 300w, https:\/\/arturf.com\/wp-content\/uploads\/2020\/12\/LED-SPORTS-LIGHTING-QC866-768x768.jpg 768w, https:\/\/arturf.com\/wp-content\/uploads\/2020\/12\/LED-SPORTS-LIGHTING-QC866-12x12.jpg 12w, https:\/\/arturf.com\/wp-content\/uploads\/2020\/12\/LED-SPORTS-LIGHTING-QC866-510x510.jpg 510w, https:\/\/arturf.com\/wp-content\/uploads\/2020\/12\/LED-SPORTS-LIGHTING-QC866-100x100.jpg 100w, https:\/\/arturf.com\/wp-content\/uploads\/2020\/12\/LED-SPORTS-LIGHTING-QC866.jpg 800w\" sizes=\"auto, (max-width: 300px) 100vw, 300px\" \/>                                  <div class=\"overlay fill\"\n                      style=\"background-color: rgba(0,0,0,.15)\">\n                  <\/div>\n                                                              <\/div>\n              <div class=\"box-text text-left\" >\n                 <p><\/p>\n              <\/div>\n            <\/div>\n            <\/a>          <\/div>\n         <\/div><div class=\"gallery-col col\" >\n          <div class=\"col-inner\">\n            <a class=\"image-lightbox lightbox-gallery\" href=\"https:\/\/arturf.com\/wp-content\/uploads\/2020\/12\/LED-SPORTS-LIGHTING-TLT337.png\" title=\"\">            <div class=\"box has-hover gallery-box box-overlay dark\">\n              <div class=\"box-image image-cover\" style=\"padding-top:100%;\">\n                <img loading=\"lazy\" decoding=\"async\" width=\"300\" height=\"300\" src=\"https:\/\/arturf.com\/wp-content\/uploads\/2020\/12\/LED-SPORTS-LIGHTING-TLT337-300x300.png\" class=\"attachment-medium size-medium\" alt=\"\" ids=\"19851,19850,19849,13496,13497,13495\" columns=\"3\" image_height=\"100%\" srcset=\"https:\/\/arturf.com\/wp-content\/uploads\/2020\/12\/LED-SPORTS-LIGHTING-TLT337-300x300.png 300w, https:\/\/arturf.com\/wp-content\/uploads\/2020\/12\/LED-SPORTS-LIGHTING-TLT337-768x768.png 768w, https:\/\/arturf.com\/wp-content\/uploads\/2020\/12\/LED-SPORTS-LIGHTING-TLT337-12x12.png 12w, https:\/\/arturf.com\/wp-content\/uploads\/2020\/12\/LED-SPORTS-LIGHTING-TLT337-510x510.png 510w, https:\/\/arturf.com\/wp-content\/uploads\/2020\/12\/LED-SPORTS-LIGHTING-TLT337-100x100.png 100w, https:\/\/arturf.com\/wp-content\/uploads\/2020\/12\/LED-SPORTS-LIGHTING-TLT337.png 800w\" sizes=\"auto, (max-width: 300px) 100vw, 300px\" \/>                                  <div class=\"overlay fill\"\n                      style=\"background-color: rgba(0,0,0,.15)\">\n                  <\/div>\n                                                              <\/div>\n              <div class=\"box-text text-left\" >\n                 <p><\/p>\n              <\/div>\n            <\/div>\n            <\/a>          <\/div>\n         <\/div><\/div>\n\t\t<\/div>\n\t\t\t\t\t<\/div>\n\n\t\n<\/div>\n<p class=\"lead\">Ph\u1ea7n k\u1ebft lu\u1eadn<\/p>\n<p>Vi\u1ec7c l\u1ef1a ch\u1ecdn \u0111\u00e8n LED th\u1ec3 thao ph\u00f9 h\u1ee3p l\u00e0 r\u1ea5t quan tr\u1ecdng \u0111\u1ec3 \u0111\u00e1p \u1ee9ng c\u00e1c ti\u00eau chu\u1ea9n quy \u0111\u1ecbnh v\u00e0 n\u00e2ng cao tr\u1ea3i nghi\u1ec7m c\u1ee7a ng\u01b0\u1eddi ch\u01a1i c\u0169ng nh\u01b0 kh\u00e1n gi\u1ea3. Cho d\u00f9 \u1edf s\u00e2n tr\u01b0\u1eddng hay \u0111\u1ea5u tr\u01b0\u1eddng qu\u1ed1c gia, c\u00e1c gi\u1ea3i ph\u00e1p LED c\u1ee7a ch\u00fang t\u00f4i \u0111\u1ec1u ph\u1ee5c v\u1ee5 m\u1ecdi c\u1ea5p \u0111\u1ed9 thi \u0111\u1ea5u v\u1edbi \u0111\u1ed9 ch\u00ednh x\u00e1c v\u00e0 \u0111\u1ed9 tin c\u1eady.<\/p>\n<p>\u0110\u1ec3 bi\u1ebft th\u00eam th\u00f4ng tin ho\u1eb7c b\u1eaft \u0111\u1ea7u l\u00ean k\u1ebf ho\u1ea1ch cho gi\u1ea3i ph\u00e1p chi\u1ebfu s\u00e1ng c\u1ee7a b\u1ea1n, h\u00e3y li\u00ean h\u1ec7 v\u1edbi ch\u00fang t\u00f4i t\u1ea1i <a rel=\"noreferrer\">info@arturf.com<\/a>. \u0110\u1ed9i ng\u0169 k\u1ef9 thu\u1eadt v\u00e0 b\u00e1n h\u00e0ng t\u1eadn t\u00e2m c\u1ee7a ch\u00fang t\u00f4i s\u1eb5n s\u00e0ng h\u1ed7 tr\u1ee3 b\u1ea1n.<\/p>\n<p class=\"lead\">Th\u00f4ng tin b\u1ed5 sung: Y\u00eau c\u1ea7u Lux \u0111\u1ed1i v\u1edbi chi\u1ebfu s\u00e1ng s\u00e2n b\u00f3ng \u0111\u00e1<\/p>\n<p>Y\u00eau c\u1ea7u lux \u0111\u1ed1i v\u1edbi \u00e1nh s\u00e1ng s\u00e2n b\u00f3ng \u0111\u00e1 ph\u1ee5 thu\u1ed9c v\u00e0o lo\u1ea1i ho\u1ea1t \u0111\u1ed9ng v\u00e0 m\u1ee9c \u0111\u1ed9 c\u1ea1nh tranh. D\u01b0\u1edbi \u0111\u00e2y l\u00e0 m\u1ed9t s\u1ed1 v\u00ed d\u1ee5:<\/p>\n<ul>\n<li>C\u00e1c tr\u1eadn \u0111\u1ea5u gi\u1ea3i tr\u00ed: 200 lux<\/li>\n<li>B\u00f3ng \u0111\u00e1 trung h\u1ecdc ho\u1eb7c \u0111\u1ea1i h\u1ecdc: 500 lux<\/li>\n<li>Chi\u1ebfu s\u00e1ng ph\u00e1t s\u00f3ng ti\u00eau chu\u1ea9n: 200 fc<\/li>\n<li>S\u1ef1 ki\u1ec7n truy\u1ec1n h\u00ecnh: 1.500\u20132.000 lux<\/li>\n<li>Hu\u1ea5n luy\u1ec7n World Cup ho\u1eb7c c\u00e1c cu\u1ed9c thi nh\u1ecf: 750 lux<\/li>\n<li>Luy\u1ec7n t\u1eadp trong tr\u1eadn \u0111\u1ea5u: 500 lux<\/li>\n<li>\u0110\u00e0o t\u1ea1o ti\u00eau chu\u1ea9n: 300 lux<\/li>\n<\/ul>","protected":false},"excerpt":{"rendered":"<p>N\u00e2ng t\u1ea7m s\u00e2n th\u1ec3 thao c\u1ee7a b\u1ea1n v\u1edbi h\u1ec7 th\u1ed1ng chi\u1ebfu s\u00e1ng LED hi\u1ec7n \u0111\u1ea1i c\u1ee7a ch\u00fang t\u00f4i. H\u1ee3p t\u00e1c v\u1edbi c\u00e1c nh\u00e0 s\u1ea3n xu\u1ea5t h\u00e0ng \u0111\u1ea7u, ch\u00fang t\u00f4i cung c\u1ea5p h\u1ec7 th\u1ed1ng chi\u1ebfu s\u00e1ng c\u00f3 th\u1ec3 t\u00f9y ch\u1ec9nh, hi\u1ec7u qu\u1ea3 cao, ph\u00f9 h\u1ee3p v\u1edbi nhu c\u1ea7u c\u1ee5 th\u1ec3 c\u1ee7a b\u1ea1n. T\u1eadn h\u01b0\u1edfng ch\u1ea5t l\u01b0\u1ee3ng v\u01b0\u1ee3t tr\u1ed9i, gi\u00e1 c\u1ea3 c\u1ea1nh tranh v\u00e0 d\u1ecbch v\u1ee5 d\u1ec5 d\u00e0ng v\u1edbi Arturf.<\/p>","protected":false},"featured_media":13491,"template":"","meta":{"_seopress_robots_primary_cat":"","_seopress_titles_title":"","_seopress_titles_desc":"","_seopress_robots_index":""},"product_brand":[],"product_cat":[66],"product_tag":[],"class_list":{"0":"post-13490","1":"product","2":"type-product","3":"status-publish","4":"has-post-thumbnail","6":"product_cat-accessories","8":"first","9":"instock","10":"shipping-taxable","11":"product-type-simple"},"_links":{"self":[{"href":"https:\/\/arturf.com\/vi\/wp-json\/wp\/v2\/product\/13490","targetHints":{"allow":["GET"]}}],"collection":[{"href":"https:\/\/arturf.com\/vi\/wp-json\/wp\/v2\/product"}],"about":[{"href":"https:\/\/arturf.com\/vi\/wp-json\/wp\/v2\/types\/product"}],"wp:featuredmedia":[{"embeddable":true,"href":"https:\/\/arturf.com\/vi\/wp-json\/wp\/v2\/media\/13491"}],"wp:attachment":[{"href":"https:\/\/arturf.com\/vi\/wp-json\/wp\/v2\/media?parent=13490"}],"wp:term":[{"taxonomy":"product_brand","embeddable":true,"href":"https:\/\/arturf.com\/vi\/wp-json\/wp\/v2\/product_brand?post=13490"},{"taxonomy":"product_cat","embeddable":true,"href":"https:\/\/arturf.com\/vi\/wp-json\/wp\/v2\/product_cat?post=13490"},{"taxonomy":"product_tag","embeddable":true,"href":"https:\/\/arturf.com\/vi\/wp-json\/wp\/v2\/product_tag?post=13490"}],"curies":[{"name":"wp","href":"https:\/\/api.w.org\/{rel}","templated":true}]}}