{"id":13671,"date":"2021-01-08T11:05:09","date_gmt":"2021-01-08T03:05:09","guid":{"rendered":"https:\/\/arturf.com\/?post_type=product&#038;p=13671"},"modified":"2022-07-03T14:57:10","modified_gmt":"2022-07-03T06:57:10","slug":"artificial-hedge-mats","status":"publish","type":"product","link":"https:\/\/arturf.com\/vi\/product\/artificial-hedge-mats\/","title":{"rendered":"Th\u1ea3m h\u00e0ng r\u00e0o nh\u00e2n t\u1ea1o"},"content":{"rendered":"<h3>Th\u00f4ng s\u1ed1 k\u1ef9 thu\u1eadt:<\/h3>\n<p><strong>V\u1eadt ch\u1ea5t:<\/strong> 100% PE m\u1edbi t\u01b0\u01a1i<br \/><strong>K\u00edch c\u1ee1 th\u00f4ng th\u01b0\u1eddng:<\/strong> 50 cm x 50 cm (20 &quot;* 20&quot;)<br \/><strong>\u1ed4n \u0111\u1ecbnh UV \/ Ch\u1ed1ng ch\u00e1y:<\/strong> C\u00f3 ho\u1eb7c T\u00f9y ch\u1ecdn<br \/><strong>D\u1ecbp:<\/strong> Ngo\u00e0i tr\u1eddi; trong nh\u00e0<br \/><strong>S\u1ef1 b\u1ea3o \u0111\u1ea3m:<\/strong> Ngo\u00e0i tr\u1eddi 3 n\u0103m; trong nh\u00e0 5 n\u0103m<br \/><strong>MOQ:<\/strong> 100 m\u00e9t vu\u00f4ng<\/p>\n<p>Th\u1ea3m h\u00e0ng r\u00e0o nh\u00e2n t\u1ea1o c\u00f3 th\u1ec3 \u0111\u01b0\u1ee3c s\u1eed d\u1ee5ng trong nh\u00e0 cho c\u00e1c s\u1ef1 ki\u1ec7n v\u00e0 b\u1eefa ti\u1ec7c ho\u1eb7c ngo\u00e0i tr\u1eddi \u0111\u1ec3 l\u00e0m m\u00e0n chi\u1ebfu c\u1ed1 \u0111\u1ecbnh. Ho\u00e0n h\u1ea3o cho thi\u1ebft k\u1ebf n\u1ed9i th\u1ea5t th\u01b0\u01a1ng m\u1ea1i.<\/p>\n<p>S\u1ea3n ph\u1ea9m \u0111a d\u1ea1ng v\u1edbi c\u00e1c lo\u1ea1i l\u00e1 kh\u00e1c nhau, c\u00f3 th\u1ec3 ph\u00f9 h\u1ee3p v\u1edbi h\u1ea7u h\u1ebft m\u1ecdi nhu c\u1ea7u v\u00e0 th\u1ecb hi\u1ebfu c\u1ee7a b\u1ea1n.<\/p>\n<p>Th\u00f4ng th\u01b0\u1eddng, th\u1ea3m h\u00e0ng r\u00e0o b\u1eb1ng g\u1ed7 ho\u00e0ng d\u01b0\u01a1ng nh\u00e2n t\u1ea1o c\u1ee7a ch\u00fang t\u00f4i c\u00f3 k\u00edch th\u01b0\u1edbc th\u00f4ng th\u01b0\u1eddng l\u00e0 50cmx50cm c\u00f3 th\u1ec3 t\u00f9y ch\u1ec9nh. C\u00e1c t\u1ea5m th\u1ea3m k\u1ebft n\u1ed1i v\u1edbi nhau m\u1ed9t c\u00e1ch ch\u1eafc ch\u1eafn v\u00e0 c\u00f3 th\u1ec3 u\u1ed1n cong ho\u1eb7c c\u1eaft \u0111\u1ec3 ph\u00f9 h\u1ee3p v\u1edbi c\u00e1c h\u00ecnh d\u1ea1ng ho\u1eb7c b\u1ec1 m\u1eb7t kh\u00f4ng \u0111\u1ec1u. M\u1ed7i chi\u1ebfc l\u00e1 \u0111\u1ec1u \u0111\u01b0\u1ee3c \u0111\u00fac ri\u00eang, \u0111\u1ea3m b\u1ea3o r\u1eb1ng s\u1ea3n ph\u1ea9m cu\u1ed1i c\u00f9ng g\u1ea7n nh\u01b0 kh\u00f4ng th\u1ec3 ph\u00e2n bi\u1ec7t \u0111\u01b0\u1ee3c v\u1edbi h\u00e0ng r\u00e0o th\u1ef1c t\u1ebf.<\/p>\n<p>B\u1ea5t k\u1ec3 quy m\u00f4, h\u00ecnh d\u1ea1ng hay quy m\u00f4 d\u1ef1 \u00e1n c\u1ee7a b\u1ea1n, th\u1ea3m h\u00e0ng r\u00e0o nh\u00e2n t\u1ea1o c\u1ee7a ch\u00fang t\u00f4i l\u00e0 c\u00e1ch t\u1ed1t nh\u1ea5t \u0111\u1ec3 mang l\u1ea1i m\u00e0u xanh t\u01b0\u01a1i t\u1ed1t c\u1ee7a h\u00e0ng r\u00e0o sang tr\u1ecdng cho b\u1ea5t k\u1ef3 kh\u00f4ng gian n\u00e0o.<\/p>\n<h3>M\u1ed9t lo\u1ea1t c\u00e1c s\u1ea3n ph\u1ea9m<\/h3>\n<p>R\u1ea5t nhi\u1ec1u lo\u1ea1i th\u1ea3m h\u00e0ng r\u00e0o nh\u00e2n t\u1ea1o \u0111\u01b0\u1ee3c l\u00e0m b\u1eb1ng c\u00e1c lo\u1ea1i l\u00e1 kh\u00e1c nhau. M\u1ed9t s\u1ed1 lo\u1ea1i th\u1ea3m \u0111\u01b0\u1ee3c li\u1ec7t k\u00ea b\u00ean d\u01b0\u1edbi, vui l\u00f2ng li\u00ean h\u1ec7 v\u1edbi ch\u00fang t\u00f4i \u0111\u1ec3 c\u00f3 th\u00eam l\u1ef1a ch\u1ecdn.<\/p>\n\n  \n    <div class=\"row large-columns-5 medium-columns-3 small-columns-2 slider row-slider slider-nav-reveal slider-nav-push\"  data-flickity-options='{&quot;imagesLoaded&quot;: true, &quot;groupCells&quot;: &quot;100%&quot;, &quot;dragThreshold&quot; : 5, &quot;cellAlign&quot;: &quot;left&quot;,&quot;wrapAround&quot;: true,&quot;prevNextButtons&quot;: true,&quot;percentPosition&quot;: true,&quot;pageDots&quot;: false, &quot;rightToLeft&quot;: false, &quot;autoPlay&quot; : false}' >\n\n  <div class=\"gallery-col col\" >\n          <div class=\"col-inner\">\n            <a class=\"image-lightbox lightbox-gallery\" href=\"https:\/\/arturf.com\/wp-content\/uploads\/2021\/01\/Artificial-Hedge-Milan-Green_\u526f\u672c.jpg\" title=\"\">            <div class=\"box has-hover gallery-box box-normal\">\n              <div class=\"box-image\" >\n                <img loading=\"lazy\" decoding=\"async\" width=\"300\" height=\"300\" src=\"https:\/\/arturf.com\/wp-content\/uploads\/2021\/01\/Artificial-Hedge-Milan-Green_\u526f\u672c-300x300.jpg\" class=\"attachment-medium size-medium\" alt=\"\" ids=\"13672,13681,13678,13677,14183,13679,14184,13680\" style=\"normal\" type=\"slider\" columns=\"5\" image_size=\"medium\" srcset=\"https:\/\/arturf.com\/wp-content\/uploads\/2021\/01\/Artificial-Hedge-Milan-Green_\u526f\u672c-300x300.jpg 300w, https:\/\/arturf.com\/wp-content\/uploads\/2021\/01\/Artificial-Hedge-Milan-Green_\u526f\u672c-768x768.jpg 768w, https:\/\/arturf.com\/wp-content\/uploads\/2021\/01\/Artificial-Hedge-Milan-Green_\u526f\u672c-12x12.jpg 12w, https:\/\/arturf.com\/wp-content\/uploads\/2021\/01\/Artificial-Hedge-Milan-Green_\u526f\u672c-510x510.jpg 510w, https:\/\/arturf.com\/wp-content\/uploads\/2021\/01\/Artificial-Hedge-Milan-Green_\u526f\u672c-100x100.jpg 100w, https:\/\/arturf.com\/wp-content\/uploads\/2021\/01\/Artificial-Hedge-Milan-Green_\u526f\u672c.jpg 800w\" sizes=\"auto, (max-width: 300px) 100vw, 300px\" \/>                                                              <\/div>\n              <div class=\"box-text text-left\" >\n                 <p><\/p>\n              <\/div>\n            <\/div>\n            <\/a>          <\/div>\n         <\/div><div class=\"gallery-col col\" >\n          <div class=\"col-inner\">\n            <a class=\"image-lightbox lightbox-gallery\" href=\"https:\/\/arturf.com\/wp-content\/uploads\/2021\/01\/M10.jpg\" title=\"\">            <div class=\"box has-hover gallery-box box-normal\">\n              <div class=\"box-image\" >\n                <img loading=\"lazy\" decoding=\"async\" width=\"300\" height=\"300\" src=\"https:\/\/arturf.com\/wp-content\/uploads\/2021\/01\/M10-300x300.jpg\" class=\"attachment-medium size-medium\" alt=\"\" ids=\"13672,13681,13678,13677,14183,13679,14184,13680\" style=\"normal\" type=\"slider\" columns=\"5\" image_size=\"medium\" srcset=\"https:\/\/arturf.com\/wp-content\/uploads\/2021\/01\/M10-300x300.jpg 300w, https:\/\/arturf.com\/wp-content\/uploads\/2021\/01\/M10-768x768.jpg 768w, https:\/\/arturf.com\/wp-content\/uploads\/2021\/01\/M10-12x12.jpg 12w, https:\/\/arturf.com\/wp-content\/uploads\/2021\/01\/M10-510x510.jpg 510w, https:\/\/arturf.com\/wp-content\/uploads\/2021\/01\/M10-100x100.jpg 100w, https:\/\/arturf.com\/wp-content\/uploads\/2021\/01\/M10.jpg 800w\" sizes=\"auto, (max-width: 300px) 100vw, 300px\" \/>                                                              <\/div>\n              <div class=\"box-text text-left\" >\n                 <p><\/p>\n              <\/div>\n            <\/div>\n            <\/a>          <\/div>\n         <\/div><div class=\"gallery-col col\" >\n          <div class=\"col-inner\">\n            <a class=\"image-lightbox lightbox-gallery\" href=\"https:\/\/arturf.com\/wp-content\/uploads\/2021\/01\/M3.jpg\" title=\"\">            <div class=\"box has-hover gallery-box box-normal\">\n              <div class=\"box-image\" >\n                <img loading=\"lazy\" decoding=\"async\" width=\"300\" height=\"300\" src=\"https:\/\/arturf.com\/wp-content\/uploads\/2021\/01\/M3-300x300.jpg\" class=\"attachment-medium size-medium\" alt=\"\" ids=\"13672,13681,13678,13677,14183,13679,14184,13680\" style=\"normal\" type=\"slider\" columns=\"5\" image_size=\"medium\" srcset=\"https:\/\/arturf.com\/wp-content\/uploads\/2021\/01\/M3-300x300.jpg 300w, https:\/\/arturf.com\/wp-content\/uploads\/2021\/01\/M3-768x768.jpg 768w, https:\/\/arturf.com\/wp-content\/uploads\/2021\/01\/M3-12x12.jpg 12w, https:\/\/arturf.com\/wp-content\/uploads\/2021\/01\/M3-510x510.jpg 510w, https:\/\/arturf.com\/wp-content\/uploads\/2021\/01\/M3-100x100.jpg 100w, https:\/\/arturf.com\/wp-content\/uploads\/2021\/01\/M3.jpg 800w\" sizes=\"auto, (max-width: 300px) 100vw, 300px\" \/>                                                              <\/div>\n              <div class=\"box-text text-left\" >\n                 <p><\/p>\n              <\/div>\n            <\/div>\n            <\/a>          <\/div>\n         <\/div><div class=\"gallery-col col\" >\n          <div class=\"col-inner\">\n            <a class=\"image-lightbox lightbox-gallery\" href=\"https:\/\/arturf.com\/wp-content\/uploads\/2021\/01\/M2.jpg\" title=\"\">            <div class=\"box has-hover gallery-box box-normal\">\n              <div class=\"box-image\" >\n                <img loading=\"lazy\" decoding=\"async\" width=\"300\" height=\"300\" src=\"https:\/\/arturf.com\/wp-content\/uploads\/2021\/01\/M2-300x300.jpg\" class=\"attachment-medium size-medium\" alt=\"\" ids=\"13672,13681,13678,13677,14183,13679,14184,13680\" style=\"normal\" type=\"slider\" columns=\"5\" image_size=\"medium\" srcset=\"https:\/\/arturf.com\/wp-content\/uploads\/2021\/01\/M2-300x300.jpg 300w, https:\/\/arturf.com\/wp-content\/uploads\/2021\/01\/M2-768x768.jpg 768w, https:\/\/arturf.com\/wp-content\/uploads\/2021\/01\/M2-12x12.jpg 12w, https:\/\/arturf.com\/wp-content\/uploads\/2021\/01\/M2-510x510.jpg 510w, https:\/\/arturf.com\/wp-content\/uploads\/2021\/01\/M2-100x100.jpg 100w, https:\/\/arturf.com\/wp-content\/uploads\/2021\/01\/M2.jpg 800w\" sizes=\"auto, (max-width: 300px) 100vw, 300px\" \/>                                                              <\/div>\n              <div class=\"box-text text-left\" >\n                 <p><\/p>\n              <\/div>\n            <\/div>\n            <\/a>          <\/div>\n         <\/div><div class=\"gallery-col col\" >\n          <div class=\"col-inner\">\n            <a class=\"image-lightbox lightbox-gallery\" href=\"https:\/\/arturf.com\/wp-content\/uploads\/2021\/04\/Lucky-Grass-Artificial-Hedge-Mats-Green.jpg\" title=\"\">            <div class=\"box has-hover gallery-box box-normal\">\n              <div class=\"box-image\" >\n                <img loading=\"lazy\" decoding=\"async\" width=\"300\" height=\"300\" src=\"https:\/\/arturf.com\/wp-content\/uploads\/2021\/04\/Lucky-Grass-Artificial-Hedge-Mats-Green-300x300.jpg\" class=\"attachment-medium size-medium\" alt=\"\" ids=\"13672,13681,13678,13677,14183,13679,14184,13680\" style=\"normal\" type=\"slider\" columns=\"5\" image_size=\"medium\" srcset=\"https:\/\/arturf.com\/wp-content\/uploads\/2021\/04\/Lucky-Grass-Artificial-Hedge-Mats-Green-300x300.jpg 300w, https:\/\/arturf.com\/wp-content\/uploads\/2021\/04\/Lucky-Grass-Artificial-Hedge-Mats-Green-768x768.jpg 768w, https:\/\/arturf.com\/wp-content\/uploads\/2021\/04\/Lucky-Grass-Artificial-Hedge-Mats-Green-12x12.jpg 12w, https:\/\/arturf.com\/wp-content\/uploads\/2021\/04\/Lucky-Grass-Artificial-Hedge-Mats-Green-510x510.jpg 510w, https:\/\/arturf.com\/wp-content\/uploads\/2021\/04\/Lucky-Grass-Artificial-Hedge-Mats-Green-100x100.jpg 100w, https:\/\/arturf.com\/wp-content\/uploads\/2021\/04\/Lucky-Grass-Artificial-Hedge-Mats-Green.jpg 800w\" sizes=\"auto, (max-width: 300px) 100vw, 300px\" \/>                                                              <\/div>\n              <div class=\"box-text text-left\" >\n                 <p><\/p>\n              <\/div>\n            <\/div>\n            <\/a>          <\/div>\n         <\/div><div class=\"gallery-col col\" >\n          <div class=\"col-inner\">\n            <a class=\"image-lightbox lightbox-gallery\" href=\"https:\/\/arturf.com\/wp-content\/uploads\/2021\/01\/M3-6.jpg\" title=\"\">            <div class=\"box has-hover gallery-box box-normal\">\n              <div class=\"box-image\" >\n                <img loading=\"lazy\" decoding=\"async\" width=\"300\" height=\"300\" src=\"https:\/\/arturf.com\/wp-content\/uploads\/2021\/01\/M3-6-300x300.jpg\" class=\"attachment-medium size-medium\" alt=\"\" ids=\"13672,13681,13678,13677,14183,13679,14184,13680\" style=\"normal\" type=\"slider\" columns=\"5\" image_size=\"medium\" srcset=\"https:\/\/arturf.com\/wp-content\/uploads\/2021\/01\/M3-6-300x300.jpg 300w, https:\/\/arturf.com\/wp-content\/uploads\/2021\/01\/M3-6-768x768.jpg 768w, https:\/\/arturf.com\/wp-content\/uploads\/2021\/01\/M3-6-12x12.jpg 12w, https:\/\/arturf.com\/wp-content\/uploads\/2021\/01\/M3-6-510x510.jpg 510w, https:\/\/arturf.com\/wp-content\/uploads\/2021\/01\/M3-6-100x100.jpg 100w, https:\/\/arturf.com\/wp-content\/uploads\/2021\/01\/M3-6.jpg 800w\" sizes=\"auto, (max-width: 300px) 100vw, 300px\" \/>                                                              <\/div>\n              <div class=\"box-text text-left\" >\n                 <p><\/p>\n              <\/div>\n            <\/div>\n            <\/a>          <\/div>\n         <\/div><div class=\"gallery-col col\" >\n          <div class=\"col-inner\">\n            <a class=\"image-lightbox lightbox-gallery\" href=\"https:\/\/arturf.com\/wp-content\/uploads\/2021\/04\/Lucky-Grass-Artificial-Hedge-Mats.jpg\" title=\"\">            <div class=\"box has-hover gallery-box box-normal\">\n              <div class=\"box-image\" >\n                <img loading=\"lazy\" decoding=\"async\" width=\"300\" height=\"300\" src=\"https:\/\/arturf.com\/wp-content\/uploads\/2021\/04\/Lucky-Grass-Artificial-Hedge-Mats-300x300.jpg\" class=\"attachment-medium size-medium\" alt=\"\" ids=\"13672,13681,13678,13677,14183,13679,14184,13680\" style=\"normal\" type=\"slider\" columns=\"5\" image_size=\"medium\" srcset=\"https:\/\/arturf.com\/wp-content\/uploads\/2021\/04\/Lucky-Grass-Artificial-Hedge-Mats-300x300.jpg 300w, https:\/\/arturf.com\/wp-content\/uploads\/2021\/04\/Lucky-Grass-Artificial-Hedge-Mats-768x768.jpg 768w, https:\/\/arturf.com\/wp-content\/uploads\/2021\/04\/Lucky-Grass-Artificial-Hedge-Mats-12x12.jpg 12w, https:\/\/arturf.com\/wp-content\/uploads\/2021\/04\/Lucky-Grass-Artificial-Hedge-Mats-510x510.jpg 510w, https:\/\/arturf.com\/wp-content\/uploads\/2021\/04\/Lucky-Grass-Artificial-Hedge-Mats-100x100.jpg 100w, https:\/\/arturf.com\/wp-content\/uploads\/2021\/04\/Lucky-Grass-Artificial-Hedge-Mats.jpg 800w\" sizes=\"auto, (max-width: 300px) 100vw, 300px\" \/>                                                              <\/div>\n              <div class=\"box-text text-left\" >\n                 <p><\/p>\n              <\/div>\n            <\/div>\n            <\/a>          <\/div>\n         <\/div><div class=\"gallery-col col\" >\n          <div class=\"col-inner\">\n            <a class=\"image-lightbox lightbox-gallery\" href=\"https:\/\/arturf.com\/wp-content\/uploads\/2021\/01\/M9.jpg\" title=\"\">            <div class=\"box has-hover gallery-box box-normal\">\n              <div class=\"box-image\" >\n                <img loading=\"lazy\" decoding=\"async\" width=\"300\" height=\"300\" src=\"https:\/\/arturf.com\/wp-content\/uploads\/2021\/01\/M9-300x300.jpg\" class=\"attachment-medium size-medium\" alt=\"\" ids=\"13672,13681,13678,13677,14183,13679,14184,13680\" style=\"normal\" type=\"slider\" columns=\"5\" image_size=\"medium\" srcset=\"https:\/\/arturf.com\/wp-content\/uploads\/2021\/01\/M9-300x300.jpg 300w, https:\/\/arturf.com\/wp-content\/uploads\/2021\/01\/M9-768x768.jpg 768w, https:\/\/arturf.com\/wp-content\/uploads\/2021\/01\/M9-12x12.jpg 12w, https:\/\/arturf.com\/wp-content\/uploads\/2021\/01\/M9-510x510.jpg 510w, https:\/\/arturf.com\/wp-content\/uploads\/2021\/01\/M9-100x100.jpg 100w, https:\/\/arturf.com\/wp-content\/uploads\/2021\/01\/M9.jpg 800w\" sizes=\"auto, (max-width: 300px) 100vw, 300px\" \/>                                                              <\/div>\n              <div class=\"box-text text-left\" >\n                 <p><\/p>\n              <\/div>\n            <\/div>\n            <\/a>          <\/div>\n         <\/div><\/div>","protected":false},"excerpt":{"rendered":"<p>Th\u1ea3m h\u00e0ng r\u00e0o nh\u00e2n t\u1ea1o l\u00e0 m\u1ed9t gi\u1ea3i ph\u00e1p thay th\u1ebf th\u1ef1c t\u1ebf cho h\u00e0ng r\u00e0o s\u1ed1ng, v\u1ed1n c\u1ea7n th\u1eddi gian \u0111\u1ec3 thi\u1ebft l\u1eadp v\u00e0 y\u00eau c\u1ea7u b\u1ea3o tr\u00ec li\u00ean t\u1ee5c. L\u00fd t\u01b0\u1edfng cho c\u00e1c b\u1ee9c t\u01b0\u1eddng v\u00e0 h\u00e0ng r\u00e0o hi\u1ec7n c\u00f3 ho\u1eb7c cung c\u1ea5p s\u1ef1 ri\u00eang t\u01b0 xung quanh h\u1ed3 b\u01a1i v\u00e0 s\u00e2n hi\u00ean.<\/p>","protected":false},"featured_media":13672,"template":"","meta":{"_seopress_robots_primary_cat":"","_seopress_titles_title":"","_seopress_titles_desc":"","_seopress_robots_index":""},"product_brand":[],"product_cat":[782],"product_tag":[],"class_list":{"0":"post-13671","1":"product","2":"type-product","3":"status-publish","4":"has-post-thumbnail","6":"product_cat-artificial-hedge","8":"first","9":"instock","10":"shipping-taxable","11":"product-type-simple"},"_links":{"self":[{"href":"https:\/\/arturf.com\/vi\/wp-json\/wp\/v2\/product\/13671","targetHints":{"allow":["GET"]}}],"collection":[{"href":"https:\/\/arturf.com\/vi\/wp-json\/wp\/v2\/product"}],"about":[{"href":"https:\/\/arturf.com\/vi\/wp-json\/wp\/v2\/types\/product"}],"wp:featuredmedia":[{"embeddable":true,"href":"https:\/\/arturf.com\/vi\/wp-json\/wp\/v2\/media\/13672"}],"wp:attachment":[{"href":"https:\/\/arturf.com\/vi\/wp-json\/wp\/v2\/media?parent=13671"}],"wp:term":[{"taxonomy":"product_brand","embeddable":true,"href":"https:\/\/arturf.com\/vi\/wp-json\/wp\/v2\/product_brand?post=13671"},{"taxonomy":"product_cat","embeddable":true,"href":"https:\/\/arturf.com\/vi\/wp-json\/wp\/v2\/product_cat?post=13671"},{"taxonomy":"product_tag","embeddable":true,"href":"https:\/\/arturf.com\/vi\/wp-json\/wp\/v2\/product_tag?post=13671"}],"curies":[{"name":"wp","href":"https:\/\/api.w.org\/{rel}","templated":true}]}}