{"id":13683,"date":"2021-01-08T16:46:13","date_gmt":"2021-01-08T08:46:13","guid":{"rendered":"https:\/\/arturf.com\/?post_type=product&#038;p=13683"},"modified":"2022-07-03T14:51:00","modified_gmt":"2022-07-03T06:51:00","slug":"vertical-garden-panels","status":"publish","type":"product","link":"https:\/\/arturf.com\/vi\/product\/vertical-garden-panels\/","title":{"rendered":"T\u1ea5m v\u01b0\u1eddn th\u1eb3ng \u0111\u1ee9ng"},"content":{"rendered":"<h3>Th\u00f4ng s\u1ed1 k\u1ef9 thu\u1eadt:<\/h3>\n<p>Ch\u1ea5t li\u1ec7u: 100% PE m\u1edbi t\u01b0\u01a1i<br \/>K\u00edch th\u01b0\u1edbc th\u00f4ng th\u01b0\u1eddng: 100 cm x 100 cm (40 \u2033 * 40 \u2033)<br \/>UV \u1ed5n \u0111\u1ecbnh \/ ch\u1ed1ng ch\u00e1y: C\u00f3 ho\u1eb7c t\u00f9y ch\u1ecdn<br \/>Nh\u00e2n d\u1ecbp: Ngo\u00e0i tr\u1eddi; trong nh\u00e0<br \/>B\u1ea3o h\u00e0nh: Ngo\u00e0i tr\u1eddi 3 n\u0103m; trong nh\u00e0 5 n\u0103m<br \/>MOQ: 100 m\u00e9t vu\u00f4ng<\/p>\n<p>C\u00e1c t\u1ea5m v\u01b0\u1eddn th\u1eb3ng \u0111\u1ee9ng h\u00e0ng r\u00e0o nh\u00e2n t\u1ea1o c\u1ee7a ch\u00fang t\u00f4i \u0111\u01b0\u1ee3c l\u00e0m v\u1edbi nhi\u1ec1u k\u00edch th\u01b0\u1edbc, \u0111\u1ed9 s\u00e2u v\u00e0 ki\u1ec3u d\u00e1ng c\u00e2y tr\u1ed3ng kh\u00e1c nhau. Nh\u1eefng t\u00e1n l\u00e1 v\u00e0 hoa n\u00e2ng l\u00ean v\u00e0 r\u1eddi kh\u1ecfi b\u1ea3ng \u0111i\u1ec1u khi\u1ec3n v\u00e0 t\u1ea1o cho b\u1ee9c t\u01b0\u1eddng xanh th\u00eam chi\u1ec1u s\u00e2u v\u00e0 hi\u1ec7n th\u1ef1c.<\/p>\n<p>L\u00fd t\u01b0\u1edfng cho c\u00e1c b\u1ee9c t\u01b0\u1eddng xanh nh\u00e2n t\u1ea1o trong v\u0103n ph\u00f2ng, nh\u00e0 \u1edf, c\u1eeda h\u00e0ng, kh\u00e1ch s\u1ea1n, qu\u00e1n bar, qu\u00e1n c\u00e0 ph\u00ea &amp; nh\u00e0 h\u00e0ng. Tuy\u1ec7t v\u1eddi cho gian h\u00e0ng tri\u1ec3n l\u00e3m, s\u1ef1 ki\u1ec7n c\u00f4ng ty, \u0111\u00e1m c\u01b0\u1edbi v\u00e0 c\u00e1c s\u1ef1 ki\u1ec7n ri\u00eang t\u01b0 kh\u00e1c, c\u0169ng nh\u01b0 ph\u00f4ng n\u1ec1n tuy\u1ec7t \u0111\u1eb9p cho logo, b\u1ea3ng hi\u1ec7u \u0111\u00e8n neon v\u00e0 ch\u1eef.<\/p>\n<h3>M\u1ed9t lo\u1ea1t c\u00e1c s\u1ea3n ph\u1ea9m<\/h3>\n<p>M\u1ed9t lo\u1ea1t c\u00e1c t\u1ea5m v\u01b0\u1eddn th\u1eb3ng \u0111\u1ee9ng s\u1ed1ng \u0111\u1ed9ng \u0111\u01b0\u1ee3c l\u00e0m b\u1eb1ng c\u00e1c lo\u1ea1i l\u00e1 v\u00e0 hoa kh\u00e1c nhau. M\u1ed9t s\u1ed1 s\u1ea3n ph\u1ea9m \u0111\u01b0\u1ee3c li\u1ec7t k\u00ea d\u01b0\u1edbi \u0111\u00e2y, vui l\u00f2ng li\u00ean h\u1ec7 v\u1edbi ch\u00fang t\u00f4i \u0111\u1ec3 c\u00f3 th\u00eam l\u1ef1a ch\u1ecdn.<\/p>\n\n  \n    <div class=\"row large-columns-5 medium-columns-3 small-columns-2 slider row-slider slider-nav-reveal slider-nav-push\"  data-flickity-options='{&quot;imagesLoaded&quot;: true, &quot;groupCells&quot;: &quot;100%&quot;, &quot;dragThreshold&quot; : 5, &quot;cellAlign&quot;: &quot;left&quot;,&quot;wrapAround&quot;: true,&quot;prevNextButtons&quot;: true,&quot;percentPosition&quot;: true,&quot;pageDots&quot;: false, &quot;rightToLeft&quot;: false, &quot;autoPlay&quot; : false}' >\n\n  <div class=\"gallery-col col\" >\n          <div class=\"col-inner\">\n            <a class=\"image-lightbox lightbox-gallery\" href=\"https:\/\/arturf.com\/wp-content\/uploads\/2021\/01\/H9.jpg\" title=\"\">            <div class=\"box has-hover gallery-box box-normal\">\n              <div class=\"box-image\" >\n                <img loading=\"lazy\" decoding=\"async\" width=\"300\" height=\"300\" src=\"https:\/\/arturf.com\/wp-content\/uploads\/2021\/01\/H9-300x300.jpg\" class=\"attachment-medium size-medium\" alt=\"\" ids=\"13690,13689,13688,13687,13691,13686\" style=\"normal\" type=\"slider\" columns=\"5\" srcset=\"https:\/\/arturf.com\/wp-content\/uploads\/2021\/01\/H9-300x300.jpg 300w, https:\/\/arturf.com\/wp-content\/uploads\/2021\/01\/H9-768x768.jpg 768w, https:\/\/arturf.com\/wp-content\/uploads\/2021\/01\/H9-12x12.jpg 12w, https:\/\/arturf.com\/wp-content\/uploads\/2021\/01\/H9-510x510.jpg 510w, https:\/\/arturf.com\/wp-content\/uploads\/2021\/01\/H9-100x100.jpg 100w, https:\/\/arturf.com\/wp-content\/uploads\/2021\/01\/H9.jpg 800w\" sizes=\"auto, (max-width: 300px) 100vw, 300px\" \/>                                                              <\/div>\n              <div class=\"box-text text-left\" >\n                 <p><\/p>\n              <\/div>\n            <\/div>\n            <\/a>          <\/div>\n         <\/div><div class=\"gallery-col col\" >\n          <div class=\"col-inner\">\n            <a class=\"image-lightbox lightbox-gallery\" href=\"https:\/\/arturf.com\/wp-content\/uploads\/2021\/01\/H8.jpg\" title=\"\">            <div class=\"box has-hover gallery-box box-normal\">\n              <div class=\"box-image\" >\n                <img loading=\"lazy\" decoding=\"async\" width=\"300\" height=\"300\" src=\"https:\/\/arturf.com\/wp-content\/uploads\/2021\/01\/H8-300x300.jpg\" class=\"attachment-medium size-medium\" alt=\"\" ids=\"13690,13689,13688,13687,13691,13686\" style=\"normal\" type=\"slider\" columns=\"5\" srcset=\"https:\/\/arturf.com\/wp-content\/uploads\/2021\/01\/H8-300x300.jpg 300w, https:\/\/arturf.com\/wp-content\/uploads\/2021\/01\/H8-768x768.jpg 768w, https:\/\/arturf.com\/wp-content\/uploads\/2021\/01\/H8-12x12.jpg 12w, https:\/\/arturf.com\/wp-content\/uploads\/2021\/01\/H8-510x510.jpg 510w, https:\/\/arturf.com\/wp-content\/uploads\/2021\/01\/H8-100x100.jpg 100w, https:\/\/arturf.com\/wp-content\/uploads\/2021\/01\/H8.jpg 800w\" sizes=\"auto, (max-width: 300px) 100vw, 300px\" \/>                                                              <\/div>\n              <div class=\"box-text text-left\" >\n                 <p><\/p>\n              <\/div>\n            <\/div>\n            <\/a>          <\/div>\n         <\/div><div class=\"gallery-col col\" >\n          <div class=\"col-inner\">\n            <a class=\"image-lightbox lightbox-gallery\" href=\"https:\/\/arturf.com\/wp-content\/uploads\/2021\/01\/H6.jpg\" title=\"\">            <div class=\"box has-hover gallery-box box-normal\">\n              <div class=\"box-image\" >\n                <img loading=\"lazy\" decoding=\"async\" width=\"300\" height=\"300\" src=\"https:\/\/arturf.com\/wp-content\/uploads\/2021\/01\/H6-300x300.jpg\" class=\"attachment-medium size-medium\" alt=\"\" ids=\"13690,13689,13688,13687,13691,13686\" style=\"normal\" type=\"slider\" columns=\"5\" srcset=\"https:\/\/arturf.com\/wp-content\/uploads\/2021\/01\/H6-300x300.jpg 300w, https:\/\/arturf.com\/wp-content\/uploads\/2021\/01\/H6-768x768.jpg 768w, https:\/\/arturf.com\/wp-content\/uploads\/2021\/01\/H6-12x12.jpg 12w, https:\/\/arturf.com\/wp-content\/uploads\/2021\/01\/H6-510x510.jpg 510w, https:\/\/arturf.com\/wp-content\/uploads\/2021\/01\/H6-100x100.jpg 100w, https:\/\/arturf.com\/wp-content\/uploads\/2021\/01\/H6.jpg 800w\" sizes=\"auto, (max-width: 300px) 100vw, 300px\" \/>                                                              <\/div>\n              <div class=\"box-text text-left\" >\n                 <p><\/p>\n              <\/div>\n            <\/div>\n            <\/a>          <\/div>\n         <\/div><div class=\"gallery-col col\" >\n          <div class=\"col-inner\">\n            <a class=\"image-lightbox lightbox-gallery\" href=\"https:\/\/arturf.com\/wp-content\/uploads\/2021\/01\/H5.jpg\" title=\"\">            <div class=\"box has-hover gallery-box box-normal\">\n              <div class=\"box-image\" >\n                <img loading=\"lazy\" decoding=\"async\" width=\"300\" height=\"300\" src=\"https:\/\/arturf.com\/wp-content\/uploads\/2021\/01\/H5-300x300.jpg\" class=\"attachment-medium size-medium\" alt=\"\" ids=\"13690,13689,13688,13687,13691,13686\" style=\"normal\" type=\"slider\" columns=\"5\" srcset=\"https:\/\/arturf.com\/wp-content\/uploads\/2021\/01\/H5-300x300.jpg 300w, https:\/\/arturf.com\/wp-content\/uploads\/2021\/01\/H5-768x768.jpg 768w, https:\/\/arturf.com\/wp-content\/uploads\/2021\/01\/H5-12x12.jpg 12w, https:\/\/arturf.com\/wp-content\/uploads\/2021\/01\/H5-510x510.jpg 510w, https:\/\/arturf.com\/wp-content\/uploads\/2021\/01\/H5-100x100.jpg 100w, https:\/\/arturf.com\/wp-content\/uploads\/2021\/01\/H5.jpg 800w\" sizes=\"auto, (max-width: 300px) 100vw, 300px\" \/>                                                              <\/div>\n              <div class=\"box-text text-left\" >\n                 <p><\/p>\n              <\/div>\n            <\/div>\n            <\/a>          <\/div>\n         <\/div><div class=\"gallery-col col\" >\n          <div class=\"col-inner\">\n            <a class=\"image-lightbox lightbox-gallery\" href=\"https:\/\/arturf.com\/wp-content\/uploads\/2021\/01\/H10.jpg\" title=\"\">            <div class=\"box has-hover gallery-box box-normal\">\n              <div class=\"box-image\" >\n                <img loading=\"lazy\" decoding=\"async\" width=\"300\" height=\"300\" src=\"https:\/\/arturf.com\/wp-content\/uploads\/2021\/01\/H10-300x300.jpg\" class=\"attachment-medium size-medium\" alt=\"\" ids=\"13690,13689,13688,13687,13691,13686\" style=\"normal\" type=\"slider\" columns=\"5\" srcset=\"https:\/\/arturf.com\/wp-content\/uploads\/2021\/01\/H10-300x300.jpg 300w, https:\/\/arturf.com\/wp-content\/uploads\/2021\/01\/H10-768x768.jpg 768w, https:\/\/arturf.com\/wp-content\/uploads\/2021\/01\/H10-12x12.jpg 12w, https:\/\/arturf.com\/wp-content\/uploads\/2021\/01\/H10-510x510.jpg 510w, https:\/\/arturf.com\/wp-content\/uploads\/2021\/01\/H10-100x100.jpg 100w, https:\/\/arturf.com\/wp-content\/uploads\/2021\/01\/H10.jpg 800w\" sizes=\"auto, (max-width: 300px) 100vw, 300px\" \/>                                                              <\/div>\n              <div class=\"box-text text-left\" >\n                 <p><\/p>\n              <\/div>\n            <\/div>\n            <\/a>          <\/div>\n         <\/div><div class=\"gallery-col col\" >\n          <div class=\"col-inner\">\n            <a class=\"image-lightbox lightbox-gallery\" href=\"https:\/\/arturf.com\/wp-content\/uploads\/2021\/01\/H2.jpg\" title=\"\">            <div class=\"box has-hover gallery-box box-normal\">\n              <div class=\"box-image\" >\n                <img loading=\"lazy\" decoding=\"async\" width=\"300\" height=\"300\" src=\"https:\/\/arturf.com\/wp-content\/uploads\/2021\/01\/H2-300x300.jpg\" class=\"attachment-medium size-medium\" alt=\"\" ids=\"13690,13689,13688,13687,13691,13686\" style=\"normal\" type=\"slider\" columns=\"5\" srcset=\"https:\/\/arturf.com\/wp-content\/uploads\/2021\/01\/H2-300x300.jpg 300w, https:\/\/arturf.com\/wp-content\/uploads\/2021\/01\/H2-768x768.jpg 768w, https:\/\/arturf.com\/wp-content\/uploads\/2021\/01\/H2-12x12.jpg 12w, https:\/\/arturf.com\/wp-content\/uploads\/2021\/01\/H2-510x510.jpg 510w, https:\/\/arturf.com\/wp-content\/uploads\/2021\/01\/H2-100x100.jpg 100w, https:\/\/arturf.com\/wp-content\/uploads\/2021\/01\/H2.jpg 800w\" sizes=\"auto, (max-width: 300px) 100vw, 300px\" \/>                                                              <\/div>\n              <div class=\"box-text text-left\" >\n                 <p><\/p>\n              <\/div>\n            <\/div>\n            <\/a>          <\/div>\n         <\/div><\/div>","protected":false},"excerpt":{"rendered":"<p>Ch\u00fang t\u00f4i cung c\u1ea5p nhi\u1ec1u l\u1ef1a ch\u1ecdn c\u00e1c t\u1ea5m v\u01b0\u1eddn th\u1eb3ng \u0111\u1ee9ng h\u00e0ng r\u00e0o nh\u00e2n t\u1ea1o c\u00f3 th\u1ec3 mang v\u1ebb \u0111\u1eb9p t\u1ef1 nhi\u00ean c\u1ee7a ngo\u00e0i tr\u1eddi tuy\u1ec7t v\u1eddi v\u00e0o nh\u00e0 ho\u1eb7c c\u00e1c khu v\u1ef1c kinh doanh. T\u1eebng t\u00e1n l\u00e1 c\u00f3 \u0111\u1ed9 chi ti\u1ebft cao v\u1edbi m\u00e0u s\u1eafc v\u00e0 k\u1ebft c\u1ea5u s\u1ed1ng \u0111\u1ed9ng nh\u01b0 th\u1eadt, trong khi k\u00edch th\u01b0\u1edbc v\u00e0 ki\u1ec3u d\u00e1ng kh\u00e1c nhau c\u1ee7a c\u00e1c lo\u1ea1i c\u00e2y nh\u00e2n t\u1ea1o t\u1ea1o th\u00eam c\u1ea3m gi\u00e1c ch\u00e2n th\u1ef1c v\u1ec1 chi\u1ec1u s\u00e2u v\u00e0 hi\u1ec7n th\u1ef1c cho b\u1ee9c t\u01b0\u1eddng xanh.<\/p>","protected":false},"featured_media":13673,"template":"","meta":{"_seopress_robots_primary_cat":"","_seopress_titles_title":"","_seopress_titles_desc":"","_seopress_robots_index":""},"product_brand":[],"product_cat":[782],"product_tag":[],"class_list":{"0":"post-13683","1":"product","2":"type-product","3":"status-publish","4":"has-post-thumbnail","6":"product_cat-artificial-hedge","8":"first","9":"instock","10":"shipping-taxable","11":"product-type-simple"},"_links":{"self":[{"href":"https:\/\/arturf.com\/vi\/wp-json\/wp\/v2\/product\/13683","targetHints":{"allow":["GET"]}}],"collection":[{"href":"https:\/\/arturf.com\/vi\/wp-json\/wp\/v2\/product"}],"about":[{"href":"https:\/\/arturf.com\/vi\/wp-json\/wp\/v2\/types\/product"}],"wp:featuredmedia":[{"embeddable":true,"href":"https:\/\/arturf.com\/vi\/wp-json\/wp\/v2\/media\/13673"}],"wp:attachment":[{"href":"https:\/\/arturf.com\/vi\/wp-json\/wp\/v2\/media?parent=13683"}],"wp:term":[{"taxonomy":"product_brand","embeddable":true,"href":"https:\/\/arturf.com\/vi\/wp-json\/wp\/v2\/product_brand?post=13683"},{"taxonomy":"product_cat","embeddable":true,"href":"https:\/\/arturf.com\/vi\/wp-json\/wp\/v2\/product_cat?post=13683"},{"taxonomy":"product_tag","embeddable":true,"href":"https:\/\/arturf.com\/vi\/wp-json\/wp\/v2\/product_tag?post=13683"}],"curies":[{"name":"wp","href":"https:\/\/api.w.org\/{rel}","templated":true}]}}