{"id":15483,"date":"2008-08-16T09:20:35","date_gmt":"2008-08-16T01:20:35","guid":{"rendered":"https:\/\/arturf.com\/?post_type=product&#038;p=15483"},"modified":"2022-07-08T12:43:31","modified_gmt":"2022-07-08T04:43:31","slug":"artificial-grass-logos-and-insignia-bespoke-logo-mats","status":"publish","type":"product","link":"https:\/\/arturf.com\/vi\/product\/artificial-grass-logos-and-insignia-bespoke-logo-mats\/","title":{"rendered":"Th\u1ea3m bi\u1ec3u tr\u01b0ng Bespoke"},"content":{"rendered":"<p>Mu\u1ed1n logo c\u1ee7a b\u1ea1n \u0111\u01b0\u1ee3c k\u1ebft h\u1ee3p v\u00e0o b\u1ec1 m\u1eb7t c\u1ecf nh\u00e2n t\u1ea1o c\u1ee7a b\u1ea1n? T\u1eeb logo c\u00f4ng ty c\u1ee7a b\u1ea1n \u0111\u1ebfn <a href=\"https:\/\/arturf.com\/vi\/landscape-grass\/hopscotch-a-great-addition-to-your-artificial-grass-playground\/\">nh\u1ea3y l\u00f2 c\u00f2<\/a>, \u0111\u1ed1i v\u1edbi c\u00e1c ch\u1eef c\u00e1i, kh\u1ea3 n\u0103ng l\u00e0 v\u00f4 t\u1eadn\u2026<\/p>\n<p>T\u1ea1i sao s\u1eed d\u1ee5ng m\u1ed9t <a href=\"https:\/\/arturf.com\/vi\/info\/artificial-grass-logo\/\">Logo c\u1ecf nh\u00e2n t\u1ea1o<\/a> hay ph\u00f9 hi\u1ec7u? C\u00e1c l\u1ee3i \u00edch bao g\u1ed3m:<\/p>\n<ul>\n<li>Logo c\u1ecf nh\u00e2n t\u1ea1o s\u1ebd n\u1ed5i b\u1eadt nh\u01b0 m\u1ed9t n\u01a1i kinh doanh chuy\u00ean nghi\u1ec7p v\u00e0 h\u1ee3p ph\u00e1p.<\/li>\n<li>Logo c\u1ecf nh\u00e2n t\u1ea1o s\u1ebd n\u00e2ng cao nh\u1eadn th\u1ee9c v\u1ec1 th\u01b0\u01a1ng hi\u1ec7u c\u1ee7a t\u1ed5 ch\u1ee9c b\u1ea1n.<\/li>\n<li>T\u0103ng kh\u1ea3 n\u0103ng nh\u1eadn di\u1ec7n t\u00ean tu\u1ed5i v\u1edbi c\u00e1c logo c\u1ecf t\u1ed5ng h\u1ee3p.<\/li>\n<li>C\u00e1 nh\u00e2n h\u00f3a t\u1ed5 ch\u1ee9c c\u1ee7a b\u1ea1n theo m\u1ed9t c\u00e1ch \u0111\u1ed9c \u0111\u00e1o.<\/li>\n<\/ul>\n<p>Kh\u00f4ng gi\u1ed1ng nh\u01b0 c\u00e1c logo inlay th\u1ee7 c\u00f4ng, s\u1ea3n ph\u1ea9m c\u1ee7a ch\u00fang t\u00f4i \u0111\u01b0\u1ee3c l\u00e0m t\u1eeb nh\u1eefng s\u1ee3i c\u1ecf nh\u00e2n t\u1ea1o nhi\u1ec1u m\u00e0u s\u1eafc c\u00f3 s\u1eb5n, \u0111\u01b0\u1ee3c ch\u1ea7n b\u1eb1ng m\u1ed9t lo\u1ea1i m\u00e1y chuy\u00ean d\u1ee5ng. V\u00ec v\u1eady, n\u00f3 b\u1ec1n h\u01a1n v\u00e0 hoa v\u0103n s\u1ebd kh\u00f4ng b\u1ecb r\u00e1ch t\u1eeb c\u1ecf nh\u00e2n t\u1ea1o xung quanh n\u00f3. Kh\u00f4ng gi\u1ed1ng nh\u01b0 m\u00e0u in, m\u00e0u s\u1eafc l\u00e0 v\u0129nh vi\u1ec5n. Ch\u00fang t\u00f4i c\u00f3 th\u1ec3 t\u00e1i t\u1ea1o c\u00e1c m\u1eabu v\u00e0 h\u00ecnh d\u1ea1ng ph\u1ee9c t\u1ea1p v\u00e0 ph\u1ee9c t\u1ea1p theo y\u00eau c\u1ea7u c\u1ee7a b\u1ea1n m\u1ed9t c\u00e1ch \u0111\u00e1ng tin c\u1eady.<\/p>\n<h4>M\u1eabu bi\u1ec3u tr\u01b0ng \/ ph\u00f9 hi\u1ec7u<\/h4>\n<p>Ch\u00fang t\u00f4i c\u00f3 m\u1ed9t s\u1ed1 m\u1eabu ph\u1ed5 bi\u1ebfn nh\u01b0 &quot;n\u1ee5 c\u01b0\u1eddi&quot; v\u00e0 &quot;nh\u1ea3y l\u00f2 c\u00f2&quot; cho c\u00e1c khu vui ch\u01a1i, \u0111\u1ed3ng th\u1eddi ch\u00fang t\u00f4i c\u0169ng cung c\u1ea5p c\u00e1c bi\u1ec3u t\u01b0\u1ee3ng v\u00e0 th\u1ea3m Insignia \u0111\u1eb7t l\u00e0m ri\u00eang. Trong tr\u01b0\u1eddng h\u1ee3p n\u00e0y, h\u00ecnh \u1ea3nh c\u00f3 \u0111\u1ed9 ph\u00e2n gi\u1ea3i cao l\u00e0 c\u1ea7n thi\u1ebft. Ch\u00fang t\u00f4i s\u1ebd ki\u1ec3m tra h\u00ecnh \u1ea3nh \u0111\u00f3 \u0111\u1ea7u ti\u00ean v\u00e0 th\u1ea3o lu\u1eadn th\u00eam chi ti\u1ebft.<\/p>\n<h4>T\u00f9y ch\u1ecdn m\u00e0u s\u1eafc:<\/h4>\n<p><img alt=\"\" loading=\"lazy\" decoding=\"async\" class=\"alignnone wp-image-17008 size-full\" src=\"https:\/\/arturf.com\/wp-content\/uploads\/2022\/06\/Artificial-Grass-Logo-Color-Options.jpg\" width=\"1000\" height=\"117\" srcset=\"https:\/\/arturf.com\/wp-content\/uploads\/2022\/06\/Artificial-Grass-Logo-Color-Options.jpg 1000w, https:\/\/arturf.com\/wp-content\/uploads\/2022\/06\/Artificial-Grass-Logo-Color-Options-300x35.jpg 300w, https:\/\/arturf.com\/wp-content\/uploads\/2022\/06\/Artificial-Grass-Logo-Color-Options-768x90.jpg 768w, https:\/\/arturf.com\/wp-content\/uploads\/2022\/06\/Artificial-Grass-Logo-Color-Options-18x2.jpg 18w, https:\/\/arturf.com\/wp-content\/uploads\/2022\/06\/Artificial-Grass-Logo-Color-Options-510x60.jpg 510w\" sizes=\"auto, (max-width: 1000px) 100vw, 1000px\" \/><\/p>\n<h4>K\u00edch th\u01b0\u1edbc c\u1ee7a th\u1ea3m<\/h4>\n<p>N\u00f3i chung, chi\u1ec1u r\u1ed9ng t\u1ed1i \u0111a c\u1ee7a m\u1ed9t t\u1ea5m th\u1ea3m \u0111\u01a1n l\u00e0 2 m\u00e9t. Chi\u1ec1u d\u00e0i c\u00f3 th\u1ec3 \u0111\u01b0\u1ee3c th\u1ef1c hi\u1ec7n theo y\u00eau c\u1ea7u. N\u1ebfu b\u1ea1n c\u1ea7n m\u1ed9t t\u1ea5m chi\u1ebfu r\u1ed9ng h\u01a1n, ch\u00fang t\u00f4i c\u00f3 th\u1ec3 l\u00e0m hai ho\u1eb7c nhi\u1ec1u t\u1ea5m chi\u1ebfu. B\u1ea1n n\u1ed1i nh\u1eefng m\u1ea3nh \u0111\u00f3 l\u1ea1i v\u1edbi nhau tr\u00ean trang web.<\/p>\n<h4>Chi\u1ec1u cao c\u1ecdc c\u1ee7a th\u1ea3m<\/h4>\n<p>Ch\u00fang t\u00f4i cung c\u1ea5p bi\u1ec3u tr\u01b0ng chi\u1ec1u cao c\u1ecdc 10mm - 35mm v\u00e0 th\u1ea3m Insignia.<\/p>\n<h4>V\u00e0i v\u00ed d\u1ee5:<\/h4>\n\n  \n    <div id=\"gallery-1680973612\" class=\"row large-columns-6 medium-columns-3 small-columns-2 row-masonry\" data-packery-options='{\"itemSelector\": \".col\", \"gutter\": 0, \"presentageWidth\" : true}'>\n\n  <div class=\"gallery-col col\" >\n          <div class=\"col-inner\">\n            <a class=\"image-lightbox lightbox-gallery\" href=\"https:\/\/arturf.com\/wp-content\/uploads\/2022\/05\/Artificial-Grass-Logo-Sunflower-Smile.jpg\" title=\"\">            <div class=\"box has-hover gallery-box box-default\">\n              <div class=\"box-image image-cover\" style=\"padding-top:75%;\">\n                <img loading=\"lazy\" decoding=\"async\" width=\"225\" height=\"300\" src=\"https:\/\/arturf.com\/wp-content\/uploads\/2022\/05\/Artificial-Grass-Logo-Sunflower-Smile-225x300.jpg\" class=\"attachment-medium size-medium\" alt=\"\" ids=\"16973,16969,16968,16970,16972,15501,16971,15499,15500,15502,15503,15498\" style=\"default\" type=\"masonry\" columns=\"6\" image_height=\"75%\" srcset=\"https:\/\/arturf.com\/wp-content\/uploads\/2022\/05\/Artificial-Grass-Logo-Sunflower-Smile-225x300.jpg 225w, https:\/\/arturf.com\/wp-content\/uploads\/2022\/05\/Artificial-Grass-Logo-Sunflower-Smile-9x12.jpg 9w, https:\/\/arturf.com\/wp-content\/uploads\/2022\/05\/Artificial-Grass-Logo-Sunflower-Smile-510x680.jpg 510w, https:\/\/arturf.com\/wp-content\/uploads\/2022\/05\/Artificial-Grass-Logo-Sunflower-Smile.jpg 750w\" sizes=\"auto, (max-width: 225px) 100vw, 225px\" \/>                                                              <\/div>\n              <div class=\"box-text text-left\" >\n                 <p><\/p>\n              <\/div>\n            <\/div>\n            <\/a>          <\/div>\n         <\/div><div class=\"gallery-col col\" >\n          <div class=\"col-inner\">\n            <a class=\"image-lightbox lightbox-gallery\" href=\"https:\/\/arturf.com\/wp-content\/uploads\/2022\/05\/Artificial-Grass-Logo-Mat-Kids-Play.jpg\" title=\"\">            <div class=\"box has-hover gallery-box box-default\">\n              <div class=\"box-image image-cover\" style=\"padding-top:75%;\">\n                <img loading=\"lazy\" decoding=\"async\" width=\"225\" height=\"300\" src=\"https:\/\/arturf.com\/wp-content\/uploads\/2022\/05\/Artificial-Grass-Logo-Mat-Kids-Play-225x300.jpg\" class=\"attachment-medium size-medium\" alt=\"\" ids=\"16973,16969,16968,16970,16972,15501,16971,15499,15500,15502,15503,15498\" style=\"default\" type=\"masonry\" columns=\"6\" image_height=\"75%\" srcset=\"https:\/\/arturf.com\/wp-content\/uploads\/2022\/05\/Artificial-Grass-Logo-Mat-Kids-Play-225x300.jpg 225w, https:\/\/arturf.com\/wp-content\/uploads\/2022\/05\/Artificial-Grass-Logo-Mat-Kids-Play-9x12.jpg 9w, https:\/\/arturf.com\/wp-content\/uploads\/2022\/05\/Artificial-Grass-Logo-Mat-Kids-Play-510x680.jpg 510w, https:\/\/arturf.com\/wp-content\/uploads\/2022\/05\/Artificial-Grass-Logo-Mat-Kids-Play.jpg 600w\" sizes=\"auto, (max-width: 225px) 100vw, 225px\" \/>                                                              <\/div>\n              <div class=\"box-text text-left\" >\n                 <p><\/p>\n              <\/div>\n            <\/div>\n            <\/a>          <\/div>\n         <\/div><div class=\"gallery-col col\" >\n          <div class=\"col-inner\">\n            <a class=\"image-lightbox lightbox-gallery\" href=\"https:\/\/arturf.com\/wp-content\/uploads\/2008\/08\/Bespoke-Logo-Lawn-for-GYM-mats.jpg\" title=\"\">            <div class=\"box has-hover gallery-box box-default\">\n              <div class=\"box-image image-cover\" style=\"padding-top:75%;\">\n                <img loading=\"lazy\" decoding=\"async\" width=\"300\" height=\"225\" src=\"https:\/\/arturf.com\/wp-content\/uploads\/2008\/08\/Bespoke-Logo-Lawn-for-GYM-mats-300x225.jpg\" class=\"attachment-medium size-medium\" alt=\"\" ids=\"16973,16969,16968,16970,16972,15501,16971,15499,15500,15502,15503,15498\" style=\"default\" type=\"masonry\" columns=\"6\" image_height=\"75%\" srcset=\"https:\/\/arturf.com\/wp-content\/uploads\/2008\/08\/Bespoke-Logo-Lawn-for-GYM-mats-300x225.jpg 300w, https:\/\/arturf.com\/wp-content\/uploads\/2008\/08\/Bespoke-Logo-Lawn-for-GYM-mats-200x150.jpg 200w, https:\/\/arturf.com\/wp-content\/uploads\/2008\/08\/Bespoke-Logo-Lawn-for-GYM-mats-768x576.jpg 768w, https:\/\/arturf.com\/wp-content\/uploads\/2008\/08\/Bespoke-Logo-Lawn-for-GYM-mats-16x12.jpg 16w, https:\/\/arturf.com\/wp-content\/uploads\/2008\/08\/Bespoke-Logo-Lawn-for-GYM-mats-350x263.jpg 350w, https:\/\/arturf.com\/wp-content\/uploads\/2008\/08\/Bespoke-Logo-Lawn-for-GYM-mats-510x383.jpg 510w, https:\/\/arturf.com\/wp-content\/uploads\/2008\/08\/Bespoke-Logo-Lawn-for-GYM-mats.jpg 800w\" sizes=\"auto, (max-width: 300px) 100vw, 300px\" \/>                                                              <\/div>\n              <div class=\"box-text text-left\" >\n                 <p><\/p>\n              <\/div>\n            <\/div>\n            <\/a>          <\/div>\n         <\/div><div class=\"gallery-col col\" >\n          <div class=\"col-inner\">\n            <a class=\"image-lightbox lightbox-gallery\" href=\"https:\/\/arturf.com\/wp-content\/uploads\/2022\/05\/Artificial-Lawn-Logo-PCYC-Queensland.jpg\" title=\"\">            <div class=\"box has-hover gallery-box box-default\">\n              <div class=\"box-image image-cover\" style=\"padding-top:75%;\">\n                <img loading=\"lazy\" decoding=\"async\" width=\"225\" height=\"300\" src=\"https:\/\/arturf.com\/wp-content\/uploads\/2022\/05\/Artificial-Lawn-Logo-PCYC-Queensland-225x300.jpg\" class=\"attachment-medium size-medium\" alt=\"\" ids=\"16973,16969,16968,16970,16972,15501,16971,15499,15500,15502,15503,15498\" style=\"default\" type=\"masonry\" columns=\"6\" image_height=\"75%\" srcset=\"https:\/\/arturf.com\/wp-content\/uploads\/2022\/05\/Artificial-Lawn-Logo-PCYC-Queensland-225x300.jpg 225w, https:\/\/arturf.com\/wp-content\/uploads\/2022\/05\/Artificial-Lawn-Logo-PCYC-Queensland-9x12.jpg 9w, https:\/\/arturf.com\/wp-content\/uploads\/2022\/05\/Artificial-Lawn-Logo-PCYC-Queensland-510x681.jpg 510w, https:\/\/arturf.com\/wp-content\/uploads\/2022\/05\/Artificial-Lawn-Logo-PCYC-Queensland.jpg 599w\" sizes=\"auto, (max-width: 225px) 100vw, 225px\" \/>                                                              <\/div>\n              <div class=\"box-text text-left\" >\n                 <p><\/p>\n              <\/div>\n            <\/div>\n            <\/a>          <\/div>\n         <\/div><div class=\"gallery-col col\" >\n          <div class=\"col-inner\">\n            <a class=\"image-lightbox lightbox-gallery\" href=\"https:\/\/arturf.com\/wp-content\/uploads\/2022\/05\/Artificial-Grass-Logo-Mat.jpg\" title=\"\">            <div class=\"box has-hover gallery-box box-default\">\n              <div class=\"box-image image-cover\" style=\"padding-top:75%;\">\n                <img loading=\"lazy\" decoding=\"async\" width=\"225\" height=\"300\" src=\"https:\/\/arturf.com\/wp-content\/uploads\/2022\/05\/Artificial-Grass-Logo-Mat-225x300.jpg\" class=\"attachment-medium size-medium\" alt=\"\" ids=\"16973,16969,16968,16970,16972,15501,16971,15499,15500,15502,15503,15498\" style=\"default\" type=\"masonry\" columns=\"6\" image_height=\"75%\" srcset=\"https:\/\/arturf.com\/wp-content\/uploads\/2022\/05\/Artificial-Grass-Logo-Mat-225x300.jpg 225w, https:\/\/arturf.com\/wp-content\/uploads\/2022\/05\/Artificial-Grass-Logo-Mat-9x12.jpg 9w, https:\/\/arturf.com\/wp-content\/uploads\/2022\/05\/Artificial-Grass-Logo-Mat-510x680.jpg 510w, https:\/\/arturf.com\/wp-content\/uploads\/2022\/05\/Artificial-Grass-Logo-Mat.jpg 750w\" sizes=\"auto, (max-width: 225px) 100vw, 225px\" \/>                                                              <\/div>\n              <div class=\"box-text text-left\" >\n                 <p><\/p>\n              <\/div>\n            <\/div>\n            <\/a>          <\/div>\n         <\/div><div class=\"gallery-col col\" >\n          <div class=\"col-inner\">\n            <a class=\"image-lightbox lightbox-gallery\" href=\"https:\/\/arturf.com\/wp-content\/uploads\/2021\/08\/Artificial-Grass-Logos-and-Insignia-6.jpg\" title=\"\">            <div class=\"box has-hover gallery-box box-default\">\n              <div class=\"box-image image-cover\" style=\"padding-top:75%;\">\n                <img loading=\"lazy\" decoding=\"async\" width=\"215\" height=\"300\" src=\"https:\/\/arturf.com\/wp-content\/uploads\/2021\/08\/Artificial-Grass-Logos-and-Insignia-6-215x300.jpg\" class=\"attachment-medium size-medium\" alt=\"\" ids=\"16973,16969,16968,16970,16972,15501,16971,15499,15500,15502,15503,15498\" style=\"default\" type=\"masonry\" columns=\"6\" image_height=\"75%\" srcset=\"https:\/\/arturf.com\/wp-content\/uploads\/2021\/08\/Artificial-Grass-Logos-and-Insignia-6-215x300.jpg 215w, https:\/\/arturf.com\/wp-content\/uploads\/2021\/08\/Artificial-Grass-Logos-and-Insignia-6-9x12.jpg 9w, https:\/\/arturf.com\/wp-content\/uploads\/2021\/08\/Artificial-Grass-Logos-and-Insignia-6-510x713.jpg 510w, https:\/\/arturf.com\/wp-content\/uploads\/2021\/08\/Artificial-Grass-Logos-and-Insignia-6.jpg 572w\" sizes=\"auto, (max-width: 215px) 100vw, 215px\" \/>                                                              <\/div>\n              <div class=\"box-text text-left\" >\n                 <p><\/p>\n              <\/div>\n            <\/div>\n            <\/a>          <\/div>\n         <\/div><div class=\"gallery-col col\" >\n          <div class=\"col-inner\">\n            <a class=\"image-lightbox lightbox-gallery\" href=\"https:\/\/arturf.com\/wp-content\/uploads\/2022\/05\/Artificial-Grass-Logo-GYM-Mats.jpg\" title=\"\">            <div class=\"box has-hover gallery-box box-default\">\n              <div class=\"box-image image-cover\" style=\"padding-top:75%;\">\n                <img loading=\"lazy\" decoding=\"async\" width=\"225\" height=\"300\" src=\"https:\/\/arturf.com\/wp-content\/uploads\/2022\/05\/Artificial-Grass-Logo-GYM-Mats-225x300.jpg\" class=\"attachment-medium size-medium\" alt=\"\" ids=\"16973,16969,16968,16970,16972,15501,16971,15499,15500,15502,15503,15498\" style=\"default\" type=\"masonry\" columns=\"6\" image_height=\"75%\" srcset=\"https:\/\/arturf.com\/wp-content\/uploads\/2022\/05\/Artificial-Grass-Logo-GYM-Mats-225x300.jpg 225w, https:\/\/arturf.com\/wp-content\/uploads\/2022\/05\/Artificial-Grass-Logo-GYM-Mats-9x12.jpg 9w, https:\/\/arturf.com\/wp-content\/uploads\/2022\/05\/Artificial-Grass-Logo-GYM-Mats-510x681.jpg 510w, https:\/\/arturf.com\/wp-content\/uploads\/2022\/05\/Artificial-Grass-Logo-GYM-Mats.jpg 749w\" sizes=\"auto, (max-width: 225px) 100vw, 225px\" \/>                                                              <\/div>\n              <div class=\"box-text text-left\" >\n                 <p><\/p>\n              <\/div>\n            <\/div>\n            <\/a>          <\/div>\n         <\/div><div class=\"gallery-col col\" >\n          <div class=\"col-inner\">\n            <a class=\"image-lightbox lightbox-gallery\" href=\"https:\/\/arturf.com\/wp-content\/uploads\/2021\/08\/Artificial-Grass-Logos-and-Insignia-4-809x1024.jpg\" title=\"\">            <div class=\"box has-hover gallery-box box-default\">\n              <div class=\"box-image image-cover\" style=\"padding-top:75%;\">\n                <img loading=\"lazy\" decoding=\"async\" width=\"237\" height=\"300\" src=\"https:\/\/arturf.com\/wp-content\/uploads\/2021\/08\/Artificial-Grass-Logos-and-Insignia-4-237x300.jpg\" class=\"attachment-medium size-medium\" alt=\"\" ids=\"16973,16969,16968,16970,16972,15501,16971,15499,15500,15502,15503,15498\" style=\"default\" type=\"masonry\" columns=\"6\" image_height=\"75%\" srcset=\"https:\/\/arturf.com\/wp-content\/uploads\/2021\/08\/Artificial-Grass-Logos-and-Insignia-4-237x300.jpg 237w, https:\/\/arturf.com\/wp-content\/uploads\/2021\/08\/Artificial-Grass-Logos-and-Insignia-4-809x1024.jpg 809w, https:\/\/arturf.com\/wp-content\/uploads\/2021\/08\/Artificial-Grass-Logos-and-Insignia-4-768x972.jpg 768w, https:\/\/arturf.com\/wp-content\/uploads\/2021\/08\/Artificial-Grass-Logos-and-Insignia-4-9x12.jpg 9w, https:\/\/arturf.com\/wp-content\/uploads\/2021\/08\/Artificial-Grass-Logos-and-Insignia-4-510x645.jpg 510w, https:\/\/arturf.com\/wp-content\/uploads\/2021\/08\/Artificial-Grass-Logos-and-Insignia-4.jpg 1000w\" sizes=\"auto, (max-width: 237px) 100vw, 237px\" \/>                                                              <\/div>\n              <div class=\"box-text text-left\" >\n                 <p><\/p>\n              <\/div>\n            <\/div>\n            <\/a>          <\/div>\n         <\/div><div class=\"gallery-col col\" >\n          <div class=\"col-inner\">\n            <a class=\"image-lightbox lightbox-gallery\" href=\"https:\/\/arturf.com\/wp-content\/uploads\/2021\/08\/Artificial-Grass-Logos-and-Insignia-5.jpg\" title=\"\">            <div class=\"box has-hover gallery-box box-default\">\n              <div class=\"box-image image-cover\" style=\"padding-top:75%;\">\n                <img loading=\"lazy\" decoding=\"async\" width=\"300\" height=\"106\" src=\"https:\/\/arturf.com\/wp-content\/uploads\/2021\/08\/Artificial-Grass-Logos-and-Insignia-5-300x106.jpg\" class=\"attachment-medium size-medium\" alt=\"\" ids=\"16973,16969,16968,16970,16972,15501,16971,15499,15500,15502,15503,15498\" style=\"default\" type=\"masonry\" columns=\"6\" image_height=\"75%\" srcset=\"https:\/\/arturf.com\/wp-content\/uploads\/2021\/08\/Artificial-Grass-Logos-and-Insignia-5-300x106.jpg 300w, https:\/\/arturf.com\/wp-content\/uploads\/2021\/08\/Artificial-Grass-Logos-and-Insignia-5-768x270.jpg 768w, https:\/\/arturf.com\/wp-content\/uploads\/2021\/08\/Artificial-Grass-Logos-and-Insignia-5-18x6.jpg 18w, https:\/\/arturf.com\/wp-content\/uploads\/2021\/08\/Artificial-Grass-Logos-and-Insignia-5-510x180.jpg 510w, https:\/\/arturf.com\/wp-content\/uploads\/2021\/08\/Artificial-Grass-Logos-and-Insignia-5.jpg 1000w\" sizes=\"auto, (max-width: 300px) 100vw, 300px\" \/>                                                              <\/div>\n              <div class=\"box-text text-left\" >\n                 <p><\/p>\n              <\/div>\n            <\/div>\n            <\/a>          <\/div>\n         <\/div><div class=\"gallery-col col\" >\n          <div class=\"col-inner\">\n            <a class=\"image-lightbox lightbox-gallery\" href=\"https:\/\/arturf.com\/wp-content\/uploads\/2021\/08\/Artificial-Grass-Logos-and-Insignia-1.jpg\" title=\"\">            <div class=\"box has-hover gallery-box box-default\">\n              <div class=\"box-image image-cover\" style=\"padding-top:75%;\">\n                <img loading=\"lazy\" decoding=\"async\" width=\"300\" height=\"300\" src=\"https:\/\/arturf.com\/wp-content\/uploads\/2021\/08\/Artificial-Grass-Logos-and-Insignia-1-300x300.jpg\" class=\"attachment-medium size-medium\" alt=\"\" ids=\"16973,16969,16968,16970,16972,15501,16971,15499,15500,15502,15503,15498\" style=\"default\" type=\"masonry\" columns=\"6\" image_height=\"75%\" srcset=\"https:\/\/arturf.com\/wp-content\/uploads\/2021\/08\/Artificial-Grass-Logos-and-Insignia-1-300x300.jpg 300w, https:\/\/arturf.com\/wp-content\/uploads\/2021\/08\/Artificial-Grass-Logos-and-Insignia-1-768x768.jpg 768w, https:\/\/arturf.com\/wp-content\/uploads\/2021\/08\/Artificial-Grass-Logos-and-Insignia-1-12x12.jpg 12w, https:\/\/arturf.com\/wp-content\/uploads\/2021\/08\/Artificial-Grass-Logos-and-Insignia-1-510x510.jpg 510w, https:\/\/arturf.com\/wp-content\/uploads\/2021\/08\/Artificial-Grass-Logos-and-Insignia-1-100x100.jpg 100w, https:\/\/arturf.com\/wp-content\/uploads\/2021\/08\/Artificial-Grass-Logos-and-Insignia-1.jpg 800w\" sizes=\"auto, (max-width: 300px) 100vw, 300px\" \/>                                                              <\/div>\n              <div class=\"box-text text-left\" >\n                 <p><\/p>\n              <\/div>\n            <\/div>\n            <\/a>          <\/div>\n         <\/div><div class=\"gallery-col col\" >\n          <div class=\"col-inner\">\n            <a class=\"image-lightbox lightbox-gallery\" href=\"https:\/\/arturf.com\/wp-content\/uploads\/2021\/08\/Artificial-Grass-Logos-and-Insignia-2.jpg\" title=\"\">            <div class=\"box has-hover gallery-box box-default\">\n              <div class=\"box-image image-cover\" style=\"padding-top:75%;\">\n                <img loading=\"lazy\" decoding=\"async\" width=\"300\" height=\"300\" src=\"https:\/\/arturf.com\/wp-content\/uploads\/2021\/08\/Artificial-Grass-Logos-and-Insignia-2-300x300.jpg\" class=\"attachment-medium size-medium\" alt=\"\" ids=\"16973,16969,16968,16970,16972,15501,16971,15499,15500,15502,15503,15498\" style=\"default\" type=\"masonry\" columns=\"6\" image_height=\"75%\" srcset=\"https:\/\/arturf.com\/wp-content\/uploads\/2021\/08\/Artificial-Grass-Logos-and-Insignia-2-300x300.jpg 300w, https:\/\/arturf.com\/wp-content\/uploads\/2021\/08\/Artificial-Grass-Logos-and-Insignia-2-768x768.jpg 768w, https:\/\/arturf.com\/wp-content\/uploads\/2021\/08\/Artificial-Grass-Logos-and-Insignia-2-12x12.jpg 12w, https:\/\/arturf.com\/wp-content\/uploads\/2021\/08\/Artificial-Grass-Logos-and-Insignia-2-510x510.jpg 510w, https:\/\/arturf.com\/wp-content\/uploads\/2021\/08\/Artificial-Grass-Logos-and-Insignia-2-100x100.jpg 100w, https:\/\/arturf.com\/wp-content\/uploads\/2021\/08\/Artificial-Grass-Logos-and-Insignia-2.jpg 800w\" sizes=\"auto, (max-width: 300px) 100vw, 300px\" \/>                                                              <\/div>\n              <div class=\"box-text text-left\" >\n                 <p><\/p>\n              <\/div>\n            <\/div>\n            <\/a>          <\/div>\n         <\/div><div class=\"gallery-col col\" >\n          <div class=\"col-inner\">\n            <a class=\"image-lightbox lightbox-gallery\" href=\"https:\/\/arturf.com\/wp-content\/uploads\/2021\/08\/Artificial-Grass-Logos-and-Insignia-3.jpg\" title=\"\">            <div class=\"box has-hover gallery-box box-default\">\n              <div class=\"box-image image-cover\" style=\"padding-top:75%;\">\n                <img loading=\"lazy\" decoding=\"async\" width=\"300\" height=\"300\" src=\"https:\/\/arturf.com\/wp-content\/uploads\/2021\/08\/Artificial-Grass-Logos-and-Insignia-3-300x300.jpg\" class=\"attachment-medium size-medium\" alt=\"\" ids=\"16973,16969,16968,16970,16972,15501,16971,15499,15500,15502,15503,15498\" style=\"default\" type=\"masonry\" columns=\"6\" image_height=\"75%\" srcset=\"https:\/\/arturf.com\/wp-content\/uploads\/2021\/08\/Artificial-Grass-Logos-and-Insignia-3-300x300.jpg 300w, https:\/\/arturf.com\/wp-content\/uploads\/2021\/08\/Artificial-Grass-Logos-and-Insignia-3-768x766.jpg 768w, https:\/\/arturf.com\/wp-content\/uploads\/2021\/08\/Artificial-Grass-Logos-and-Insignia-3-12x12.jpg 12w, https:\/\/arturf.com\/wp-content\/uploads\/2021\/08\/Artificial-Grass-Logos-and-Insignia-3-510x509.jpg 510w, https:\/\/arturf.com\/wp-content\/uploads\/2021\/08\/Artificial-Grass-Logos-and-Insignia-3-100x100.jpg 100w, https:\/\/arturf.com\/wp-content\/uploads\/2021\/08\/Artificial-Grass-Logos-and-Insignia-3.jpg 800w\" sizes=\"auto, (max-width: 300px) 100vw, 300px\" \/>                                                              <\/div>\n              <div class=\"box-text text-left\" >\n                 <p><\/p>\n              <\/div>\n            <\/div>\n            <\/a>          <\/div>\n         <\/div><\/div>","protected":false},"excerpt":{"rendered":"<p>Bi\u1ec3u tr\u01b0ng ho\u1eb7c ph\u00f9 hi\u1ec7u c\u1ecf nh\u00e2n t\u1ea1o c\u00f3 th\u1ec3 \u0111\u01b0\u1ee3c s\u1eed d\u1ee5ng ri\u00eang l\u1ebb \u0111\u1ec3 th\u1ec3 hi\u1ec7n th\u01b0\u01a1ng hi\u1ec7u c\u1ee7a b\u1ea1n, ho\u1eb7c trang tr\u00ed, ho\u1eb7c d\u00e1t cho s\u00e2n c\u1ecf t\u1ed5ng h\u1ee3p. D\u00f9 b\u1eb1ng c\u00e1ch n\u00e0o n\u00f3 c\u0169ng s\u1ebd c\u1ea3i thi\u1ec7n \u1ea5n t\u01b0\u1ee3ng v\u1ec1 c\u01a1 s\u1edf kinh doanh c\u1ee7a b\u1ea1n. Kh\u00f4ng gi\u1ed1ng nh\u01b0 m\u00e0u in, m\u00e0u s\u1eafc c\u1ee7a logo v\u00e0 ph\u00f9 hi\u1ec7u c\u1ecf nh\u00e2n t\u1ea1o c\u1ee7a ch\u00fang t\u00f4i l\u00e0 v\u0129nh vi\u1ec5n.<\/p>","protected":false},"featured_media":15486,"template":"","meta":{"_seopress_robots_primary_cat":"","_seopress_titles_title":"Artificial Grass Logos and Insignia \/Bespoke Logo Mats","_seopress_titles_desc":"","_seopress_robots_index":""},"product_brand":[],"product_cat":[64,66],"product_tag":[],"class_list":{"0":"post-15483","1":"product","2":"type-product","3":"status-publish","4":"has-post-thumbnail","6":"product_cat-landscape","7":"product_cat-accessories","9":"first","10":"instock","11":"shipping-taxable","12":"product-type-simple"},"_links":{"self":[{"href":"https:\/\/arturf.com\/vi\/wp-json\/wp\/v2\/product\/15483","targetHints":{"allow":["GET"]}}],"collection":[{"href":"https:\/\/arturf.com\/vi\/wp-json\/wp\/v2\/product"}],"about":[{"href":"https:\/\/arturf.com\/vi\/wp-json\/wp\/v2\/types\/product"}],"wp:featuredmedia":[{"embeddable":true,"href":"https:\/\/arturf.com\/vi\/wp-json\/wp\/v2\/media\/15486"}],"wp:attachment":[{"href":"https:\/\/arturf.com\/vi\/wp-json\/wp\/v2\/media?parent=15483"}],"wp:term":[{"taxonomy":"product_brand","embeddable":true,"href":"https:\/\/arturf.com\/vi\/wp-json\/wp\/v2\/product_brand?post=15483"},{"taxonomy":"product_cat","embeddable":true,"href":"https:\/\/arturf.com\/vi\/wp-json\/wp\/v2\/product_cat?post=15483"},{"taxonomy":"product_tag","embeddable":true,"href":"https:\/\/arturf.com\/vi\/wp-json\/wp\/v2\/product_tag?post=15483"}],"curies":[{"name":"wp","href":"https:\/\/api.w.org\/{rel}","templated":true}]}}