{"id":15534,"date":"2021-08-21T16:59:11","date_gmt":"2021-08-21T08:59:11","guid":{"rendered":"https:\/\/arturf.com\/?post_type=product&#038;p=15534"},"modified":"2021-08-21T17:01:26","modified_gmt":"2021-08-21T09:01:26","slug":"artificial-leaf-screening","status":"publish","type":"product","link":"https:\/\/arturf.com\/vi\/product\/artificial-leaf-screening\/","title":{"rendered":"S\u00e0ng l\u1ecdc l\u00e1 nh\u00e2n t\u1ea1o"},"content":{"rendered":"<div>Ho\u00e0n h\u1ea3o \u0111\u1ec3 l\u00e0m \u0111\u1eb9p nh\u1eefng b\u1ee9c t\u01b0\u1eddng v\u00e0 h\u00e0ng r\u00e0o kh\u00f3 coi. S\u1ef1 thay th\u1ebf th\u1ef1c t\u1ebf n\u00e0y cho h\u00e0ng r\u00e0o \u0111\u01b0\u1ee3c tr\u1ed3ng truy\u1ec1n th\u1ed1ng l\u00e0 m\u1ed9t c\u00e1ch tuy\u1ec7t v\u1eddi \u0111\u1ec3 ng\u1ee5y trang h\u00e0ng r\u00e0o v\u00e0 t\u01b0\u1eddng ho\u1eb7c th\u00eam m\u1ed9t s\u1ed1 s\u1ef1 ri\u00eang t\u01b0 b\u1ed5 sung cho c\u00e1c c\u01a1 s\u1edf c\u1ee7a b\u1ea1n. Cu\u1ed9n s\u00e0ng l\u00e1 nh\u00e2n t\u1ea1o l\u1eafp \u0111\u1eb7t nhanh ch\u00f3ng v\u00e0 d\u1ec5 d\u00e0ng, kh\u00f4ng c\u1ea7n b\u1ea3o tr\u00ec v\u00e0 c\u00f3 tu\u1ed5i th\u1ecd cao trong nhi\u1ec1u n\u0103m. Ch\u00fang c\u0169ng c\u00f3 th\u1ec3 \u0111\u01b0\u1ee3c s\u1eed d\u1ee5ng tr\u00ean v\u00f2m v\u00e0 gi\u00e0n che, t\u1ea1o ra m\u1ed9t v\u00f9ng b\u00f3ng m\u1edd m\u1ec1m m\u1ea1i b\u00ean d\u01b0\u1edbi.<\/div>\n<div>\u00a0<\/div>\n<div>M\u1ed7i cu\u1ed9n h\u00e0ng r\u00e0o c\u00e2y Th\u01b0\u1eddng xu\u00e2n nh\u00e2n t\u1ea1o c\u1ee7a ch\u00fang t\u00f4i c\u00f3 di\u1ec7n t\u00edch r\u1ed9ng 3 m\u00e9t x cao 1 m\u00e9t, mang l\u1ea1i m\u1ee9c \u0111\u1ed9 che ph\u1ee7 \u1ea5n t\u01b0\u1ee3ng tr\u00ean m\u1ed7i \u0111\u01a1n v\u1ecb. D\u1ec5 d\u00e0ng l\u1eafp \u0111\u1eb7t v\u1edbi d\u00e2y bu\u1ed9c zip m\u00e0u xanh l\u00e1 c\u00e2y \u0111\u01b0\u1ee3c cung c\u1ea5p v\u00e0 ho\u00e0n h\u1ea3o cho s\u00e2n tr\u01b0\u1edbc, s\u00e2n sau, ban c\u00f4ng, s\u00e0n, h\u1ed3 b\u01a1i, b\u1ed3n t\u1eafm n\u01b0\u1edbc n\u00f3ng, nh\u00e0 h\u00e0ng, qu\u00e1n c\u00e0 ph\u00ea, t\u1ed5 ch\u1ee9c b\u1ea5t \u0111\u1ed9ng s\u1ea3n, c\u0103n h\u1ed9, cho thu\u00ea, c\u00e1c s\u1ef1 ki\u1ec7n \u0111\u1eb7c bi\u1ec7t, v\u00e0 nhi\u1ec1u h\u01a1n n\u1eefa. c\u00e1c cu\u1ed9n th\u01b0\u1eddng xu\u00e2n nh\u00e2n t\u1ea1o c\u1ee7a ch\u00fang t\u00f4i c\u0169ng 100% ECO th\u00e2n thi\u1ec7n v\u00e0 b\u1ec1n v\u1eefng.<\/div>","protected":false},"excerpt":{"rendered":"<p>Cu\u1ed9n chi\u1ebfu l\u00e1 nh\u00e2n t\u1ea1o l\u00e0 c\u00e1ch nhanh nh\u1ea5t v\u00e0 r\u1ebb nh\u1ea5t \u0111\u1ec3 mang c\u00e2y xanh v\u00e0 \u0111\u1ed9 che ph\u1ee7 c\u1ee7a h\u00e0ng r\u00e0o t\u1ef1 nhi\u00ean \u0111\u1ebfn b\u1ea5t k\u1ef3 h\u00e0ng r\u00e0o, t\u01b0\u1eddng ngo\u00e0i tr\u1eddi \/ trong nh\u00e0 ho\u1eb7c c\u00e1c b\u1ec1 m\u1eb7t kh\u00e1c.<\/p>","protected":false},"featured_media":15535,"template":"","meta":{"_seopress_robots_primary_cat":"","_seopress_titles_title":"","_seopress_titles_desc":"","_seopress_robots_index":""},"product_brand":[],"product_cat":[782],"product_tag":[],"class_list":{"0":"post-15534","1":"product","2":"type-product","3":"status-publish","4":"has-post-thumbnail","6":"product_cat-artificial-hedge","8":"first","9":"instock","10":"shipping-taxable","11":"product-type-simple"},"_links":{"self":[{"href":"https:\/\/arturf.com\/vi\/wp-json\/wp\/v2\/product\/15534","targetHints":{"allow":["GET"]}}],"collection":[{"href":"https:\/\/arturf.com\/vi\/wp-json\/wp\/v2\/product"}],"about":[{"href":"https:\/\/arturf.com\/vi\/wp-json\/wp\/v2\/types\/product"}],"wp:featuredmedia":[{"embeddable":true,"href":"https:\/\/arturf.com\/vi\/wp-json\/wp\/v2\/media\/15535"}],"wp:attachment":[{"href":"https:\/\/arturf.com\/vi\/wp-json\/wp\/v2\/media?parent=15534"}],"wp:term":[{"taxonomy":"product_brand","embeddable":true,"href":"https:\/\/arturf.com\/vi\/wp-json\/wp\/v2\/product_brand?post=15534"},{"taxonomy":"product_cat","embeddable":true,"href":"https:\/\/arturf.com\/vi\/wp-json\/wp\/v2\/product_cat?post=15534"},{"taxonomy":"product_tag","embeddable":true,"href":"https:\/\/arturf.com\/vi\/wp-json\/wp\/v2\/product_tag?post=15534"}],"curies":[{"name":"wp","href":"https:\/\/api.w.org\/{rel}","templated":true}]}}