{"id":17132,"date":"2022-07-02T10:45:18","date_gmt":"2022-07-02T02:45:18","guid":{"rendered":"https:\/\/arturf.com\/?post_type=product&#038;p=17132"},"modified":"2022-08-25T19:57:58","modified_gmt":"2022-08-25T11:57:58","slug":"event-turf","status":"publish","type":"product","link":"https:\/\/arturf.com\/vi\/product\/event-turf\/","title":{"rendered":"V\u00f2ng quay s\u1ef1 ki\u1ec7n"},"content":{"rendered":"<p>Th\u1ea3m c\u1ecf s\u1ef1 ki\u1ec7n c\u1ee7a ch\u00fang t\u00f4i ho\u00e0n h\u1ea3o cho h\u1ea7u h\u1ebft m\u1ecdi kh\u00f4ng gian s\u1ef1 ki\u1ec7n v\u00ec n\u00f3 d\u1ec5 l\u1eafp \u0111\u1eb7t v\u00e0 c\u00f3 th\u1ec3 c\u1eaft \u0111\u1ec3 ph\u00f9 h\u1ee3p v\u1edbi m\u1ecdi k\u00edch th\u01b0\u1edbc. N\u00f3 c\u00f3 th\u1ec3 \u0111\u01b0\u1ee3c s\u1eed d\u1ee5ng nhi\u1ec1u h\u01a1n m\u1ed9t l\u1ea7n. S\u00e2n kh\u1ea5u s\u1ef1 ki\u1ec7n tuy\u1ec7t v\u1eddi s\u1ebd \u0111\u01b0a kh\u00f4ng gian c\u1ee7a b\u1ea1n l\u00ean m\u1ed9t t\u1ea7m cao m\u1edbi v\u00e0 l\u00e0m h\u00e0i l\u00f2ng t\u1ea5t c\u1ea3 c\u00e1c kh\u00e1ch m\u1eddi.<\/p>\n<p>C\u00e1c c\u00f4ng ty t\u1ed5 ch\u1ee9c s\u1ef1 ki\u1ec7n c\u00f3 th\u1ec3 s\u1eed d\u1ee5ng c\u1ecf nh\u00e2n t\u1ea1o c\u1ee7a ch\u00fang t\u00f4i \u0111\u1ec3 l\u00e1t s\u00e0n s\u1ef1 ki\u1ec7n. C\u00e1c l\u1ee3i \u00edch bao g\u1ed3m:<\/p>\n<ul>\n<li>Hi\u1ec7u qu\u1ea3 v\u1ec1 chi ph\u00ed<\/li>\n<li>M\u00e0u s\u1eafc \u0111a d\u1ea1ng, \u0111\u1eb9p m\u1eaft<\/li>\n<li>Tr\u1ecdng l\u01b0\u1ee3ng nh\u1eb9, d\u1ec5 c\u1eaft \u0111\u1ec3 ph\u00f9 h\u1ee3p v\u1edbi h\u00ecnh d\u1ea1ng v\u00e0 k\u00edch th\u01b0\u1edbc mong mu\u1ed1n c\u1ee7a b\u1ea1n<\/li>\n<li>T\u00edch h\u1ee3p kh\u1ea3 n\u0103ng ch\u1ed1ng tia c\u1ef1c t\u00edm \u0111\u1ec3 ng\u0103n ng\u1eeba t\u00e1c h\u1ea1i c\u1ee7a \u00e1nh n\u1eafng m\u1eb7t tr\u1eddi v\u00e0 phai m\u00e0u<\/li>\n<\/ul>\n<p><img alt=\"\" loading=\"lazy\" decoding=\"async\" class=\"alignnone wp-image-17137 size-full\" src=\"https:\/\/arturf.com\/wp-content\/uploads\/2022\/07\/Tradeshow-Events-Turf.jpg\" width=\"1000\" height=\"554\" srcset=\"https:\/\/arturf.com\/wp-content\/uploads\/2022\/07\/Tradeshow-Events-Turf.jpg 1000w, https:\/\/arturf.com\/wp-content\/uploads\/2022\/07\/Tradeshow-Events-Turf-500x277.jpg 500w, https:\/\/arturf.com\/wp-content\/uploads\/2022\/07\/Tradeshow-Events-Turf-768x425.jpg 768w, https:\/\/arturf.com\/wp-content\/uploads\/2022\/07\/Tradeshow-Events-Turf-18x10.jpg 18w, https:\/\/arturf.com\/wp-content\/uploads\/2022\/07\/Tradeshow-Events-Turf-510x283.jpg 510w\" sizes=\"auto, (max-width: 1000px) 100vw, 1000px\" \/><\/p>\n<p>S\u00e2n c\u1ecf s\u1ef1 ki\u1ec7n kh\u00f4ng ph\u1ea3i l\u00e0 m\u1ed9t s\u1ea3n ph\u1ea9m c\u1ee5 th\u1ec3. N\u00f3i chung, n\u00f3 l\u00e0 m\u1ed9t lo\u1ea1t c\u00e1c s\u1ea3n ph\u1ea9m. C\u00e1c t\u00ednh n\u0103ng c\u1ee7a S\u00e2n c\u1ecf s\u1ef1 ki\u1ec7n:<\/p>\n<ul>\n<li>C\u1ecdc ng\u1eafn, ch\u1ee7 y\u1ebfu l\u00e0 6mm-12mm<\/li>\n<li>Dtex th\u1ea5p v\u00e0 tr\u1ecdng l\u01b0\u1ee3ng nh\u1eb9<\/li>\n<li>\u0110\u01b0\u1ee3c ch\u1ea7n b\u1eb1ng s\u1ee3i polypropylene<\/li>\n<li>Kh\u00f4ng t\u1ed1n k\u00e9m, \u0111a m\u1ee5c \u0111\u00edch<\/li>\n<li>L\u00fd t\u01b0\u1edfng cho c\u00e1c s\u1ef1 ki\u1ec7n v\u00e0 trang tr\u00ed (Xem s\u1ea3n ph\u1ea9m\u00a0<a href=\"https:\/\/arturf.com\/vi\/product\/decor\/\">Decor<\/a>)<\/li>\n<\/ul>\n<p>Ngo\u00e0i ra, <a href=\"https:\/\/arturf.com\/vi\/product\/artificial-grass-logos-and-insignia-bespoke-logo-mats\/\">th\u1ea3m logo<\/a> c\u0169ng c\u00f3 th\u1ec3 \u0111\u01b0\u1ee3c s\u1eed d\u1ee5ng cho c\u00e1c s\u1ef1 ki\u1ec7n v\u00e0 ho\u1ea1t \u0111\u1ed9ng. Li\u00ean h\u1ec7 v\u1edbi ch\u00fang t\u00f4i v\u00e0 cho ch\u00fang t\u00f4i bi\u1ebft nhu c\u1ea7u c\u1ee7a b\u1ea1n. B\u00e1n h\u00e0ng c\u1ee7a ch\u00fang t\u00f4i s\u1ebd \u0111\u01b0a ra c\u00e1c \u0111\u1ec1 xu\u1ea5t chuy\u00ean nghi\u1ec7p.<\/p>","protected":false},"excerpt":{"rendered":"<p>Th\u1ea3m c\u1ecf s\u1ef1 ki\u1ec7n nh\u1eb9 v\u1edbi nhi\u1ec1u m\u00e0u s\u1eafc. L\u00fd t\u01b0\u1edfng cho c\u00e1c thi\u1ebft l\u1eadp ngo\u00e0i tr\u1eddi v\u00e0 trong nh\u00e0, bao g\u1ed3m tri\u1ec3n l\u00e3m th\u01b0\u01a1ng m\u1ea1i, tri\u1ec3n l\u00e3m xe h\u01a1i, s\u1ef1 ki\u1ec7n c\u1ee7a c\u00f4ng ty, l\u1ec5 t\u1ed1t nghi\u1ec7p, ti\u1ec7c, \u0111\u00e1m c\u01b0\u1edbi, boong, s\u00e2n, c\u1eafm tr\u1ea1i, v.v.<\/p>","protected":false},"featured_media":17133,"template":"","meta":{"_seopress_robots_primary_cat":"","_seopress_titles_title":"","_seopress_titles_desc":"","_seopress_robots_index":""},"product_brand":[],"product_cat":[64],"product_tag":[],"class_list":{"0":"post-17132","1":"product","2":"type-product","3":"status-publish","4":"has-post-thumbnail","6":"product_cat-landscape","8":"first","9":"instock","10":"shipping-taxable","11":"product-type-simple"},"_links":{"self":[{"href":"https:\/\/arturf.com\/vi\/wp-json\/wp\/v2\/product\/17132","targetHints":{"allow":["GET"]}}],"collection":[{"href":"https:\/\/arturf.com\/vi\/wp-json\/wp\/v2\/product"}],"about":[{"href":"https:\/\/arturf.com\/vi\/wp-json\/wp\/v2\/types\/product"}],"wp:featuredmedia":[{"embeddable":true,"href":"https:\/\/arturf.com\/vi\/wp-json\/wp\/v2\/media\/17133"}],"wp:attachment":[{"href":"https:\/\/arturf.com\/vi\/wp-json\/wp\/v2\/media?parent=17132"}],"wp:term":[{"taxonomy":"product_brand","embeddable":true,"href":"https:\/\/arturf.com\/vi\/wp-json\/wp\/v2\/product_brand?post=17132"},{"taxonomy":"product_cat","embeddable":true,"href":"https:\/\/arturf.com\/vi\/wp-json\/wp\/v2\/product_cat?post=17132"},{"taxonomy":"product_tag","embeddable":true,"href":"https:\/\/arturf.com\/vi\/wp-json\/wp\/v2\/product_tag?post=17132"}],"curies":[{"name":"wp","href":"https:\/\/api.w.org\/{rel}","templated":true}]}}