{"id":17294,"date":"2022-07-19T13:25:15","date_gmt":"2022-07-19T05:25:15","guid":{"rendered":"https:\/\/arturf.com\/?post_type=product&#038;p=17294"},"modified":"2023-07-14T22:18:15","modified_gmt":"2023-07-14T14:18:15","slug":"anti-static-artificial-grass","status":"publish","type":"product","link":"https:\/\/arturf.com\/vi\/product\/anti-static-artificial-grass\/","title":{"rendered":"SparkGuard: C\u1ecf nh\u00e2n t\u1ea1o ch\u1ed1ng t\u0129nh \u0111i\u1ec7n"},"content":{"rendered":"<p>C\u1ecf nh\u00e2n t\u1ea1o c\u00f3 nhi\u1ec1u \u01b0u \u0111i\u1ec3m m\u00e0 c\u1ecf t\u1ef1 nhi\u00ean kh\u00f4ng c\u00f3, nh\u01b0ng ti\u1ebfc l\u00e0 n\u00f3 c\u0169ng c\u00f3 nh\u1eefng nh\u01b0\u1ee3c \u0111i\u1ec3m. \u201cT\u0129nh \u0111i\u1ec7n\u201d l\u00e0 m\u1ed9t trong nh\u1eefng nh\u01b0\u1ee3c \u0111i\u1ec3m m\u00e0 c\u1ecf nh\u00e2n t\u1ea1o m\u1eafc ph\u1ea3i. T\u0129nh \u0111i\u1ec7n c\u00f3 th\u1ec3 \u1ea3nh h\u01b0\u1edfng \u0111\u1ebfn ch\u00fang ta th\u00f4ng qua nh\u1eefng c\u00fa s\u1ed1c nh\u1ecf, \u00e2m thanh g\u00e2y phi\u1ec1n nhi\u1ec5u v\u00e0 th\u1eadm ch\u00ed l\u00e0 chu\u1ed9t r\u00fat. C\u1ecf nh\u00e2n t\u1ea1o ch\u1ed1ng t\u0129nh \u0111i\u1ec7n c\u1ee7a ch\u00fang t\u00f4i gi\u1ea3i quy\u1ebft tri\u1ec7t \u0111\u1ec3 v\u1ea5n \u0111\u1ec1 n\u00e0y v\u00e0 mang \u0111\u1ebfn m\u1ed9t b\u1ec1 m\u1eb7t an to\u00e0n h\u01a1n. N\u00f3 l\u00e0 l\u00fd t\u01b0\u1edfng cho s\u00e2n ch\u01a1i. C\u00f4ng ngh\u1ec7 ch\u1ed1ng t\u0129nh \u0111i\u1ec7n \u0111\u01b0\u1ee3c nh\u00fang v\u00e0o ch\u00ednh c\u00e1c c\u00e1nh c\u1ecf nh\u00e2n t\u1ea1o v\u00e0 s\u1ebd kh\u00f4ng b\u1ecb m\u00e0i m\u00f2n theo th\u1eddi gian.<\/p>\n<h3>C\u1ecf nh\u00e2n t\u1ea1o ch\u1ed1ng t\u0129nh \u0111i\u1ec7n, b\u1ec1 m\u1eb7t an to\u00e0n h\u01a1n cho tr\u1ebb em<\/h3>\n<p>Tr\u01b0\u1ee3t nhanh tr\u00ean c\u1ecf nh\u00e2n t\u1ea1o c\u00f3 th\u1ec3 g\u00e2y ra ch\u1ea5n \u0111\u1ed9ng t\u0129nh \u0111i\u1ec7n. Th\u00f4ng th\u01b0\u1eddng, nh\u1eefng c\u00fa s\u1ed1c kh\u00f4ng g\u00e2y \u0111au \u0111\u1edbn, nh\u01b0ng ch\u00fang ch\u1eafc ch\u1eafn kh\u00f4ng ph\u1ea3i l\u00e0 ni\u1ec1m vui \u0111\u1ed1i v\u1edbi tr\u1ebb em. \u0110i\u1ec1u t\u1ed3i t\u1ec7 h\u01a1n, \u0111\u1ed1i v\u1edbi tr\u1ebb em \u0111\u01b0\u1ee3c c\u1ea5y gh\u00e9p \u1ed1c tai \u0111i\u1ec7n t\u1eed ho\u1eb7c c\u00e1c thi\u1ebft b\u1ecb y t\u1ebf \u0111i\u1ec7n t\u1eed kh\u00e1c, t\u0129nh \u0111i\u1ec7n l\u00e0 m\u1ed1i \u0111e d\u1ecda \u0111\u1ed1i v\u1edbi ch\u00fang v\u00ec n\u00f3 c\u00f3 kh\u1ea3 n\u0103ng l\u00e0m h\u1ecfng c\u00e1c thi\u1ebft b\u1ecb c\u1ea7n thi\u1ebft c\u1ee7a ch\u00fang.<\/p>\n<div class=\"row align-bottom align-center\"  id=\"row-959903135\">\n\n\t<div id=\"col-745889822\" class=\"col medium-3 small-12 large-3\"  >\n\t\t\t\t<div class=\"col-inner\"  >\n\t\t\t\n\t\t\t\n\n\t\t<div class=\"icon-box featured-box icon-box-center text-center\"  >\n\t\t\t\t\t<div class=\"icon-box-img\" style=\"width: 120px\">\n\t\t\t\t<div class=\"icon\">\n\t\t\t\t\t<div class=\"icon-inner\" >\n\t\t\t\t\t\t<img loading=\"lazy\" decoding=\"async\" width=\"110\" height=\"111\" src=\"https:\/\/arturf.com\/wp-content\/uploads\/2020\/04\/Arturf-anti-uv.png\" class=\"attachment-medium size-medium\" alt=\"Ch\u1ed1ng t\u0129nh \u0111i\u1ec7n\" srcset=\"https:\/\/arturf.com\/wp-content\/uploads\/2020\/04\/Arturf-anti-uv.png 110w, https:\/\/arturf.com\/wp-content\/uploads\/2020\/04\/Arturf-anti-uv-12x12.png 12w, https:\/\/arturf.com\/wp-content\/uploads\/2020\/04\/Arturf-anti-uv-100x100.png 100w\" sizes=\"auto, (max-width: 110px) 100vw, 110px\" \/>\t\t\t\t\t<\/div>\n\t\t\t\t<\/div>\n\t\t\t<\/div>\n\t\t\t\t<div class=\"icon-box-text last-reset\">\n\t\t\t\t\t\t\t\t\t\n<h3>Ch\u1ed1ng tia c\u1ef1c t\u00edm<\/h3>\n\t\t<\/div>\n\t<\/div>\n\t\n\t\n\t\t<\/div>\n\t\t\t\t\t<\/div>\n\n\t\n\n\t<div id=\"col-1772979609\" class=\"col medium-3 small-12 large-3\"  >\n\t\t\t\t<div class=\"col-inner\"  >\n\t\t\t\n\t\t\t\n\n\t\t<div class=\"icon-box featured-box icon-box-center text-center\"  >\n\t\t\t\t\t<div class=\"icon-box-img\" style=\"width: 96px\">\n\t\t\t\t<div class=\"icon\">\n\t\t\t\t\t<div class=\"icon-inner\" >\n\t\t\t\t\t\t<img loading=\"lazy\" decoding=\"async\" width=\"256\" height=\"300\" src=\"https:\/\/arturf.com\/wp-content\/uploads\/2022\/07\/Anti-static-256x300.png\" class=\"attachment-medium size-medium\" alt=\"Ch\u1ed1ng t\u0129nh \u0111i\u1ec7n\" srcset=\"https:\/\/arturf.com\/wp-content\/uploads\/2022\/07\/Anti-static-256x300.png 256w, https:\/\/arturf.com\/wp-content\/uploads\/2022\/07\/Anti-static-10x12.png 10w, https:\/\/arturf.com\/wp-content\/uploads\/2022\/07\/Anti-static.png 409w\" sizes=\"auto, (max-width: 256px) 100vw, 256px\" \/>\t\t\t\t\t<\/div>\n\t\t\t\t<\/div>\n\t\t\t<\/div>\n\t\t\t\t<div class=\"icon-box-text last-reset\">\n\t\t\t\t\t\t\t\t\t\n<h3>Ch\u1ed1ng t\u0129nh \u0111i\u1ec7n<\/h3>\n\t\t<\/div>\n\t<\/div>\n\t\n\t\n\t\t<\/div>\n\t\t\t\t\t<\/div>\n\n\t\n\n\t<div id=\"col-518943738\" class=\"col medium-3 small-12 large-3\"  >\n\t\t\t\t<div class=\"col-inner\"  >\n\t\t\t\n\t\t\t\n\n\t\t<div class=\"icon-box featured-box icon-box-center text-center\"  >\n\t\t\t\t\t<div class=\"icon-box-img\" style=\"width: 114px\">\n\t\t\t\t<div class=\"icon\">\n\t\t\t\t\t<div class=\"icon-inner\" >\n\t\t\t\t\t\t<img loading=\"lazy\" decoding=\"async\" width=\"156\" height=\"152\" src=\"https:\/\/arturf.com\/wp-content\/uploads\/2022\/07\/Lead-Free.png\" class=\"attachment-medium size-medium\" alt=\"Ch\u1ed1ng t\u0129nh \u0111i\u1ec7n\" srcset=\"https:\/\/arturf.com\/wp-content\/uploads\/2022\/07\/Lead-Free.png 156w, https:\/\/arturf.com\/wp-content\/uploads\/2022\/07\/Lead-Free-12x12.png 12w\" sizes=\"auto, (max-width: 156px) 100vw, 156px\" \/>\t\t\t\t\t<\/div>\n\t\t\t\t<\/div>\n\t\t\t<\/div>\n\t\t\t\t<div class=\"icon-box-text last-reset\">\n\t\t\t\t\t\t\t\t\t\n<h3>Kh\u00f4ng c\u00f3 l\u00e1<\/h3>\n\t\t<\/div>\n\t<\/div>\n\t\n\t\n\t\t<\/div>\n\t\t\t\t\t<\/div>\n\n\t\n<\/div>\n<p>T\u1ea5t c\u1ea3 c\u00e1c s\u1ea3n ph\u1ea9m c\u1ecf nh\u00e2n t\u1ea1o d\u00e0nh cho khu vui ch\u01a1i c\u1ee7a ch\u00fang t\u00f4i \u0111\u1ec1u \u0111\u01b0\u1ee3c s\u1ea3n xu\u1ea5t b\u1eb1ng v\u1eadt li\u1ec7u an to\u00e0n 100%. Ch\u00fang c\u00f3 kh\u1ea3 n\u0103ng ch\u1ed1ng tia c\u1ef1c t\u00edm, kh\u00f4ng ch\u1ee9a ch\u00ec v\u00e0 hi\u1ec7n nay s\u1ea3n ph\u1ea9m SparkGuard c\u00f3 kh\u1ea3 n\u0103ng ch\u1ed1ng t\u0129nh \u0111i\u1ec7n \u0111\u01b0\u1ee3c s\u1ea3n xu\u1ea5t th\u00e0nh s\u1ee3i. B\u1ea1n s\u1ebd c\u00f3 m\u1ed9t khu vui ch\u01a1i an to\u00e0n h\u01a1n bao gi\u1edd h\u1ebft.<\/p>\n<p>\u0110\u1ecdc th\u00eam: <a href=\"https:\/\/arturf.com\/vi\/knowledge-hub\/how-to-remove-static-electricity-from-artificial-grass\/\">L\u00e0m th\u1ebf n\u00e0o \u0111\u1ec3 lo\u1ea1i b\u1ecf t\u0129nh \u0111i\u1ec7n kh\u1ecfi c\u1ecf nh\u00e2n t\u1ea1o?<\/a><\/p>","protected":false},"excerpt":{"rendered":"<p>Tr\u1ea3i nghi\u1ec7m khu vui ch\u01a1i an to\u00e0n h\u01a1n v\u1edbi SparkGuard, c\u1ecf nh\u00e2n t\u1ea1o ch\u1ed1ng t\u0129nh \u0111i\u1ec7n v\u0129nh vi\u1ec5n v\u00e0 tr\u1ecdn \u0111\u1eddi. N\u00f3i l\u1eddi t\u1ea1m bi\u1ec7t v\u1edbi nh\u1eefng c\u00fa s\u1ed1c t\u0129nh \u0111i\u1ec7n kh\u00f3 ch\u1ecbu v\u00e0 t\u1ea1o ra m\u1ed9t m\u00f4i tr\u01b0\u1eddng an to\u00e0n cho tr\u1ebb em.<\/p>","protected":false},"featured_media":17297,"template":"","meta":{"_seopress_robots_primary_cat":"","_seopress_titles_title":"","_seopress_titles_desc":"","_seopress_robots_index":""},"product_brand":[],"product_cat":[64],"product_tag":[],"class_list":{"0":"post-17294","1":"product","2":"type-product","3":"status-publish","4":"has-post-thumbnail","6":"product_cat-landscape","8":"first","9":"instock","10":"shipping-taxable","11":"product-type-simple"},"_links":{"self":[{"href":"https:\/\/arturf.com\/vi\/wp-json\/wp\/v2\/product\/17294","targetHints":{"allow":["GET"]}}],"collection":[{"href":"https:\/\/arturf.com\/vi\/wp-json\/wp\/v2\/product"}],"about":[{"href":"https:\/\/arturf.com\/vi\/wp-json\/wp\/v2\/types\/product"}],"wp:featuredmedia":[{"embeddable":true,"href":"https:\/\/arturf.com\/vi\/wp-json\/wp\/v2\/media\/17297"}],"wp:attachment":[{"href":"https:\/\/arturf.com\/vi\/wp-json\/wp\/v2\/media?parent=17294"}],"wp:term":[{"taxonomy":"product_brand","embeddable":true,"href":"https:\/\/arturf.com\/vi\/wp-json\/wp\/v2\/product_brand?post=17294"},{"taxonomy":"product_cat","embeddable":true,"href":"https:\/\/arturf.com\/vi\/wp-json\/wp\/v2\/product_cat?post=17294"},{"taxonomy":"product_tag","embeddable":true,"href":"https:\/\/arturf.com\/vi\/wp-json\/wp\/v2\/product_tag?post=17294"}],"curies":[{"name":"wp","href":"https:\/\/api.w.org\/{rel}","templated":true}]}}