{"id":18223,"date":"2021-05-27T08:53:23","date_gmt":"2021-05-27T00:53:23","guid":{"rendered":"https:\/\/arturf.com\/?post_type=product&#038;p=18223"},"modified":"2025-07-19T12:11:17","modified_gmt":"2025-07-19T04:11:17","slug":"padel-court-kit","status":"publish","type":"product","link":"https:\/\/arturf.com\/vi\/product\/padel-court-kit\/","title":{"rendered":"B\u1ed9 d\u1ee5ng c\u1ee5 t\u00f2a \u00e1n Padel"},"content":{"rendered":"<h3>Chuy\u00ean m\u00f4n v\u00e0 t\u00ednh linh ho\u1ea1t c\u1ee7a nh\u00e0 cung c\u1ea5p:<\/h3>\n<p>L\u00e0 m\u1ed9t ng\u01b0\u1eddi d\u1eabn \u0111\u1ea7u <a href=\"https:\/\/arturf.com\/vi\/sports\/padel\/\">nh\u00e0 s\u1ea3n xu\u1ea5t s\u00e2n padel<\/a> C\u00f3 tr\u1ee5 s\u1edf t\u1ea1i Trung Qu\u1ed1c, ch\u00fang t\u00f4i t\u1ef1 h\u00e0o cung c\u1ea5p c\u1ecf nh\u00e2n t\u1ea1o ch\u1ea5t l\u01b0\u1ee3ng cao trong h\u01a1n 15 n\u0103m qua. T\u1eeb n\u0103m 2018, ch\u00fang t\u00f4i \u0111\u00e3 m\u1edf r\u1ed9ng d\u1ecbch v\u1ee5 sang c\u00e1c b\u1ed9 d\u1ee5ng c\u1ee5 s\u00e2n padel ho\u00e0n ch\u1ec9nh, h\u1ee3p t\u00e1c v\u1edbi c\u00e1c \u0111\u1ed1i t\u00e1c uy t\u00edn \u0111\u1ec3 \u0111\u1ea3m b\u1ea3o hi\u1ec7u su\u1ea5t h\u00e0ng \u0111\u1ea7u v\u00e0 x\u00e2y d\u1ef1ng th\u01b0\u01a1ng hi\u1ec7u chuy\u00ean nghi\u1ec7p. Ph\u01b0\u01a1ng ph\u00e1p ti\u1ebfp c\u1eadn linh ho\u1ea1t c\u1ee7a ch\u00fang t\u00f4i cho ph\u00e9p t\u00f9y ch\u1ec9nh c\u00e1c th\u00e0nh ph\u1ea7n v\u00e0 t\u00edch h\u1ee3p bi\u1ec3n b\u00e1o ho\u1eb7c logo m\u1ed9t c\u00e1ch li\u1ec1n m\u1ea1ch \u0111\u1ec3 \u0111\u00e1p \u1ee9ng nhu c\u1ea7u c\u1ee5 th\u1ec3 c\u1ee7a d\u1ef1 \u00e1n.<\/p>\n<p><img loading=\"lazy\" decoding=\"async\" class=\"aligncenter wp-image-27259\" src=\"https:\/\/arturf.com\/wp-content\/uploads\/2025\/07\/arturf-padel-court-package-kit-\u2013-key-components-1024x767.png\" alt=\"G\u00f3i s\u00e2n Padel Arturf \u2013 C\u00e1c th\u00e0nh ph\u1ea7n ch\u00ednh\" width=\"800\" height=\"600\" srcset=\"https:\/\/arturf.com\/wp-content\/uploads\/2025\/07\/arturf-padel-court-package-kit-\u2013-key-components-1024x767.png 1024w, https:\/\/arturf.com\/wp-content\/uploads\/2025\/07\/arturf-padel-court-package-kit-\u2013-key-components-500x375.png 500w, https:\/\/arturf.com\/wp-content\/uploads\/2025\/07\/arturf-padel-court-package-kit-\u2013-key-components-200x150.png 200w, https:\/\/arturf.com\/wp-content\/uploads\/2025\/07\/arturf-padel-court-package-kit-\u2013-key-components-768x576.png 768w, https:\/\/arturf.com\/wp-content\/uploads\/2025\/07\/arturf-padel-court-package-kit-\u2013-key-components-1536x1151.png 1536w, https:\/\/arturf.com\/wp-content\/uploads\/2025\/07\/arturf-padel-court-package-kit-\u2013-key-components-16x12.png 16w, https:\/\/arturf.com\/wp-content\/uploads\/2025\/07\/arturf-padel-court-package-kit-\u2013-key-components-350x263.png 350w, https:\/\/arturf.com\/wp-content\/uploads\/2025\/07\/arturf-padel-court-package-kit-\u2013-key-components-510x382.png 510w, https:\/\/arturf.com\/wp-content\/uploads\/2025\/07\/arturf-padel-court-package-kit-\u2013-key-components.png 2000w\" sizes=\"auto, (max-width: 800px) 100vw, 800px\" \/><\/p>\n<h3>G\u00f3i Padel Court ho\u00e0n ch\u1ec9nh: C\u00e1c th\u00e0nh ph\u1ea7n thi\u1ebft y\u1ebfu \u0111\u1ec3 ch\u01a1i t\u1ed1i \u01b0u<\/h3>\n<p>G\u00f3i s\u1ea3n ph\u1ea9m tr\u1ecdn g\u00f3i n\u00e0y bao g\u1ed3m m\u1ecdi y\u1ebfu t\u1ed1 ch\u00ednh c\u1ea7n thi\u1ebft cho m\u1ed9t s\u00e2n padel chuy\u00ean nghi\u1ec7p, b\u1ec1n b\u1ec9 v\u00e0 hi\u1ec7u su\u1ea5t cao. T\u1ea5t c\u1ea3 c\u00e1c th\u00e0nh ph\u1ea7n \u0111\u1ec1u \u0111\u00e1p \u1ee9ng ho\u1eb7c v\u01b0\u1ee3t qu\u00e1 <strong>FIP (Li\u00ean \u0111o\u00e0n Padel qu\u1ed1c t\u1ebf)<\/strong> ti\u00eau chu\u1ea9n v\u00e0 <strong>Ti\u00eau chu\u1ea9n k\u1ebft c\u1ea5u v\u00e0 an to\u00e0n c\u1ee7a Ch\u00e2u \u00c2u<\/strong>.<\/p>\n<hr \/>\n<h3>C\u1ecf nh\u00e2n t\u1ea1o Padel<\/h3>\n<ul style=\"list-style: none; padding-left: 0; margin-bottom: 0;\">\n<li><strong>\u2022 \u0110\u1ed9 n\u1ea3y b\u00f3ng t\u1ed1i \u01b0u<\/strong>, l\u1ef1c k\u00e9o v\u00e0 h\u1ea5p th\u1ee5 s\u1ed1c<\/li>\n<li><strong>\u2022 \u00cdt nh\u1ea5t 25 m\u0169i kh\u00e2u tr\u00ean 10 cm<\/strong>, s\u1ee3i PE ch\u1ed1ng tia UV (KDK)<\/li>\n<li><strong>\u2022 V\u1ea1ch k\u1ebb \u0111\u01b0\u1eddng tr\u1eafng t\u00edch h\u1ee3p<\/strong> (theo quy \u0111\u1ecbnh c\u1ee7a FIP)<\/li>\n<li><strong>\u2022 C\u00e1t l\u1ea5p \u0111\u1ea7y th\u1ea5p<\/strong>: 15\u201320 kg\/m\u00b2<\/li>\n<li><strong>\u2022 K\u00edch th\u01b0\u1edbc ti\u00eau chu\u1ea9n<\/strong>: 20\u00d710 m (s\u00e2n \u0111\u01a1n)<\/li>\n<li><strong>\u2022 \u0110\u1ea1t ti\u00eau chu\u1ea9n<\/strong>: EN 15330-1 (hi\u1ec7u su\u1ea5t), ISO 4892-3 (kh\u1ea3 n\u0103ng ch\u1ed1ng tia c\u1ef1c t\u00edm)<\/li>\n<\/ul>\n<p><a href=\"https:\/\/arturf.com\/vi\/the-san-pham\/padel-turf\/\">T\u00ecm hi\u1ec3u th\u00eam v\u1ec1 Arturf Padel Turf<\/a><\/p>\n<hr \/>\n<h3>C\u1ed9t khung &amp; D\u1ea7m ngang<\/h3>\n<ul style=\"list-style: none; padding-left: 0; margin-bottom: 0;\">\n<li><strong>\u2022 C\u1ed9t th\u00e9p m\u1ea1 k\u1ebdm nh\u00fang n\u00f3ng<\/strong> (\u0111\u1ed9 d\u00e0y t\u1ed1i thi\u1ec3u 2 mm)<\/li>\n<li><strong>\u2022 D\u1ea7m ngang tr\u00ean v\u00e0 d\u01b0\u1edbi<\/strong> \u0111\u1ec3 t\u0103ng c\u01b0\u1eddng \u0111\u1ed9 c\u1ee9ng<\/li>\n<li><strong>\u2022 Ho\u00e0n thi\u1ec7n b\u1eb1ng s\u01a1n t\u0129nh \u0111i\u1ec7n<\/strong> \u0111\u1ec3 ch\u1ed1ng \u0103n m\u00f2n<\/li>\n<li><strong>\u2022 \u0110\u1ea1t ti\u00eau chu\u1ea9n<\/strong>: EN 1090 (k\u1ebft c\u1ea5u th\u00e9p), ISO 1461 (m\u1ea1 k\u1ebdm)<\/li>\n<\/ul>\n<hr \/>\n<h3>T\u01b0\u1eddng k\u00ednh c\u01b0\u1eddng l\u1ef1c<\/h3>\n<ul style=\"list-style: none; padding-left: 0; margin-bottom: 0;\">\n<li><strong>\u2022 T\u1ea5m k\u00ednh c\u01b0\u1eddng l\u1ef1c an to\u00e0n 12 mm<\/strong><\/li>\n<li><strong>\u2022 \u0110\u01b0\u1ee3c thi\u1ebft k\u1ebf \u0111\u1ec3 ch\u1ed1ng va \u0111\u1eadp<\/strong> v\u00e0 t\u1ea7m nh\u00ecn r\u00f5 r\u00e0ng<\/li>\n<li><strong>\u2022 C\u00e1c c\u1ea1nh \u0111\u01b0\u1ee3c \u0111\u00e1nh b\u00f3ng<\/strong> v\u00e0 k\u1eb9p th\u00e9p kh\u00f4ng g\u1ec9<\/li>\n<li><strong>\u2022 \u0110\u1ea1t ti\u00eau chu\u1ea9n<\/strong>: EN 12150 (k\u00ednh an to\u00e0n c\u01b0\u1eddng l\u1ef1c)<\/li>\n<\/ul>\n<hr \/>\n<h3>T\u1ea5m l\u01b0\u1edbi th\u00e9p<\/h3>\n<ul style=\"list-style: none; padding-left: 0; margin-bottom: 0;\">\n<li><strong>\u2022 L\u01b0\u1edbi th\u00e9p h\u00e0n<\/strong>, 50\u00d750 mm, \u0111\u01b0\u1eddng k\u00ednh d\u00e2y 4 mm<\/li>\n<li><strong>\u2022 M\u1ea1 k\u1ebdm v\u00e0 s\u01a1n t\u0129nh \u0111i\u1ec7n<\/strong> \u0111\u1ec3 b\u1ea3o v\u1ec7<\/li>\n<li><strong>\u2022 Thi\u1ebft k\u1ebf an to\u00e0n v\u00e0 tho\u00e1ng kh\u00ed<\/strong> cho t\u1ea7m nh\u00ecn v\u00e0 lu\u1ed3ng kh\u00f4ng kh\u00ed<\/li>\n<li><strong>\u2022 \u0110\u1ea1t ti\u00eau chu\u1ea9n<\/strong>: EN 10223-4 (h\u00e0ng r\u00e0o l\u01b0\u1edbi h\u00e0n)<\/li>\n<\/ul>\n<hr \/>\n<h3>H\u1ec7 th\u1ed1ng chi\u1ebfu s\u00e1ng<\/h3>\n<ul style=\"list-style: none; padding-left: 0; margin-bottom: 0;\">\n<li><strong>\u2022 \u0110\u00e8n pha LED<\/strong>, trung b\u00ecnh 300\u2013500 lux (tu\u00e2n th\u1ee7 FIP)<\/li>\n<li><strong>\u2022 Thi\u1ebft k\u1ebf ch\u1ed1ng ch\u00f3i<\/strong> v\u1edbi th\u1ea5u k\u00ednh \u0111\u1ed1i x\u1ee9ng ho\u1eb7c kh\u00f4ng \u0111\u1ed1i x\u1ee9ng<\/li>\n<li><strong>\u2022 6\u20138 \u0111\u00e8n cho m\u1ed7i s\u00e2n<\/strong>, g\u1eafn tr\u00ean c\u1ed9t \u0111\u00e8n th\u00e9p<\/li>\n<li><strong>\u2022 \u0110\u1ea1t ti\u00eau chu\u1ea9n<\/strong>: H\u01b0\u1edbng d\u1eabn chi\u1ebfu s\u00e1ng FIP, IEC 60598 (\u0111\u00e8n chi\u1ebfu s\u00e1ng)<\/li>\n<\/ul>\n<hr \/>\n<h3>Ph\u1ee5 ki\u1ec7n thi\u1ebft y\u1ebfu<\/h3>\n<ul style=\"list-style: none; padding-left: 0; margin-bottom: 0;\">\n<li><strong>\u2022 B\u01b0u \u0111i\u1ec7n Trung t\u00e2m<\/strong>: Th\u00e9p m\u1ea1 k\u1ebdm c\u00f3 t\u1ea5m \u0111\u1ebf<\/li>\n<li><strong>\u2022 K\u1ebft c\u1ea5u \u1ed5n \u0111\u1ecbnh<\/strong> \u0111\u1ea3m b\u1ea3o chi\u1ec1u cao v\u00e0 \u0111\u1ed9 c\u0103ng l\u01b0\u1edbi th\u00edch h\u1ee3p<\/li>\n<li><strong>\u2022 L\u01b0\u1edbi Padel<\/strong>: Ch\u1ed1ng tia UV v\u1edbi c\u00e1p th\u00e9p<\/li>\n<li><strong>\u2022 Chi\u1ec1u cao quy \u0111\u1ecbnh<\/strong>: 88 cm \u1edf gi\u1eefa, 92 cm \u1edf hai b\u00ean<\/li>\n<li><strong>\u2022 \u0110\u1ea1t ti\u00eau chu\u1ea9n<\/strong>: Quy \u0111\u1ecbnh c\u1ee7a T\u00f2a \u00e1n FIP, EN 1510 (l\u01b0\u1edbi th\u1ec3 thao)<\/li>\n<\/ul>\n<hr \/>\n<h3>B\u1ea3n t\u00f3m t\u1eaft<\/h3>\n<ul style=\"list-style: none; padding-left: 0; margin-bottom: 0;\">\n<li><strong>\u2022 Tu\u00e2n th\u1ee7 \u0111\u1ea7y \u0111\u1ee7<\/strong> v\u1edbi FIP v\u00e0 c\u00e1c ti\u00eau chu\u1ea9n an to\u00e0n c\u1ee7a Ch\u00e2u \u00c2u<\/li>\n<li><strong>\u2022 \u0110\u1ed9 b\u1ec1n l\u00e2u d\u00e0i<\/strong> \u1edf nhi\u1ec1u v\u00f9ng kh\u00ed h\u1eadu kh\u00e1c nhau<\/li>\n<li><strong>\u2022 C\u00e0i \u0111\u1eb7t nhanh ch\u00f3ng<\/strong> v\u00e0 b\u1ea3o tr\u00ec d\u1ec5 d\u00e0ng<\/li>\n<\/ul>\n<p>Gi\u1ea3i ph\u00e1p to\u00e0n di\u1ec7n n\u00e0y gi\u00fap b\u1ea1n t\u1ef1 tin x\u00e2y d\u1ef1ng \u0111\u01b0\u1ee3c s\u00e2n padel \u0111\u1eb3ng c\u1ea5p th\u1ebf gi\u1edbi.<\/p>\n\t<div id=\"gap-1324789928\" class=\"gap-element clearfix\" style=\"display:block; height:auto;\">\n\t\t\n<style>\n#gap-1324789928 {\n  padding-top: 30px;\n}\n<\/style>\n\t<\/div>\n\t\n<h3>T\u00f9y ch\u1ecdn T\u00f2a \u00e1n Padel:<\/h3>\n<p>N\u00e2ng t\u1ea7m tr\u1ea3i nghi\u1ec7m s\u00e2n padel c\u1ee7a b\u1ea1n v\u1edbi c\u00e1c s\u1ea3n ph\u1ea9m \u0111a d\u1ea1ng c\u1ee7a ch\u00fang t\u00f4i. T\u1eeb CoreX, mang \u0111\u1ebfn ch\u1ea5t l\u01b0\u1ee3ng \u0111\u00e1ng tin c\u1eady v\u1edbi chi ph\u00ed h\u1ee3p l\u00fd, \u0111\u1ebfn Pro, mang \u0111\u1ebfn \u0111\u1ed9 b\u1ec1n v\u01b0\u1ee3t tr\u1ed9i v\u00e0 v\u1ebb \u0111\u1eb9p c\u1ed5 \u0111i\u1ec3n, v\u00e0 SuperVision, mang \u0111\u1ebfn tr\u1ea3i nghi\u1ec7m \u0111\u1eafm ch\u00ecm to\u00e0n c\u1ea3nh cho tr\u1ea3i nghi\u1ec7m ch\u01a1i game tuy\u1ec7t \u0111\u1ec9nh \u2014 ch\u00fang t\u00f4i c\u00f3 gi\u1ea3i ph\u00e1p ho\u00e0n h\u1ea3o cho t\u1ea7m nh\u00ecn c\u1ee7a b\u1ea1n.<\/p>\n<div class=\"row\"  id=\"row-475697998\">\n\n\t<div id=\"col-1767567410\" class=\"col medium-3 small-12 large-3\"  >\n\t\t\t\t<div class=\"col-inner\"  >\n\t\t\t\n\t\t\t\n\t<div class=\"box has-hover   has-hover box-text-bottom\" >\n\n\t\t<div class=\"box-image\" >\n\t\t\t\t\t\t<div class=\"\" >\n\t\t\t\t<img loading=\"lazy\" decoding=\"async\" width=\"1000\" height=\"666\" src=\"https:\/\/arturf.com\/wp-content\/uploads\/2021\/05\/arturf-padel-court-corex.png\" class=\"attachment- size-\" alt=\"\u0111\u1ec7m\" srcset=\"https:\/\/arturf.com\/wp-content\/uploads\/2021\/05\/arturf-padel-court-corex.png 1000w, https:\/\/arturf.com\/wp-content\/uploads\/2021\/05\/arturf-padel-court-corex-500x333.png 500w, https:\/\/arturf.com\/wp-content\/uploads\/2021\/05\/arturf-padel-court-corex-768x511.png 768w, https:\/\/arturf.com\/wp-content\/uploads\/2021\/05\/arturf-padel-court-corex-18x12.png 18w, https:\/\/arturf.com\/wp-content\/uploads\/2021\/05\/arturf-padel-court-corex-510x340.png 510w\" sizes=\"auto, (max-width: 1000px) 100vw, 1000px\" \/>\t\t\t\t\t\t\t\t\t\t\t<\/div>\n\t\t\t\t\t<\/div>\n\n\t\t<div class=\"box-text text-center\" >\n\t\t\t<div class=\"box-text-inner\">\n\t\t\t\t\n<h4>CoreX<\/h4>\n<p>S\u00e2n padel n\u1ec1n t\u1ea3ng v\u1edbi hi\u1ec7u su\u1ea5t c\u00e2n b\u1eb1ng v\u00e0 ti\u1ebft ki\u1ec7m chi ph\u00ed. Ho\u00e0n h\u1ea3o cho c\u00e1c c\u00e2u l\u1ea1c b\u1ed9 \u0111ang t\u00ecm ki\u1ebfm ch\u1ea5t l\u01b0\u1ee3ng \u0111\u00e1ng tin c\u1eady.<\/p>\n\t\t\t<\/div>\n\t\t<\/div>\n\t<\/div>\n\t\n\t\t<\/div>\n\t\t\t\t\t<\/div>\n\n\t\n\n\t<div id=\"col-860774397\" class=\"col medium-3 small-12 large-3\"  >\n\t\t\t\t<div class=\"col-inner\"  >\n\t\t\t\n\t\t\t\n\t<div class=\"box has-hover   has-hover box-text-bottom\" >\n\n\t\t<div class=\"box-image\" >\n\t\t\t\t\t\t<div class=\"\" >\n\t\t\t\t<img loading=\"lazy\" decoding=\"async\" width=\"1000\" height=\"666\" src=\"https:\/\/arturf.com\/wp-content\/uploads\/2021\/05\/arturf-padel-court-pro.png\" class=\"attachment- size-\" alt=\"\u0111\u1ec7m\" srcset=\"https:\/\/arturf.com\/wp-content\/uploads\/2021\/05\/arturf-padel-court-pro.png 1000w, https:\/\/arturf.com\/wp-content\/uploads\/2021\/05\/arturf-padel-court-pro-500x333.png 500w, https:\/\/arturf.com\/wp-content\/uploads\/2021\/05\/arturf-padel-court-pro-768x511.png 768w, https:\/\/arturf.com\/wp-content\/uploads\/2021\/05\/arturf-padel-court-pro-18x12.png 18w, https:\/\/arturf.com\/wp-content\/uploads\/2021\/05\/arturf-padel-court-pro-510x340.png 510w\" sizes=\"auto, (max-width: 1000px) 100vw, 1000px\" \/>\t\t\t\t\t\t\t\t\t\t\t<\/div>\n\t\t\t\t\t<\/div>\n\n\t\t<div class=\"box-text text-center\" >\n\t\t\t<div class=\"box-text-inner\">\n\t\t\t\t\n<h4>chuy\u00ean nghi\u1ec7p<\/h4>\n<p>\u0110\u1ec9nh cao c\u1ee7a s\u1ef1 ho\u00e0n h\u1ea3o tr\u00ean s\u00e2n padel, k\u1ebft h\u1ee3p \u0111\u1ed9 b\u1ec1n v\u1edbi v\u1ebb \u0111\u1eb9p c\u1ed5 \u0111i\u1ec3n. L\u00fd t\u01b0\u1edfng cho nh\u1eefng tr\u1eadn \u0111\u1ea5u \u0111\u1ec9nh cao, l\u00e2u d\u00e0i.<\/p>\n\t\t\t<\/div>\n\t\t<\/div>\n\t<\/div>\n\t\n\t\t<\/div>\n\t\t\t\t\t<\/div>\n\n\t\n\n\t<div id=\"col-477409523\" class=\"col medium-3 small-12 large-3\"  >\n\t\t\t\t<div class=\"col-inner\"  >\n\t\t\t\n\t\t\t\n\t<div class=\"box has-hover   has-hover box-text-bottom\" >\n\n\t\t<div class=\"box-image\" >\n\t\t\t\t\t\t<div class=\"\" >\n\t\t\t\t<img loading=\"lazy\" decoding=\"async\" width=\"1000\" height=\"666\" src=\"https:\/\/arturf.com\/wp-content\/uploads\/2021\/05\/arturf-padel-court-supervision.png\" class=\"attachment- size-\" alt=\"\u0111\u1ec7m\" srcset=\"https:\/\/arturf.com\/wp-content\/uploads\/2021\/05\/arturf-padel-court-supervision.png 1000w, https:\/\/arturf.com\/wp-content\/uploads\/2021\/05\/arturf-padel-court-supervision-500x333.png 500w, https:\/\/arturf.com\/wp-content\/uploads\/2021\/05\/arturf-padel-court-supervision-768x511.png 768w, https:\/\/arturf.com\/wp-content\/uploads\/2021\/05\/arturf-padel-court-supervision-18x12.png 18w, https:\/\/arturf.com\/wp-content\/uploads\/2021\/05\/arturf-padel-court-supervision-510x340.png 510w\" sizes=\"auto, (max-width: 1000px) 100vw, 1000px\" \/>\t\t\t\t\t\t\t\t\t\t\t<\/div>\n\t\t\t\t\t<\/div>\n\n\t\t<div class=\"box-text text-center\" >\n\t\t\t<div class=\"box-text-inner\">\n\t\t\t\t\n<h4>si\u00eau th\u1ecb<\/h4>\n<p>Tr\u1ea3i nghi\u1ec7m s\u1ef1 \u0111\u1eafm ch\u00ecm tuy\u1ec7t v\u1eddi v\u1edbi t\u1ea7m nh\u00ecn to\u00e0n c\u1ea3nh \u0111\u1ec3 ch\u01a1i tuy\u1ec7t v\u1eddi. L\u00fd t\u01b0\u1edfng \u0111\u1ec3 t\u0103ng c\u01b0\u1eddng s\u1ef1 tham gia v\u00e0 h\u1ee9ng th\u00fa.<\/p>\n\t\t\t<\/div>\n\t\t<\/div>\n\t<\/div>\n\t\n\t\t<\/div>\n\t\t\t\t\t<\/div>\n\n\t\n\n\t<div id=\"col-1908941612\" class=\"col medium-3 small-12 large-3\"  >\n\t\t\t\t<div class=\"col-inner\"  >\n\t\t\t\n\t\t\t\n\t<div class=\"box has-hover   has-hover box-text-bottom\" >\n\n\t\t<div class=\"box-image\" >\n\t\t\t\t\t\t<div class=\"\" >\n\t\t\t\t<img loading=\"lazy\" decoding=\"async\" width=\"1500\" height=\"1000\" src=\"https:\/\/arturf.com\/wp-content\/uploads\/2021\/05\/arturf-padel-court-coast_shield.jpg\" class=\"attachment- size-\" alt=\"\u0111\u1ec7m\" srcset=\"https:\/\/arturf.com\/wp-content\/uploads\/2021\/05\/arturf-padel-court-coast_shield.jpg 1500w, https:\/\/arturf.com\/wp-content\/uploads\/2021\/05\/arturf-padel-court-coast_shield-500x333.jpg 500w, https:\/\/arturf.com\/wp-content\/uploads\/2021\/05\/arturf-padel-court-coast_shield-1024x683.jpg 1024w, https:\/\/arturf.com\/wp-content\/uploads\/2021\/05\/arturf-padel-court-coast_shield-768x512.jpg 768w, https:\/\/arturf.com\/wp-content\/uploads\/2021\/05\/arturf-padel-court-coast_shield-18x12.jpg 18w, https:\/\/arturf.com\/wp-content\/uploads\/2021\/05\/arturf-padel-court-coast_shield-510x340.jpg 510w\" sizes=\"auto, (max-width: 1500px) 100vw, 1500px\" \/>\t\t\t\t\t\t\t\t\t\t\t<\/div>\n\t\t\t\t\t<\/div>\n\n\t\t<div class=\"box-text text-center\" >\n\t\t\t<div class=\"box-text-inner\">\n\t\t\t\t\n<h4>CoastShield<\/h4>\n<p>\u0110\u01b0\u1ee3c thi\u1ebft k\u1ebf cho \u0111i\u1ec1u ki\u1ec7n kh\u1eafc nghi\u1ec7t ven bi\u1ec3n v\u1edbi kh\u1ea3 n\u0103ng ch\u1ed1ng \u0103n m\u00f2n v\u00e0 ch\u1ecbu gi\u00f3 v\u01b0\u1ee3t tr\u1ed9i. L\u00fd t\u01b0\u1edfng cho \u0111\u1ed9 b\u1ec1n cao <a href=\"https:\/\/arturf.com\/vi\/padel-court\/padel-courts-for-seaside-locations\/\">s\u00e2n padel ven bi\u1ec3n.<\/a><\/p>\n\t\t\t<\/div>\n\t\t<\/div>\n\t<\/div>\n\t\n\t\t<\/div>\n\t\t\t\t\t<\/div>\n\n\t\n<\/div>\n<div class=\"row\"  id=\"row-1907692047\">\n\n\t<div id=\"col-742155860\" class=\"col small-12 large-12\"  >\n\t\t\t\t<div class=\"col-inner\"  >\n\t\t\t\n\t\t\t\n<div id=\"Custom-Options\">\n<h3>T\u00f9y ch\u1ecdn t\u00f9y ch\u1ec9nh<\/h3>\n<p>C\u00e1c t\u00f9y ch\u1ecdn t\u00f9y ch\u1ec9nh c\u1ee7a ch\u00fang t\u00f4i \u0111\u1ea3m b\u1ea3o hi\u1ec7u su\u1ea5t t\u1ed1i \u01b0u, ph\u00f9 h\u1ee3p v\u1edbi ng\u00e2n s\u00e1ch c\u1ee7a b\u1ea1n v\u00e0 kh\u1ea3 n\u0103ng t\u1ea1o ra s\u00e2n padel n\u1ed5i b\u1eadt v\u1edbi c\u00e1c t\u00ednh n\u0103ng v\u00e0 th\u01b0\u01a1ng hi\u1ec7u ri\u00eang bi\u1ec7t.<\/p>\n<ul style=\"list-style: none; padding-left: 0; margin-bottom: 0;\">\n<li><strong>\u2022 Th\u00f4ng s\u1ed1 k\u1ef9 thu\u1eadt c\u1ecf nh\u00e2n t\u1ea1o:<\/strong> T\u00f9y ch\u1ec9nh \u0111\u1eb7c t\u00ednh c\u1ecf theo \u0111\u00fang nhu c\u1ea7u c\u1ee7a b\u1ea1n \u0111\u1ec3 c\u00f3 b\u1ec1 m\u1eb7t ch\u01a1i b\u1eb1ng ph\u1eb3ng, linh ho\u1ea1t v\u00e0 hi\u1ec7u su\u1ea5t cao.<\/li>\n<li><strong>\u2022 M\u00e0u c\u1ecf Padel:<\/strong> Ch\u1ecdn t\u1eeb nhi\u1ec1u t\u00f9y ch\u1ecdn m\u00e0u s\u1eafc bao g\u1ed3m \u0110\u1ea5t s\u00e9t, Xanh lam, \u0110\u1ecf, Xanh l\u00e1 c\u00e2y v\u00e0 H\u1ed3ng \u0111\u1ec3 ph\u00f9 h\u1ee3p v\u1edbi th\u1ea9m m\u1ef9 mong mu\u1ed1n c\u1ee7a b\u1ea1n.<\/li>\n<li><strong>\u2022 K\u00edch th\u01b0\u1edbc \u1ed1ng vu\u00f4ng:<\/strong> L\u1ef1a ch\u1ecdn gi\u1eefa phi\u00ean b\u1ea3n CoreX v\u00e0 Pro, cung c\u1ea5p nhi\u1ec1u k\u00edch th\u01b0\u1edbc \u1ed1ng vu\u00f4ng kh\u00e1c nhau cho tr\u1ee5 v\u00e0 d\u1ea7m trong khi v\u1eabn duy tr\u00ec ch\u1ea5t l\u01b0\u1ee3ng v\u00e0 hi\u1ec7u su\u1ea5t \u0111\u1ed3ng nh\u1ea5t.<\/li>\n<li><strong>\u2022 X\u00e2y d\u1ef1ng th\u01b0\u01a1ng hi\u1ec7u:<\/strong> C\u00e1 nh\u00e2n h\u00f3a s\u00e2n c\u1ee7a b\u1ea1n b\u1eb1ng c\u00e1c th\u00e0nh ph\u1ea7n mang th\u01b0\u01a1ng hi\u1ec7u nh\u01b0 c\u1ed9t l\u01b0\u1edbi, b\u0103ng l\u01b0\u1edbi, \u0111\u1ec7m l\u1ed1i v\u00e0o v\u00e0 tr\u1ee5 g\u00f3c \u0111\u1ec3 c\u00f3 v\u1ebb ngo\u00e0i chuy\u00ean nghi\u1ec7p v\u00e0 g\u1eafn k\u1ebft.<\/li>\n<li><strong>\u2022 T\u00f9y ch\u1ecdn c\u1ed9t \u0111\u00e8n chi\u1ebfu s\u00e1ng:<\/strong> C\u00f3 s\u1eb5n c\u00e1c thi\u1ebft k\u1ebf h\u00ecnh ch\u1eef C, h\u00ecnh ch\u1eef Z v\u00e0 h\u00ecnh th\u1eb3ng \u0111\u1ec3 ph\u00f9 h\u1ee3p v\u1edbi phong c\u00e1ch tr\u1ef1c quan v\u00e0 y\u00eau c\u1ea7u l\u1eafp \u0111\u1eb7t c\u1ee7a s\u00e2n nh\u00e0 b\u1ea1n.<\/li>\n<li><strong>\u2022 Lo\u1ea1i \u0111\u00e8n chi\u1ebfu s\u00e1ng:<\/strong> Ch\u1ecdn t\u1eeb hai h\u1ec7 th\u1ed1ng chi\u1ebfu s\u00e1ng LED \u0111\u01b0\u1ee3c t\u1ed1i \u01b0u h\u00f3a cho kh\u1ea3 n\u0103ng hi\u1ec3n th\u1ecb, hi\u1ec7u qu\u1ea3 n\u0103ng l\u01b0\u1ee3ng v\u00e0 t\u0103ng c\u01b0\u1eddng b\u1ea7u kh\u00f4ng kh\u00ed s\u00e2n \u0111\u1ea5u.<\/li>\n<\/ul>\n<p>Tr\u1ea3i nghi\u1ec7m c\u00f4ng tr\u00ecnh s\u00e2n padel \u0111\u1ec9nh cao v\u1edbi b\u1ed9 s\u1ea3n ph\u1ea9m linh ho\u1ea1t, hi\u1ec7u su\u1ea5t cao c\u1ee7a ch\u00fang t\u00f4i \u2014 \u0111\u01b0\u1ee3c ch\u1ebf t\u1ea1o \u0111\u1ec3 hi\u1ec7n th\u1ef1c h\u00f3a t\u1ea7m nh\u00ecn c\u1ee7a b\u1ea1n v\u00e0 n\u00e2ng cao m\u1ecdi kh\u00eda c\u1ea1nh trong m\u00f4i tr\u01b0\u1eddng ch\u01a1i c\u1ee7a b\u1ea1n.<\/p>\n<div>\u00a0<\/div>\n<\/div>\n\t\t<\/div>\n\t\t\t\t\t<\/div>\n\n\t\n<\/div>","protected":false},"excerpt":{"rendered":"<p>G\u00f3i s\u00e2n padel ho\u00e0n ch\u1ec9nh, c\u00f3 th\u1ec3 t\u00f9y ch\u1ec9nh v\u1edbi c\u1ecf nh\u00e2n t\u1ea1o cao c\u1ea5p, k\u1ebft c\u1ea5u th\u00e9p, k\u00ednh c\u01b0\u1eddng l\u1ef1c, h\u1ec7 th\u1ed1ng chi\u1ebfu s\u00e1ng v\u00e0 ph\u1ee5 ki\u1ec7n \u2014 \u0111\u01b0\u1ee3c x\u00e2y d\u1ef1ng \u0111\u1ec3 \u0111\u00e1p \u1ee9ng c\u00e1c ti\u00eau chu\u1ea9n FIP v\u00e0 Ch\u00e2u \u00c2u v\u1ec1 \u0111\u1ed9 b\u1ec1n v\u00e0 hi\u1ec7u su\u1ea5t.<\/p>","protected":false},"featured_media":18224,"template":"","meta":{"_seopress_robots_primary_cat":"932","_seopress_titles_title":"Complete Padel Court Kit: Grass, Framework, Glass Walls & More","_seopress_titles_desc":"Premium padel court packages with high-quality turf, galvanized steel frames, tempered glass, LED lighting, and accessories. Fully customizable, FIP and European standard compliant.","_seopress_robots_index":""},"product_brand":[],"product_cat":[932],"product_tag":[],"class_list":{"0":"post-18223","1":"product","2":"type-product","3":"status-publish","4":"has-post-thumbnail","6":"product_cat-padel","8":"first","9":"instock","10":"shipping-taxable","11":"product-type-simple"},"_links":{"self":[{"href":"https:\/\/arturf.com\/vi\/wp-json\/wp\/v2\/product\/18223","targetHints":{"allow":["GET"]}}],"collection":[{"href":"https:\/\/arturf.com\/vi\/wp-json\/wp\/v2\/product"}],"about":[{"href":"https:\/\/arturf.com\/vi\/wp-json\/wp\/v2\/types\/product"}],"wp:featuredmedia":[{"embeddable":true,"href":"https:\/\/arturf.com\/vi\/wp-json\/wp\/v2\/media\/18224"}],"wp:attachment":[{"href":"https:\/\/arturf.com\/vi\/wp-json\/wp\/v2\/media?parent=18223"}],"wp:term":[{"taxonomy":"product_brand","embeddable":true,"href":"https:\/\/arturf.com\/vi\/wp-json\/wp\/v2\/product_brand?post=18223"},{"taxonomy":"product_cat","embeddable":true,"href":"https:\/\/arturf.com\/vi\/wp-json\/wp\/v2\/product_cat?post=18223"},{"taxonomy":"product_tag","embeddable":true,"href":"https:\/\/arturf.com\/vi\/wp-json\/wp\/v2\/product_tag?post=18223"}],"curies":[{"name":"wp","href":"https:\/\/api.w.org\/{rel}","templated":true}]}}