{"id":18786,"date":"2023-07-06T21:34:25","date_gmt":"2023-07-06T13:34:25","guid":{"rendered":"https:\/\/arturf.com\/?post_type=product&#038;p=18786"},"modified":"2023-07-15T09:57:47","modified_gmt":"2023-07-15T01:57:47","slug":"pet-artificial-grass-pawscape","status":"publish","type":"product","link":"https:\/\/arturf.com\/vi\/product\/pet-artificial-grass-pawscape\/","title":{"rendered":"Pawscape: C\u1ecf nh\u00e2n t\u1ea1o cho th\u00fa c\u01b0ng"},"content":{"rendered":"<p>Kh\u00e1m ph\u00e1 nh\u1eefng l\u1ee3i \u00edch c\u1ee7a C\u1ecf nh\u00e2n t\u1ea1o d\u00e0nh cho th\u00fa c\u01b0ng Pawscape, n\u01a1i th\u00fa c\u01b0ng y\u00eau qu\u00fd c\u1ee7a b\u1ea1n c\u00f3 th\u1ec3 ch\u01a1i, ch\u1ea1y, nh\u1ea3y v\u00e0 du\u1ed7i th\u1eb3ng gi\u1ed1ng nh\u01b0 tr\u00ean c\u1ecf th\u1eadt m\u00e0 kh\u00f4ng c\u00f3 b\u00e0n ch\u00e2n l\u1ed9n x\u1ed9n v\u00e0 d\u00ednh b\u00f9n. C\u1ecf nh\u00e2n t\u1ea1o c\u1ee7a ch\u00fang t\u00f4i mang \u0111\u1ebfn s\u1ef1 m\u1ec1m m\u1ea1i \u0111\u00e1ng kinh ng\u1ea1c v\u00e0 c\u1ea3m gi\u00e1c m\u01b0\u1ee3t m\u00e0, \u0111\u1ea3m b\u1ea3o an to\u00e0n v\u00e0 th\u00edch th\u00fa cho th\u00fa c\u01b0ng c\u1ee7a b\u1ea1n.<\/p>\n<p>\u0110\u01b0\u1ee3c thi\u1ebft k\u1ebf \u0111\u1eb7c bi\u1ec7t d\u00e0nh cho v\u1eadt nu\u00f4i, Pawscape k\u1ebft h\u1ee3p c\u00e1c t\u00ednh n\u0103ng th\u00fac \u0111\u1ea9y s\u1ef1 s\u1ea1ch s\u1ebd v\u00e0 v\u1ec7 sinh. B\u1ec1 m\u1eb7t c\u1ecf c\u00f3 kh\u1ea3 n\u0103ng ch\u1ed1ng l\u1ea1i s\u1ef1 ph\u00e1t tri\u1ec3n c\u1ee7a vi khu\u1ea9n v\u00e0 n\u1ea5m m\u1ed1c, ng\u0103n ch\u1eb7n hi\u1ec7u qu\u1ea3 s\u1ef1 ph\u00e1t tri\u1ec3n c\u1ee7a m\u00f9i h\u00f4i. \u0110i\u1ec1u n\u00e0y \u0111\u1ea3m b\u1ea3o m\u1ed9t m\u00f4i tr\u01b0\u1eddng s\u1ea1ch s\u1ebd v\u00e0 l\u00e0nh m\u1ea1nh cho v\u1eadt nu\u00f4i c\u1ee7a b\u1ea1n, gi\u1ea3m nguy c\u01a1 d\u1ecb \u1ee9ng ho\u1eb7c nhi\u1ec5m tr\u00f9ng.<\/p>\n<p>B\u1eb1ng c\u00e1ch ch\u1ecdn Pawscape, b\u1ea1n mang \u0111\u1ebfn cho th\u00fa c\u01b0ng c\u1ee7a m\u00ecnh tr\u1ea3i nghi\u1ec7m t\u1ed1t nh\u1ea5t c\u00f3 th\u1ec3 \u0111\u1ed3ng th\u1eddi nu\u00f4i d\u01b0\u1ee1ng m\u1ed1i li\u00ean k\u1ebft \u0111\u1eb7c bi\u1ec7t gi\u1eefa b\u1ea1n v\u00e0 ng\u01b0\u1eddi b\u1ea1n \u0111\u1ed3ng h\u00e0nh l\u00f4ng l\u00e1 c\u1ee7a m\u00ecnh. H\u00e3y tr\u00e2n tr\u1ecdng nh\u1eefng kho\u1ea3nh kh\u1eafc qu\u00fd gi\u00e1 b\u00ean nhau tr\u00ean th\u1ea3m c\u1ecf nh\u00e2n t\u1ea1o cao c\u1ea5p c\u1ee7a Pawscape.<\/p>\n<p><img loading=\"lazy\" decoding=\"async\" class=\"alignnone wp-image-19067\" src=\"https:\/\/arturf.com\/wp-content\/uploads\/2023\/07\/Pet-Artificial-Turf-PetGo-2-1024x684.jpg\" alt=\"Th\u1ea3m C\u1ecf Nh\u00e2n T\u1ea1o Cho Th\u00fa C\u01b0ng (Pawscape)\" width=\"600\" height=\"401\" srcset=\"https:\/\/arturf.com\/wp-content\/uploads\/2023\/07\/Pet-Artificial-Turf-PetGo-2-1024x684.jpg 1024w, https:\/\/arturf.com\/wp-content\/uploads\/2023\/07\/Pet-Artificial-Turf-PetGo-2-500x334.jpg 500w, https:\/\/arturf.com\/wp-content\/uploads\/2023\/07\/Pet-Artificial-Turf-PetGo-2-768x513.jpg 768w, https:\/\/arturf.com\/wp-content\/uploads\/2023\/07\/Pet-Artificial-Turf-PetGo-2-18x12.jpg 18w, https:\/\/arturf.com\/wp-content\/uploads\/2023\/07\/Pet-Artificial-Turf-PetGo-2-510x340.jpg 510w, https:\/\/arturf.com\/wp-content\/uploads\/2023\/07\/Pet-Artificial-Turf-PetGo-2.jpg 1080w\" sizes=\"auto, (max-width: 600px) 100vw, 600px\" \/><\/p>\n<h3>\u0110\u1eb7c \u0111i\u1ec3m c\u1ee7a T\u1ea5m l\u00f3t s\u00e2n c\u1ecf nh\u00e2n t\u1ea1o Pet (Pawscape):<\/h3>\n<ol>\n<li>\n<h4>100% C\u00f3 th\u1ec3 t\u00e1i ch\u1ebf v\u00e0 th\u00e2n thi\u1ec7n v\u1edbi m\u00f4i tr\u01b0\u1eddng:<\/h4>\n<p>Pawscape \u0111\u01b0\u1ee3c t\u1ea1o ra v\u1edbi ti\u00eau ch\u00ed b\u1ec1n v\u1eefng. N\u00f3 kh\u00f4ng ch\u1ee9a latex, PU ho\u1eb7c l\u1edbp ph\u1ee7, l\u00e0m cho n\u00f3 an to\u00e0n v\u00e0 l\u00e0nh m\u1ea1nh cho c\u1ea3 ng\u01b0\u1eddi d\u00f9ng v\u00e0 m\u00f4i tr\u01b0\u1eddng.<\/p>\n<\/li>\n<li>\n<h4>Si\u00eau nh\u1eb9 &amp; m\u1ec1m m\u1ea1i:<\/h4>\n<p>C\u1ecf nh\u00e2n t\u1ea1o c\u1ee7a Pawscape c\u1ef1c k\u1ef3 nh\u1eb9, gi\u00fap vi\u1ec7c l\u1eafp \u0111\u1eb7t tr\u1edf n\u00ean d\u1ec5 d\u00e0ng. \u0110\u00e2y l\u00e0 gi\u1ea3i ph\u00e1p l\u00fd t\u01b0\u1edfng cho c\u00e1c d\u1ef1 \u00e1n DIY v\u00e0 gi\u1ea3m chi ph\u00ed v\u1eadn chuy\u1ec3n v\u00e0 giao h\u00e0ng. Tr\u00ean th\u1ef1c t\u1ebf, n\u00f3 nh\u1eb9 h\u01a1n c\u1ecf b\u00ecnh th\u01b0\u1eddng 30%.<\/p>\n<\/li>\n<li>\n<h4>Tho\u00e1t n\u01b0\u1edbc cao c\u1ea5p:<\/h4>\n<p>V\u1edbi Pawscape, b\u1ea1n c\u00f3 th\u1ec3 n\u00f3i l\u1eddi t\u1ea1m bi\u1ec7t v\u1edbi nh\u1eefng khu v\u1ef1c ng\u1eadp \u00fang v\u00e0 l\u1ea7y l\u1ed9i. L\u1edbp n\u1ec1n th\u1ea5m n\u01b0\u1edbc 100% \u0111\u1ea3m b\u1ea3o tho\u00e1t n\u01b0\u1edbc v\u01b0\u1ee3t tr\u1ed9i, cho ph\u00e9p c\u1ecf kh\u00f4 nhanh sau m\u01b0a. Tr\u1ea3i nghi\u1ec7m kh\u1ea3 n\u0103ng tho\u00e1t n\u01b0\u1edbc nhanh g\u1ea5p 5 l\u1ea7n so v\u1edbi c\u1ecf th\u00f4ng th\u01b0\u1eddng.<\/p>\n<\/li>\n<li>\n<h4>H\u00e0ng r\u00e0o c\u1ecf d\u1ea1i tuy\u1ec7t v\u1eddi:<\/h4>\n<p>Thi\u1ebft k\u1ebf c\u1ee7a Pawscape bao g\u1ed3m t\u00ednh n\u0103ng ch\u1ed1ng c\u1ecf d\u1ea1i. Vi\u1ec7c kh\u00f4ng c\u00f3 l\u1ed7 tho\u00e1t n\u01b0\u1edbc gi\u00fap lo\u1ea1i b\u1ecf kh\u1ea3 n\u0103ng ph\u00e1t tri\u1ec3n c\u1ee7a c\u1ecf d\u1ea1i, mang \u0111\u1ebfn gi\u1ea3i ph\u00e1p s\u1ea1ch s\u1ebd v\u00e0 \u00edt ph\u1ea3i b\u1ea3o tr\u00ec cho khu v\u1ef1c vui ch\u01a1i c\u1ee7a th\u00fa c\u01b0ng c\u1ee7a b\u1ea1n. T\u1eadn h\u01b0\u1edfng t\u1ef7 l\u1ec7 che b\u00f3ng 99%, ng\u0103n ch\u1eb7n s\u1ef1 ph\u00e1t tri\u1ec3n c\u1ee7a c\u1ecf d\u1ea1i kh\u00f4ng mong mu\u1ed1n.<\/p>\n<\/li>\n<\/ol>\n<p>H\u00e3y \u0111\u1ea7u t\u01b0 v\u00e0o C\u1ecf nh\u00e2n t\u1ea1o d\u00e0nh cho th\u00fa c\u01b0ng Pawscape ngay h\u00f4m nay v\u00e0 t\u1ea1o ra m\u1ed9t kh\u00f4ng gian an to\u00e0n, s\u1ea1ch s\u1ebd v\u00e0 v\u1ec7 sinh cho th\u00fa c\u01b0ng c\u1ee7a b\u1ea1n. N\u00e2ng cao ch\u1ea5t l\u01b0\u1ee3ng th\u1eddi gian ch\u01a1i c\u1ee7a h\u1ecd v\u00e0 \u0111\u1ea3m b\u1ea3o m\u1ed9t m\u00f4i tr\u01b0\u1eddng l\u00e0nh m\u1ea1nh. Tr\u1ea3i nghi\u1ec7m ni\u1ec1m vui khi g\u1eafn k\u1ebft v\u1edbi nh\u1eefng ng\u01b0\u1eddi b\u1ea1n l\u00f4ng b\u00f4ng c\u1ee7a b\u1ea1n tr\u00ean c\u1ecf nh\u00e2n t\u1ea1o ch\u1ea5t l\u01b0\u1ee3ng cao c\u1ee7a Pawscape.<\/p>\n<p><strong>\u0110\u1ecdc th\u00eam:<\/strong><\/p>\n<ul>\n<li class=\"bullet-arrow\"><a href=\"https:\/\/arturf.com\/vi\/maintenance\/pet-urine-on-artificial-grass-and-how-to-remove-the-smell\/\"><span style=\"font-size: 14.4px;\">N\u01b0\u1edbc ti\u1ec3u th\u00fa c\u01b0ng tr\u00ean c\u1ecf nh\u00e2n t\u1ea1o v\u00e0 c\u00e1ch kh\u1eed m\u00f9i h\u00f4i<\/span><\/a><\/li>\n<\/ul>\n\n\t<section class=\"section\" id=\"section_1694429520\">\n\t\t<div class=\"section-bg fill\" >\n\t\t\t\t\t\t\t\t\t\n\t\t\t\n\n\t\t<\/div>\n\n\t\t\n\n\t\t<div class=\"section-content relative\">\n\t\t\t\n\n<div class=\"row\"  id=\"row-1015624568\">\n\n\n\t<div id=\"col-792038144\" class=\"col small-12 large-12\"  >\n\t\t\t\t<div class=\"col-inner text-center\"  >\n\t\t\t\n\t\t\t\n\n<h2>c\u00e2u h\u1ecfi th\u01b0\u1eddng g\u1eb7p<\/h2>\n\n\t\t<\/div>\n\t\t\t\t\t<\/div>\n\n\t\n\n<\/div>\n<div class=\"row align-center row-box-shadow-1\"  id=\"row-1755784527\">\n\n\n\t<div id=\"col-235655334\" class=\"col medium-10 small-12 large-9\"  >\n\t\t\t\t<div class=\"col-inner\" style=\"background-color:rgb(255,255,255);\" >\n\t\t\t\n\t\t\t\n\n<div class=\"accordion\">\n\n\t<div id=\"accordion-1925411729\" class=\"accordion-item\">\n\t\t<a id=\"accordion-1925411729-label\" class=\"accordion-title plain\" href=\"#accordion-item-can-you-customize-specifications-for-your-artificial-turf-products?\" aria-expanded=\"false\" aria-controls=\"accordion-1925411729-content\">\n\t\t\t<button class=\"toggle\" aria-label=\"Chuy\u1ec3n \u0111\u1ed5i\"><i class=\"icon-angle-down\" aria-hidden=\"true\"><\/i><\/button>\n\t\t\t<span>B\u1ea1n c\u00f3 th\u1ec3 t\u00f9y ch\u1ec9nh th\u00f4ng s\u1ed1 k\u1ef9 thu\u1eadt cho c\u00e1c s\u1ea3n ph\u1ea9m c\u1ecf nh\u00e2n t\u1ea1o c\u1ee7a m\u00ecnh kh\u00f4ng?<\/span>\n\t\t<\/a>\n\t\t<div id=\"accordion-1925411729-content\" class=\"accordion-inner\" aria-labelledby=\"accordion-1925411729-label\">\n\t\t\t\n\n<p>C\u00f3, ch\u00fang t\u00f4i cung c\u1ea5p c\u00e1c t\u00f9y ch\u1ecdn t\u00f9y ch\u1ec9nh v\u1ec1 m\u00e0u s\u1eafc, h\u00ecnh d\u1ea1ng s\u1ee3i, chi\u1ec1u cao c\u1ecdc, m\u1eadt \u0111\u1ed9 v\u00e0 l\u1edbp l\u00f3t. Ch\u00fang t\u00f4i c\u0169ng c\u00f3 th\u1ec3 s\u1ea3n xu\u1ea5t theo m\u1ed9t m\u1eabu \u0111\u01b0\u1ee3c cung c\u1ea5p.<\/p>\n\n\t\t<\/div>\n\t<\/div>\n\t\n\t<div id=\"accordion-630855387\" class=\"accordion-item\">\n\t\t<a id=\"accordion-630855387-label\" class=\"accordion-title plain\" href=\"#accordion-item-do-you-have-stock?\" aria-expanded=\"false\" aria-controls=\"accordion-630855387-content\">\n\t\t\t<button class=\"toggle\" aria-label=\"Chuy\u1ec3n \u0111\u1ed5i\"><i class=\"icon-angle-down\" aria-hidden=\"true\"><\/i><\/button>\n\t\t\t<span>B\u1ea1n c\u00f3 h\u00e0ng kh\u00f4ng?<\/span>\n\t\t<\/a>\n\t\t<div id=\"accordion-630855387-content\" class=\"accordion-inner\" aria-labelledby=\"accordion-630855387-label\">\n\t\t\t\n\n<p>Kh\u00f4ng, ch\u00fang t\u00f4i kh\u00f4ng gi\u1eef c\u1ed5 phi\u1ebfu. Ch\u00fang t\u00f4i b\u1eaft \u0111\u1ea7u s\u1ea3n xu\u1ea5t d\u1ef1a tr\u00ean c\u00e1c \u0111\u01a1n \u0111\u1eb7t h\u00e0ng c\u1ee5 th\u1ec3.<\/p>\n\n\t\t<\/div>\n\t<\/div>\n\t\n\t<div id=\"accordion-3521176950\" class=\"accordion-item\">\n\t\t<a id=\"accordion-3521176950-label\" class=\"accordion-title plain\" href=\"#accordion-item-what-is-your-moq?\" aria-expanded=\"false\" aria-controls=\"accordion-3521176950-content\">\n\t\t\t<button class=\"toggle\" aria-label=\"Chuy\u1ec3n \u0111\u1ed5i\"><i class=\"icon-angle-down\" aria-hidden=\"true\"><\/i><\/button>\n\t\t\t<span>Moq c\u1ee7a b\u1ea1n l\u00e0 g\u00ec?<\/span>\n\t\t<\/a>\n\t\t<div id=\"accordion-3521176950-content\" class=\"accordion-inner\" aria-labelledby=\"accordion-3521176950-label\">\n\t\t\t\n\n<p>\u0110\u1ed1i v\u1edbi h\u1ea7u h\u1ebft c\u1ecf nh\u00e2n t\u1ea1o, s\u1ed1 l\u01b0\u1ee3ng \u0111\u1eb7t h\u00e0ng t\u1ed1i thi\u1ec3u (MOQ) c\u1ee7a ch\u00fang t\u00f4i l\u00e0 500 m\u00e9t vu\u00f4ng. \u0110\u1ed1i v\u1edbi m\u1ed9t s\u1ed1 s\u1ea3n ph\u1ea9m c\u00f3 tr\u1ecdng l\u01b0\u1ee3ng nh\u1eb9, MOQ l\u00e0 800 m\u00e9t vu\u00f4ng.<\/p>\n\n\t\t<\/div>\n\t<\/div>\n\t\n\t<div id=\"accordion-3209330253\" class=\"accordion-item\">\n\t\t<a id=\"accordion-3209330253-label\" class=\"accordion-title plain\" href=\"#accordion-item-what-are-the-width-and-length-options-for-artificial-grass?\" aria-expanded=\"false\" aria-controls=\"accordion-3209330253-content\">\n\t\t\t<button class=\"toggle\" aria-label=\"Chuy\u1ec3n \u0111\u1ed5i\"><i class=\"icon-angle-down\" aria-hidden=\"true\"><\/i><\/button>\n\t\t\t<span>C\u00e1c t\u00f9y ch\u1ecdn chi\u1ec1u r\u1ed9ng v\u00e0 chi\u1ec1u d\u00e0i cho c\u1ecf nh\u00e2n t\u1ea1o l\u00e0 g\u00ec?<\/span>\n\t\t<\/a>\n\t\t<div id=\"accordion-3209330253-content\" class=\"accordion-inner\" aria-labelledby=\"accordion-3209330253-label\">\n\t\t\t\n\n<p>C\u00e1c t\u00f9y ch\u1ecdn chi\u1ec1u r\u1ed9ng ph\u1ed5 bi\u1ebfn c\u1ee7a ch\u00fang t\u00f4i l\u00e0 2m, 3,75m, 3,95m, 4m v\u00e0 5m. \u0110\u1ed9 d\u00e0i c\u00f3 th\u1ec3 \u0111\u01b0\u1ee3c t\u00f9y ch\u1ec9nh theo y\u00eau c\u1ea7u d\u1ef1 \u00e1n c\u1ee5 th\u1ec3 c\u1ee7a b\u1ea1n. Theo m\u1eb7c \u0111\u1ecbnh, ch\u00fang t\u00f4i k\u1ebft h\u1ee3p c\u1ecf r\u1ed9ng 4m v\u00e0 c\u1ecf r\u1ed9ng 2m v\u1edbi nhau \u0111\u1ec3 t\u1ed1i \u01b0u h\u00f3a kh\u00f4ng gian ch\u1ee9a.<\/p>\n\n\t\t<\/div>\n\t<\/div>\n\t\n\t<div id=\"accordion-3737445950\" class=\"accordion-item\">\n\t\t<a id=\"accordion-3737445950-label\" class=\"accordion-title plain\" href=\"#accordion-item-what-information-do-you-need-to-provide-the-landed-cost-for-international-customers?\" aria-expanded=\"false\" aria-controls=\"accordion-3737445950-content\">\n\t\t\t<button class=\"toggle\" aria-label=\"Chuy\u1ec3n \u0111\u1ed5i\"><i class=\"icon-angle-down\" aria-hidden=\"true\"><\/i><\/button>\n\t\t\t<span>B\u1ea1n c\u1ea7n th\u00f4ng tin g\u00ec \u0111\u1ec3 cung c\u1ea5p chi ph\u00ed h\u1ea1 c\u00e1nh cho kh\u00e1ch h\u00e0ng qu\u1ed1c t\u1ebf?<\/span>\n\t\t<\/a>\n\t\t<div id=\"accordion-3737445950-content\" class=\"accordion-inner\" aria-labelledby=\"accordion-3737445950-label\">\n\t\t\t\n\n<p>\u0110\u1ec3 cung c\u1ea5p chi ph\u00ed h\u1ea1 c\u00e1nh, ch\u00fang t\u00f4i y\u00eau c\u1ea7u th\u00f4ng tin v\u1ec1 chi ti\u1ebft s\u1ea3n ph\u1ea9m, s\u1ed1 l\u01b0\u1ee3ng v\u00e0 c\u1ea3ng bi\u1ec3n \u0111\u00edch.<\/p>\n\n\t\t<\/div>\n\t<\/div>\n\t\n\n<\/div>\n\n\t\t<\/div>\n\t\t\t\t\t<\/div>\n\n\t\n\n\n<style>\n#row-1755784527 > .col > .col-inner {\n  padding: 0px 0px 0px 0px;\n}\n@media (min-width:550px) {\n  #row-1755784527 > .col > .col-inner {\n    padding: 30px 30px 30px 30px;\n  }\n}\n<\/style>\n<\/div>\n\n\t\t<\/div>\n\n\t\t\n<style>\n#section_1694429520 {\n  padding-top: 60px;\n  padding-bottom: 60px;\n}\n<\/style>\n\t<\/section>\n\t\n<div class=\"row align-center\"  id=\"row-1423198029\">\n\n\n\t<div id=\"col-1639063048\" class=\"col medium-4 large-4\"  >\n\t\t\t\t<div class=\"col-inner\"  >\n\t\t\t\n\t<div class=\"is-border\"\n\t\tstyle=\"border-width:0px 0px 0px 0px;\">\n\t<\/div>\n\t\t\t\n\n\n\t\t<div class=\"icon-box featured-box icon-box-center text-center\"  style=\"margin:0px 0px 0px 0px;\">\n\t\t\t\t\t<div class=\"icon-box-img has-icon-bg\" style=\"width: 100px\">\n\t\t\t\t<div class=\"icon\">\n\t\t\t\t\t<div class=\"icon-inner\" style=\"border-width:2px;color:rgba(47, 159, 18, 0.88);\">\n\t\t\t\t\t\t<img loading=\"lazy\" decoding=\"async\" width=\"100\" height=\"100\" src=\"https:\/\/arturf.com\/wp-content\/uploads\/2018\/06\/Icon-Good-quality.png\" class=\"attachment-medium size-medium\" alt=\"Pet,C\u1ecf nh\u00e2n t\u1ea1o cho th\u00fa c\u01b0ng,Pawscape\" srcset=\"https:\/\/arturf.com\/wp-content\/uploads\/2018\/06\/Icon-Good-quality.png 100w, https:\/\/arturf.com\/wp-content\/uploads\/2018\/06\/Icon-Good-quality-12x12.png 12w\" sizes=\"auto, (max-width: 100px) 100vw, 100px\" \/>\t\t\t\t\t<\/div>\n\t\t\t\t<\/div>\n\t\t\t<\/div>\n\t\t\t\t<div class=\"icon-box-text last-reset\">\n\t\t\t<h5 class=\"uppercase\">Ch\u1ea5t l\u01b0\u1ee3ng \u0111\u00e3 \u0111\u01b0\u1ee3c ch\u1ee9ng minh<\/h5>\t\t\t\t\t\t\n\n<p>C\u1ecf nh\u00e2n t\u1ea1o cao c\u1ea5p c\u00f3 kh\u1ea3 n\u0103ng ch\u1ed1ng tia c\u1ef1c t\u00edm v\u00e0 m\u00e0i m\u00f2n. B\u1ea3o h\u00e0nh v\u1eefng ch\u1eafc \u0111\u1ea3m b\u1ea3o s\u1ef1 h\u00e0i l\u00f2ng l\u00e2u d\u00e0i.<\/p>\n\n\t\t<\/div>\n\t<\/div>\n\t\n\t\n\n\t\t<\/div>\n\t\t\t\t\t<\/div>\n\n\t\n\n\t<div id=\"col-1276805397\" class=\"col medium-4 large-4\"  >\n\t\t\t\t<div class=\"col-inner\"  >\n\t\t\t\n\t<div class=\"is-border\"\n\t\tstyle=\"border-width:0px 0px 0px 0px;\">\n\t<\/div>\n\t\t\t\n\n\n\t\t<div class=\"icon-box featured-box icon-box-center text-center\"  style=\"margin:0px 0px 0px 0px;\">\n\t\t\t\t\t<div class=\"icon-box-img has-icon-bg\" style=\"width: 100px\">\n\t\t\t\t<div class=\"icon\">\n\t\t\t\t\t<div class=\"icon-inner\" style=\"border-width:2px;color:rgba(47, 159, 18, 0.88);\">\n\t\t\t\t\t\t<img loading=\"lazy\" decoding=\"async\" width=\"100\" height=\"100\" src=\"https:\/\/arturf.com\/wp-content\/uploads\/2018\/06\/Icon-Good-price.png\" class=\"attachment-medium size-medium\" alt=\"Pet,C\u1ecf nh\u00e2n t\u1ea1o cho th\u00fa c\u01b0ng,Pawscape\" srcset=\"https:\/\/arturf.com\/wp-content\/uploads\/2018\/06\/Icon-Good-price.png 100w, https:\/\/arturf.com\/wp-content\/uploads\/2018\/06\/Icon-Good-price-12x12.png 12w\" sizes=\"auto, (max-width: 100px) 100vw, 100px\" \/>\t\t\t\t\t<\/div>\n\t\t\t\t<\/div>\n\t\t\t<\/div>\n\t\t\t\t<div class=\"icon-box-text last-reset\">\n\t\t\t<h5 class=\"uppercase\">Gi\u00e1 c\u1ea3 c\u1ea1nh tranh<\/h5>\t\t\t\t\t\t\n\n<p>Ch\u00fang t\u00f4i cung c\u1ea5p gi\u00e1 c\u1ea3 c\u1ea1nh tranh, th\u00fac \u0111\u1ea9y s\u1ef1 ph\u00e1t tri\u1ec3n chung v\u00e0 th\u00e0nh c\u00f4ng l\u00e2u d\u00e0i v\u1edbi c\u00e1c \u0111\u1ea1i l\u00fd \u0111\u00e1ng k\u00ednh c\u1ee7a ch\u00fang t\u00f4i.<\/p>\n\n\t\t<\/div>\n\t<\/div>\n\t\n\t\n\n\t\t<\/div>\n\t\t\t\t\t<\/div>\n\n\t\n\n\t<div id=\"col-417643821\" class=\"col medium-4 large-4\"  >\n\t\t\t\t<div class=\"col-inner\"  >\n\t\t\t\n\t<div class=\"is-border\"\n\t\tstyle=\"border-width:0px 0px 0px 0px;\">\n\t<\/div>\n\t\t\t\n\n\n\t\t<div class=\"icon-box featured-box icon-box-center text-center\"  style=\"margin:0px 0px 0px 0px;\">\n\t\t\t\t\t<div class=\"icon-box-img has-icon-bg\" style=\"width: 100px\">\n\t\t\t\t<div class=\"icon\">\n\t\t\t\t\t<div class=\"icon-inner\" style=\"border-width:2px;color:rgba(47, 159, 18, 0.88);\">\n\t\t\t\t\t\t<img loading=\"lazy\" decoding=\"async\" width=\"100\" height=\"100\" src=\"https:\/\/arturf.com\/wp-content\/uploads\/2018\/06\/Icon-tailor-made.png\" class=\"attachment-medium size-medium\" alt=\"Pet,C\u1ecf nh\u00e2n t\u1ea1o cho th\u00fa c\u01b0ng,Pawscape\" srcset=\"https:\/\/arturf.com\/wp-content\/uploads\/2018\/06\/Icon-tailor-made.png 100w, https:\/\/arturf.com\/wp-content\/uploads\/2018\/06\/Icon-tailor-made-12x12.png 12w\" sizes=\"auto, (max-width: 100px) 100vw, 100px\" \/>\t\t\t\t\t<\/div>\n\t\t\t\t<\/div>\n\t\t\t<\/div>\n\t\t\t\t<div class=\"icon-box-text last-reset\">\n\t\t\t<h5 class=\"uppercase\">Gi\u1ea3i ph\u00e1p t\u00f9y ch\u1ec9nh<\/h5>\t\t\t\t\t\t\n\n<p>Khai ph\u00e1 ti\u1ec1m n\u0103ng th\u1ecb tr\u01b0\u1eddng v\u1edbi c\u00e1c l\u1ef1a ch\u1ecdn c\u1ecf nh\u00e2n t\u1ea1o \u0111a d\u1ea1ng. <a href=\"https:\/\/arturf.com\/vi\/buyers-guide\/customized-artificial-grass-products\/\">Ph\u00f9 h\u1ee3p v\u1edbi nhu c\u1ea7u ho\u1eb7c m\u1eabu \u0111\u1ed9c \u0111\u00e1o<\/a>.<\/p>\n\n\t\t<\/div>\n\t<\/div>\n\t\n\t\n\n\t\t<\/div>\n\t\t\t\t\t<\/div>\n\n\t\n\n<\/div>","protected":false},"excerpt":{"rendered":"<p>H\u00e3y tr\u1ea3i nghi\u1ec7m C\u1ecf nh\u00e2n t\u1ea1o d\u00e0nh cho th\u00fa c\u01b0ng Pawscape \u0111\u1ec3 c\u00f3 m\u1ed9t m\u00f4i tr\u01b0\u1eddng an to\u00e0n, s\u1ea1ch s\u1ebd v\u00e0 v\u1ec7 sinh cho th\u00fa c\u01b0ng c\u1ee7a b\u1ea1n. N\u00f3 cung c\u1ea5p m\u1ed9t kh\u00f4ng gian vui ch\u01a1i th\u00fa v\u1ecb \u0111\u1ed3ng th\u1eddi \u1ee9c ch\u1ebf vi khu\u1ea9n v\u00e0 m\u00f9i h\u00f4i, \u0111\u1ea3m b\u1ea3o tr\u1ea3i nghi\u1ec7m l\u00e0nh m\u1ea1nh. T\u1eadn h\u01b0\u1edfng nh\u1eefng kho\u1ea3nh kh\u1eafc ch\u1ea5t l\u01b0\u1ee3ng v\u1edbi nh\u1eefng ng\u01b0\u1eddi b\u1ea1n l\u00f4ng x\u00f9 c\u1ee7a b\u1ea1n tr\u00ean Pawscape.<\/p>","protected":false},"featured_media":19066,"template":"","meta":{"_seopress_robots_primary_cat":"","_seopress_titles_title":"Pawscape Pet Artificial Grass- Inhibit Bacteria &amp; Odors","_seopress_titles_desc":"","_seopress_robots_index":""},"product_brand":[],"product_cat":[64],"product_tag":[],"class_list":{"0":"post-18786","1":"product","2":"type-product","3":"status-publish","4":"has-post-thumbnail","6":"product_cat-landscape","8":"first","9":"instock","10":"shipping-taxable","11":"product-type-simple"},"_links":{"self":[{"href":"https:\/\/arturf.com\/vi\/wp-json\/wp\/v2\/product\/18786","targetHints":{"allow":["GET"]}}],"collection":[{"href":"https:\/\/arturf.com\/vi\/wp-json\/wp\/v2\/product"}],"about":[{"href":"https:\/\/arturf.com\/vi\/wp-json\/wp\/v2\/types\/product"}],"wp:featuredmedia":[{"embeddable":true,"href":"https:\/\/arturf.com\/vi\/wp-json\/wp\/v2\/media\/19066"}],"wp:attachment":[{"href":"https:\/\/arturf.com\/vi\/wp-json\/wp\/v2\/media?parent=18786"}],"wp:term":[{"taxonomy":"product_brand","embeddable":true,"href":"https:\/\/arturf.com\/vi\/wp-json\/wp\/v2\/product_brand?post=18786"},{"taxonomy":"product_cat","embeddable":true,"href":"https:\/\/arturf.com\/vi\/wp-json\/wp\/v2\/product_cat?post=18786"},{"taxonomy":"product_tag","embeddable":true,"href":"https:\/\/arturf.com\/vi\/wp-json\/wp\/v2\/product_tag?post=18786"}],"curies":[{"name":"wp","href":"https:\/\/api.w.org\/{rel}","templated":true}]}}