{"id":19515,"date":"2023-09-27T17:49:19","date_gmt":"2023-09-27T09:49:19","guid":{"rendered":"https:\/\/arturf.com\/?post_type=product&#038;p=19515"},"modified":"2025-06-02T15:47:15","modified_gmt":"2025-06-02T07:47:15","slug":"padel-flex","status":"publish","type":"product","link":"https:\/\/arturf.com\/vi\/product\/padel-flex\/","title":{"rendered":"PadelFlex"},"content":{"rendered":"<p>PadelFlex l\u00e0 h\u1ec7 th\u1ed1ng s\u00e2n c\u1ecf nh\u00e2n t\u1ea1o h\u00e0ng \u0111\u1ea7u \u0111\u01b0\u1ee3c thi\u1ebft k\u1ebf \u0111\u1ec3 n\u00e2ng cao tr\u1ea3i nghi\u1ec7m tr\u00ean s\u00e2n padel. N\u00f3 c\u0169ng th\u00e0nh th\u1ea1o nh\u01b0 nhau tr\u00ean c\u00e1c b\u1ec1 m\u1eb7t qu\u1ea7n v\u1ee3t v\u00e0 nhi\u1ec1u m\u00f4n th\u1ec3 thao. Bao g\u1ed3m c\u00e1c s\u1ee3i \u0111\u01a1n c\u00f3 k\u1ebft c\u1ea5u, PadelFlex \u0111\u1ea3m b\u1ea3o hi\u1ec7u su\u1ea5t v\u01b0\u1ee3t tr\u1ed9i v\u00e0 tu\u1ed5i th\u1ecd cao.<\/p>\n<p><strong>C\u00e1c t\u00ednh n\u0103ng ch\u00ednh:<\/strong><\/p>\n<ol>\n<li><strong>\u00a0T\u00ednh nh\u1ea5t qu\u00e1n tho\u00e1t:<\/strong> <br \/>PadelFlex \u0111\u1ea3m b\u1ea3o \u0111\u1ed9 n\u1ea3y g\u00f3c v\u00e0 d\u1ecdc nh\u1ea5t qu\u00e1n tr\u00ean s\u00e2n padel. D\u00f9 b\u00f3ng ch\u1ea1m v\u00e0o b\u1ec1 m\u1eb7t hay v\u00e1ch k\u00ednh, ng\u01b0\u1eddi ch\u01a1i c\u00f3 th\u1ec3 d\u1ef1a v\u00e0o \u0111\u1eb7c t\u00ednh n\u1ea3y \u0111\u1ed3ng \u0111\u1ec1u trong su\u1ed1t tr\u1eadn \u0111\u1ea5u.<\/li>\n<li><strong style=\"color: #555555; font-size: 14.4px;\">\u0110\u1ed9 b\u1ec1n:<\/strong><span style=\"color: #555555; font-size: 14.4px;\"> <br \/>Nh\u1edd c\u1ea5u tr\u00fac ch\u1eafc ch\u1eafn, s\u1ee3i v\u00e0 l\u1edbp n\u1ec1n c\u1ef1c k\u1ef3 ch\u1eafc ch\u1eafn, PadelFlex duy tr\u00ec hi\u1ec7u su\u1ea5t cao ngay c\u1ea3 khi s\u1eed d\u1ee5ng c\u01b0\u1eddng \u0111\u1ed9 cao. C\u00e1c s\u1ee3i c\u00f3 k\u1ebft c\u1ea5u gi\u00fap gi\u1eef l\u1ea1i c\u00e1t l\u1ea5p \u0111\u1ea7y, t\u0103ng c\u01b0\u1eddng \u0111\u1ed9 \u1ed5n \u0111\u1ecbnh c\u1ee7a s\u00e2n v\u00e0 gi\u1ea3m hao m\u00f2n tr\u00ean c\u1ea3 s\u1ee3i v\u00e0 b\u00f3ng.<\/span><\/li>\n<li><strong style=\"color: #555555; font-size: 14.4px;\">T\u00ednh linh ho\u1ea1t:<\/strong><span style=\"color: #555555; font-size: 14.4px;\"> <br \/>PadelFlex \u0111\u01b0\u1ee3c thi\u1ebft k\u1ebf \u0111\u1ec3 s\u1eed d\u1ee5ng linh ho\u1ea1t. Cho d\u00f9 b\u1ea1n \u0111ang thi\u1ebft l\u1eadp m\u1ed9t s\u00e2n padel trong nh\u00e0 hay ngo\u00e0i tr\u1eddi hay th\u1eadm ch\u00ed \u0111ang xem x\u00e9t \u1ee9ng d\u1ee5ng qu\u1ea7n v\u1ee3t ho\u1eb7c nhi\u1ec1u m\u00f4n th\u1ec3 thao, h\u1ec7 th\u1ed1ng s\u00e2n c\u1ecf t\u1ed5ng h\u1ee3p n\u00e0y \u0111\u1ec1u mang l\u1ea1i k\u1ebft qu\u1ea3 v\u01b0\u1ee3t tr\u1ed9i trong nhi\u1ec1u t\u00ecnh hu\u1ed1ng th\u1ec3 thao kh\u00e1c nhau.<\/span><\/li>\n<li><strong style=\"color: #555555; font-size: 14.4px;\">Ch\u01a1i tr\u00f2 ch\u01a1i \u0111\u01b0\u1ee3c c\u1ea3i thi\u1ec7n:<\/strong><span style=\"color: #555555; font-size: 14.4px;\"> <br \/>C\u00e1c s\u1ee3i \u0111\u01a1n c\u00f3 k\u1ebft c\u1ea5u g\u00f3p ph\u1ea7n t\u1ea1o n\u00ean b\u1ec1 m\u1eb7t ch\u01a1i m\u01b0\u1ee3t m\u00e0 v\u00e0 \u0111\u00e1ng tin c\u1eady, n\u00e2ng cao tr\u1ea3i nghi\u1ec7m ch\u01a1i game t\u1ed5ng th\u1ec3. N\u00f3 \u0111\u1ea3m b\u1ea3o r\u1eb1ng ng\u01b0\u1eddi ch\u01a1i c\u00f3 th\u1ec3 t\u1eadp trung v\u00e0o k\u1ef9 n\u0103ng c\u1ee7a m\u00ecnh m\u00e0 kh\u00f4ng b\u1ecb c\u1ea3n tr\u1edf b\u1edfi \u0111\u1ed9 n\u1ea3y kh\u00f4ng nh\u1ea5t qu\u00e1n ho\u1eb7c c\u00e1c v\u1ea5n \u0111\u1ec1 li\u00ean quan \u0111\u1ebfn hao m\u00f2n.<\/span><\/li>\n<li><strong style=\"color: #555555; font-size: 14.4px;\">S\u1ef1 b\u1ec1n v\u1eefng:<\/strong><span style=\"color: #555555; font-size: 14.4px;\"> <br \/>PadelFlex \u0111\u01b0\u1ee3c thi\u1ebft k\u1ebf v\u1edbi m\u1ee5c ti\u00eau b\u1ec1n v\u1eefng. Hi\u1ec7u su\u1ea5t l\u00e2u d\u00e0i c\u1ee7a n\u00f3 gi\u00fap gi\u1ea3m nhu c\u1ea7u thay th\u1ebf th\u01b0\u1eddng xuy\u00ean, d\u1eabn \u0111\u1ebfn \u00edt l\u00e3ng ph\u00ed h\u01a1n v\u00e0 l\u00e0 s\u1ef1 l\u1ef1a ch\u1ecdn th\u00e2n thi\u1ec7n v\u1edbi m\u00f4i tr\u01b0\u1eddng h\u01a1n cho c\u00e1c c\u01a1 s\u1edf th\u1ec3 thao.<\/span><\/li>\n<\/ol>\n<h3>T\u00f9y ch\u1ecdn l\u1edbp ph\u1ee7 m\u1eb7t sau:<\/h3>\n\n\t<section class=\"section\" id=\"section_725759594\">\n\t\t<div class=\"section-bg fill\" >\n\t\t\t\t\t\t\t\t\t\n\t\t\t\n\n\t\t<\/div>\n\n\t\t\n\n\t\t<div class=\"section-content relative\">\n\t\t\t\n<div class=\"row\"  id=\"row-1937328633\">\n\n\t<div id=\"col-1725231379\" class=\"col medium-4 small-12 large-4\"  >\n\t\t\t\t<div class=\"col-inner\"  >\n\t\t\t\n\t\t\t\n\t<div class=\"box has-hover   has-hover box-text-bottom\" >\n\n\t\t<div class=\"box-image\" style=\"border-radius:50%;\">\n\t\t\t\t\t\t<div class=\"image-cover\" style=\"padding-top:100%;\">\n\t\t\t\t<img loading=\"lazy\" decoding=\"async\" width=\"800\" height=\"800\" src=\"https:\/\/arturf.com\/wp-content\/uploads\/2023\/09\/Padel-Flex-Backing-Option-SBR-Latex.jpg\" class=\"attachment- size-\" alt=\"\u0111\u1ec7m\" srcset=\"https:\/\/arturf.com\/wp-content\/uploads\/2023\/09\/Padel-Flex-Backing-Option-SBR-Latex.jpg 800w, https:\/\/arturf.com\/wp-content\/uploads\/2023\/09\/Padel-Flex-Backing-Option-SBR-Latex-500x500.jpg 500w, https:\/\/arturf.com\/wp-content\/uploads\/2023\/09\/Padel-Flex-Backing-Option-SBR-Latex-768x768.jpg 768w, https:\/\/arturf.com\/wp-content\/uploads\/2023\/09\/Padel-Flex-Backing-Option-SBR-Latex-12x12.jpg 12w, https:\/\/arturf.com\/wp-content\/uploads\/2023\/09\/Padel-Flex-Backing-Option-SBR-Latex-510x510.jpg 510w, https:\/\/arturf.com\/wp-content\/uploads\/2023\/09\/Padel-Flex-Backing-Option-SBR-Latex-100x100.jpg 100w\" sizes=\"auto, (max-width: 800px) 100vw, 800px\" \/>\t\t\t\t\t\t\t\t\t\t\t<\/div>\n\t\t\t\t\t<\/div>\n\n\t\t<div class=\"box-text text-center\" >\n\t\t\t<div class=\"box-text-inner\">\n\t\t\t\t\n<h4>L\u1edbp n\u1ec1n tr\u00e1ng SBR-Latex<\/h4>\n<p>M\u1ed9t l\u1ef1a ch\u1ecdn l\u1edbp ph\u1ee7 m\u1ea1nh m\u1ebd v\u00e0 ti\u1ebft ki\u1ec7m chi ph\u00ed.<\/p>\n\t\t\t<\/div>\n\t\t<\/div>\n\t<\/div>\n\t\n\t\t<\/div>\n\t\t\t\t\t<\/div>\n\n\t\n\n\t<div id=\"col-1416109659\" class=\"col medium-4 small-12 large-4\"  >\n\t\t\t\t<div class=\"col-inner\"  >\n\t\t\t\n\t\t\t\n\t<div class=\"box has-hover   has-hover box-text-bottom\" >\n\n\t\t<div class=\"box-image\" style=\"border-radius:50%;\">\n\t\t\t\t\t\t<div class=\"image-cover\" style=\"padding-top:100%;\">\n\t\t\t\t<img loading=\"lazy\" decoding=\"async\" width=\"800\" height=\"800\" src=\"https:\/\/arturf.com\/wp-content\/uploads\/2023\/09\/Padel-Flex-Backing-Option-PU.jpg\" class=\"attachment- size-\" alt=\"\u0111\u1ec7m\" srcset=\"https:\/\/arturf.com\/wp-content\/uploads\/2023\/09\/Padel-Flex-Backing-Option-PU.jpg 800w, https:\/\/arturf.com\/wp-content\/uploads\/2023\/09\/Padel-Flex-Backing-Option-PU-500x500.jpg 500w, https:\/\/arturf.com\/wp-content\/uploads\/2023\/09\/Padel-Flex-Backing-Option-PU-768x768.jpg 768w, https:\/\/arturf.com\/wp-content\/uploads\/2023\/09\/Padel-Flex-Backing-Option-PU-12x12.jpg 12w, https:\/\/arturf.com\/wp-content\/uploads\/2023\/09\/Padel-Flex-Backing-Option-PU-510x510.jpg 510w, https:\/\/arturf.com\/wp-content\/uploads\/2023\/09\/Padel-Flex-Backing-Option-PU-100x100.jpg 100w\" sizes=\"auto, (max-width: 800px) 100vw, 800px\" \/>\t\t\t\t\t\t\t\t\t\t\t<\/div>\n\t\t\t\t\t<\/div>\n\n\t\t<div class=\"box-text text-center\" >\n\t\t\t<div class=\"box-text-inner\">\n\t\t\t\t\n<h4>Bao b\u00ec tr\u00e1ng PU (polyurethane)<\/h4>\n<p>C\u1ef1c k\u1ef3 ch\u1eafc ch\u1eafn v\u00e0 b\u1ec1n, n\u00f3 gi\u1eef ch\u1eafc c\u00e1c s\u1ee3i, khi\u1ebfn n\u00f3 tr\u1edf n\u00ean l\u00fd t\u01b0\u1edfng cho l\u01b0u l\u01b0\u1ee3ng v\u1eadn \u0111\u1ed9ng cao v\u00e0 c\u1ea1nh tranh kh\u1ed1c li\u1ec7t.<\/p>\n\t\t\t<\/div>\n\t\t<\/div>\n\t<\/div>\n\t\n\t\t<\/div>\n\t\t\t\t\t<\/div>\n\n\t\n\n\t<div id=\"col-1169303267\" class=\"col medium-4 small-12 large-4\"  >\n\t\t\t\t<div class=\"col-inner\"  >\n\t\t\t\n\t\t\t\n\t\t<\/div>\n\t\t\t\t\t<\/div>\n\n\t\n<\/div>\n\t\t<\/div>\n\n\t\t\n<style>\n#section_725759594 {\n  padding-top: 30px;\n  padding-bottom: 30px;\n}\n<\/style>\n\t<\/section>\n\t\n<p>T\u00f3m l\u1ea1i, PadelFlex l\u00e0 s\u1ef1 l\u1ef1a ch\u1ecdn ph\u00f9 h\u1ee3p cho nh\u1eefng ai \u0111ang t\u00ecm ki\u1ebfm m\u1ed9t h\u1ec7 th\u1ed1ng s\u00e2n c\u1ecf nh\u00e2n t\u1ea1o mang l\u1ea1i \u0111\u1ed9 tin c\u1eady, t\u00ednh nh\u1ea5t qu\u00e1n v\u00e0 \u0111\u1ed9 b\u1ec1n cho s\u00e2n padel, s\u00e2n tennis v\u00e0 b\u1ec1 m\u1eb7t d\u00e0nh cho nhi\u1ec1u m\u00f4n th\u1ec3 thao. V\u1edbi thi\u1ebft k\u1ebf s\u00e1ng t\u1ea1o v\u00e0 v\u1eadt li\u1ec7u ch\u1ea5t l\u01b0\u1ee3ng cao, \u0111\u00e2y l\u00e0 m\u1ed9t kho\u1ea3n \u0111\u1ea7u t\u01b0 cho t\u01b0\u01a1ng lai c\u1ee7a c\u01a1 s\u1edf th\u1ec3 thao c\u1ee7a b\u1ea1n.<\/p>\n<p>Ngo\u00e0i c\u1ecf nh\u00e2n t\u1ea1o padel, ch\u00fang t\u00f4i c\u00f2n cung c\u1ea5p tr\u1ecdn g\u00f3i c\u00e1c linh ki\u1ec7n \u0111\u1ec3 thi c\u00f4ng s\u00e2n padel. Ki\u1ec3m tra c\u00e1c chi ti\u1ebft s\u1ea3n ph\u1ea9m d\u01b0\u1edbi \u0111\u00e2y.<\/p>\n\t\n  \n    <div class=\"row  equalize-box large-columns-3 medium-columns- small-columns-2 row-small slider row-slider slider-nav-reveal slider-nav-push\"  data-flickity-options='{&quot;imagesLoaded&quot;: true, &quot;groupCells&quot;: &quot;100%&quot;, &quot;dragThreshold&quot; : 5, &quot;cellAlign&quot;: &quot;left&quot;,&quot;wrapAround&quot;: true,&quot;prevNextButtons&quot;: true,&quot;percentPosition&quot;: true,&quot;pageDots&quot;: false, &quot;rightToLeft&quot;: false, &quot;autoPlay&quot; : false}' >\n\n  \n\t     <div class=\"product-small col has-hover product type-product post-18223 status-publish first instock product_cat-padel has-post-thumbnail shipping-taxable product-type-simple\">\n\t<div class=\"col-inner\">\n\t\n<div class=\"badge-container absolute left top z-1\">\n\n<\/div>\n\t<div class=\"product-small box\">\n\t\t<div class=\"box-image\">\n\t\t\t<div class=\"image-fade_in_back\">\n\t\t\t\t<a href=\"https:\/\/arturf.com\/vi\/product\/padel-court-kit\/\">\n\t\t\t\t\t<img loading=\"lazy\" decoding=\"async\" width=\"350\" height=\"263\" src=\"https:\/\/arturf.com\/wp-content\/uploads\/2023\/05\/Arturf-Padel-Court-2-350x263.jpg\" class=\"attachment-woocommerce_thumbnail size-woocommerce_thumbnail\" alt=\"B\u1ed9 d\u1ee5ng c\u1ee5 t\u00f2a \u00e1n Padel\" srcset=\"https:\/\/arturf.com\/wp-content\/uploads\/2023\/05\/Arturf-Padel-Court-2-350x263.jpg 350w, https:\/\/arturf.com\/wp-content\/uploads\/2023\/05\/Arturf-Padel-Court-2-300x225.jpg 300w, https:\/\/arturf.com\/wp-content\/uploads\/2023\/05\/Arturf-Padel-Court-2-1024x768.jpg 1024w, https:\/\/arturf.com\/wp-content\/uploads\/2023\/05\/Arturf-Padel-Court-2-200x150.jpg 200w, https:\/\/arturf.com\/wp-content\/uploads\/2023\/05\/Arturf-Padel-Court-2-768x576.jpg 768w, https:\/\/arturf.com\/wp-content\/uploads\/2023\/05\/Arturf-Padel-Court-2-16x12.jpg 16w, https:\/\/arturf.com\/wp-content\/uploads\/2023\/05\/Arturf-Padel-Court-2-510x383.jpg 510w, https:\/\/arturf.com\/wp-content\/uploads\/2023\/05\/Arturf-Padel-Court-2.jpg 1229w\" sizes=\"auto, (max-width: 350px) 100vw, 350px\" \/><img loading=\"lazy\" decoding=\"async\" width=\"350\" height=\"263\" src=\"https:\/\/arturf.com\/wp-content\/uploads\/2023\/05\/Arturf-Padel-court-1-350x263.png\" class=\"show-on-hover absolute fill hide-for-small back-image\" alt=\"G\u00f3c nh\u00ecn kh\u00e1c c\u1ee7a B\u1ed9 d\u1ee5ng c\u1ee5 Padel Court\" aria-hidden=\"true\" srcset=\"https:\/\/arturf.com\/wp-content\/uploads\/2023\/05\/Arturf-Padel-court-1-350x263.png 350w, https:\/\/arturf.com\/wp-content\/uploads\/2023\/05\/Arturf-Padel-court-1-300x225.png 300w, https:\/\/arturf.com\/wp-content\/uploads\/2023\/05\/Arturf-Padel-court-1-200x150.png 200w, https:\/\/arturf.com\/wp-content\/uploads\/2023\/05\/Arturf-Padel-court-1-768x576.png 768w, https:\/\/arturf.com\/wp-content\/uploads\/2023\/05\/Arturf-Padel-court-1-16x12.png 16w, https:\/\/arturf.com\/wp-content\/uploads\/2023\/05\/Arturf-Padel-court-1-510x383.png 510w, https:\/\/arturf.com\/wp-content\/uploads\/2023\/05\/Arturf-Padel-court-1.png 1000w\" sizes=\"auto, (max-width: 350px) 100vw, 350px\" \/>\t\t\t\t<\/a>\n\t\t\t<\/div>\n\t\t\t<div class=\"image-tools is-small top right show-on-hover\">\n\t\t\t\t\t\t\t<\/div>\n\t\t\t<div class=\"image-tools is-small hide-for-small bottom left show-on-hover\">\n\t\t\t\t\t\t\t<\/div>\n\t\t\t<div class=\"image-tools grid-tools text-center hide-for-small bottom hover-slide-in show-on-hover\">\n\t\t\t\t<a href=\"#quick-view\" class=\"quick-view\" role=\"button\" data-prod=\"18223\" aria-haspopup=\"dialog\" aria-expanded=\"false\" data-flatsome-role-button>Xem nhanh<\/a>\t\t\t<\/div>\n\t\t\t\t\t<\/div>\n\n\t\t<div class=\"box-text box-text-products\">\n\t\t\t<div class=\"title-wrapper\">\t\t<p class=\"category uppercase is-smaller no-text-overflow product-cat op-8\">\n\t\t\t\u0111\u1ec7m\t\t<\/p>\n\t<p class=\"name product-title woocommerce-loop-product__title\"><a href=\"https:\/\/arturf.com\/vi\/product\/padel-court-kit\/\" class=\"woocommerce-LoopProduct-link woocommerce-loop-product__link\">B\u1ed9 d\u1ee5ng c\u1ee5 t\u00f2a \u00e1n Padel<\/a><\/p><\/div><div class=\"price-wrapper\"><\/div>\t\t<\/div>\n\t<\/div>\n\t\t<\/div>\n<\/div><\/div>","protected":false},"excerpt":{"rendered":"<p>PadelFlex l\u00e0 h\u1ec7 th\u1ed1ng s\u00e2n c\u1ecf nh\u00e2n t\u1ea1o ti\u00ean ti\u1ebfn \u0111\u01b0\u1ee3c thi\u1ebft k\u1ebf d\u00e0nh cho s\u00e2n padel, mang l\u1ea1i \u0111\u1ed9 n\u1ea3y v\u00e0 \u0111\u1ed9 b\u1ec1n v\u01b0\u1ee3t tr\u1ed9i, khi\u1ebfn n\u00f3 ph\u00f9 h\u1ee3p cho c\u1ea3 s\u1eed d\u1ee5ng trong nh\u00e0 v\u00e0 ngo\u00e0i tr\u1eddi.<\/p>","protected":false},"featured_media":19732,"template":"","meta":{"_seopress_robots_primary_cat":"932","_seopress_titles_title":"Padel Artificial Turf - FlexPlus: Ultimate Performance","_seopress_titles_desc":"","_seopress_robots_index":""},"product_brand":[],"product_cat":[932,69],"product_tag":[946],"class_list":{"0":"post-19515","1":"product","2":"type-product","3":"status-publish","4":"has-post-thumbnail","6":"product_cat-padel","7":"product_cat-multi-purpose","8":"product_tag-padel-turf","10":"","11":"instock","12":"shipping-taxable","13":"product-type-simple"},"_links":{"self":[{"href":"https:\/\/arturf.com\/vi\/wp-json\/wp\/v2\/product\/19515","targetHints":{"allow":["GET"]}}],"collection":[{"href":"https:\/\/arturf.com\/vi\/wp-json\/wp\/v2\/product"}],"about":[{"href":"https:\/\/arturf.com\/vi\/wp-json\/wp\/v2\/types\/product"}],"wp:featuredmedia":[{"embeddable":true,"href":"https:\/\/arturf.com\/vi\/wp-json\/wp\/v2\/media\/19732"}],"wp:attachment":[{"href":"https:\/\/arturf.com\/vi\/wp-json\/wp\/v2\/media?parent=19515"}],"wp:term":[{"taxonomy":"product_brand","embeddable":true,"href":"https:\/\/arturf.com\/vi\/wp-json\/wp\/v2\/product_brand?post=19515"},{"taxonomy":"product_cat","embeddable":true,"href":"https:\/\/arturf.com\/vi\/wp-json\/wp\/v2\/product_cat?post=19515"},{"taxonomy":"product_tag","embeddable":true,"href":"https:\/\/arturf.com\/vi\/wp-json\/wp\/v2\/product_tag?post=19515"}],"curies":[{"name":"wp","href":"https:\/\/api.w.org\/{rel}","templated":true}]}}