{"id":19842,"date":"2024-06-29T16:51:51","date_gmt":"2024-06-29T08:51:51","guid":{"rendered":"https:\/\/arturf.com\/?post_type=product&#038;p=19842"},"modified":"2024-07-13T21:37:46","modified_gmt":"2024-07-13T13:37:46","slug":"sport-netting-barrier","status":"publish","type":"product","link":"https:\/\/arturf.com\/vi\/product\/sport-netting-barrier\/","title":{"rendered":"R\u00e0o ch\u1eafn l\u01b0\u1edbi th\u1ec3 thao"},"content":{"rendered":"<p>L\u01b0\u1edbi ch\u1eafn th\u1ec3 thao c\u1ee7a ch\u00fang t\u00f4i, hay c\u00f2n g\u1ecdi l\u00e0 l\u01b0\u1edbi ch\u1eb7n b\u00f3ng, ph\u00f9 h\u1ee3p v\u1edbi nhi\u1ec1u m\u00f4n th\u1ec3 thao, bao g\u1ed3m b\u00f3ng \u0111\u00e1, b\u00f3ng ch\u00e0y v\u00e0 g\u00f4n. D\u00f9 b\u1ea1n c\u1ea7n bao b\u1ecdc to\u00e0n b\u1ed9 s\u00e2n \u0111\u1ea5u hay ch\u1ec9 nh\u1eefng khu v\u1ef1c c\u1ee5 th\u1ec3, l\u01b0\u1edbi c\u1ee7a ch\u00fang t\u00f4i s\u1ebd cung c\u1ea5p gi\u1ea3i ph\u00e1p ho\u00e0n h\u1ea3o cho b\u1ea5t k\u1ef3 c\u00e2u l\u1ea1c b\u1ed9 th\u1ec3 thao ho\u1eb7c c\u01a1 s\u1edf gi\u1ea3i tr\u00ed n\u00e0o.<\/p>\n<h3>C\u00e1c t\u00ednh n\u0103ng ch\u00ednh<\/h3>\n<ul>\n<li><strong>V\u1eadt ch\u1ea5t:<\/strong> Polypropylen m\u1eadt \u0111\u1ed9 cao (HDPP)<\/li>\n<li><strong>T\u00f9y ch\u1ec9nh:<\/strong> K\u00edch th\u01b0\u1edbc l\u1ed7 v\u00e0 \u0111\u01b0\u1eddng k\u00ednh \u0111\u01b0\u1eddng c\u00f3 th\u1ec3 t\u00f9y ch\u1ec9nh \u0111\u1ec3 \u0111\u00e1p \u1ee9ng nhu c\u1ea7u c\u1ee5 th\u1ec3 c\u1ee7a b\u1ea1n.<\/li>\n<li><strong>\u1ed4n \u0111\u1ecbnh tia c\u1ef1c t\u00edm:<\/strong> C\u00f3 kh\u1ea3 n\u0103ng ch\u1ed1ng tia UV, \u0111\u1ea3m b\u1ea3o tu\u1ed5i th\u1ecd v\u00e0 \u0111\u1ed9 b\u1ec1n ngay c\u1ea3 trong \u0111i\u1ec1u ki\u1ec7n th\u1eddi ti\u1ebft kh\u1eafc nghi\u1ec7t.<\/li>\n<li><strong>C\u01b0\u1eddng \u0111\u1ed9 cao:<\/strong> \u0110\u01b0\u1ee3c thi\u1ebft k\u1ebf \u0111\u1ec3 ch\u1ecbu \u0111\u01b0\u1ee3c t\u00e1c \u0111\u1ed9ng m\u1ea1nh, khi\u1ebfn n\u00f3 tr\u1edf n\u00ean ho\u00e0n h\u1ea3o cho c\u00e1c \u1ee9ng d\u1ee5ng th\u1ec3 thao kh\u00e1c nhau.<\/li>\n<\/ul>\n<h3>L\u01b0\u1edbi b\u1ea3o v\u1ec7 b\u00ean<\/h3>\n<ul>\n<li><strong>K\u00edch th\u01b0\u1edbc l\u1ed7 ti\u00eau chu\u1ea9n:<\/strong> 5cm x 5cm<\/li>\n<li><strong>\u0110\u01b0\u1eddng k\u00ednh \u0111\u01b0\u1eddng ti\u00eau chu\u1ea9n:<\/strong> 3mm ho\u1eb7c 4mm<\/li>\n<li><strong>C\u00e1ch s\u1eed d\u1ee5ng:<\/strong> L\u00fd t\u01b0\u1edfng \u0111\u1ec3 b\u1ea3o v\u1ec7 c\u00e1c m\u1eb7t c\u1ee7a s\u00e2n th\u1ec3 thao, ng\u0103n b\u00f3ng r\u1eddi kh\u1ecfi khu v\u1ef1c v\u00e0 \u0111\u1ea3m b\u1ea3o an to\u00e0n cho kh\u00e1n gi\u1ea3 v\u00e0 m\u00f4i tr\u01b0\u1eddng xung quanh. L\u01b0\u1edbi b\u1ea3o v\u1ec7 b\u00ean th\u01b0\u1eddng \u0111\u01b0\u1ee3c s\u1eed d\u1ee5ng c\u00f9ng v\u1edbi <a href=\"https:\/\/arturf.com\/vi\/product\/sports-fencing\/\">h\u00e0ng r\u00e0o th\u1ec3 thao<\/a>. V\u00ed d\u1ee5, trong h\u1ec7 th\u1ed1ng h\u00e0ng r\u00e0o th\u1ec3 thao cao 6m, h\u00e0ng r\u00e0o th\u1ec3 thao cao 4m c\u00f3 th\u1ec3 \u0111\u01b0\u1ee3c s\u1eed d\u1ee5ng \u1edf ph\u00eda d\u01b0\u1edbi v\u1edbi L\u01b0\u1edbi b\u1ea3o v\u1ec7 b\u00ean d\u00e0i 2m \u1edf ph\u00eda tr\u00ean.<\/li>\n<\/ul>\n<p><img alt=\"\" loading=\"lazy\" decoding=\"async\" class=\"alignnone wp-image-19861 size-large\" src=\"https:\/\/arturf.com\/wp-content\/uploads\/2024\/07\/Arturf-Sport-Fence-Net-1024x768.jpg\" width=\"1024\" height=\"768\" srcset=\"https:\/\/arturf.com\/wp-content\/uploads\/2024\/07\/Arturf-Sport-Fence-Net-1024x768.jpg 1024w, https:\/\/arturf.com\/wp-content\/uploads\/2024\/07\/Arturf-Sport-Fence-Net-500x375.jpg 500w, https:\/\/arturf.com\/wp-content\/uploads\/2024\/07\/Arturf-Sport-Fence-Net-200x150.jpg 200w, https:\/\/arturf.com\/wp-content\/uploads\/2024\/07\/Arturf-Sport-Fence-Net-768x576.jpg 768w, https:\/\/arturf.com\/wp-content\/uploads\/2024\/07\/Arturf-Sport-Fence-Net-16x12.jpg 16w, https:\/\/arturf.com\/wp-content\/uploads\/2024\/07\/Arturf-Sport-Fence-Net-350x263.jpg 350w, https:\/\/arturf.com\/wp-content\/uploads\/2024\/07\/Arturf-Sport-Fence-Net-510x383.jpg 510w, https:\/\/arturf.com\/wp-content\/uploads\/2024\/07\/Arturf-Sport-Fence-Net.jpg 1440w\" sizes=\"auto, (max-width: 1024px) 100vw, 1024px\" \/><\/p>\n<h3>L\u01b0\u1edbi che ph\u1ee7 tr\u00ean c\u00f9ng<\/h3>\n<ul>\n<li><strong>K\u00edch th\u01b0\u1edbc l\u1ed7 ti\u00eau chu\u1ea9n:<\/strong> 10cm x 10cm<\/li>\n<li><strong>\u0110\u01b0\u1eddng k\u00ednh \u0111\u01b0\u1eddng ti\u00eau chu\u1ea9n:<\/strong> 2 mm<\/li>\n<li><strong>C\u00e1ch s\u1eed d\u1ee5ng:<\/strong> Ho\u00e0n h\u1ea3o \u0111\u1ec3 che ph\u1ea7n tr\u00ean c\u1ee7a s\u00e2n th\u1ec3 thao, ng\u0103n b\u00f3ng tho\u00e1t ra theo ph\u01b0\u01a1ng th\u1eb3ng \u0111\u1ee9ng v\u00e0 cung c\u1ea5p th\u00eam m\u1ed9t l\u1edbp b\u1ea3o v\u1ec7.<\/li>\n<\/ul>\n<h3><img alt=\"\" loading=\"lazy\" decoding=\"async\" class=\"alignnone wp-image-19843 size-large\" src=\"https:\/\/arturf.com\/wp-content\/uploads\/2024\/06\/Top-Cover-Net-Ball-Stop-Net-Arturf-Artificial-Grass-1024x768.jpg\" width=\"1024\" height=\"768\" srcset=\"https:\/\/arturf.com\/wp-content\/uploads\/2024\/06\/Top-Cover-Net-Ball-Stop-Net-Arturf-Artificial-Grass-1024x768.jpg 1024w, https:\/\/arturf.com\/wp-content\/uploads\/2024\/06\/Top-Cover-Net-Ball-Stop-Net-Arturf-Artificial-Grass-500x375.jpg 500w, https:\/\/arturf.com\/wp-content\/uploads\/2024\/06\/Top-Cover-Net-Ball-Stop-Net-Arturf-Artificial-Grass-200x150.jpg 200w, https:\/\/arturf.com\/wp-content\/uploads\/2024\/06\/Top-Cover-Net-Ball-Stop-Net-Arturf-Artificial-Grass-768x576.jpg 768w, https:\/\/arturf.com\/wp-content\/uploads\/2024\/06\/Top-Cover-Net-Ball-Stop-Net-Arturf-Artificial-Grass-16x12.jpg 16w, https:\/\/arturf.com\/wp-content\/uploads\/2024\/06\/Top-Cover-Net-Ball-Stop-Net-Arturf-Artificial-Grass-350x263.jpg 350w, https:\/\/arturf.com\/wp-content\/uploads\/2024\/06\/Top-Cover-Net-Ball-Stop-Net-Arturf-Artificial-Grass-510x383.jpg 510w, https:\/\/arturf.com\/wp-content\/uploads\/2024\/06\/Top-Cover-Net-Ball-Stop-Net-Arturf-Artificial-Grass.jpg 1440w\" sizes=\"auto, (max-width: 1024px) 100vw, 1024px\" \/><\/h3>\n<h3>Nh\u1eefng l\u1ee3i \u00edch<\/h3>\n<ul>\n<li><strong>\u0110\u1ed9 b\u1ec1n:<\/strong> \u0110\u01b0\u1ee3c l\u00e0m t\u1eeb s\u1ee3i xe HDPP xo\u1eafn, l\u01b0\u1edbi ch\u1eb7n b\u00f3ng c\u1ee7a ch\u00fang t\u00f4i \u0111\u1eb7c bi\u1ec7t ch\u1eafc ch\u1eafn v\u00e0 c\u00f3 th\u1ec3 ch\u1ecbu \u0111\u1ef1ng \u0111\u01b0\u1ee3c khi s\u1eed d\u1ee5ng nhi\u1ec1u m\u00e0 kh\u00f4ng b\u1ecb s\u1eddn ho\u1eb7c h\u01b0 h\u1ecfng.<\/li>\n<li><strong>Ch\u1ecbu \u0111\u01b0\u1ee3c th\u1eddi ti\u1ebft:<\/strong> \u1ed4n \u0111\u1ecbnh tia c\u1ef1c t\u00edm cho ph\u00e9p l\u01b0\u1edbi \u1edf ngo\u00e0i tr\u1eddi trong m\u1ecdi \u0111i\u1ec1u ki\u1ec7n th\u1eddi ti\u1ebft m\u00e0 kh\u00f4ng b\u1ecb m\u1ee5c n\u00e1t ho\u1eb7c xu\u1ed1ng c\u1ea5p.<\/li>\n<li><strong>T\u00f9y ch\u1ec9nh:<\/strong> \u0110i\u1ec1u ch\u1ec9nh l\u01b0\u1edbi theo nhu c\u1ea7u c\u1ee5 th\u1ec3 c\u1ee7a b\u1ea1n v\u1edbi k\u00edch th\u01b0\u1edbc l\u1ed7 v\u00e0 \u0111\u01b0\u1eddng k\u00ednh \u0111\u01b0\u1eddng c\u00f3 th\u1ec3 t\u00f9y ch\u1ec9nh, \u0111\u1ea3m b\u1ea3o hi\u1ec7u su\u1ea5t t\u1ed1i \u01b0u cho m\u00f4n th\u1ec3 thao c\u1ee7a b\u1ea1n.<\/li>\n<li><strong>S\u1ef1 an to\u00e0n:<\/strong> Cung c\u1ea5p kh\u1ea3 n\u0103ng ng\u0103n ch\u1eb7n \u0111\u00e1ng tin c\u1eady, gi\u1ea3m nguy c\u01a1 thi\u1ec7t h\u1ea1i t\u00e0i s\u1ea3n v\u00e0 th\u01b0\u01a1ng t\u00edch cho ng\u01b0\u1eddi ngo\u00e0i cu\u1ed9c.<\/li>\n<\/ul>","protected":false},"excerpt":{"rendered":"<p>R\u00e0o ch\u1eafn l\u01b0\u1edbi th\u1ec3 thao c\u1ee7a ch\u00fang t\u00f4i l\u00e0 gi\u1ea3i ph\u00e1p t\u1ed1i \u01b0u \u0111\u1ec3 b\u1ea3o v\u1ec7 chu vi v\u00e0 l\u1edbp ph\u1ee7 tr\u00ean c\u00f9ng c\u1ee7a s\u00e2n th\u1ec3 thao c\u1ee7a b\u1ea1n. H\u1ec7 th\u1ed1ng l\u01b0\u1edbi \u0111a n\u0103ng n\u00e0y, c\u00f2n \u0111\u01b0\u1ee3c g\u1ecdi l\u00e0 l\u01b0\u1edbi ch\u1eb7n b\u00f3ng, \u0111\u01b0\u1ee3c thi\u1ebft k\u1ebf \u0111\u1ec3 gi\u1eef cho khu v\u1ef1c thi \u0111\u1ea5u \u0111\u01b0\u1ee3c an to\u00e0n v\u00e0 ch\u1eafc ch\u1eafn, \u0111\u1ea3m b\u1ea3o b\u00f3ng v\u00e0 c\u00e1c thi\u1ebft b\u1ecb kh\u00e1c lu\u00f4n n\u1eb1m trong ranh gi\u1edbi c\u1ee7a s\u00e2n. R\u00e0o ch\u1eafn l\u01b0\u1edbi th\u1ec3 thao c\u1ee7a ch\u00fang t\u00f4i cung c\u1ea5p hai t\u00f9y ch\u1ecdn: L\u01b0\u1edbi b\u1ea3o v\u1ec7 b\u00ean v\u00e0 L\u01b0\u1edbi che tr\u00ean. C\u1ea3 hai \u0111\u1ec1u \u0111\u01b0\u1ee3c ch\u1ebf t\u1ea1o t\u1eeb polypropylen m\u1eadt \u0111\u1ed9 cao (HDPP) \u0111\u1ec3 c\u00f3 \u0111\u1ed9 b\u1ec1n v\u00e0 \u0111\u1ed9 b\u1ec1n v\u01b0\u1ee3t tr\u1ed9i.<\/p>","protected":false},"featured_media":7007,"template":"","meta":{"_seopress_robots_primary_cat":"","_seopress_titles_title":"","_seopress_titles_desc":"","_seopress_robots_index":""},"product_brand":[],"product_cat":[66],"product_tag":[],"class_list":{"0":"post-19842","1":"product","2":"type-product","3":"status-publish","4":"has-post-thumbnail","6":"product_cat-accessories","8":"first","9":"instock","10":"shipping-taxable","11":"product-type-simple"},"_links":{"self":[{"href":"https:\/\/arturf.com\/vi\/wp-json\/wp\/v2\/product\/19842","targetHints":{"allow":["GET"]}}],"collection":[{"href":"https:\/\/arturf.com\/vi\/wp-json\/wp\/v2\/product"}],"about":[{"href":"https:\/\/arturf.com\/vi\/wp-json\/wp\/v2\/types\/product"}],"wp:featuredmedia":[{"embeddable":true,"href":"https:\/\/arturf.com\/vi\/wp-json\/wp\/v2\/media\/7007"}],"wp:attachment":[{"href":"https:\/\/arturf.com\/vi\/wp-json\/wp\/v2\/media?parent=19842"}],"wp:term":[{"taxonomy":"product_brand","embeddable":true,"href":"https:\/\/arturf.com\/vi\/wp-json\/wp\/v2\/product_brand?post=19842"},{"taxonomy":"product_cat","embeddable":true,"href":"https:\/\/arturf.com\/vi\/wp-json\/wp\/v2\/product_cat?post=19842"},{"taxonomy":"product_tag","embeddable":true,"href":"https:\/\/arturf.com\/vi\/wp-json\/wp\/v2\/product_tag?post=19842"}],"curies":[{"name":"wp","href":"https:\/\/api.w.org\/{rel}","templated":true}]}}