{"id":19845,"date":"2024-07-06T10:39:27","date_gmt":"2024-07-06T02:39:27","guid":{"rendered":"https:\/\/arturf.com\/?post_type=product&#038;p=19845"},"modified":"2024-07-06T10:59:13","modified_gmt":"2024-07-06T02:59:13","slug":"football-goal","status":"publish","type":"product","link":"https:\/\/arturf.com\/vi\/product\/football-goal\/","title":{"rendered":"M\u1ee5c ti\u00eau b\u00f3ng \u0111\u00e1"},"content":{"rendered":"<p><strong>T\u00ednh n\u0103ng s\u1ea3n ph\u1ea9m:<\/strong><\/p>\n<p><strong>1. T\u1ea1o h\u00ecnh m\u1ed9t m\u1ea3nh:<\/strong><br \/>Khung khung th\u00e0nh c\u1ee7a ch\u00fang t\u00f4i \u0111\u01b0\u1ee3c l\u00e0m t\u1eeb th\u00e9p cao c\u1ea5p, \u0111\u01b0\u1ee3c u\u1ed1n th\u00e0nh h\u00ecnh th\u00f4ng qua m\u1ed9t quy tr\u00ecnh duy nh\u1ea5t. Thi\u1ebft k\u1ebf n\u00e0y, k\u1ebft h\u1ee3p v\u1edbi l\u1edbp ho\u00e0n thi\u1ec7n b\u1eb1ng nh\u1ef1a phun t\u0129nh \u0111i\u1ec7n, \u0111\u1ea3m b\u1ea3o c\u1ea5u tr\u00fac ch\u1eafc ch\u1eafn, \u1ed5n \u0111\u1ecbnh, ch\u1ed1ng l\u1ea1i t\u00e1c h\u1ea1i c\u1ee7a gi\u00f3 v\u00e0 \u00e1nh n\u1eafng m\u1eb7t tr\u1eddi.<\/p>\n<p><strong>2. H\u00e0n ch\u1eafc ch\u1eafn:<\/strong><br \/>B\u1eb1ng c\u00e1ch s\u1eed d\u1ee5ng ph\u01b0\u01a1ng ph\u00e1p h\u00e0n b\u1ea3o v\u1ec7 CO\u2082 v\u00e0 phun bi \u0111\u1ec3 lo\u1ea1i b\u1ecf r\u1ec9 s\u00e9t, sau \u0111\u00f3 l\u00e0 phun t\u0129nh \u0111i\u1ec7n, ch\u00fang t\u00f4i \u0111\u1ea3m b\u1ea3o c\u00e1c m\u1ed1i h\u00e0n c\u1ee7a ch\u00fang t\u00f4i ch\u1eafc ch\u1eafn, h\u1ea5p d\u1eabn v\u00e0 b\u1ec1n b\u1ec9.<\/p>\n<p><strong>3. Thi\u1ebft k\u1ebf \u1ed5n \u0111\u1ecbnh:<\/strong><br \/>\u0110\u1ebf c\u1ee7a khung th\u00e0nh c\u00f3 thi\u1ebft k\u1ebf \u1ed5n \u0111\u1ecbnh d\u1ea1ng \u0111\u0129a l\u1edbn, \u0111\u1ea3m b\u1ea3o khung th\u00e0nh v\u1eabn an to\u00e0n v\u00e0 b\u1ec1n b\u1ec9 ngay c\u1ea3 d\u01b0\u1edbi t\u00e1c \u0111\u1ed9ng m\u1ea1nh trong khi ch\u01a1i.<\/p>\n<p><strong>4. M\u1ea1ng cao c\u1ea5p:<\/strong><br \/>L\u01b0\u1edbi c\u1ee7a ch\u00fang t\u00f4i \u0111\u01b0\u1ee3c ch\u1ebf t\u1ea1o t\u1eeb polyetylen ch\u1ea5t l\u01b0\u1ee3ng cao, mang l\u1ea1i \u0111\u1ed9 b\u1ec1n v\u01b0\u1ee3t tr\u1ed9i, kh\u1ea3 n\u0103ng ch\u1ed1ng tia c\u1ef1c t\u00edm v\u00e0 ch\u1ecbu \u0111\u01b0\u1ee3c th\u1eddi ti\u1ebft.<\/p>\n<p><strong>5. \u1ed0ng th\u00e9p d\u00e0y:<\/strong><br \/>\u0110\u01b0\u1ee3c ch\u1ebf t\u1ea1o b\u1eb1ng \u1ed1ng th\u00e9p d\u00e0y cao c\u1ea5p ti\u00eau chu\u1ea9n qu\u1ed1c gia, m\u1ee5c ti\u00eau c\u1ee7a ch\u00fang t\u00f4i \u0111\u01b0\u1ee3c l\u00e0m t\u1eeb v\u1eadt li\u1ec7u ch\u00ednh h\u00e3ng, b\u1ec1n \u0111\u01b0\u1ee3c thi\u1ebft k\u1ebf \u0111\u1ec3 t\u1ed3n t\u1ea1i l\u00e2u d\u00e0i.<\/p>\n<h3>K\u00edch th\u01b0\u1edbc b\u00e0i \u0111\u0103ng m\u1ee5c ti\u00eau theo quy m\u00f4 nh\u00f3m:<\/h3>\n<ul>\n<li>\n<p><strong>11-A-B\u00ean<\/strong>:<\/p>\n<ul>\n<li><strong>c\u1ea5p c\u01a1 s\u1edf<\/strong>: K\u00edch th\u01b0\u1edbc c\u1ed9t khung th\u00e0nh l\u00e0 21 ft x 7 ft (6,40 mx 2,13 m).<\/li>\n<li><strong>C\u1ea5p cao<\/strong>: K\u00edch th\u01b0\u1edbc c\u1ed9t khung th\u00e0nh l\u00e0 24 ft x 8 ft (7,32 mx 2,44 m).<\/li>\n<\/ul>\n<\/li>\n<li>\n<p><strong>9-A-B\u00ean<\/strong>:<\/p>\n<ul>\n<li>K\u00edch th\u01b0\u1edbc c\u1ed9t khung th\u00e0nh l\u00e0 16 ft x 7 ft (4,88 mx 2,13 m).<\/li>\n<\/ul>\n<\/li>\n<li>\n<p><strong>7-A-B\u00ean<\/strong> v\u00e0 <strong>5-A-B\u00ean<\/strong>:<\/p>\n<ul>\n<li>K\u00edch th\u01b0\u1edbc c\u1ed9t khung th\u00e0nh \u0111\u01b0\u1ee3c \u0111\u1ec1 xu\u1ea5t l\u00e0 12 ft x 6 ft (3,66 mx 1,83 m), c\u00f2n \u0111\u01b0\u1ee3c g\u1ecdi l\u00e0 khung th\u00e0nh \u201cB\u00f3ng \u0111\u00e1 mini\u201d.<\/li>\n<li>\u0110\u1ed1i v\u1edbi c\u00e1c tr\u1eadn \u0111\u1ea5u 5 ng\u01b0\u1eddi, k\u00edch th\u01b0\u1edbc c\u1ed9t khung th\u00e0nh l\u00e0 12 ft x 4 ft (3,66 mx 1,22 m) ho\u1eb7c 16 ft x 4 ft (4,88 mx 1,22 m).<\/li>\n<\/ul>\n<\/li>\n<\/ul>\n<p>C\u00e1c khung th\u00e0nh b\u00f3ng \u0111\u00e1 c\u1ee7a ch\u00fang t\u00f4i \u0111\u01b0\u1ee3c thi\u1ebft k\u1ebf \u0111\u1ec3 \u0111\u00e1p \u1ee9ng nhu c\u1ea7u \u0111a d\u1ea1ng c\u1ee7a c\u00e1c quy m\u00f4 \u0111\u1ed9i kh\u00e1c nhau, \u0111\u1ea3m b\u1ea3o r\u1eb1ng m\u1ecdi ng\u01b0\u1eddi ch\u01a1i \u0111\u1ec1u c\u00f3 th\u1ec3 t\u1eadn h\u01b0\u1edfng tr\u1eadn \u0111\u1ea5u v\u1edbi thi\u1ebft b\u1ecb an to\u00e0n, b\u1ec1n b\u1ec9 v\u00e0 ph\u00f9 h\u1ee3p v\u1edbi tr\u00ecnh \u0111\u1ed9 c\u1ee7a h\u1ecd.<\/p>\n<p><strong>L\u01b0u \u00fd quan tr\u1ecdng:<\/strong> Xin l\u01b0u \u00fd r\u1eb1ng ch\u00fang t\u00f4i kh\u00f4ng cung c\u1ea5p b\u00e0n th\u1eafng b\u00f3ng \u0111\u00e1 ri\u00eang l\u1ebb. Ch\u00fang ch\u1ec9 c\u00f3 s\u1eb5n khi k\u1ebft h\u1ee3p v\u1edbi ch\u00fang t\u00f4i <a href=\"https:\/\/arturf.com\/vi\/products\/football-grass\/\">s\u00e2n b\u00f3ng \u0111\u00e1<\/a> ho\u1eb7c c\u00e1c s\u1ea3n ph\u1ea9m kh\u00e1c.<\/p>","protected":false},"excerpt":{"rendered":"<p>Bao g\u1ed3m c\u1ea3 c\u1ed9t v\u00e0 l\u01b0\u1edbi, Khung th\u00e0nh B\u00f3ng \u0111\u00e1\/B\u00f3ng \u0111\u00e1 c\u1ee7a ch\u00fang t\u00f4i \u0111\u01b0\u1ee3c thi\u1ebft k\u1ebf \u0111\u1ec3 c\u00f3 \u0111\u1ed9 b\u1ec1n v\u00e0 \u0111\u1ed9 \u1ed5n \u0111\u1ecbnh, ho\u00e0n h\u1ea3o cho c\u00e1c quy m\u00f4 \u0111\u1ed9i kh\u00e1c nhau, t\u1eeb 3 ng\u01b0\u1eddi m\u1ed9t b\u00ean \u0111\u1ebfn 11 ng\u01b0\u1eddi m\u1ed9t b\u00ean. \u0110\u01b0\u1ee3c l\u00e0m b\u1eb1ng th\u00e9p m\u1ea1 k\u1ebdm ch\u1ea5t l\u01b0\u1ee3ng cao v\u00e0 c\u00f3 l\u01b0\u1edbi polyetylen ch\u1eafc ch\u1eafn, khung th\u00e0nh n\u00e0y \u0111\u01b0\u1ee3c thi\u1ebft k\u1ebf \u0111\u1ec3 ch\u1ecbu \u0111\u01b0\u1ee3c c\u00e1c tr\u1eadn \u0111\u1ea5u c\u0103ng th\u1eb3ng v\u00e0 \u0111i\u1ec1u ki\u1ec7n th\u1eddi ti\u1ebft kh\u1eafc nghi\u1ec7t.<\/p>","protected":false},"featured_media":19846,"template":"","meta":{"_seopress_robots_primary_cat":"","_seopress_titles_title":"","_seopress_titles_desc":"","_seopress_robots_index":""},"product_brand":[],"product_cat":[831],"product_tag":[],"class_list":{"0":"post-19845","1":"product","2":"type-product","3":"status-publish","4":"has-post-thumbnail","6":"product_cat-extras","8":"first","9":"instock","10":"shipping-taxable","11":"product-type-simple"},"_links":{"self":[{"href":"https:\/\/arturf.com\/vi\/wp-json\/wp\/v2\/product\/19845","targetHints":{"allow":["GET"]}}],"collection":[{"href":"https:\/\/arturf.com\/vi\/wp-json\/wp\/v2\/product"}],"about":[{"href":"https:\/\/arturf.com\/vi\/wp-json\/wp\/v2\/types\/product"}],"wp:featuredmedia":[{"embeddable":true,"href":"https:\/\/arturf.com\/vi\/wp-json\/wp\/v2\/media\/19846"}],"wp:attachment":[{"href":"https:\/\/arturf.com\/vi\/wp-json\/wp\/v2\/media?parent=19845"}],"wp:term":[{"taxonomy":"product_brand","embeddable":true,"href":"https:\/\/arturf.com\/vi\/wp-json\/wp\/v2\/product_brand?post=19845"},{"taxonomy":"product_cat","embeddable":true,"href":"https:\/\/arturf.com\/vi\/wp-json\/wp\/v2\/product_cat?post=19845"},{"taxonomy":"product_tag","embeddable":true,"href":"https:\/\/arturf.com\/vi\/wp-json\/wp\/v2\/product_tag?post=19845"}],"curies":[{"name":"wp","href":"https:\/\/api.w.org\/{rel}","templated":true}]}}