{"id":20426,"date":"2024-08-23T11:10:52","date_gmt":"2024-08-23T03:10:52","guid":{"rendered":"https:\/\/arturf.com\/?post_type=product&#038;p=20426"},"modified":"2025-03-22T20:12:09","modified_gmt":"2025-03-22T12:12:09","slug":"padel-court-cover","status":"publish","type":"product","link":"https:\/\/arturf.com\/vi\/product\/padel-court-cover\/","title":{"rendered":"B\u00eca s\u00e2n Padel"},"content":{"rendered":"<p>T\u1ea1i Arturf, ch\u00fang t\u00f4i cung c\u1ea5p M\u00e1i che v\u00e0 m\u00e1i che Padel Court cao c\u1ea5p \u0111\u1ea3m b\u1ea3o ch\u01a1i quanh n\u0103m, b\u1ea5t k\u1ec3 th\u1eddi ti\u1ebft. Kh\u00f4ng gi\u1ed1ng nh\u01b0 c\u00e1c t\u00f9y ch\u1ecdn b\u01a1m h\u01a1i, m\u00e1i che t\u0129nh c\u1ee7a ch\u00fang t\u00f4i \u0111\u01b0\u1ee3c ch\u1ebf t\u1ea1o \u0111\u1ec3 c\u00f3 \u0111\u1ed9 b\u1ec1n v\u00e0 cung c\u1ea5p kh\u1ea3 n\u0103ng b\u1ea3o v\u1ec7 l\u00e2u d\u00e0i kh\u1ecfi c\u00e1c y\u1ebfu t\u1ed1. V\u1edbi c\u00e1c gi\u1ea3i ph\u00e1p t\u00f9y ch\u1ec9nh ph\u00f9 h\u1ee3p v\u1edbi nhu c\u1ea7u ri\u00eang c\u1ee7a t\u1eebng \u0111\u1ecba \u0111i\u1ec3m, Arturf gi\u00fap b\u1ea1n d\u1ec5 d\u00e0ng n\u00e2ng cao tr\u1ea3i nghi\u1ec7m ch\u01a1i padel ngo\u00e0i tr\u1eddi.<\/p>\n<h3>1. M\u00e1i che t\u00edch h\u1ee3p v\u1edbi tr\u1ee5 Padel Court<\/h3>\n<p>C\u00e1c gi\u1ea3i ph\u00e1p M\u00e1i che Padel Court t\u00edch h\u1ee3p c\u1ee7a ch\u00fang t\u00f4i k\u1ebft h\u1ee3p li\u1ec1n m\u1ea1ch v\u1edbi c\u00e1c tr\u1ee5 s\u00e2n padel, t\u1ea1o n\u00ean m\u1ed9t thi\u1ebft k\u1ebf th\u1ed1ng nh\u1ea5t v\u00e0 \u0111\u1eb9p m\u1eaft. Nh\u1eefng m\u00e1i che n\u00e0y cung c\u1ea5p kh\u1ea3 n\u0103ng b\u1ea3o v\u1ec7 t\u1ed1i \u01b0u kh\u1ecfi m\u01b0a, n\u1eafng v\u00e0 gi\u00f3, \u0111\u1ea3m b\u1ea3o s\u00e2n c\u1ee7a b\u1ea1n lu\u00f4n trong t\u00ecnh tr\u1ea1ng ho\u00e0n h\u1ea3o. V\u1edbi m\u00e1i che t\u00edch h\u1ee3p c\u1ee7a Arturf, h\u00e3y t\u1eadn h\u01b0\u1edfng tr\u00f2 ch\u01a1i li\u00ean t\u1ee5c v\u00e0 t\u0103ng c\u01b0\u1eddng s\u1ee9c h\u1ea5p d\u1eabn th\u1ea9m m\u1ef9 cho s\u00e2n padel c\u1ee7a b\u1ea1n v\u1edbi l\u1edbp ph\u1ee7 b\u1ec1n b\u1ec9, ph\u00f9 h\u1ee3p v\u1edbi m\u1ecdi th\u1eddi ti\u1ebft.<\/p>\n<p><img alt=\"\" loading=\"lazy\" decoding=\"async\" class=\"alignnone wp-image-20433 size-medium\" src=\"https:\/\/arturf.com\/wp-content\/uploads\/2024\/08\/Canopy-Integrated-with-Padel-Court-Pillars-500x333.jpg\" width=\"500\" height=\"333\" srcset=\"https:\/\/arturf.com\/wp-content\/uploads\/2024\/08\/Canopy-Integrated-with-Padel-Court-Pillars-500x333.jpg 500w, https:\/\/arturf.com\/wp-content\/uploads\/2024\/08\/Canopy-Integrated-with-Padel-Court-Pillars-768x511.jpg 768w, https:\/\/arturf.com\/wp-content\/uploads\/2024\/08\/Canopy-Integrated-with-Padel-Court-Pillars-18x12.jpg 18w, https:\/\/arturf.com\/wp-content\/uploads\/2024\/08\/Canopy-Integrated-with-Padel-Court-Pillars-510x340.jpg 510w, https:\/\/arturf.com\/wp-content\/uploads\/2024\/08\/Canopy-Integrated-with-Padel-Court-Pillars.jpg 1000w\" sizes=\"auto, (max-width: 500px) 100vw, 500px\" \/><\/p>\n<h3>2. M\u00e1i che t\u00e1ch bi\u1ec7t kh\u1ecfi c\u1ea5u tr\u00fac s\u00e2n Padel<\/h3>\n<p>\u0110\u1ed1i v\u1edbi nh\u1eefng ng\u01b0\u1eddi c\u1ea7n s\u1ef1 linh ho\u1ea1t h\u01a1n, Arturf cung c\u1ea5p c\u00e1c gi\u1ea3i ph\u00e1p M\u00e1i che Padel Court t\u00e1ch bi\u1ec7t v\u1edbi c\u1ea5u tr\u00fac s\u00e2n padel. Nh\u1eefng m\u00e1i che \u0111a n\u0103ng n\u00e0y c\u00f3 th\u1ec3 t\u00f9y ch\u1ec9nh \u0111\u1ec3 \u0111\u00e1p \u1ee9ng c\u00e1c y\u00eau c\u1ea7u c\u1ee5 th\u1ec3 c\u1ee7a \u0111\u1ecba \u0111i\u1ec3m c\u1ee7a b\u1ea1n, cung c\u1ea5p kh\u1ea3 n\u0103ng b\u1ea3o v\u1ec7 m\u1ea1nh m\u1ebd m\u00e0 kh\u00f4ng \u1ea3nh h\u01b0\u1edfng \u0111\u1ebfn thi\u1ebft k\u1ebf c\u1ee7a s\u00e2n. Cho d\u00f9 ph\u1ea3i \u0111\u1ed1i m\u1eb7t v\u1edbi \u00e1nh n\u1eafng gay g\u1eaft hay m\u01b0a l\u1edbn, m\u00e1i che ri\u00eang bi\u1ec7t c\u1ee7a ch\u00fang t\u00f4i v\u1eabn cung c\u1ea5p kh\u1ea3 n\u0103ng che ph\u1ee7 \u0111\u00e1ng tin c\u1eady, cho ph\u00e9p ch\u01a1i kh\u00f4ng b\u1ecb gi\u00e1n \u0111o\u1ea1n v\u00e0 b\u1ea3o v\u1ec7 t\u00ednh to\u00e0n v\u1eb9n c\u1ee7a b\u1ed1 c\u1ee5c s\u00e2n padel c\u1ee7a b\u1ea1n.<\/p>\n<p><img alt=\"\" loading=\"lazy\" decoding=\"async\" class=\"alignnone size-medium wp-image-20439\" src=\"https:\/\/arturf.com\/wp-content\/uploads\/2024\/08\/Canopy-Separated-from-Padel-Court-Structure-500x333.jpg\" width=\"500\" height=\"333\" srcset=\"https:\/\/arturf.com\/wp-content\/uploads\/2024\/08\/Canopy-Separated-from-Padel-Court-Structure-500x333.jpg 500w, https:\/\/arturf.com\/wp-content\/uploads\/2024\/08\/Canopy-Separated-from-Padel-Court-Structure-768x511.jpg 768w, https:\/\/arturf.com\/wp-content\/uploads\/2024\/08\/Canopy-Separated-from-Padel-Court-Structure-18x12.jpg 18w, https:\/\/arturf.com\/wp-content\/uploads\/2024\/08\/Canopy-Separated-from-Padel-Court-Structure-510x340.jpg 510w, https:\/\/arturf.com\/wp-content\/uploads\/2024\/08\/Canopy-Separated-from-Padel-Court-Structure.jpg 1000w\" sizes=\"auto, (max-width: 500px) 100vw, 500px\" \/><\/p>\n<h3>3. T\u00f2a nh\u00e0 th\u00e9p\/nh\u00f4m c\u00f3 t\u01b0\u1eddng<\/h3>\n<p>\u0110\u1ec3 c\u00f3 \u0111\u01b0\u1ee3c s\u1ef1 b\u1ea3o v\u1ec7 t\u1ed1i \u01b0u v\u00e0 t\u00ednh linh ho\u1ea1t, Arturf cung c\u1ea5p c\u00e1c gi\u1ea3i ph\u00e1p x\u00e2y d\u1ef1ng b\u1eb1ng th\u00e9p ho\u1eb7c nh\u00f4m c\u00f3 t\u01b0\u1eddng cho s\u00e2n padel c\u1ee7a b\u1ea1n. Nh\u1eefng c\u1ea5u tr\u00fac n\u00e0y cung c\u1ea5p m\u1ed9t m\u00f4i tr\u01b0\u1eddng ho\u00e0n to\u00e0n kh\u00e9p k\u00edn, b\u1ea3o v\u1ec7 ng\u01b0\u1eddi ch\u01a1i v\u00e0 thi\u1ebft b\u1ecb kh\u1ecfi m\u1ecdi \u0111i\u1ec1u ki\u1ec7n th\u1eddi ti\u1ebft, bao g\u1ed3m gi\u00f3 m\u1ea1nh, m\u01b0a l\u1edbn v\u00e0 \u00e1nh n\u1eafng m\u1eb7t tr\u1eddi gay g\u1eaft. \u0110\u01b0\u1ee3c x\u00e2y d\u1ef1ng t\u1eeb th\u00e9p ho\u1eb7c nh\u00f4m ch\u1ea5t l\u01b0\u1ee3ng cao, nh\u1eefng t\u00f2a nh\u00e0 n\u00e0y \u0111\u01b0\u1ee3c thi\u1ebft k\u1ebf \u0111\u1ec3 c\u00f3 \u0111\u1ed9 b\u1ec1n v\u00e0 tu\u1ed5i th\u1ecd cao, \u0111\u1ea3m b\u1ea3o s\u00e2n c\u1ee7a b\u1ea1n \u0111\u01b0\u1ee3c b\u1ea3o v\u1ec7 t\u1ed1t quanh n\u0103m.<\/p>\n<p>C\u00e1c t\u00f2a nh\u00e0 b\u1eb1ng th\u00e9p ho\u1eb7c nh\u00f4m c\u00f3 th\u1ec3 t\u00f9y ch\u1ec9nh \u0111\u1ec3 ph\u00f9 h\u1ee3p v\u1edbi c\u00e1c y\u00eau c\u1ea7u c\u1ee5 th\u1ec3 c\u1ee7a b\u1ea1n, bao g\u1ed3m k\u00edch th\u01b0\u1edbc, thi\u1ebft k\u1ebf v\u00e0 c\u00e1c t\u00ednh n\u0103ng b\u1ed5 sung nh\u01b0 h\u1ec7 th\u1ed1ng chi\u1ebfu s\u00e1ng v\u00e0 th\u00f4ng gi\u00f3. V\u1edbi c\u00e1c t\u00f2a nh\u00e0 b\u1eb1ng th\u00e9p ho\u1eb7c nh\u00f4m c\u1ee7a Arturf, b\u1ea1n c\u00f3 th\u1ec3 bi\u1ebfn s\u00e2n padel c\u1ee7a m\u00ecnh th\u00e0nh m\u1ed9t c\u01a1 s\u1edf tho\u1ea3i m\u00e1i, ph\u00f9 h\u1ee3p v\u1edbi m\u1ecdi m\u00f9a, gi\u00fap n\u00e2ng cao tr\u1ea3i nghi\u1ec7m c\u1ee7a ng\u01b0\u1eddi ch\u01a1i v\u00e0 m\u1edf r\u1ed9ng kh\u1ea3 n\u0103ng s\u1eed d\u1ee5ng s\u00e2n.<\/p>\n<p><img alt=\"\" loading=\"lazy\" decoding=\"async\" class=\"alignnone wp-image-20432 size-medium\" src=\"https:\/\/arturf.com\/wp-content\/uploads\/2024\/08\/Padel-Court-Cover-500x300.jpg\" width=\"500\" height=\"300\" srcset=\"https:\/\/arturf.com\/wp-content\/uploads\/2024\/08\/Padel-Court-Cover-500x300.jpg 500w, https:\/\/arturf.com\/wp-content\/uploads\/2024\/08\/Padel-Court-Cover-768x460.jpg 768w, https:\/\/arturf.com\/wp-content\/uploads\/2024\/08\/Padel-Court-Cover-18x12.jpg 18w, https:\/\/arturf.com\/wp-content\/uploads\/2024\/08\/Padel-Court-Cover-510x305.jpg 510w, https:\/\/arturf.com\/wp-content\/uploads\/2024\/08\/Padel-Court-Cover.jpg 1000w\" sizes=\"auto, (max-width: 500px) 100vw, 500px\" \/><\/p>","protected":false},"excerpt":{"rendered":"<p>Kh\u00e1m ph\u00e1 c\u00e1c t\u00f9y ch\u1ecdn M\u00e1i che v\u00e0 M\u00e1i che Padel Court c\u1ee7a Arturf \u0111\u1ec3 ch\u01a1i quanh n\u0103m. Thi\u1ebft k\u1ebf t\u00f9y ch\u1ec9nh, b\u1ec1n v\u00e0 phong c\u00e1ch gi\u00fap b\u1ea3o v\u1ec7 s\u00e2n c\u1ee7a b\u1ea1n trong m\u1ecdi th\u1eddi ti\u1ebft.<\/p>","protected":false},"featured_media":20431,"template":"","meta":{"_seopress_robots_primary_cat":"932","_seopress_titles_title":"Padel Court Cover & Canopy | Durable All-Weather Protection","_seopress_titles_desc":"","_seopress_robots_index":""},"product_brand":[],"product_cat":[932,831],"product_tag":[],"class_list":{"0":"post-20426","1":"product","2":"type-product","3":"status-publish","4":"has-post-thumbnail","6":"product_cat-padel","7":"product_cat-extras","9":"first","10":"instock","11":"shipping-taxable","12":"product-type-simple"},"_links":{"self":[{"href":"https:\/\/arturf.com\/vi\/wp-json\/wp\/v2\/product\/20426","targetHints":{"allow":["GET"]}}],"collection":[{"href":"https:\/\/arturf.com\/vi\/wp-json\/wp\/v2\/product"}],"about":[{"href":"https:\/\/arturf.com\/vi\/wp-json\/wp\/v2\/types\/product"}],"wp:featuredmedia":[{"embeddable":true,"href":"https:\/\/arturf.com\/vi\/wp-json\/wp\/v2\/media\/20431"}],"wp:attachment":[{"href":"https:\/\/arturf.com\/vi\/wp-json\/wp\/v2\/media?parent=20426"}],"wp:term":[{"taxonomy":"product_brand","embeddable":true,"href":"https:\/\/arturf.com\/vi\/wp-json\/wp\/v2\/product_brand?post=20426"},{"taxonomy":"product_cat","embeddable":true,"href":"https:\/\/arturf.com\/vi\/wp-json\/wp\/v2\/product_cat?post=20426"},{"taxonomy":"product_tag","embeddable":true,"href":"https:\/\/arturf.com\/vi\/wp-json\/wp\/v2\/product_tag?post=20426"}],"curies":[{"name":"wp","href":"https:\/\/api.w.org\/{rel}","templated":true}]}}