{"id":26578,"date":"2025-07-05T17:35:13","date_gmt":"2025-07-05T09:35:13","guid":{"rendered":"https:\/\/arturf.com\/?post_type=product&#038;p=26578"},"modified":"2025-07-07T08:19:05","modified_gmt":"2025-07-07T00:19:05","slug":"pickleball-floor","status":"publish","type":"product","link":"https:\/\/arturf.com\/vi\/product\/pickleball-floor\/","title":{"rendered":"S\u00e0n Pickleball"},"content":{"rendered":"<p>Pickleball \u0111ang b\u00f9ng n\u1ed5 tr\u00ean to\u00e0n th\u1ebf gi\u1edbi. \u0110\u1ec3 \u0111\u00e1p \u1ee9ng nhu c\u1ea7u ng\u00e0y c\u00e0ng t\u0103ng, <strong>Arturf<\/strong>\u00a0\u0111\u00e3 ra m\u1eaft s\u00e0n ch\u01a1i pickleball hi\u1ec7u su\u1ea5t cao v\u1edbi kh\u1ea3 n\u0103ng ch\u1ed1ng tr\u01b0\u1ee3t v\u00e0 ch\u1ed1ng m\u00e0i m\u00f2n. \u0110\u01b0\u1ee3c thi\u1ebft k\u1ebf \u0111\u1ec3 s\u1eed d\u1ee5ng c\u1ea3 trong nh\u00e0 v\u00e0 ngo\u00e0i tr\u1eddi, s\u1ea3n ph\u1ea9m mang l\u1ea1i \u0111\u1ed9 n\u1ea3y tuy\u1ec7t v\u1eddi v\u00e0 h\u1ed7 tr\u1ee3 nh\u1ecbp \u0111\u1ed9 ch\u01a1i pickleball \u0111\u1ed9c \u0111\u00e1o. B\u1ec1 m\u1eb7t c\u00f3 c\u00e1c t\u00ednh n\u0103ng <strong>C\u00f4ng ngh\u1ec7 b\u1ec1 m\u1eb7t NanoShield c\u1ee7a Arturf<\/strong>, c\u00f3 kh\u1ea3 n\u0103ng ch\u1ed1ng l\u00e3o h\u00f3a, ch\u1ed1ng tia UV v\u00e0 ch\u1ed1ng t\u00edch t\u1ee5 d\u1ea7u v\u01b0\u1ee3t tr\u1ed9i.<\/p>\n<h4>C\u00f4ng ngh\u1ec7 b\u1ec1 m\u1eb7t NanoShield<\/h4>\n<p><strong>C\u00f4ng ngh\u1ec7 b\u1ec1 m\u1eb7t NanoShield<\/strong>\u00a0l\u00e0 l\u1edbp ph\u1ee7 th\u1ebf h\u1ec7 m\u1edbi, th\u00e2n thi\u1ec7n v\u1edbi m\u00f4i tr\u01b0\u1eddng, gi\u00fap t\u0103ng c\u01b0\u1eddng \u0111\u1ed9 b\u1ec1n v\u00e0 v\u1ebb ngo\u00e0i c\u1ee7a s\u00e0n. L\u1edbp ph\u1ee7 nano polymer ti\u00ean ti\u1ebfn n\u00e0y b\u1ea3o v\u1ec7 s\u00e0n kh\u1ecfi phai m\u00e0u, d\u1ea7u m\u1ee1, h\u01b0 h\u1ea1i do tia UV v\u00e0 m\u00e0i m\u00f2n, \u0111\u1ed3ng th\u1eddi duy tr\u00ec \u0111\u1ed9 b\u00e1m d\u00ednh \u1ed5n \u0111\u1ecbnh v\u00e0 m\u00e0u s\u1eafc r\u1ef1c r\u1ee1 ngay c\u1ea3 trong \u0111i\u1ec1u ki\u1ec7n ngo\u00e0i tr\u1eddi kh\u1eafc nghi\u1ec7t.<\/p>\n<figure id=\"attachment_26582\" aria-describedby=\"caption-attachment-26582\" style=\"width: 1020px\" class=\"wp-caption aligncenter\"><img alt=\"\" loading=\"lazy\" decoding=\"async\" class=\"wp-image-26582 size-large\" src=\"https:\/\/arturf.com\/wp-content\/uploads\/2025\/07\/arturf-pickleball-floor-p3-structure-images-1024x952.jpg\" width=\"1020\" height=\"948\" srcset=\"https:\/\/arturf.com\/wp-content\/uploads\/2025\/07\/arturf-pickleball-floor-p3-structure-images-1024x952.jpg 1024w, https:\/\/arturf.com\/wp-content\/uploads\/2025\/07\/arturf-pickleball-floor-p3-structure-images-500x465.jpg 500w, https:\/\/arturf.com\/wp-content\/uploads\/2025\/07\/arturf-pickleball-floor-p3-structure-images-768x714.jpg 768w, https:\/\/arturf.com\/wp-content\/uploads\/2025\/07\/arturf-pickleball-floor-p3-structure-images-1536x1428.jpg 1536w, https:\/\/arturf.com\/wp-content\/uploads\/2025\/07\/arturf-pickleball-floor-p3-structure-images-13x12.jpg 13w, https:\/\/arturf.com\/wp-content\/uploads\/2025\/07\/arturf-pickleball-floor-p3-structure-images-510x474.jpg 510w, https:\/\/arturf.com\/wp-content\/uploads\/2025\/07\/arturf-pickleball-floor-p3-structure-images.jpg 1652w\" sizes=\"auto, (max-width: 1020px) 100vw, 1020px\" \/><figcaption id=\"caption-attachment-26582\" class=\"wp-caption-text\">c\u1ea5u tr\u00fac v\u00e0 h\u00ecnh \u1ea3nh s\u00e0n pickleball arturf p3<\/figcaption><\/figure>\n<h4>T\u00ednh n\u0103ng s\u1ea3n ph\u1ea9m\u00a0<\/h4>\n<ol>\n<li><b><\/b><strong><b>B\u1ec1 m\u1eb7t ph\u1ee7 nano<\/b><\/strong>ng\u0103n ng\u1eeba t\u00ecnh tr\u1ea1ng d\u1ea7u m\u1ee1 v\u00e0 s\u1ef1 xu\u1ed1ng c\u1ea5p b\u1ec1 m\u1eb7t do ti\u1ebfp x\u00fac v\u1edbi tia UV.<\/li>\n<li><b><\/b><strong><b>K\u1ebft c\u1ea5u v\u1edbi h\u1ea1t \u0111\u00e1 nh\u1ecf<\/b><\/strong>v\u00e0 c\u00e1c h\u1ea1t ch\u1ed1ng tr\u01b0\u1ee3t \u0111\u1ec3 c\u00f3 \u0111\u1ed9 b\u00e1m v\u00e0 an to\u00e0n t\u1ed1i \u0111a.<\/li>\n<li><b><\/b><strong><b>K\u1ebft c\u1ea5u PVC nguy\u00ean ch\u1ea5t d\u00e0y \u0111\u1eb7c <\/b><\/strong>\u0111\u1ea3m b\u1ea3o \u0111\u1ed9 \u0111\u00e0n h\u1ed3i gi\u1ea3m thi\u1ec3u v\u00e0 \u0111\u1ed9 n\u1ea3y b\u00f3ng tuy\u1ec7t v\u1eddi.<\/li>\n<li><b><\/b><strong><b>C\u00f4ng th\u1ee9c kh\u00f4ng ch\u1ee9a d\u1ea7u \u0111\u01b0\u1ee3c c\u1ea5p b\u1eb1ng s\u00e1ng ch\u1ebf,<\/b><\/strong>ch\u1ed1ng l\u00e3o h\u00f3a v\u00e0 hi\u1ec7u qu\u1ea3 l\u00e2u d\u00e0i.<\/li>\n<li><b><\/b><strong><b>Kh\u00e1ng khu\u1ea9n, kh\u00f4ng th\u1ea5m h\u00fat<\/b><\/strong>v\u00e0 kh\u00f4ng m\u00f9i \u0111\u1ec3 t\u1ea1o \u0111i\u1ec1u ki\u1ec7n vui ch\u01a1i s\u1ea1ch s\u1ebd h\u01a1n.<\/li>\n<li><b><\/b><strong><b>V\u1eadt li\u1ec7u an to\u00e0n sinh th\u00e1i<\/b><\/strong>: kh\u00f4ng \u0111\u1ed9c h\u1ea1i, kh\u00f4ng m\u00f9i v\u00e0 tu\u00e2n th\u1ee7 c\u00e1c ti\u00eau chu\u1ea9n xanh.<\/li>\n<li><b><\/b><strong><b>Ch\u1ecbu nhi\u1ec7t \u0111\u1ed9<\/b><\/strong>: ho\u1ea1t \u0111\u1ed9ng \u0111\u00e1ng tin c\u1eady t\u1eeb -40\u00b0C \u0111\u1ebfn 100\u00b0C<\/li>\n<\/ol>\n<p>\u00a0<\/p>","protected":false},"excerpt":{"rendered":"<p>\u0110\u01b0\u1ee3c thi\u1ebft k\u1ebf cho c\u1ea3 s\u00e2n trong nh\u00e0 v\u00e0 ngo\u00e0i tr\u1eddi, S\u00e0n Pickleball Arturf c\u00f3 k\u1ebft c\u1ea5u ch\u1ed1ng tr\u01b0\u1ee3t, kh\u1ea3 n\u0103ng ph\u1ee5c h\u1ed3i tuy\u1ec7t v\u1eddi v\u00e0 \u0111\u1ed9 b\u1ec1n l\u00e2u d\u00e0i. \u0110\u01b0\u1ee3c t\u0103ng c\u01b0\u1eddng v\u1edbi <strong data-start=\"282\" data-end=\"316\">C\u00f4ng ngh\u1ec7 b\u1ec1 m\u1eb7t NanoShield<\/strong>, ch\u1ed1ng l\u1ea1i t\u00e1c h\u1ea1i c\u1ee7a tia UV, d\u1ea7u m\u1ee1 v\u00e0 m\u00e0i m\u00f2n - \u0111\u1ea3m b\u1ea3o hi\u1ec7u su\u1ea5t v\u00e0 \u0111\u1ed9 an to\u00e0n \u1ed5n \u0111\u1ecbnh. \u0110\u01b0\u1ee3c l\u00e0m t\u1eeb PVC th\u00e2n thi\u1ec7n v\u1edbi m\u00f4i tr\u01b0\u1eddng, s\u1ea3n ph\u1ea9m c\u00f3 kh\u1ea3 n\u0103ng kh\u00e1ng khu\u1ea9n, kh\u00f4ng m\u00f9i v\u00e0 ch\u1ecbu \u0111\u01b0\u1ee3c nhi\u1ec7t \u0111\u1ed9 kh\u1eafc nghi\u1ec7t.<\/p>","protected":false},"featured_media":26581,"template":"","meta":{"_seopress_robots_primary_cat":"","_seopress_titles_title":"Professional Pickleball Flooring - Indoor\/Outdoor, Anti-Slip Surface","_seopress_titles_desc":"","_seopress_robots_index":""},"product_brand":[],"product_cat":[831],"product_tag":[],"class_list":{"0":"post-26578","1":"product","2":"type-product","3":"status-publish","4":"has-post-thumbnail","6":"product_cat-extras","8":"first","9":"instock","10":"shipping-taxable","11":"product-type-simple"},"_links":{"self":[{"href":"https:\/\/arturf.com\/vi\/wp-json\/wp\/v2\/product\/26578","targetHints":{"allow":["GET"]}}],"collection":[{"href":"https:\/\/arturf.com\/vi\/wp-json\/wp\/v2\/product"}],"about":[{"href":"https:\/\/arturf.com\/vi\/wp-json\/wp\/v2\/types\/product"}],"wp:featuredmedia":[{"embeddable":true,"href":"https:\/\/arturf.com\/vi\/wp-json\/wp\/v2\/media\/26581"}],"wp:attachment":[{"href":"https:\/\/arturf.com\/vi\/wp-json\/wp\/v2\/media?parent=26578"}],"wp:term":[{"taxonomy":"product_brand","embeddable":true,"href":"https:\/\/arturf.com\/vi\/wp-json\/wp\/v2\/product_brand?post=26578"},{"taxonomy":"product_cat","embeddable":true,"href":"https:\/\/arturf.com\/vi\/wp-json\/wp\/v2\/product_cat?post=26578"},{"taxonomy":"product_tag","embeddable":true,"href":"https:\/\/arturf.com\/vi\/wp-json\/wp\/v2\/product_tag?post=26578"}],"curies":[{"name":"wp","href":"https:\/\/api.w.org\/{rel}","templated":true}]}}