{"id":6519,"date":"2018-05-18T01:38:05","date_gmt":"2018-05-18T01:38:05","guid":{"rendered":"https:\/\/arturf.com\/?post_type=product&#038;p=6519"},"modified":"2025-07-15T14:57:00","modified_gmt":"2025-07-15T06:57:00","slug":"flex","status":"publish","type":"product","link":"https:\/\/arturf.com\/vi\/product\/flex\/","title":{"rendered":"U\u1ed1n cong"},"content":{"rendered":"<h3>L\u00fd t\u01b0\u1edfng \u0111\u1ec3 \u0111\u00e1nh b\u00f3ng xanh:<\/h3>\n<p>V\u1edbi c\u1ea5u tr\u00fac c\u1ecdc ng\u1eafn v\u00e0 m\u1eadt \u0111\u1ed9 cao, Flex l\u00e0 s\u1ef1 l\u1ef1a ch\u1ecdn tuy\u1ec7t v\u1eddi \u0111\u1ec3 t\u1ea1o ra m\u1ed9t khu l\u1ed7 g\u00f4n n\u1ed5i b\u1eadt. C\u1ecf nh\u00e2n t\u1ea1o ch\u1ea7n \u0111\u01b0\u1ee3c thi\u1ebft k\u1ebf \u0111\u1ec3 m\u00f4 ph\u1ecfng giao di\u1ec7n c\u1ee7a c\u1ecf t\u1ef1 nhi\u00ean, \u0111\u1ea3m b\u1ea3o tr\u1ea3i nghi\u1ec7m th\u1ef1c t\u1ebf. Cho d\u00f9 b\u1ea1n l\u00e0 ng\u01b0\u1eddi ch\u01a1i g\u00f4n chuy\u00ean nghi\u1ec7p hay ch\u1ec9 th\u00edch ch\u01a1i tr\u00f2 ch\u01a1i v\u1edbi b\u1ea1n b\u00e8, Flex cung c\u1ea5p m\u1ed9t b\u1ec1 m\u1eb7t \u1ed5n \u0111\u1ecbnh v\u00e0 \u0111\u00e1ng tin c\u1eady cho nhu c\u1ea7u ch\u01a1i g\u00f4n c\u1ee7a b\u1ea1n.<\/p>\n<p><img loading=\"lazy\" decoding=\"async\" class=\"alignnone wp-image-12530 size-full\" src=\"https:\/\/arturf.com\/wp-content\/uploads\/2020\/08\/Arturf-Golf-Synthetic-Putting-Greens-1.jpg\" alt=\"Flex cho Putting Greens t\u1ed5ng h\u1ee3p\" width=\"800\" height=\"533\" srcset=\"https:\/\/arturf.com\/wp-content\/uploads\/2020\/08\/Arturf-Golf-Synthetic-Putting-Greens-1.jpg 800w, https:\/\/arturf.com\/wp-content\/uploads\/2020\/08\/Arturf-Golf-Synthetic-Putting-Greens-1-300x200.jpg 300w, https:\/\/arturf.com\/wp-content\/uploads\/2020\/08\/Arturf-Golf-Synthetic-Putting-Greens-1-768x512.jpg 768w, https:\/\/arturf.com\/wp-content\/uploads\/2020\/08\/Arturf-Golf-Synthetic-Putting-Greens-1-18x12.jpg 18w, https:\/\/arturf.com\/wp-content\/uploads\/2020\/08\/Arturf-Golf-Synthetic-Putting-Greens-1-510x340.jpg 510w\" sizes=\"auto, (max-width: 800px) 100vw, 800px\" \/><\/p>\n<h3>S\u1eed d\u1ee5ng \u0111a th\u1ec3 thao linh ho\u1ea1t:<\/h3>\n<p>Ngo\u00e0i hi\u1ec7u su\u1ea5t v\u01b0\u1ee3t tr\u1ed9i tr\u00ean khu l\u1ed7 g\u00f4n, Flex c\u00f2n th\u00edch h\u1ee3p cho nhi\u1ec1u ho\u1ea1t \u0111\u1ed9ng th\u1ec3 thao v\u00e0 gi\u1ea3i tr\u00ed kh\u00e1c. D\u00f9 b\u1ea1n \u0111ang ch\u01a1i cricket, s\u00e2n padel, qu\u1ea7n v\u1ee3t hay tham gia c\u00e1c ho\u1ea1t \u0111\u1ed9ng th\u1ec3 thao \u0111a d\u1ea1ng kh\u00e1c, Flex \u0111\u1ec1u mang \u0111\u1ebfn \u0111\u1ed9 b\u1ec1n v\u00e0 t\u00ednh linh ho\u1ea1t c\u1ea7n thi\u1ebft cho m\u1ee5c \u0111\u00edch s\u1eed d\u1ee5ng chuy\u00ean s\u00e2u. C\u00e1c s\u1ee3i \u0111\u00e0n h\u1ed3i v\u00e0 c\u1ea5u tr\u00fac ch\u1eafc ch\u1eafn c\u1ee7a n\u00f3 c\u00f3 th\u1ec3 ch\u1ecbu \u0111\u01b0\u1ee3c nhu c\u1ea7u c\u1ee7a c\u00e1c m\u00f4n th\u1ec3 thao kh\u00e1c nhau, \u0111\u1ea3m b\u1ea3o b\u1ec1 m\u1eb7t ch\u01a1i \u1ed5n \u0111\u1ecbnh.<\/p>\n<p><img loading=\"lazy\" decoding=\"async\" class=\"alignnone wp-image-9319 size-full\" src=\"https:\/\/arturf.com\/wp-content\/uploads\/2019\/05\/Artificial-Grass-Multi-sport-Projects-3.jpg\" alt=\"Flex cho \u0111a m\u00f4n th\u1ec3 thao\" width=\"800\" height=\"533\" srcset=\"https:\/\/arturf.com\/wp-content\/uploads\/2019\/05\/Artificial-Grass-Multi-sport-Projects-3.jpg 800w, https:\/\/arturf.com\/wp-content\/uploads\/2019\/05\/Artificial-Grass-Multi-sport-Projects-3-300x200.jpg 300w, https:\/\/arturf.com\/wp-content\/uploads\/2019\/05\/Artificial-Grass-Multi-sport-Projects-3-768x512.jpg 768w, https:\/\/arturf.com\/wp-content\/uploads\/2019\/05\/Artificial-Grass-Multi-sport-Projects-3-18x12.jpg 18w, https:\/\/arturf.com\/wp-content\/uploads\/2019\/05\/Artificial-Grass-Multi-sport-Projects-3-510x340.jpg 510w\" sizes=\"auto, (max-width: 800px) 100vw, 800px\" \/><\/p>\n<h3>V\u1eadt li\u1ec7u ch\u1ea5t l\u01b0\u1ee3ng cao c\u1ea5p:<\/h3>\n<p>Flex s\u1eed d\u1ee5ng s\u1ee3i polyetylen trong thi\u1ebft k\u1ebf m\u00e0u xanh l\u00e1 c\u00e2y hai m\u00e0u, t\u1ea1o ra m\u1ed9t lo\u1ea1i c\u1ecf t\u1ed5ng h\u1ee3p tr\u00f4ng t\u1ef1 nhi\u00ean v\u00e0 b\u1eaft m\u1eaft. S\u1ef1 k\u1ebft h\u1ee3p gi\u1eefa \u0111\u1ed9 b\u1ec1n v\u00e0 t\u00ednh th\u1ea9m m\u1ef9 l\u00e0m cho Flex tr\u1edf th\u00e0nh m\u1ed9t kho\u1ea3n \u0111\u1ea7u t\u01b0 d\u00e0i h\u1ea1n tuy\u1ec7t v\u1eddi. N\u00f3 \u0111\u01b0\u1ee3c thi\u1ebft k\u1ebf \u0111\u1ec3 ch\u1ecbu \u0111\u01b0\u1ee3c c\u00e1c \u0111i\u1ec1u ki\u1ec7n th\u1eddi ti\u1ebft kh\u00e1c nhau, l\u00e0m cho n\u00f3 ph\u00f9 h\u1ee3p \u0111\u1ec3 l\u1eafp \u0111\u1eb7t \u1edf c\u00e1c v\u00f9ng kh\u00ed h\u1eadu kh\u00e1c nhau.<\/p>\n<h3>Chi\u1ec1u cao c\u1ecdc \u0111\u1ec1 xu\u1ea5t:<\/h3>\n<p>\u0110\u1ec3 c\u00f3 hi\u1ec7u su\u1ea5t t\u1ed1i \u01b0u, ch\u00fang t\u00f4i khuy\u1ebfn ngh\u1ecb chi\u1ec1u cao c\u1ecdc t\u1eeb 10mm \u0111\u1ebfn 18mm cho Flex. D\u00f2ng s\u1ea3n ph\u1ea9m n\u00e0y t\u1ea1o ra s\u1ef1 c\u00e2n b\u1eb1ng ho\u00e0n h\u1ea3o gi\u1eefa vi\u1ec7c cung c\u1ea5p m\u1ed9t b\u1ec1 m\u1eb7t g\u1ea1t b\u00f3ng nh\u1eb5n v\u00e0 h\u1ed7 tr\u1ee3 c\u00e1c ho\u1ea1t \u0111\u1ed9ng th\u1ec3 thao \u0111a n\u0103ng. Chi\u1ec1u cao c\u1ecdc ng\u1eafn h\u01a1n \u0111\u1ea3m b\u1ea3o \u0111\u1ed9 l\u0103n b\u00f3ng v\u00e0 \u0111\u1ed9 ch\u00ednh x\u00e1c t\u1ed1t h\u01a1n cho ch\u01a1i g\u00f4n, trong khi v\u1eabn cung c\u1ea5p \u0111\u1ee7 \u0111\u1ec7m v\u00e0 l\u1ef1c k\u00e9o cho c\u00e1c m\u00f4n th\u1ec3 thao kh\u00e1c.<\/p>\n<p>T\u1ea1o m\u1ed9t khu l\u1ed7 g\u00f4n \u0111\u1eb3ng c\u1ea5p chuy\u00ean nghi\u1ec7p ho\u1eb7c bi\u1ebfn kh\u00f4ng gian ngo\u00e0i tr\u1eddi c\u1ee7a b\u1ea1n th\u00e0nh m\u1ed9t khu th\u1ec3 thao \u0111a n\u0103ng v\u1edbi Flex. Lo\u1ea1i c\u1ecf nh\u00e2n t\u1ea1o \u0111a n\u0103ng n\u00e0y k\u1ebft h\u1ee3p \u0111\u1ed9 b\u1ec1n, t\u00ednh ch\u00e2n th\u1ef1c v\u00e0 hi\u1ec7u su\u1ea5t, khi\u1ebfn n\u00f3 tr\u1edf th\u00e0nh l\u1ef1a ch\u1ecdn l\u00fd t\u01b0\u1edfng cho c\u1ea3 nh\u1eefng ng\u01b0\u1eddi \u0111am m\u00ea ch\u01a1i g\u00f4n c\u0169ng nh\u01b0 nh\u1eefng ng\u01b0\u1eddi \u0111am m\u00ea nhi\u1ec1u m\u00f4n th\u1ec3 thao. Tr\u1ea3i nghi\u1ec7m ni\u1ec1m vui c\u1ee7a m\u1ed9t m\u00e0u xanh l\u00e1 c\u00e2y \u0111\u01b0\u1ee3c duy tr\u00ec t\u1ed1t v\u00e0 t\u1eadn h\u01b0\u1edfng nh\u1eefng gi\u1edd th\u1ec3 thao vui v\u1ebb b\u1ea5t t\u1eadn v\u1edbi Flex.<\/p>\n\n\t<section class=\"section\" id=\"section_1675276951\">\n\t\t<div class=\"section-bg fill\" >\n\t\t\t\t\t\t\t\t\t\n\t\t\t\n\n\t\t<\/div>\n\n\t\t\n\n\t\t<div class=\"section-content relative\">\n\t\t\t\n\n<div class=\"row\"  id=\"row-2011902142\">\n\n\n\t<div id=\"col-1856603713\" class=\"col small-12 large-12\"  >\n\t\t\t\t<div class=\"col-inner text-center\"  >\n\t\t\t\n\t\t\t\n\n<h2>c\u00e2u h\u1ecfi th\u01b0\u1eddng g\u1eb7p<\/h2>\n\n\t\t<\/div>\n\t\t\t\t\t<\/div>\n\n\t\n\n<\/div>\n<div class=\"row align-center row-box-shadow-1\"  id=\"row-726989769\">\n\n\n\t<div id=\"col-401143527\" class=\"col medium-10 small-12 large-9\"  >\n\t\t\t\t<div class=\"col-inner\" style=\"background-color:rgb(255,255,255);\" >\n\t\t\t\n\t\t\t\n\n<div class=\"accordion\">\n\n\t<div id=\"accordion-851375891\" class=\"accordion-item\">\n\t\t<a id=\"accordion-851375891-label\" class=\"accordion-title plain\" href=\"#accordion-item-can-you-customize-specifications-for-your-artificial-turf-products?\" aria-expanded=\"false\" aria-controls=\"accordion-851375891-content\">\n\t\t\t<button class=\"toggle\" aria-label=\"Chuy\u1ec3n \u0111\u1ed5i\"><i class=\"icon-angle-down\" aria-hidden=\"true\"><\/i><\/button>\n\t\t\t<span>B\u1ea1n c\u00f3 th\u1ec3 t\u00f9y ch\u1ec9nh th\u00f4ng s\u1ed1 k\u1ef9 thu\u1eadt cho c\u00e1c s\u1ea3n ph\u1ea9m c\u1ecf nh\u00e2n t\u1ea1o c\u1ee7a m\u00ecnh kh\u00f4ng?<\/span>\n\t\t<\/a>\n\t\t<div id=\"accordion-851375891-content\" class=\"accordion-inner\" aria-labelledby=\"accordion-851375891-label\">\n\t\t\t\n\n<p>C\u00f3, ch\u00fang t\u00f4i cung c\u1ea5p c\u00e1c t\u00f9y ch\u1ecdn t\u00f9y ch\u1ec9nh v\u1ec1 m\u00e0u s\u1eafc, h\u00ecnh d\u1ea1ng s\u1ee3i, chi\u1ec1u cao c\u1ecdc, m\u1eadt \u0111\u1ed9 v\u00e0 l\u1edbp l\u00f3t. Ch\u00fang t\u00f4i c\u0169ng c\u00f3 th\u1ec3 s\u1ea3n xu\u1ea5t theo m\u1ed9t m\u1eabu \u0111\u01b0\u1ee3c cung c\u1ea5p.<\/p>\n\n\t\t<\/div>\n\t<\/div>\n\t\n\t<div id=\"accordion-1030617597\" class=\"accordion-item\">\n\t\t<a id=\"accordion-1030617597-label\" class=\"accordion-title plain\" href=\"#accordion-item-do-you-have-stock?\" aria-expanded=\"false\" aria-controls=\"accordion-1030617597-content\">\n\t\t\t<button class=\"toggle\" aria-label=\"Chuy\u1ec3n \u0111\u1ed5i\"><i class=\"icon-angle-down\" aria-hidden=\"true\"><\/i><\/button>\n\t\t\t<span>B\u1ea1n c\u00f3 h\u00e0ng kh\u00f4ng?<\/span>\n\t\t<\/a>\n\t\t<div id=\"accordion-1030617597-content\" class=\"accordion-inner\" aria-labelledby=\"accordion-1030617597-label\">\n\t\t\t\n\n<p>Kh\u00f4ng, ch\u00fang t\u00f4i kh\u00f4ng gi\u1eef c\u1ed5 phi\u1ebfu. Ch\u00fang t\u00f4i b\u1eaft \u0111\u1ea7u s\u1ea3n xu\u1ea5t d\u1ef1a tr\u00ean c\u00e1c \u0111\u01a1n \u0111\u1eb7t h\u00e0ng c\u1ee5 th\u1ec3.<\/p>\n\n\t\t<\/div>\n\t<\/div>\n\t\n\t<div id=\"accordion-3270232108\" class=\"accordion-item\">\n\t\t<a id=\"accordion-3270232108-label\" class=\"accordion-title plain\" href=\"#accordion-item-what-is-your-moq?\" aria-expanded=\"false\" aria-controls=\"accordion-3270232108-content\">\n\t\t\t<button class=\"toggle\" aria-label=\"Chuy\u1ec3n \u0111\u1ed5i\"><i class=\"icon-angle-down\" aria-hidden=\"true\"><\/i><\/button>\n\t\t\t<span>Moq c\u1ee7a b\u1ea1n l\u00e0 g\u00ec?<\/span>\n\t\t<\/a>\n\t\t<div id=\"accordion-3270232108-content\" class=\"accordion-inner\" aria-labelledby=\"accordion-3270232108-label\">\n\t\t\t\n\n<p>\u0110\u1ed1i v\u1edbi h\u1ea7u h\u1ebft c\u1ecf nh\u00e2n t\u1ea1o, s\u1ed1 l\u01b0\u1ee3ng \u0111\u1eb7t h\u00e0ng t\u1ed1i thi\u1ec3u (MOQ) c\u1ee7a ch\u00fang t\u00f4i l\u00e0 500 m\u00e9t vu\u00f4ng. \u0110\u1ed1i v\u1edbi m\u1ed9t s\u1ed1 s\u1ea3n ph\u1ea9m c\u00f3 tr\u1ecdng l\u01b0\u1ee3ng nh\u1eb9, MOQ l\u00e0 800 m\u00e9t vu\u00f4ng.<\/p>\n\n\t\t<\/div>\n\t<\/div>\n\t\n\t<div id=\"accordion-1601379380\" class=\"accordion-item\">\n\t\t<a id=\"accordion-1601379380-label\" class=\"accordion-title plain\" href=\"#accordion-item-what-are-the-width-and-length-options-for-artificial-grass?\" aria-expanded=\"false\" aria-controls=\"accordion-1601379380-content\">\n\t\t\t<button class=\"toggle\" aria-label=\"Chuy\u1ec3n \u0111\u1ed5i\"><i class=\"icon-angle-down\" aria-hidden=\"true\"><\/i><\/button>\n\t\t\t<span>C\u00e1c t\u00f9y ch\u1ecdn chi\u1ec1u r\u1ed9ng v\u00e0 chi\u1ec1u d\u00e0i cho c\u1ecf nh\u00e2n t\u1ea1o l\u00e0 g\u00ec?<\/span>\n\t\t<\/a>\n\t\t<div id=\"accordion-1601379380-content\" class=\"accordion-inner\" aria-labelledby=\"accordion-1601379380-label\">\n\t\t\t\n\n<p>C\u00e1c t\u00f9y ch\u1ecdn chi\u1ec1u r\u1ed9ng ph\u1ed5 bi\u1ebfn c\u1ee7a ch\u00fang t\u00f4i l\u00e0 2m, 3,75m, 3,95m, 4m v\u00e0 5m. \u0110\u1ed9 d\u00e0i c\u00f3 th\u1ec3 \u0111\u01b0\u1ee3c t\u00f9y ch\u1ec9nh theo y\u00eau c\u1ea7u d\u1ef1 \u00e1n c\u1ee5 th\u1ec3 c\u1ee7a b\u1ea1n. Theo m\u1eb7c \u0111\u1ecbnh, ch\u00fang t\u00f4i k\u1ebft h\u1ee3p c\u1ecf r\u1ed9ng 4m v\u00e0 c\u1ecf r\u1ed9ng 2m v\u1edbi nhau \u0111\u1ec3 t\u1ed1i \u01b0u h\u00f3a kh\u00f4ng gian ch\u1ee9a.<\/p>\n\n\t\t<\/div>\n\t<\/div>\n\t\n\t<div id=\"accordion-611495187\" class=\"accordion-item\">\n\t\t<a id=\"accordion-611495187-label\" class=\"accordion-title plain\" href=\"#accordion-item-what-information-do-you-need-to-provide-the-landed-cost-for-international-customers?\" aria-expanded=\"false\" aria-controls=\"accordion-611495187-content\">\n\t\t\t<button class=\"toggle\" aria-label=\"Chuy\u1ec3n \u0111\u1ed5i\"><i class=\"icon-angle-down\" aria-hidden=\"true\"><\/i><\/button>\n\t\t\t<span>B\u1ea1n c\u1ea7n th\u00f4ng tin g\u00ec \u0111\u1ec3 cung c\u1ea5p chi ph\u00ed h\u1ea1 c\u00e1nh cho kh\u00e1ch h\u00e0ng qu\u1ed1c t\u1ebf?<\/span>\n\t\t<\/a>\n\t\t<div id=\"accordion-611495187-content\" class=\"accordion-inner\" aria-labelledby=\"accordion-611495187-label\">\n\t\t\t\n\n<p>\u0110\u1ec3 cung c\u1ea5p chi ph\u00ed h\u1ea1 c\u00e1nh, ch\u00fang t\u00f4i y\u00eau c\u1ea7u th\u00f4ng tin v\u1ec1 chi ti\u1ebft s\u1ea3n ph\u1ea9m, s\u1ed1 l\u01b0\u1ee3ng v\u00e0 c\u1ea3ng bi\u1ec3n \u0111\u00edch.<\/p>\n\n\t\t<\/div>\n\t<\/div>\n\t\n\n<\/div>\n\n\t\t<\/div>\n\t\t\t\t\t<\/div>\n\n\t\n\n\n<style>\n#row-726989769 > .col > .col-inner {\n  padding: 0px 0px 0px 0px;\n}\n@media (min-width:550px) {\n  #row-726989769 > .col > .col-inner {\n    padding: 30px 30px 30px 30px;\n  }\n}\n<\/style>\n<\/div>\n\n\t\t<\/div>\n\n\t\t\n<style>\n#section_1675276951 {\n  padding-top: 60px;\n  padding-bottom: 60px;\n}\n<\/style>\n\t<\/section>\n\t\n<div class=\"row align-center\"  id=\"row-1222334420\">\n\n\n\t<div id=\"col-24705024\" class=\"col medium-4 large-4\"  >\n\t\t\t\t<div class=\"col-inner\"  >\n\t\t\t\n\t<div class=\"is-border\"\n\t\tstyle=\"border-width:0px 0px 0px 0px;\">\n\t<\/div>\n\t\t\t\n\n\n\t\t<div class=\"icon-box featured-box icon-box-center text-center\"  style=\"margin:0px 0px 0px 0px;\">\n\t\t\t\t\t<div class=\"icon-box-img has-icon-bg\" style=\"width: 100px\">\n\t\t\t\t<div class=\"icon\">\n\t\t\t\t\t<div class=\"icon-inner\" style=\"border-width:2px;color:rgba(47, 159, 18, 0.88);\">\n\t\t\t\t\t\t<img loading=\"lazy\" decoding=\"async\" width=\"100\" height=\"100\" src=\"https:\/\/arturf.com\/wp-content\/uploads\/2018\/06\/Icon-Good-quality.png\" class=\"attachment-medium size-medium\" alt=\"S\u00e2n t\u1eadp golf, \u0110a m\u00f4n th\u1ec3 thao\" srcset=\"https:\/\/arturf.com\/wp-content\/uploads\/2018\/06\/Icon-Good-quality.png 100w, https:\/\/arturf.com\/wp-content\/uploads\/2018\/06\/Icon-Good-quality-12x12.png 12w\" sizes=\"auto, (max-width: 100px) 100vw, 100px\" \/>\t\t\t\t\t<\/div>\n\t\t\t\t<\/div>\n\t\t\t<\/div>\n\t\t\t\t<div class=\"icon-box-text last-reset\">\n\t\t\t<h5 class=\"uppercase\">Ch\u1ea5t l\u01b0\u1ee3ng \u0111\u00e3 \u0111\u01b0\u1ee3c ch\u1ee9ng minh<\/h5>\t\t\t\t\t\t\n\n<p>C\u1ecf nh\u00e2n t\u1ea1o cao c\u1ea5p c\u00f3 kh\u1ea3 n\u0103ng ch\u1ed1ng tia c\u1ef1c t\u00edm v\u00e0 m\u00e0i m\u00f2n. B\u1ea3o h\u00e0nh v\u1eefng ch\u1eafc \u0111\u1ea3m b\u1ea3o s\u1ef1 h\u00e0i l\u00f2ng l\u00e2u d\u00e0i.<\/p>\n\n\t\t<\/div>\n\t<\/div>\n\t\n\t\n\n\t\t<\/div>\n\t\t\t\t\t<\/div>\n\n\t\n\n\t<div id=\"col-813905006\" class=\"col medium-4 large-4\"  >\n\t\t\t\t<div class=\"col-inner\"  >\n\t\t\t\n\t<div class=\"is-border\"\n\t\tstyle=\"border-width:0px 0px 0px 0px;\">\n\t<\/div>\n\t\t\t\n\n\n\t\t<div class=\"icon-box featured-box icon-box-center text-center\"  style=\"margin:0px 0px 0px 0px;\">\n\t\t\t\t\t<div class=\"icon-box-img has-icon-bg\" style=\"width: 100px\">\n\t\t\t\t<div class=\"icon\">\n\t\t\t\t\t<div class=\"icon-inner\" style=\"border-width:2px;color:rgba(47, 159, 18, 0.88);\">\n\t\t\t\t\t\t<img loading=\"lazy\" decoding=\"async\" width=\"100\" height=\"100\" src=\"https:\/\/arturf.com\/wp-content\/uploads\/2018\/06\/Icon-Good-price.png\" class=\"attachment-medium size-medium\" alt=\"S\u00e2n t\u1eadp golf, \u0110a m\u00f4n th\u1ec3 thao\" srcset=\"https:\/\/arturf.com\/wp-content\/uploads\/2018\/06\/Icon-Good-price.png 100w, https:\/\/arturf.com\/wp-content\/uploads\/2018\/06\/Icon-Good-price-12x12.png 12w\" sizes=\"auto, (max-width: 100px) 100vw, 100px\" \/>\t\t\t\t\t<\/div>\n\t\t\t\t<\/div>\n\t\t\t<\/div>\n\t\t\t\t<div class=\"icon-box-text last-reset\">\n\t\t\t<h5 class=\"uppercase\">Gi\u00e1 c\u1ea3 c\u1ea1nh tranh<\/h5>\t\t\t\t\t\t\n\n<p>Ch\u00fang t\u00f4i cung c\u1ea5p gi\u00e1 c\u1ea3 c\u1ea1nh tranh, th\u00fac \u0111\u1ea9y s\u1ef1 ph\u00e1t tri\u1ec3n chung v\u00e0 th\u00e0nh c\u00f4ng l\u00e2u d\u00e0i v\u1edbi c\u00e1c \u0111\u1ea1i l\u00fd \u0111\u00e1ng k\u00ednh c\u1ee7a ch\u00fang t\u00f4i.<\/p>\n\n\t\t<\/div>\n\t<\/div>\n\t\n\t\n\n\t\t<\/div>\n\t\t\t\t\t<\/div>\n\n\t\n\n\t<div id=\"col-35449755\" class=\"col medium-4 large-4\"  >\n\t\t\t\t<div class=\"col-inner\"  >\n\t\t\t\n\t<div class=\"is-border\"\n\t\tstyle=\"border-width:0px 0px 0px 0px;\">\n\t<\/div>\n\t\t\t\n\n\n\t\t<div class=\"icon-box featured-box icon-box-center text-center\"  style=\"margin:0px 0px 0px 0px;\">\n\t\t\t\t\t<div class=\"icon-box-img has-icon-bg\" style=\"width: 100px\">\n\t\t\t\t<div class=\"icon\">\n\t\t\t\t\t<div class=\"icon-inner\" style=\"border-width:2px;color:rgba(47, 159, 18, 0.88);\">\n\t\t\t\t\t\t<img loading=\"lazy\" decoding=\"async\" width=\"100\" height=\"100\" src=\"https:\/\/arturf.com\/wp-content\/uploads\/2018\/06\/Icon-tailor-made.png\" class=\"attachment-medium size-medium\" alt=\"S\u00e2n t\u1eadp golf, \u0110a m\u00f4n th\u1ec3 thao\" srcset=\"https:\/\/arturf.com\/wp-content\/uploads\/2018\/06\/Icon-tailor-made.png 100w, https:\/\/arturf.com\/wp-content\/uploads\/2018\/06\/Icon-tailor-made-12x12.png 12w\" sizes=\"auto, (max-width: 100px) 100vw, 100px\" \/>\t\t\t\t\t<\/div>\n\t\t\t\t<\/div>\n\t\t\t<\/div>\n\t\t\t\t<div class=\"icon-box-text last-reset\">\n\t\t\t<h5 class=\"uppercase\">Gi\u1ea3i ph\u00e1p t\u00f9y ch\u1ec9nh<\/h5>\t\t\t\t\t\t\n\n<p>Khai ph\u00e1 ti\u1ec1m n\u0103ng th\u1ecb tr\u01b0\u1eddng v\u1edbi c\u00e1c l\u1ef1a ch\u1ecdn c\u1ecf nh\u00e2n t\u1ea1o \u0111a d\u1ea1ng. <a href=\"https:\/\/arturf.com\/vi\/buyers-guide\/customized-artificial-grass-products\/\">Ph\u00f9 h\u1ee3p v\u1edbi nhu c\u1ea7u ho\u1eb7c m\u1eabu \u0111\u1ed9c \u0111\u00e1o<\/a>.<\/p>\n\n\t\t<\/div>\n\t<\/div>\n\t\n\t\n\n\t\t<\/div>\n\t\t\t\t\t<\/div>\n\n\t\n\n<\/div>","protected":false},"excerpt":{"rendered":"<p>Flex l\u00e0 lo\u1ea1i c\u1ecf nh\u00e2n t\u1ea1o ch\u1ea5t l\u01b0\u1ee3ng cao \u0111\u01b0\u1ee3c thi\u1ebft k\u1ebf d\u00e0nh ri\u00eang cho c\u00e1c khu v\u1ef1c s\u00e2n c\u1ecf v\u00e0 th\u1ec3 thao \u0111a n\u0103ng. Lo\u1ea1i c\u1ecf m\u1eadt \u0111\u1ed9 cao n\u00e0y c\u00f3 s\u1ee3i monofilament c\u00f3 k\u1ebft c\u1ea5u, khi\u1ebfn n\u00f3 tr\u1edf n\u00ean ho\u00e0n h\u1ea3o \u0111\u1ec3 t\u1ea1o ra m\u1ed9t b\u1ec1 m\u1eb7t g\u1ea1t b\u00f3ng chuy\u00ean nghi\u1ec7p v\u00e0 h\u1ed7 tr\u1ee3 c\u00e1c ho\u1ea1t \u0111\u1ed9ng th\u1ec3 thao kh\u00e1c nhau.<\/p>","protected":false},"featured_media":13734,"template":"","meta":{"_seopress_robots_primary_cat":"69","_seopress_titles_title":"Flex - Premium Putting Green & Multi-Sport Turf","_seopress_titles_desc":"Flex artificial turf delivers professional putting green performance. High-density texturized yarn perfect for golf, cricket, padel & tennis. 10-18mm pile.","_seopress_robots_index":""},"product_brand":[],"product_cat":[65,68,69],"product_tag":[],"class_list":{"0":"post-6519","1":"product","2":"type-product","3":"status-publish","4":"has-post-thumbnail","6":"product_cat-golf","7":"product_cat-tennis","8":"product_cat-multi-purpose","10":"first","11":"instock","12":"shipping-taxable","13":"product-type-simple"},"_links":{"self":[{"href":"https:\/\/arturf.com\/vi\/wp-json\/wp\/v2\/product\/6519","targetHints":{"allow":["GET"]}}],"collection":[{"href":"https:\/\/arturf.com\/vi\/wp-json\/wp\/v2\/product"}],"about":[{"href":"https:\/\/arturf.com\/vi\/wp-json\/wp\/v2\/types\/product"}],"wp:featuredmedia":[{"embeddable":true,"href":"https:\/\/arturf.com\/vi\/wp-json\/wp\/v2\/media\/13734"}],"wp:attachment":[{"href":"https:\/\/arturf.com\/vi\/wp-json\/wp\/v2\/media?parent=6519"}],"wp:term":[{"taxonomy":"product_brand","embeddable":true,"href":"https:\/\/arturf.com\/vi\/wp-json\/wp\/v2\/product_brand?post=6519"},{"taxonomy":"product_cat","embeddable":true,"href":"https:\/\/arturf.com\/vi\/wp-json\/wp\/v2\/product_cat?post=6519"},{"taxonomy":"product_tag","embeddable":true,"href":"https:\/\/arturf.com\/vi\/wp-json\/wp\/v2\/product_tag?post=6519"}],"curies":[{"name":"wp","href":"https:\/\/api.w.org\/{rel}","templated":true}]}}