{"id":6520,"date":"2011-05-18T01:44:47","date_gmt":"2011-05-18T01:44:47","guid":{"rendered":"https:\/\/arturf.com\/?post_type=product&#038;p=6520"},"modified":"2019-06-25T01:30:28","modified_gmt":"2019-06-25T01:30:28","slug":"ultimate-portable-green","status":"publish","type":"product","link":"https:\/\/arturf.com\/vi\/product\/ultimate-portable-green\/","title":{"rendered":"M\u00e0u xanh l\u00e1 c\u00e2y di \u0111\u1ed9ng cu\u1ed1i c\u00f9ng"},"content":{"rendered":"<p>M\u1ecdi ng\u01b0\u1eddi ch\u01a1i g\u00f4n gi\u1ecfi \u0111\u1ec1u bi\u1ebft r\u1eb1ng c\u00e1ch s\u1ed1 m\u1ed9t \u0111\u1ec3 gi\u1ea3m \u0111i\u1ec3m \u0111\u00e1nh g\u00f4n c\u1ee7a b\u1ea1n l\u00e0 luy\u1ec7n t\u1eadp. ARTURF Portable Putting Greens l\u00e0 m\u1ed9t tr\u1ee3 th\u1ee7 \u0111\u1eafc l\u1ef1c gi\u00fap b\u1ea1n c\u1ea3i thi\u1ec7n k\u1ef9 n\u0103ng \u0111\u1eb7t. C\u00e1c gi\u00e0n tr\u1ed3ng c\u00e2y di \u0111\u1ed9ng c\u1ee7a ch\u00fang t\u00f4i \u0111\u00e3 \u0111\u01b0\u1ee3c thi\u1ebft k\u1ebf c\u1ea9n th\u1eadn \u0111\u1ec3 ch\u00fang c\u00f3 th\u1ec3 \u0111\u01b0\u1ee3c \u0111\u1eb7t trong b\u1ea5t k\u1ef3 ph\u00f2ng n\u00e0o trong nh\u00e0 c\u1ee7a b\u1ea1n trong nh\u1eefng th\u00e1ng m\u00f9a \u0111\u00f4ng v\u00e0 sau \u0111\u00f3 \u1edf ngo\u00e0i s\u00e2n c\u1ee7a b\u1ea1n v\u00e0o m\u00f9a h\u00e8. ARTURF Ultimate Portable Golf Putting Green kh\u00e1 ph\u00f9 h\u1ee3p cho c\u1ea3 hai <strong>s\u1eed d\u1ee5ng ngo\u00e0i tr\u1eddi v\u00e0 trong nh\u00e0. Di \u0111\u1ed9ng v\u00e0 d\u1ec5 c\u00e0i \u0111\u1eb7t; ch\u1ec9 c\u1ea7n gi\u1ea3i n\u00e9n v\u00e0 ch\u01a1i.<\/strong><\/p>\n<p><strong>L\u1eddi ch\u00e0o m\u1eebng c\u1ea7m tay \u0111\u01b0\u1ee3c thi\u1ebft k\u1ebf v\u1edbi t\u1ea5t c\u1ea3 c\u00e1c ch\u1ee9c n\u0103ng<\/strong><br \/>C\u00e1c gi\u00e0n xanh di \u0111\u1ed9ng \u0111\u00f3ng g\u00f3i s\u1eb5n \u0111\u01b0\u1ee3c thi\u1ebft k\u1ebf \u0111\u1ec3 cung c\u1ea5p cho b\u1ea1n t\u1ea5t c\u1ea3 c\u00e1c ch\u1ee9c n\u0103ng c\u1ee7a m\u1ed9t b\u00e3i c\u1ecf truy\u1ec1n th\u1ed1ng trong s\u1ef1 tho\u1ea3i m\u00e1i v\u00e0 \u1ea5m \u00e1p trong ng\u00f4i nh\u00e0 ho\u1eb7c v\u0103n ph\u00f2ng c\u1ee7a ch\u00ednh b\u1ea1n. B\u1ea1n s\u1ebd th\u1ea5y nh\u1eefng gi\u00e0n tr\u1ed3ng di \u0111\u1ed9ng trong nh\u00e0 \/ ngo\u00e0i tr\u1eddi c\u1ee7a ch\u00fang t\u00f4i v\u1eeba \u0111\u1eb9p v\u1eeba th\u1ef1c t\u1ebf \u0111\u1ebfn kh\u00f3 tin.<\/p>\n<p>Nh\u1eefng t\u1ea5m l\u00e1 ch\u00e0o b\u00f3ng c\u1ea7m tay c\u1ee7a ch\u00fang t\u00f4i \u0111\u01b0\u1ee3c thi\u1ebft k\u1ebf b\u1edfi nh\u1eefng ng\u01b0\u1eddi ch\u01a1i g\u00f4n d\u00e0nh cho nh\u1eefng ng\u01b0\u1eddi ch\u01a1i g\u00f4n v\u1edbi m\u1ee5c \u0111\u00edch t\u1ea1o ra m\u1ed9t m\u00f4i tr\u01b0\u1eddng th\u1ef1c h\u00e0nh c\u00fa \u0111\u00e1nh b\u00f3ng t\u1ed1t nh\u1ea5t hi\u1ec7n c\u00f3 m\u00e0 kh\u00f4ng l\u00e3ng ph\u00ed di\u1ec7n t\u00edch vu\u00f4ng m\u00e0 b\u1ea1n s\u1ebd ph\u1ea3i tr\u1ea3 v\u00e0 th\u00eam \u00edt gi\u00e1 tr\u1ecb th\u1ef1c t\u1ebf.<\/p>\n<p>B\u00e2y gi\u1edd b\u1ea1n c\u00f3 th\u1ec3 \u0111\u1ebfn s\u00e2n g\u00f4n \u1edf b\u1ea5t c\u1ee9 \u0111\u00e2u b\u1ea1n \u0111i du l\u1ecbch! Th\u1ef1c t\u1ebf v\u00e0 th\u00e1ch th\u1ee9c h\u01a1n l\u00e0 nh\u1eafm m\u1ed9t qu\u1ea3 b\u00f3ng v\u00e0o ly u\u1ed1ng n\u01b0\u1edbc tr\u00ean th\u1ea3m.<\/p>\n<p><strong>\u0110\u1eb7c tr\u01b0ng:<\/strong><\/p>\n<ul>\n<li class=\"bullet-arrow\"><strong>K\u00edch th\u01b0\u1edbc: <\/strong><strong>1,5m * 3,0m \/ 3,5m,\u00a0<\/strong>\u00a0\u0111\u1ee7 l\u1edbn cho m\u1ed9t c\u00fa g\u1ea1t b\u00f3ng l\u1eaft l\u00e9o, nh\u01b0ng nh\u1ecf g\u1ecdn \u0111\u1ec3 ch\u01a1i \u1edf h\u1ea7u h\u1ebft m\u1ecdi n\u01a1i. K\u00edch th\u01b0\u1edbc \u0111\u1eb7c bi\u1ec7t c\u00f3 th\u1ec3 \u0111\u01b0\u1ee3c t\u00f9y ch\u1ec9nh.<\/li>\n<li class=\"bullet-arrow\">Ch\u1ee9c n\u0103ng cao nh\u1ea5t v\u00e0 l\u1ed7 g\u00f4n t\u1ed5ng h\u1ee3p th\u1ef1c t\u1ebf nh\u1ea5t<\/li>\n<li class=\"bullet-arrow\"><strong>Nguy\u00ean v\u1eadt li\u1ec7u:<\/strong> Polyethylene k\u1ebft c\u1ea5u v\u1edbi Monofilament Polyethylene Fringe<\/li>\n<li class=\"bullet-arrow\"><strong>S\u1ef1 b\u1ea3o \u0111\u1ea3m:<\/strong> B\u1ea3o h\u00e0nh 8 n\u0103m<\/li>\n<li class=\"bullet-arrow\">Khu tr\u1ed3ng c\u00e2y xanh trong nh\u00e0 c\u00f3 gi\u00e1 tr\u1ecb t\u1ed1t nh\u1ea5t tr\u00ean th\u1ecb tr\u01b0\u1eddng<\/li>\n<\/ul>\n<p><strong>Nh\u1eefng l\u1ee3i \u00edch:<\/strong><\/p>\n<ul>\n<li class=\"bullet-checkmark bullet-arrow\">\u0110\u01b0\u1ee3c thi\u1ebft k\u1ebf \u0111\u1ec3 c\u00f3 k\u1ebft c\u1ea5u \u0111\u1eb7t ch\u00e2n th\u1ef1c v\u00e0 m\u00f4 ph\u1ecfng th\u00f4.<\/li>\n<li class=\"bullet-checkmark bullet-arrow\">\u0110\u01b0\u1ee3c \u0111\u00f3ng g\u00f3i b\u1eb1ng m\u1ed9t t\u00fai v\u1ea3i d\u1ec7t. R\u1ea5t d\u1ec5 mang theo.<\/li>\n<\/ul>\n<p><img loading=\"lazy\" decoding=\"async\" class=\"alignnone size-full wp-image-3893\" title=\"Ultimate Portable Putting Green\" src=\"https:\/\/arturf.com\/wp-content\/uploads\/2012\/08\/mini-golf.jpg\" alt=\"Xanh l\u00e1 c\u00e2y di \u0111\u1ed9ng\" width=\"600\" height=\"532\" \/><\/p>\n<p>Xin l\u01b0u \u00fd r\u1eb1ng ch\u00fang t\u00f4i kh\u00f4ng khuy\u00ean b\u1ea1n n\u00ean mua ri\u00eang l\u1ebb Ultimate Portable Green v\u00ec v\u1eadn chuy\u1ec3n h\u00e0ng kh\u00f4ng s\u1ebd r\u1ea5t cao, v\u00e0 c\u00f3 th\u1ec3 cao h\u01a1n nhi\u1ec1u so v\u1edbi gi\u00e1 tr\u1ecb c\u1ee7a s\u1ea3n ph\u1ea9m. Ch\u00fang t\u00f4i khuy\u00ean b\u1ea1n n\u00ean \u0111\u1eb7t h\u00e0ng c\u00f9ng v\u1edbi c\u1ecf nh\u00e2n t\u1ea1o v\u00e0 \u0111\u1eb7t Ultimate Portable Green v\u00e0o c\u00f9ng m\u1ed9t th\u00f9ng h\u00e0ng.\u00a0<\/p>\n\n\t<section class=\"section\" id=\"section_765417589\">\n\t\t<div class=\"section-bg fill\" >\n\t\t\t\t\t\t\t\t\t\n\t\t\t\n\n\t\t<\/div>\n\n\t\t\n\n\t\t<div class=\"section-content relative\">\n\t\t\t\n\n<div class=\"row\"  id=\"row-1222549796\">\n\n\n\t<div id=\"col-1551946432\" class=\"col small-12 large-12\"  >\n\t\t\t\t<div class=\"col-inner text-center\"  >\n\t\t\t\n\t\t\t\n\n<h2>c\u00e2u h\u1ecfi th\u01b0\u1eddng g\u1eb7p<\/h2>\n\n\t\t<\/div>\n\t\t\t\t\t<\/div>\n\n\t\n\n<\/div>\n<div class=\"row align-center row-box-shadow-1\"  id=\"row-1983616967\">\n\n\n\t<div id=\"col-1562648690\" class=\"col medium-10 small-12 large-9\"  >\n\t\t\t\t<div class=\"col-inner\" style=\"background-color:rgb(255,255,255);\" >\n\t\t\t\n\t\t\t\n\n<div class=\"accordion\">\n\n\t<div id=\"accordion-134865523\" class=\"accordion-item\">\n\t\t<a id=\"accordion-134865523-label\" class=\"accordion-title plain\" href=\"#accordion-item-can-you-customize-specifications-for-your-artificial-turf-products?\" aria-expanded=\"false\" aria-controls=\"accordion-134865523-content\">\n\t\t\t<button class=\"toggle\" aria-label=\"Chuy\u1ec3n \u0111\u1ed5i\"><i class=\"icon-angle-down\" aria-hidden=\"true\"><\/i><\/button>\n\t\t\t<span>B\u1ea1n c\u00f3 th\u1ec3 t\u00f9y ch\u1ec9nh th\u00f4ng s\u1ed1 k\u1ef9 thu\u1eadt cho c\u00e1c s\u1ea3n ph\u1ea9m c\u1ecf nh\u00e2n t\u1ea1o c\u1ee7a m\u00ecnh kh\u00f4ng?<\/span>\n\t\t<\/a>\n\t\t<div id=\"accordion-134865523-content\" class=\"accordion-inner\" aria-labelledby=\"accordion-134865523-label\">\n\t\t\t\n\n<p>C\u00f3, ch\u00fang t\u00f4i cung c\u1ea5p c\u00e1c t\u00f9y ch\u1ecdn t\u00f9y ch\u1ec9nh v\u1ec1 m\u00e0u s\u1eafc, h\u00ecnh d\u1ea1ng s\u1ee3i, chi\u1ec1u cao c\u1ecdc, m\u1eadt \u0111\u1ed9 v\u00e0 l\u1edbp l\u00f3t. Ch\u00fang t\u00f4i c\u0169ng c\u00f3 th\u1ec3 s\u1ea3n xu\u1ea5t theo m\u1ed9t m\u1eabu \u0111\u01b0\u1ee3c cung c\u1ea5p.<\/p>\n\n\t\t<\/div>\n\t<\/div>\n\t\n\t<div id=\"accordion-3487816368\" class=\"accordion-item\">\n\t\t<a id=\"accordion-3487816368-label\" class=\"accordion-title plain\" href=\"#accordion-item-do-you-have-stock?\" aria-expanded=\"false\" aria-controls=\"accordion-3487816368-content\">\n\t\t\t<button class=\"toggle\" aria-label=\"Chuy\u1ec3n \u0111\u1ed5i\"><i class=\"icon-angle-down\" aria-hidden=\"true\"><\/i><\/button>\n\t\t\t<span>B\u1ea1n c\u00f3 h\u00e0ng kh\u00f4ng?<\/span>\n\t\t<\/a>\n\t\t<div id=\"accordion-3487816368-content\" class=\"accordion-inner\" aria-labelledby=\"accordion-3487816368-label\">\n\t\t\t\n\n<p>Kh\u00f4ng, ch\u00fang t\u00f4i kh\u00f4ng gi\u1eef c\u1ed5 phi\u1ebfu. Ch\u00fang t\u00f4i b\u1eaft \u0111\u1ea7u s\u1ea3n xu\u1ea5t d\u1ef1a tr\u00ean c\u00e1c \u0111\u01a1n \u0111\u1eb7t h\u00e0ng c\u1ee5 th\u1ec3.<\/p>\n\n\t\t<\/div>\n\t<\/div>\n\t\n\t<div id=\"accordion-2424627632\" class=\"accordion-item\">\n\t\t<a id=\"accordion-2424627632-label\" class=\"accordion-title plain\" href=\"#accordion-item-what-is-your-moq?\" aria-expanded=\"false\" aria-controls=\"accordion-2424627632-content\">\n\t\t\t<button class=\"toggle\" aria-label=\"Chuy\u1ec3n \u0111\u1ed5i\"><i class=\"icon-angle-down\" aria-hidden=\"true\"><\/i><\/button>\n\t\t\t<span>Moq c\u1ee7a b\u1ea1n l\u00e0 g\u00ec?<\/span>\n\t\t<\/a>\n\t\t<div id=\"accordion-2424627632-content\" class=\"accordion-inner\" aria-labelledby=\"accordion-2424627632-label\">\n\t\t\t\n\n<p>\u0110\u1ed1i v\u1edbi h\u1ea7u h\u1ebft c\u1ecf nh\u00e2n t\u1ea1o, s\u1ed1 l\u01b0\u1ee3ng \u0111\u1eb7t h\u00e0ng t\u1ed1i thi\u1ec3u (MOQ) c\u1ee7a ch\u00fang t\u00f4i l\u00e0 500 m\u00e9t vu\u00f4ng. \u0110\u1ed1i v\u1edbi m\u1ed9t s\u1ed1 s\u1ea3n ph\u1ea9m c\u00f3 tr\u1ecdng l\u01b0\u1ee3ng nh\u1eb9, MOQ l\u00e0 800 m\u00e9t vu\u00f4ng.<\/p>\n\n\t\t<\/div>\n\t<\/div>\n\t\n\t<div id=\"accordion-321210526\" class=\"accordion-item\">\n\t\t<a id=\"accordion-321210526-label\" class=\"accordion-title plain\" href=\"#accordion-item-what-are-the-width-and-length-options-for-artificial-grass?\" aria-expanded=\"false\" aria-controls=\"accordion-321210526-content\">\n\t\t\t<button class=\"toggle\" aria-label=\"Chuy\u1ec3n \u0111\u1ed5i\"><i class=\"icon-angle-down\" aria-hidden=\"true\"><\/i><\/button>\n\t\t\t<span>C\u00e1c t\u00f9y ch\u1ecdn chi\u1ec1u r\u1ed9ng v\u00e0 chi\u1ec1u d\u00e0i cho c\u1ecf nh\u00e2n t\u1ea1o l\u00e0 g\u00ec?<\/span>\n\t\t<\/a>\n\t\t<div id=\"accordion-321210526-content\" class=\"accordion-inner\" aria-labelledby=\"accordion-321210526-label\">\n\t\t\t\n\n<p>C\u00e1c t\u00f9y ch\u1ecdn chi\u1ec1u r\u1ed9ng ph\u1ed5 bi\u1ebfn c\u1ee7a ch\u00fang t\u00f4i l\u00e0 2m, 3,75m, 3,95m, 4m v\u00e0 5m. \u0110\u1ed9 d\u00e0i c\u00f3 th\u1ec3 \u0111\u01b0\u1ee3c t\u00f9y ch\u1ec9nh theo y\u00eau c\u1ea7u d\u1ef1 \u00e1n c\u1ee5 th\u1ec3 c\u1ee7a b\u1ea1n. Theo m\u1eb7c \u0111\u1ecbnh, ch\u00fang t\u00f4i k\u1ebft h\u1ee3p c\u1ecf r\u1ed9ng 4m v\u00e0 c\u1ecf r\u1ed9ng 2m v\u1edbi nhau \u0111\u1ec3 t\u1ed1i \u01b0u h\u00f3a kh\u00f4ng gian ch\u1ee9a.<\/p>\n\n\t\t<\/div>\n\t<\/div>\n\t\n\t<div id=\"accordion-838943218\" class=\"accordion-item\">\n\t\t<a id=\"accordion-838943218-label\" class=\"accordion-title plain\" href=\"#accordion-item-what-information-do-you-need-to-provide-the-landed-cost-for-international-customers?\" aria-expanded=\"false\" aria-controls=\"accordion-838943218-content\">\n\t\t\t<button class=\"toggle\" aria-label=\"Chuy\u1ec3n \u0111\u1ed5i\"><i class=\"icon-angle-down\" aria-hidden=\"true\"><\/i><\/button>\n\t\t\t<span>B\u1ea1n c\u1ea7n th\u00f4ng tin g\u00ec \u0111\u1ec3 cung c\u1ea5p chi ph\u00ed h\u1ea1 c\u00e1nh cho kh\u00e1ch h\u00e0ng qu\u1ed1c t\u1ebf?<\/span>\n\t\t<\/a>\n\t\t<div id=\"accordion-838943218-content\" class=\"accordion-inner\" aria-labelledby=\"accordion-838943218-label\">\n\t\t\t\n\n<p>\u0110\u1ec3 cung c\u1ea5p chi ph\u00ed h\u1ea1 c\u00e1nh, ch\u00fang t\u00f4i y\u00eau c\u1ea7u th\u00f4ng tin v\u1ec1 chi ti\u1ebft s\u1ea3n ph\u1ea9m, s\u1ed1 l\u01b0\u1ee3ng v\u00e0 c\u1ea3ng bi\u1ec3n \u0111\u00edch.<\/p>\n\n\t\t<\/div>\n\t<\/div>\n\t\n\n<\/div>\n\n\t\t<\/div>\n\t\t\t\t\t<\/div>\n\n\t\n\n\n<style>\n#row-1983616967 > .col > .col-inner {\n  padding: 0px 0px 0px 0px;\n}\n@media (min-width:550px) {\n  #row-1983616967 > .col > .col-inner {\n    padding: 30px 30px 30px 30px;\n  }\n}\n<\/style>\n<\/div>\n\n\t\t<\/div>\n\n\t\t\n<style>\n#section_765417589 {\n  padding-top: 60px;\n  padding-bottom: 60px;\n}\n<\/style>\n\t<\/section>\n\t\n<div class=\"row align-center\"  id=\"row-604412377\">\n\n\n\t<div id=\"col-91438340\" class=\"col medium-4 large-4\"  >\n\t\t\t\t<div class=\"col-inner\"  >\n\t\t\t\n\t<div class=\"is-border\"\n\t\tstyle=\"border-width:0px 0px 0px 0px;\">\n\t<\/div>\n\t\t\t\n\n\n\t\t<div class=\"icon-box featured-box icon-box-center text-center\"  style=\"margin:0px 0px 0px 0px;\">\n\t\t\t\t\t<div class=\"icon-box-img has-icon-bg\" style=\"width: 100px\">\n\t\t\t\t<div class=\"icon\">\n\t\t\t\t\t<div class=\"icon-inner\" style=\"border-width:2px;color:rgba(47, 159, 18, 0.88);\">\n\t\t\t\t\t\t<img loading=\"lazy\" decoding=\"async\" width=\"100\" height=\"100\" src=\"https:\/\/arturf.com\/wp-content\/uploads\/2018\/06\/Icon-Good-quality.png\" class=\"attachment-medium size-medium\" alt=\"\" srcset=\"https:\/\/arturf.com\/wp-content\/uploads\/2018\/06\/Icon-Good-quality.png 100w, https:\/\/arturf.com\/wp-content\/uploads\/2018\/06\/Icon-Good-quality-12x12.png 12w\" sizes=\"auto, (max-width: 100px) 100vw, 100px\" \/>\t\t\t\t\t<\/div>\n\t\t\t\t<\/div>\n\t\t\t<\/div>\n\t\t\t\t<div class=\"icon-box-text last-reset\">\n\t\t\t<h5 class=\"uppercase\">Ch\u1ea5t l\u01b0\u1ee3ng \u0111\u00e3 \u0111\u01b0\u1ee3c ch\u1ee9ng minh<\/h5>\t\t\t\t\t\t\n\n<p>C\u1ecf nh\u00e2n t\u1ea1o cao c\u1ea5p c\u00f3 kh\u1ea3 n\u0103ng ch\u1ed1ng tia c\u1ef1c t\u00edm v\u00e0 m\u00e0i m\u00f2n. B\u1ea3o h\u00e0nh v\u1eefng ch\u1eafc \u0111\u1ea3m b\u1ea3o s\u1ef1 h\u00e0i l\u00f2ng l\u00e2u d\u00e0i.<\/p>\n\n\t\t<\/div>\n\t<\/div>\n\t\n\t\n\n\t\t<\/div>\n\t\t\t\t\t<\/div>\n\n\t\n\n\t<div id=\"col-1069304763\" class=\"col medium-4 large-4\"  >\n\t\t\t\t<div class=\"col-inner\"  >\n\t\t\t\n\t<div class=\"is-border\"\n\t\tstyle=\"border-width:0px 0px 0px 0px;\">\n\t<\/div>\n\t\t\t\n\n\n\t\t<div class=\"icon-box featured-box icon-box-center text-center\"  style=\"margin:0px 0px 0px 0px;\">\n\t\t\t\t\t<div class=\"icon-box-img has-icon-bg\" style=\"width: 100px\">\n\t\t\t\t<div class=\"icon\">\n\t\t\t\t\t<div class=\"icon-inner\" style=\"border-width:2px;color:rgba(47, 159, 18, 0.88);\">\n\t\t\t\t\t\t<img loading=\"lazy\" decoding=\"async\" width=\"100\" height=\"100\" src=\"https:\/\/arturf.com\/wp-content\/uploads\/2018\/06\/Icon-Good-price.png\" class=\"attachment-medium size-medium\" alt=\"\" srcset=\"https:\/\/arturf.com\/wp-content\/uploads\/2018\/06\/Icon-Good-price.png 100w, https:\/\/arturf.com\/wp-content\/uploads\/2018\/06\/Icon-Good-price-12x12.png 12w\" sizes=\"auto, (max-width: 100px) 100vw, 100px\" \/>\t\t\t\t\t<\/div>\n\t\t\t\t<\/div>\n\t\t\t<\/div>\n\t\t\t\t<div class=\"icon-box-text last-reset\">\n\t\t\t<h5 class=\"uppercase\">Gi\u00e1 c\u1ea3 c\u1ea1nh tranh<\/h5>\t\t\t\t\t\t\n\n<p>Ch\u00fang t\u00f4i cung c\u1ea5p gi\u00e1 c\u1ea3 c\u1ea1nh tranh, th\u00fac \u0111\u1ea9y s\u1ef1 ph\u00e1t tri\u1ec3n chung v\u00e0 th\u00e0nh c\u00f4ng l\u00e2u d\u00e0i v\u1edbi c\u00e1c \u0111\u1ea1i l\u00fd \u0111\u00e1ng k\u00ednh c\u1ee7a ch\u00fang t\u00f4i.<\/p>\n\n\t\t<\/div>\n\t<\/div>\n\t\n\t\n\n\t\t<\/div>\n\t\t\t\t\t<\/div>\n\n\t\n\n\t<div id=\"col-2020006476\" class=\"col medium-4 large-4\"  >\n\t\t\t\t<div class=\"col-inner\"  >\n\t\t\t\n\t<div class=\"is-border\"\n\t\tstyle=\"border-width:0px 0px 0px 0px;\">\n\t<\/div>\n\t\t\t\n\n\n\t\t<div class=\"icon-box featured-box icon-box-center text-center\"  style=\"margin:0px 0px 0px 0px;\">\n\t\t\t\t\t<div class=\"icon-box-img has-icon-bg\" style=\"width: 100px\">\n\t\t\t\t<div class=\"icon\">\n\t\t\t\t\t<div class=\"icon-inner\" style=\"border-width:2px;color:rgba(47, 159, 18, 0.88);\">\n\t\t\t\t\t\t<img loading=\"lazy\" decoding=\"async\" width=\"100\" height=\"100\" src=\"https:\/\/arturf.com\/wp-content\/uploads\/2018\/06\/Icon-tailor-made.png\" class=\"attachment-medium size-medium\" alt=\"\" srcset=\"https:\/\/arturf.com\/wp-content\/uploads\/2018\/06\/Icon-tailor-made.png 100w, https:\/\/arturf.com\/wp-content\/uploads\/2018\/06\/Icon-tailor-made-12x12.png 12w\" sizes=\"auto, (max-width: 100px) 100vw, 100px\" \/>\t\t\t\t\t<\/div>\n\t\t\t\t<\/div>\n\t\t\t<\/div>\n\t\t\t\t<div class=\"icon-box-text last-reset\">\n\t\t\t<h5 class=\"uppercase\">Gi\u1ea3i ph\u00e1p t\u00f9y ch\u1ec9nh<\/h5>\t\t\t\t\t\t\n\n<p>Khai ph\u00e1 ti\u1ec1m n\u0103ng th\u1ecb tr\u01b0\u1eddng v\u1edbi c\u00e1c l\u1ef1a ch\u1ecdn c\u1ecf nh\u00e2n t\u1ea1o \u0111a d\u1ea1ng. <a href=\"https:\/\/arturf.com\/vi\/buyers-guide\/customized-artificial-grass-products\/\">Ph\u00f9 h\u1ee3p v\u1edbi nhu c\u1ea7u ho\u1eb7c m\u1eabu \u0111\u1ed9c \u0111\u00e1o<\/a>.<\/p>\n\n\t\t<\/div>\n\t<\/div>\n\t\n\t\n\n\t\t<\/div>\n\t\t\t\t\t<\/div>\n\n\t\n\n<\/div>","protected":false},"excerpt":{"rendered":"<p>M\u00e0u xanh l\u00e1 c\u00e2y \u0111\u00e1nh g\u00f4n di \u0111\u1ed9ng cu\u1ed1i c\u00f9ng c\u1ee7a ch\u00fang t\u00f4i d\u00e0nh cho ng\u01b0\u1eddi ch\u01a1i g\u00f4n \u1edf m\u1ecdi c\u1ea5p \u0111\u1ed9. \u0110\u00e2y l\u00e0 m\u1ed9t green ch\u1ea5t l\u01b0\u1ee3ng chuy\u00ean nghi\u1ec7p v\u1edbi hai c\u00fap v\u00e0 c\u1edd ghim. C\u00fa \u0111\u00e1nh b\u00f3ng, c\u00fa g\u1ea1t b\u00f3ng d\u00e0i, c\u1ea3m gi\u00e1c ch\u1eafc ch\u1eafn v\u00e0 \u0111\u1ed9 l\u0103n b\u00f3ng th\u1ef1c s\u1ef1 - h\u1ea7u h\u1ebft m\u1ecdi th\u1ee9 b\u1ea1n mong \u0111\u1ee3i t\u1eeb m\u1ed9t khu l\u1ed7 g\u00f4n th\u1ef1c s\u1ef1. Th\u00edch h\u1ee3p cho c\u1ea3 ngo\u00e0i tr\u1eddi v\u00e0\u00a0<strong>s\u1eed d\u1ee5ng trong nh\u00e0. Di \u0111\u1ed9ng v\u00e0 d\u1ec5 c\u00e0i \u0111\u1eb7t; ch\u1ec9 c\u1ea7n gi\u1ea3i n\u00e9n v\u00e0 ch\u01a1i.<\/strong><\/p>","protected":false},"featured_media":3909,"template":"","meta":{"_seopress_robots_primary_cat":"","_seopress_titles_title":"","_seopress_titles_desc":"","_seopress_robots_index":""},"product_brand":[],"product_cat":[65],"product_tag":[],"class_list":{"0":"post-6520","1":"product","2":"type-product","3":"status-publish","4":"has-post-thumbnail","6":"product_cat-golf","8":"first","9":"instock","10":"shipping-taxable","11":"product-type-simple"},"_links":{"self":[{"href":"https:\/\/arturf.com\/vi\/wp-json\/wp\/v2\/product\/6520","targetHints":{"allow":["GET"]}}],"collection":[{"href":"https:\/\/arturf.com\/vi\/wp-json\/wp\/v2\/product"}],"about":[{"href":"https:\/\/arturf.com\/vi\/wp-json\/wp\/v2\/types\/product"}],"wp:featuredmedia":[{"embeddable":true,"href":"https:\/\/arturf.com\/vi\/wp-json\/wp\/v2\/media\/3909"}],"wp:attachment":[{"href":"https:\/\/arturf.com\/vi\/wp-json\/wp\/v2\/media?parent=6520"}],"wp:term":[{"taxonomy":"product_brand","embeddable":true,"href":"https:\/\/arturf.com\/vi\/wp-json\/wp\/v2\/product_brand?post=6520"},{"taxonomy":"product_cat","embeddable":true,"href":"https:\/\/arturf.com\/vi\/wp-json\/wp\/v2\/product_cat?post=6520"},{"taxonomy":"product_tag","embeddable":true,"href":"https:\/\/arturf.com\/vi\/wp-json\/wp\/v2\/product_tag?post=6520"}],"curies":[{"name":"wp","href":"https:\/\/api.w.org\/{rel}","templated":true}]}}