{"id":6521,"date":"2017-05-19T08:13:27","date_gmt":"2017-05-19T08:13:27","guid":{"rendered":"https:\/\/arturf.com\/?post_type=product&#038;p=6521"},"modified":"2019-12-18T02:39:54","modified_gmt":"2019-12-18T02:39:54","slug":"artificial-grass-rubber-infill","status":"publish","type":"product","link":"https:\/\/arturf.com\/vi\/product\/artificial-grass-rubber-infill\/","title":{"rendered":"H\u1ea1t cao su"},"content":{"rendered":"<h2 style=\"text-align: left;\"><strong>T\u1ea1i sao n\u00ean s\u1eed d\u1ee5ng cao su cho s\u00e2n b\u00f3ng \u0111\u00e1?<\/strong><\/h2>\n<ul>\n<li class=\"bullet-checkmark bullet-arrow\" style=\"text-align: left;\">M\u1ed9t l\u1edbp th\u1ea5m \u0111\u01b0\u1ee3c s\u1eed d\u1ee5ng \u0111\u1ec3 c\u1ea3i thi\u1ec7n kh\u1ea3 n\u0103ng ch\u01a1i tr\u00ean c\u1ecf nh\u00e2n t\u1ea1o. Infill cung c\u1ea5p \u0111\u1ed9 b\u00e1m, tr\u01b0\u1ee3t tho\u1ea3i m\u00e1i, \u1ed5n \u0111\u1ecbnh v\u00e0 ph\u1ee5c h\u1ed3i n\u0103ng l\u01b0\u1ee3ng.<\/li>\n<li class=\"bullet-checkmark bullet-arrow\" style=\"text-align: left;\">L\u1edbp \u0111\u1ec7m cao su cho ph\u00e9p c\u00e1c l\u01b0\u1ee1i c\u1ecf t\u1ed5ng h\u1ee3p \u0111\u1ee9ng th\u1eb3ng t\u1ea1o cho c\u1ecf m\u1ed9t v\u1ebb ngo\u00e0i t\u1ef1 nhi\u00ean.<\/li>\n<li class=\"bullet-checkmark bullet-arrow\" style=\"text-align: left;\">Cung c\u1ea5p m\u1ed9t b\u1ec1 m\u1eb7t \u0111\u1ec7m \u0111\u1ec3 ch\u01a1i t\u01b0\u01a1ng t\u1ef1 nh\u01b0 c\u1ecf t\u1ef1 nhi\u00ean.<\/li>\n<li class=\"bullet-checkmark bullet-arrow\" style=\"text-align: left;\">L\u00e0m cho b\u1ec1 m\u1eb7t c\u1ecf nh\u00e2n t\u1ea1o c\u00f3 kh\u1ea3 n\u0103ng ch\u1ecbu \u0111\u01b0\u1ee3c \u00e1p l\u1ef1c cao h\u01a1n b\u00ecnh th\u01b0\u1eddng (B\u1ea3o v\u1ec7 h\u1ec7 th\u1ed1ng c\u1ecf nh\u00e2n t\u1ea1o v\u00e0 l\u00e0m cho n\u00f3 s\u1ed1ng l\u00e2u h\u01a1n)<\/li>\n<\/ul>\n\t<div class=\"img has-hover x md-x lg-x y md-y lg-y\" id=\"image_434574993\">\n\t\t\t\t\t\t\t\t<div class=\"img-inner dark\" >\n\t\t\t<img loading=\"lazy\" decoding=\"async\" width=\"700\" height=\"294\" src=\"https:\/\/arturf.com\/wp-content\/uploads\/2018\/05\/Football-Turf-Infill-System.jpg\" class=\"attachment-large size-large\" alt=\"Kh\u00f4ng \u0111i\u1ec1n v\u00e0o\" srcset=\"https:\/\/arturf.com\/wp-content\/uploads\/2018\/05\/Football-Turf-Infill-System.jpg 700w, https:\/\/arturf.com\/wp-content\/uploads\/2018\/05\/Football-Turf-Infill-System-300x126.jpg 300w, https:\/\/arturf.com\/wp-content\/uploads\/2018\/05\/Football-Turf-Infill-System-18x8.jpg 18w, https:\/\/arturf.com\/wp-content\/uploads\/2018\/05\/Football-Turf-Infill-System-510x214.jpg 510w\" sizes=\"auto, (max-width: 700px) 100vw, 700px\" \/>\t\t\t\t\t\t\n\t\t\t\t\t<\/div>\n\t\t\t\t\t\t\t\t\n<style>\n#image_434574993 {\n  width: 60%;\n}\n<\/style>\n\t<\/div>\n\t\n<h2>Nh\u1eefng lo\u1ea1i cao su b\u1ea1n c\u00f3 th\u1ec3 s\u1eed d\u1ee5ng cho s\u00e2n th\u1ec3 thao c\u1ecf nh\u00e2n t\u1ea1o?<\/h2>\n<p>C\u00f3 m\u1ed9t s\u1ed1 lo\u1ea1i cao su v\u1ee5n m\u00e0 b\u1ea1n c\u00f3 th\u1ec3 s\u1eed d\u1ee5ng l\u00e0m ch\u1ea5t \u0111\u1ed9n, bao g\u1ed3m h\u1ea1t nghi\u1ec1n SBR, h\u1ea1t cao su TPE, h\u1ea1t cao su EPDM v\u00e0 v\u1eadt li\u1ec7u h\u1eefu c\u01a1. Ch\u00fang t\u00f4i khuy\u00ean d\u00f9ng cao su SBR d\u1ea1ng h\u1ea1t ho\u1eb7c cao su v\u1ee5n TPE. \u0110\u00e2y l\u00e0 hai lo\u1ea1i cao su hi\u1ec7u su\u1ea5t cao ph\u1ed5 bi\u1ebfn nh\u1ea5t v\u00e0 \u0111\u00e3 \u0111\u01b0\u1ee3c ch\u1ee9ng minh tr\u00ean th\u1ecb tr\u01b0\u1eddng.<\/p>\n<h3>1. Cao su v\u1ee5n SBR<\/h3>\n<p>SBR (sau th\u00e0nh ph\u1ea7n h\u00f3a h\u1ecdc c\u1ee7a n\u00f3 - cao su styrene-butadien) th\u01b0\u1eddng \u0111\u01b0\u1ee3c l\u00e0m t\u1eeb l\u1ed1p t\u00e1i ch\u1ebf. V\u1eadt li\u1ec7u l\u00e0 <a href=\"https:\/\/arturf.com\/vi\/blog\/is-sbr-infill-safe\/\" target=\"_blank\" rel=\"noopener noreferrer\">\u0111\u00e3 \u0111\u01b0\u1ee3c ch\u1ee9ng minh l\u00e0 an to\u00e0n<\/a> \u0111\u01b0\u1ee3c s\u1eed d\u1ee5ng nh\u01b0 l\u00e0 c\u1ecf nh\u00e2n t\u1ea1o. H\u1ea1t cao su SBR l\u00e0 lo\u1ea1i cao su ph\u1ed5 bi\u1ebfn nh\u1ea5t tr\u00ean th\u1ecb tr\u01b0\u1eddng, v\u1edbi \u0111\u1eb7c t\u00ednh \u0111\u1ea7u t\u01b0 nh\u1ecf c\u1ee7a \u0111\u1ea7u ra.<\/p>\n<p>Cao su v\u1ee5n \u0111en c\u1ee1 1-3mm \u0111\u1ec3 t\u0103ng c\u01b0\u1eddng hi\u1ec7u su\u1ea5t c\u1ee7a c\u00e1c l\u0129nh v\u1ef1c th\u1ec3 thao. Ch\u1ea5t l\u01b0\u1ee3ng t\u1ed1t, s\u1ea1ch s\u1ebd, kh\u00f4ng c\u00f3 m\u00f9i h\u00f4i v\u00e0 th\u00e2n thi\u1ec7n v\u1edbi m\u00f4i tr\u01b0\u1eddng.<\/p>\n\t<div class=\"img has-hover x md-x lg-x y md-y lg-y\" id=\"image_1613431060\">\n\t\t\t\t\t\t\t\t<div class=\"img-inner dark\" style=\"margin:30px 0px 30px 0px;\">\n\t\t\t<img loading=\"lazy\" decoding=\"async\" width=\"460\" height=\"295\" src=\"https:\/\/arturf.com\/wp-content\/uploads\/2014\/07\/rubber_2-3.jpg\" class=\"attachment-large size-large\" alt=\"H\u1ea1t cao su\" srcset=\"https:\/\/arturf.com\/wp-content\/uploads\/2014\/07\/rubber_2-3.jpg 460w, https:\/\/arturf.com\/wp-content\/uploads\/2014\/07\/rubber_2-3-300x192.jpg 300w, https:\/\/arturf.com\/wp-content\/uploads\/2014\/07\/rubber_2-3-18x12.jpg 18w\" sizes=\"auto, (max-width: 460px) 100vw, 460px\" \/>\t\t\t\t\t\t\n\t\t\t\t\t<\/div>\n\t\t\t\t\t\t\t\t\n<style>\n#image_1613431060 {\n  width: 50%;\n}\n<\/style>\n\t<\/div>\n\t\n<h3>2. H\u1ea1t cao su TPE<\/h3>\n<p>Ch\u1ea5t \u0111\u00e0n h\u1ed3i nhi\u1ec7t d\u1ebbo s\u1edf h\u1eefu kh\u1ea3 n\u0103ng \u0111\u00e0n h\u1ed3i cao, s\u1ee9c m\u1ea1nh v\u00e0 kh\u1ea3 n\u0103ng \u0111\u00e0n h\u1ed3i c\u1ee7a cao su, v\u00e0 c\u0169ng c\u00f3 c\u00e1c \u0111\u1eb7c t\u00ednh c\u1ee7a ch\u1ebf bi\u1ebfn ti\u00eam. N\u00f3 l\u00e0 m\u1ed9t h\u1ea1t cao su polymer d\u1ef1a tr\u00ean PU, PE, EPDM, SBS, SEBS, PP, PC, PA, ABS. H\u1ea1t r\u1ed7ng TPE c\u1ee7a ch\u00fang t\u00f4i ph\u00f9 h\u1ee3p l\u00e0m v\u1eadt li\u1ec7u th\u1ea5m cho s\u00e2n c\u1ecf nh\u00e2n t\u1ea1o.<\/p>\n\t<div class=\"img has-hover x md-x lg-x y md-y lg-y\" id=\"image_663436654\">\n\t\t\t\t\t\t\t\t<div class=\"img-inner dark\" style=\"margin:30px 0px 30px 0px;\">\n\t\t\t<img loading=\"lazy\" decoding=\"async\" width=\"800\" height=\"533\" src=\"https:\/\/arturf.com\/wp-content\/uploads\/2019\/04\/TPE-RUBBER-INFILL.jpg\" class=\"attachment-large size-large\" alt=\"V\u00d2I CAO SU TPE\" srcset=\"https:\/\/arturf.com\/wp-content\/uploads\/2019\/04\/TPE-RUBBER-INFILL.jpg 800w, https:\/\/arturf.com\/wp-content\/uploads\/2019\/04\/TPE-RUBBER-INFILL-300x200.jpg 300w, https:\/\/arturf.com\/wp-content\/uploads\/2019\/04\/TPE-RUBBER-INFILL-768x512.jpg 768w, https:\/\/arturf.com\/wp-content\/uploads\/2019\/04\/TPE-RUBBER-INFILL-18x12.jpg 18w, https:\/\/arturf.com\/wp-content\/uploads\/2019\/04\/TPE-RUBBER-INFILL-510x340.jpg 510w\" sizes=\"auto, (max-width: 800px) 100vw, 800px\" \/>\t\t\t\t\t\t\n\t\t\t\t\t<\/div>\n\t\t\t\t\t\t\t\t\n<style>\n#image_663436654 {\n  width: 50%;\n}\n<\/style>\n\t<\/div>\n\t\n<h2>C\u00f3 b\u1ea5t k\u1ef3 c\u1ecf b\u00f3ng \u0111\u00e1 m\u00e0 kh\u00f4ng c\u1ea7n b\u1ea5t k\u1ef3 s\u1ef1 x\u00e2m nh\u1eadp?<\/h2>\n<p><strong>\u0110\u00fang.<\/strong> N\u1ebfu b\u1ea1n mu\u1ed1n m\u1ed9t b\u1ec1 m\u1eb7t b\u1ea3o tr\u00ec t\u1ed1i thi\u1ec3u v\u00e0 s\u1ea1ch h\u01a1n, b\u1ea1n c\u00f3 th\u1ec3 ch\u1ecdn s\u00e2n b\u00f3ng \u0111\u00e1 kh\u00f4ng Infill c\u1ee7a ch\u00fang t\u00f4i. N\u00f3 kh\u00f4ng c\u1ea7n c\u00e1t silica v\u00e0 cao su. L\u00fd t\u01b0\u1edfng cho b\u00f3ng \u0111\u00e1 5 m\u1eb7t, 4 m\u1eb7t, 3 m\u1eb7t ho\u1eb7c trong nh\u00e0 v\u00e0 s\u00e2n \u0111a n\u0103ng.<\/p>\n\t\n  \n    <div class=\"row large-columns-2 medium-columns- small-columns- row-small\" >\n  \n\t     <div class=\"product-small col has-hover product type-product post-6298 status-publish first instock product_cat-football product_cat-multi-purpose product_tag-football-grass product_tag-non-infill has-post-thumbnail shipping-taxable product-type-simple\">\n\t<div class=\"col-inner\">\n\t\n<div class=\"badge-container absolute left top z-1\">\n\n<\/div>\n\t<div class=\"product-small box\">\n\t\t<div class=\"box-image\">\n\t\t\t<div class=\"image-fade_in_back\">\n\t\t\t\t<a href=\"https:\/\/arturf.com\/vi\/product\/non-infill-football-grass\/\">\n\t\t\t\t\t<img loading=\"lazy\" decoding=\"async\" width=\"350\" height=\"263\" src=\"https:\/\/arturf.com\/wp-content\/uploads\/2018\/04\/NON-INFILL-FOOTBALL-GRASS-NFMT30-1-350x263.jpg\" class=\"attachment-woocommerce_thumbnail size-woocommerce_thumbnail\" alt=\"C\u1ecf b\u00f3ng \u0111\u00e1 kh\u00f4ng \u0111\u1ed5\" srcset=\"https:\/\/arturf.com\/wp-content\/uploads\/2018\/04\/NON-INFILL-FOOTBALL-GRASS-NFMT30-1-350x263.jpg 350w, https:\/\/arturf.com\/wp-content\/uploads\/2018\/04\/NON-INFILL-FOOTBALL-GRASS-NFMT30-1-300x225.jpg 300w, https:\/\/arturf.com\/wp-content\/uploads\/2018\/04\/NON-INFILL-FOOTBALL-GRASS-NFMT30-1-200x150.jpg 200w, https:\/\/arturf.com\/wp-content\/uploads\/2018\/04\/NON-INFILL-FOOTBALL-GRASS-NFMT30-1-768x576.jpg 768w, https:\/\/arturf.com\/wp-content\/uploads\/2018\/04\/NON-INFILL-FOOTBALL-GRASS-NFMT30-1-16x12.jpg 16w, https:\/\/arturf.com\/wp-content\/uploads\/2018\/04\/NON-INFILL-FOOTBALL-GRASS-NFMT30-1-510x383.jpg 510w, https:\/\/arturf.com\/wp-content\/uploads\/2018\/04\/NON-INFILL-FOOTBALL-GRASS-NFMT30-1.jpg 800w\" sizes=\"auto, (max-width: 350px) 100vw, 350px\" \/><img loading=\"lazy\" decoding=\"async\" width=\"350\" height=\"263\" src=\"https:\/\/arturf.com\/wp-content\/uploads\/2018\/04\/NON-INFILL-FOOTBALL-GRASS-NFMT30-2-350x263.jpg\" class=\"show-on-hover absolute fill hide-for-small back-image\" alt=\"G\u00f3c nh\u00ecn kh\u00e1c v\u1ec1 C\u1ecf b\u00f3ng \u0111\u00e1 kh\u00f4ng l\u1ea5p \u0111\u1ea7y\" aria-hidden=\"true\" srcset=\"https:\/\/arturf.com\/wp-content\/uploads\/2018\/04\/NON-INFILL-FOOTBALL-GRASS-NFMT30-2-350x263.jpg 350w, https:\/\/arturf.com\/wp-content\/uploads\/2018\/04\/NON-INFILL-FOOTBALL-GRASS-NFMT30-2-300x225.jpg 300w, https:\/\/arturf.com\/wp-content\/uploads\/2018\/04\/NON-INFILL-FOOTBALL-GRASS-NFMT30-2-200x150.jpg 200w, https:\/\/arturf.com\/wp-content\/uploads\/2018\/04\/NON-INFILL-FOOTBALL-GRASS-NFMT30-2-768x575.jpg 768w, https:\/\/arturf.com\/wp-content\/uploads\/2018\/04\/NON-INFILL-FOOTBALL-GRASS-NFMT30-2-16x12.jpg 16w, https:\/\/arturf.com\/wp-content\/uploads\/2018\/04\/NON-INFILL-FOOTBALL-GRASS-NFMT30-2-510x382.jpg 510w, https:\/\/arturf.com\/wp-content\/uploads\/2018\/04\/NON-INFILL-FOOTBALL-GRASS-NFMT30-2.jpg 800w\" sizes=\"auto, (max-width: 350px) 100vw, 350px\" \/>\t\t\t\t<\/a>\n\t\t\t<\/div>\n\t\t\t<div class=\"image-tools is-small top right show-on-hover\">\n\t\t\t\t\t\t\t<\/div>\n\t\t\t<div class=\"image-tools is-small hide-for-small bottom left show-on-hover\">\n\t\t\t\t\t\t\t<\/div>\n\t\t\t<div class=\"image-tools grid-tools text-center hide-for-small bottom hover-slide-in show-on-hover\">\n\t\t\t\t<a href=\"#quick-view\" class=\"quick-view\" role=\"button\" data-prod=\"6298\" aria-haspopup=\"dialog\" aria-expanded=\"false\" data-flatsome-role-button>Xem nhanh<\/a>\t\t\t<\/div>\n\t\t\t\t\t<\/div>\n\n\t\t<div class=\"box-text box-text-products\">\n\t\t\t<div class=\"title-wrapper\">\t\t<p class=\"category uppercase is-smaller no-text-overflow product-cat op-8\">\n\t\t\tB\u00f3ng \u0111\u00e1\t\t<\/p>\n\t<p class=\"name product-title woocommerce-loop-product__title\"><a href=\"https:\/\/arturf.com\/vi\/product\/non-infill-football-grass\/\" class=\"woocommerce-LoopProduct-link woocommerce-loop-product__link\">C\u1ecf b\u00f3ng \u0111\u00e1 kh\u00f4ng \u0111\u1ed5<\/a><\/p><\/div><div class=\"price-wrapper\"><\/div>\t\t<\/div>\n\t<\/div>\n\t\t<\/div>\n<\/div><\/div>\n<p>C\u1ecf b\u00f3ng \u0111\u00e1 kh\u00f4ng th\u1ea5m ho\u1eb7c kh\u00f4ng th\u1ea5m, c\u00e1i n\u00e0o t\u1ed1t h\u01a1n cho t\u00f4i? Xin vui l\u00f2ng <a href=\"https:\/\/arturf.com\/vi\/support\/infill-or-non-infill-artificial-grass\/\">b\u1ea5m v\u00e0o \u0111\u1ec3 t\u00ecm hi\u1ec3u th\u00eam chi ti\u1ebft<\/a>.<\/p>","protected":false},"excerpt":{"rendered":"<p>C\u1ecf nh\u00e2n t\u1ea1o kh\u00f4ng c\u00f3 s\u1ee3i r\u01a1m c\u1ea7n ph\u1ea3i \u0111\u1ee9ng l\u00ean \u0111\u1ec3 \u0111\u1ee9ng l\u00ean. L\u1edbp \u0111\u1ec7m cao su cung c\u1ea5p m\u1ed9t b\u1ec1 m\u1eb7t m\u1ec1m h\u01a1n v\u00e0 cho \u0111\u1ed9 n\u1ea3y. \u0110\u1eb7c bi\u1ec7t, cao su l\u00e0 c\u1ea7n thi\u1ebft cho c\u1ecf b\u00f3ng \u0111\u00e1 \u0111\u1ea7y c\u00e1t. Ch\u00fang t\u00f4i khuy\u00ean d\u00f9ng cao su v\u1ee5n \u0111en ho\u1eb7c h\u1ea1t cao su TPE.<\/p>","protected":false},"featured_media":7004,"template":"","meta":{"_seopress_robots_primary_cat":"","_seopress_titles_title":"Rubber Granule - Artificial Grass Infill - Installation Accessories","_seopress_titles_desc":"","_seopress_robots_index":""},"product_brand":[],"product_cat":[66],"product_tag":[],"class_list":{"0":"post-6521","1":"product","2":"type-product","3":"status-publish","4":"has-post-thumbnail","6":"product_cat-accessories","8":"","9":"instock","10":"shipping-taxable","11":"product-type-simple"},"_links":{"self":[{"href":"https:\/\/arturf.com\/vi\/wp-json\/wp\/v2\/product\/6521","targetHints":{"allow":["GET"]}}],"collection":[{"href":"https:\/\/arturf.com\/vi\/wp-json\/wp\/v2\/product"}],"about":[{"href":"https:\/\/arturf.com\/vi\/wp-json\/wp\/v2\/types\/product"}],"wp:featuredmedia":[{"embeddable":true,"href":"https:\/\/arturf.com\/vi\/wp-json\/wp\/v2\/media\/7004"}],"wp:attachment":[{"href":"https:\/\/arturf.com\/vi\/wp-json\/wp\/v2\/media?parent=6521"}],"wp:term":[{"taxonomy":"product_brand","embeddable":true,"href":"https:\/\/arturf.com\/vi\/wp-json\/wp\/v2\/product_brand?post=6521"},{"taxonomy":"product_cat","embeddable":true,"href":"https:\/\/arturf.com\/vi\/wp-json\/wp\/v2\/product_cat?post=6521"},{"taxonomy":"product_tag","embeddable":true,"href":"https:\/\/arturf.com\/vi\/wp-json\/wp\/v2\/product_tag?post=6521"}],"curies":[{"name":"wp","href":"https:\/\/api.w.org\/{rel}","templated":true}]}}