{"id":6549,"date":"2018-06-05T13:23:36","date_gmt":"2018-06-05T13:23:36","guid":{"rendered":"https:\/\/arturf.com\/?post_type=product&#038;p=6549"},"modified":"2023-07-10T21:26:38","modified_gmt":"2023-07-10T13:26:38","slug":"shock-pad","status":"publish","type":"product","link":"https:\/\/arturf.com\/vi\/product\/shock-pad\/","title":{"rendered":"S\u1ed1c Pad"},"content":{"rendered":"<div class=\"row align-middle align-center\"  id=\"row-1617866775\">\n\n\t<div id=\"col-1468230125\" class=\"col medium-6 small-12 large-6 small-col-first\"  >\n\t\t\t\t<div class=\"col-inner\"  >\n\t\t\t\n\t\t\t\n<h3>C\u00e1ch cu\u1ed1i c\u00f9ng \u0111\u1ec3 th\u00eam an to\u00e0n v\u00e0 kh\u1ea3 n\u0103ng ph\u1ee5c h\u1ed3i<\/h3>\n<p>T\u0103ng c\u01b0\u1eddng s\u1ef1 an to\u00e0n v\u00e0 kh\u1ea3 n\u0103ng ph\u1ee5c h\u1ed3i c\u1ee7a b\u1ec1 m\u1eb7t c\u1ecf nh\u00e2n t\u1ea1o c\u1ee7a b\u1ea1n v\u1edbi \u0111\u1ec7m ch\u1ed1ng s\u1ed1c h\u00e0ng \u0111\u1ea7u c\u1ee7a ch\u00fang t\u00f4i. \u0110\u01b0\u1ee3c thi\u1ebft k\u1ebf \u0111\u1ec3 n\u00e2ng cao kh\u1ea3 n\u0103ng ch\u01a1i v\u00e0 tu\u1ed5i th\u1ecd c\u1ee7a s\u00e2n c\u1ecf nh\u00e2n t\u1ea1o, \u0111\u1ec7m ch\u1ed1ng s\u1ed1c c\u1ee7a ch\u00fang t\u00f4i mang l\u1ea1i hi\u1ec7u \u1ee9ng \u0111\u1ec7m tho\u1ea3i m\u00e1i v\u00e0 t\u1ef1 nhi\u00ean, gi\u1ea3m thi\u1ec3u nguy c\u01a1 ch\u1ea5n th\u01b0\u01a1ng.<\/p>\n\t\t<\/div>\n\t\t\t\t\t<\/div>\n\n\t\n\n\t<div id=\"col-1339289100\" class=\"col medium-6 small-12 large-6\"  >\n\t\t\t\t<div class=\"col-inner\"  >\n\t\t\t\n\t\t\t\n\t<div class=\"img has-hover x md-x lg-x y md-y lg-y\" id=\"image_103673480\">\n\t\t\t\t\t\t\t\t<div class=\"img-inner image-cover dark\" style=\"padding-top:56.25%;\">\n\t\t\t<img loading=\"lazy\" decoding=\"async\" width=\"700\" height=\"309\" src=\"https:\/\/arturf.com\/wp-content\/uploads\/2015\/05\/Shockpad-artificial-grass-underlay-3.jpg\" class=\"attachment-large size-large\" alt=\"L\u1edbp l\u00f3t c\u1ecf nh\u00e2n t\u1ea1o Shock Pad\" srcset=\"https:\/\/arturf.com\/wp-content\/uploads\/2015\/05\/Shockpad-artificial-grass-underlay-3.jpg 700w, https:\/\/arturf.com\/wp-content\/uploads\/2015\/05\/Shockpad-artificial-grass-underlay-3-300x132.jpg 300w, https:\/\/arturf.com\/wp-content\/uploads\/2015\/05\/Shockpad-artificial-grass-underlay-3-18x8.jpg 18w, https:\/\/arturf.com\/wp-content\/uploads\/2015\/05\/Shockpad-artificial-grass-underlay-3-510x225.jpg 510w\" sizes=\"auto, (max-width: 700px) 100vw, 700px\" \/>\t\t\t\t\t\t\n\t\t\t\t\t<\/div>\n\t\t\t\t\t\t\t\t\n<style>\n#image_103673480 {\n  width: 100%;\n}\n<\/style>\n\t<\/div>\n\t\n\t\t<\/div>\n\t\t\t\t\t<\/div>\n\n\t\n<\/div>\n\t<div id=\"gap-2044421347\" class=\"gap-element clearfix\" style=\"display:block; height:auto;\">\n\t\t\n<style>\n#gap-2044421347 {\n  padding-top: 50px;\n}\n<\/style>\n\t<\/div>\n\t\n<div class=\"row align-middle\"  id=\"row-1906136091\">\n\n\t<div id=\"col-2104005945\" class=\"col medium-6 small-12 large-6\"  >\n\t\t\t\t<div class=\"col-inner\"  >\n\t\t\t\n\t\t\t\n\t<div class=\"img has-hover x md-x lg-x y md-y lg-y\" id=\"image_1135720165\">\n\t\t\t\t\t\t\t\t<div class=\"img-inner image-cover dark\" style=\"padding-top:56.25%;\">\n\t\t\t<img loading=\"lazy\" decoding=\"async\" width=\"800\" height=\"445\" src=\"https:\/\/arturf.com\/wp-content\/uploads\/2020\/08\/Arturf-Shock-Pad-Cross-X3010.jpg\" class=\"attachment-original size-original\" alt=\"S\u1ed1c Pad\" srcset=\"https:\/\/arturf.com\/wp-content\/uploads\/2020\/08\/Arturf-Shock-Pad-Cross-X3010.jpg 800w, https:\/\/arturf.com\/wp-content\/uploads\/2020\/08\/Arturf-Shock-Pad-Cross-X3010-300x167.jpg 300w, https:\/\/arturf.com\/wp-content\/uploads\/2020\/08\/Arturf-Shock-Pad-Cross-X3010-768x427.jpg 768w, https:\/\/arturf.com\/wp-content\/uploads\/2020\/08\/Arturf-Shock-Pad-Cross-X3010-18x10.jpg 18w, https:\/\/arturf.com\/wp-content\/uploads\/2020\/08\/Arturf-Shock-Pad-Cross-X3010-510x284.jpg 510w\" sizes=\"auto, (max-width: 800px) 100vw, 800px\" \/>\t\t\t\t\t\t\n\t\t\t\t\t<\/div>\n\t\t\t\t\t\t\t\t\n<style>\n#image_1135720165 {\n  width: 100%;\n}\n<\/style>\n\t<\/div>\n\t\n\t\t<\/div>\n\t\t\t\t\t<\/div>\n\n\t\n\n\t<div id=\"col-110414775\" class=\"col medium-6 small-12 large-6 small-col-first\"  >\n\t\t\t\t<div class=\"col-inner\"  >\n\t\t\t\n\t\t\t\n<h3>Th\u1ef1c s\u1ef1 linh ho\u1ea1t<\/h3>\n<p>\u0110\u01b0\u1ee3c g\u1ecdi l\u00e0 \u201cch\u00ednh s\u00e1ch b\u1ea3o hi\u1ec3m\u201d trong ng\u00e0nh th\u1ec3 thao, \u0111\u1ec7m ch\u1ed1ng s\u1ed1c c\u1ee7a ch\u00fang t\u00f4i \u0111\u00e1p \u1ee9ng c\u00e1c quy \u0111\u1ecbnh \u0111\u01b0\u1ee3c FIFA ch\u1ee9ng th\u1ef1c v\u1ec1 th\u1eed nghi\u1ec7m gi\u1ea3m x\u00f3c tr\u00ean s\u00e2n b\u00f3ng \u0111\u00e1. N\u00f3 l\u00e0 l\u1edbp b\u1ed5 sung ho\u00e0n h\u1ea3o cho <a href=\"https:\/\/arturf.com\/vi\/product\/non-infill-football-grass\/\">c\u1ecf nh\u00e2n t\u1ea1o b\u00f3ng \u0111\u00e1 kh\u00f4ng infill<\/a>. Ngo\u00e0i ra, n\u00f3 cung c\u1ea5p m\u1ed9t \u0111\u1ea3m b\u1ea3o an to\u00e0n cho c\u00e1c khu vui ch\u01a1i, \u0111\u1ea3m b\u1ea3o con b\u1ea1n c\u00f3 th\u1ec3 y\u00ean t\u00e2m ch\u01a1i. \u0110\u1ec7m ch\u1ed1ng s\u1ed1c c\u1ee7a ch\u00fang t\u00f4i ph\u00f9 h\u1ee3p v\u1edbi c\u00e1c b\u1ec1 m\u1eb7t c\u1ecf nh\u00e2n t\u1ea1o kh\u00e1c nhau, bao g\u1ed3m b\u00f3ng \u0111\u00e1, b\u00f3ng \u0111\u00e1, b\u00f3ng b\u1ea7u d\u1ee5c, kh\u00fac c\u00f4n c\u1ea7u, s\u00e2n ch\u01a1i, khu v\u1ef1c \u0111a n\u0103ng v\u00e0 b\u00e3i c\u1ecf.<\/p>\n\t\t<\/div>\n\t\t\t\t\t<\/div>\n\n\t\n<\/div>\n\t<div id=\"gap-808529107\" class=\"gap-element clearfix\" style=\"display:block; height:auto;\">\n\t\t\n<style>\n#gap-808529107 {\n  padding-top: 50px;\n}\n<\/style>\n\t<\/div>\n\t\n<div class=\"row align-middle\"  id=\"row-1108923201\">\n\n\t<div id=\"col-1841402319\" class=\"col medium-6 small-12 large-6 small-col-first\"  >\n\t\t\t\t<div class=\"col-inner\"  >\n\t\t\t\n\t\t\t\n<h3>C\u00e0i \u0111\u1eb7t d\u1ec5 d\u00e0ng v\u00e0 nhanh ch\u00f3ng<\/h3>\n<p>Tr\u1ea3i nghi\u1ec7m qu\u00e1 tr\u00ecnh l\u1eafp \u0111\u1eb7t kh\u00f4ng r\u1eafc r\u1ed1i v\u1edbi l\u1edbp l\u00f3t ch\u1ed1ng s\u1ed1c b\u1eb1ng x\u1ed1p nh\u1eb9 c\u1ee7a ch\u00fang t\u00f4i. N\u00f3 c\u00f3 th\u1ec3 \u0111\u01b0\u1ee3c x\u1eed l\u00fd d\u1ec5 d\u00e0ng b\u1edfi hai ng\u01b0\u1eddi, cho ph\u00e9p b\u1ea1n bao qu\u00e1t m\u1ed9t s\u00e2n th\u1ec3 thao ch\u1ec9 trong m\u1ed9t ng\u00e0y. Kh\u00f4ng c\u1ea7n m\u00e1y m\u00f3c \u0111\u1eb7c bi\u1ec7t ho\u1eb7c nh\u00e2n vi\u00ean \u0111\u01b0\u1ee3c \u0111\u00e0o t\u1ea1o \u0111\u1ec3 l\u1eafp \u0111\u1eb7t. Chi\u1ec1u d\u00e0i cu\u1ed9n c\u00f3 th\u1ec3 t\u00f9y ch\u1ec9nh \u0111\u1ec3 ph\u00f9 h\u1ee3p v\u1edbi k\u00edch th\u01b0\u1edbc ru\u1ed9ng, gi\u1ea3m l\u00e3ng ph\u00ed v\u00e0 nh\u00e2n c\u00f4ng.<\/p>\n\t\t<\/div>\n\t\t\t\t\t<\/div>\n\n\t\n\n\t<div id=\"col-499584778\" class=\"col medium-6 small-12 large-6\"  >\n\t\t\t\t<div class=\"col-inner\"  >\n\t\t\t\n\t\t\t\n\t<div class=\"img has-hover x md-x lg-x y md-y lg-y\" id=\"image_1570593133\">\n\t\t\t\t\t\t\t\t<div class=\"img-inner image-cover dark\" style=\"padding-top:56.25%;\">\n\t\t\t<img loading=\"lazy\" decoding=\"async\" width=\"800\" height=\"600\" src=\"https:\/\/arturf.com\/wp-content\/uploads\/2020\/08\/Arturf-Shock-Pad-Cross-X3010-Installation.jpg\" class=\"attachment-original size-original\" alt=\"S\u1ed1c Pad\" srcset=\"https:\/\/arturf.com\/wp-content\/uploads\/2020\/08\/Arturf-Shock-Pad-Cross-X3010-Installation.jpg 800w, https:\/\/arturf.com\/wp-content\/uploads\/2020\/08\/Arturf-Shock-Pad-Cross-X3010-Installation-300x225.jpg 300w, https:\/\/arturf.com\/wp-content\/uploads\/2020\/08\/Arturf-Shock-Pad-Cross-X3010-Installation-200x150.jpg 200w, https:\/\/arturf.com\/wp-content\/uploads\/2020\/08\/Arturf-Shock-Pad-Cross-X3010-Installation-768x576.jpg 768w, https:\/\/arturf.com\/wp-content\/uploads\/2020\/08\/Arturf-Shock-Pad-Cross-X3010-Installation-16x12.jpg 16w, https:\/\/arturf.com\/wp-content\/uploads\/2020\/08\/Arturf-Shock-Pad-Cross-X3010-Installation-350x263.jpg 350w, https:\/\/arturf.com\/wp-content\/uploads\/2020\/08\/Arturf-Shock-Pad-Cross-X3010-Installation-510x383.jpg 510w\" sizes=\"auto, (max-width: 800px) 100vw, 800px\" \/>\t\t\t\t\t\t\n\t\t\t\t\t<\/div>\n\t\t\t\t\t\t\t\t\n<style>\n#image_1570593133 {\n  width: 100%;\n}\n<\/style>\n\t<\/div>\n\t\n\t\t<\/div>\n\t\t\t\t\t<\/div>\n\n\t\n<\/div>\n\t<div id=\"gap-1108116043\" class=\"gap-element clearfix\" style=\"display:block; height:auto;\">\n\t\t\n<style>\n#gap-1108116043 {\n  padding-top: 30px;\n}\n<\/style>\n\t<\/div>\n\t\n<h2>C\u00e1c t\u00ednh n\u0103ng ch\u00ednh:<\/h2>\n<ol>\n<li>H\u1ea5p th\u1ee5 s\u1ed1c tuy\u1ec7t v\u1eddi v\u00e0 h\u1ed3i ph\u1ee5c b\u00f3ng<\/li>\n<li>V\u1eadt li\u1ec7u ch\u1ecbu n\u01b0\u1edbc \u0111\u1ec3 l\u1eafp \u0111\u1eb7t trong m\u1ecdi th\u1eddi ti\u1ebft<\/li>\n<li>C\u00e1c c\u1ea1nh \u0111\u01b0\u1ee3c c\u1eaft g\u1ecdn g\u00e0ng gi\u00fap h\u00e0n\/gh\u00e9p d\u1ec5 d\u00e0ng v\u00e0 ch\u00ednh x\u00e1c b\u1eb1ng b\u0103ng d\u00ednh<\/li>\n<li>Thi\u1ebft k\u1ebf \u0111\u1ed9c \u0111\u00e1o \u0111\u1ec3 tho\u00e1t n\u01b0\u1edbc hi\u1ec7u qu\u1ea3 v\u00e0 \u1ed5n \u0111\u1ecbnh k\u00edch th\u01b0\u1edbc<\/li>\n<li>Tu\u1ed5i th\u1ecd \u2013 Ch\u1ed1ng th\u1ed1i r\u1eefa v\u00e0 nghi\u1ec1n th\u00e0nh b\u1ed9t, K\u00e9o d\u00e0i th\u1eddi gian s\u1eed d\u1ee5ng<\/li>\n<li>Gi\u1ea3m x\u00f3c \u1ed5n \u0111\u1ecbnh cho hi\u1ec7u su\u1ea5t \u1ed5n \u0111\u1ecbnh theo th\u1eddi gian<\/li>\n<\/ol>\n<h3 style=\"text-align: left;\">T\u00f9y ch\u1ecdn m\u1eabu<\/h3>\n<div class=\"row\"  id=\"row-1556195114\">\n\n\t<div id=\"col-712494437\" class=\"col medium-3 small-6 large-3\"  >\n\t\t\t\t<div class=\"col-inner\"  >\n\t\t\t\n\t\t\t\n\t<div class=\"box has-hover   has-hover box-text-bottom\" >\n\n\t\t<div class=\"box-image\" style=\"border-radius:100%;\">\n\t\t\t\t\t\t<div class=\"\" >\n\t\t\t\t<img loading=\"lazy\" decoding=\"async\" width=\"400\" height=\"400\" src=\"https:\/\/arturf.com\/wp-content\/uploads\/2020\/04\/Artificial-Grass-Shockpads.jpg\" class=\"attachment- size-\" alt=\"S\u1ed1c Pad\" srcset=\"https:\/\/arturf.com\/wp-content\/uploads\/2020\/04\/Artificial-Grass-Shockpads.jpg 400w, https:\/\/arturf.com\/wp-content\/uploads\/2020\/04\/Artificial-Grass-Shockpads-300x300.jpg 300w, https:\/\/arturf.com\/wp-content\/uploads\/2020\/04\/Artificial-Grass-Shockpads-12x12.jpg 12w, https:\/\/arturf.com\/wp-content\/uploads\/2020\/04\/Artificial-Grass-Shockpads-100x100.jpg 100w\" sizes=\"auto, (max-width: 400px) 100vw, 400px\" \/>\t\t\t\t\t\t\t\t\t\t\t<\/div>\n\t\t\t\t\t<\/div>\n\n\t\t<div class=\"box-text text-center\" >\n\t\t\t<div class=\"box-text-inner\">\n\t\t\t\t\n\t<div id=\"text-2840491575\" class=\"text\">\n\t\t\n<h4 style=\"text-align: center;\">C\u1ed1i xay gi\u00f3<\/h4>\n<p style=\"text-align: center;\"><strong>\u1ee8ng d\u1ee5ng:<\/strong> Ngo\u00e0i tr\u1eddi trong nh\u00e0<br \/><strong>T\u1eeb kh\u00f3a:<\/strong> M\u1ed9t trong nh\u1eefng mi\u1ebfng \u0111\u1ec7m ch\u1ed1ng s\u1ed1c ph\u1ed5 bi\u1ebfn nh\u1ea5t tr\u00ean th\u1ecb tr\u01b0\u1eddng<\/p>\n\t\t\n<style>\n#text-2840491575 {\n  text-align: center;\n}\n<\/style>\n\t<\/div>\n\t\n\t\t\t<\/div>\n\t\t<\/div>\n\t<\/div>\n\t\n\t\t<\/div>\n\t\t\t\t\t<\/div>\n\n\t\n\n\t<div id=\"col-2014164134\" class=\"col medium-3 small-6 large-3\"  >\n\t\t\t\t<div class=\"col-inner\"  >\n\t\t\t\n\t\t\t\n\t<div class=\"box has-hover   has-hover box-text-bottom\" >\n\n\t\t<div class=\"box-image\" style=\"border-radius:100%;\">\n\t\t\t\t\t\t<div class=\"\" >\n\t\t\t\t<img loading=\"lazy\" decoding=\"async\" width=\"400\" height=\"400\" src=\"https:\/\/arturf.com\/wp-content\/uploads\/2020\/04\/Artificial-Grass-Shock-Pad-Cross.jpg\" class=\"attachment- size-\" alt=\"S\u1ed1c Pad\" srcset=\"https:\/\/arturf.com\/wp-content\/uploads\/2020\/04\/Artificial-Grass-Shock-Pad-Cross.jpg 400w, https:\/\/arturf.com\/wp-content\/uploads\/2020\/04\/Artificial-Grass-Shock-Pad-Cross-300x300.jpg 300w, https:\/\/arturf.com\/wp-content\/uploads\/2020\/04\/Artificial-Grass-Shock-Pad-Cross-12x12.jpg 12w, https:\/\/arturf.com\/wp-content\/uploads\/2020\/04\/Artificial-Grass-Shock-Pad-Cross-100x100.jpg 100w\" sizes=\"auto, (max-width: 400px) 100vw, 400px\" \/>\t\t\t\t\t\t\t\t\t\t\t<\/div>\n\t\t\t\t\t<\/div>\n\n\t\t<div class=\"box-text text-center\" >\n\t\t\t<div class=\"box-text-inner\">\n\t\t\t\t\n<h4 style=\"text-align: center;\">V\u01b0\u1ee3t qua<\/h4>\n<p style=\"text-align: center;\"><strong>\u1ee8ng d\u1ee5ng: <\/strong>Ngo\u00e0i tr\u1eddi trong nh\u00e0<br \/><strong>T\u1eeb kh\u00f3a:<\/strong> L\u00fd t\u01b0\u1edfng cho c\u1ecf nh\u00e2n t\u1ea1o kh\u00f4ng b\u01a1m v\u00e0 b\u01a1m \u0111\u1ea7y, \u0110a n\u0103ng<\/p>\n\t\t\t<\/div>\n\t\t<\/div>\n\t<\/div>\n\t\n\t\t<\/div>\n\t\t\t\t\t<\/div>\n\n\t\n\n\t<div id=\"col-1225445328\" class=\"col medium-3 small-6 large-3\"  >\n\t\t\t\t<div class=\"col-inner\"  >\n\t\t\t\n\t\t\t\n\t<div class=\"box has-hover   has-hover box-text-bottom\" >\n\n\t\t<div class=\"box-image\" style=\"border-radius:100%;\">\n\t\t\t\t\t\t<div class=\"\" >\n\t\t\t\t<img loading=\"lazy\" decoding=\"async\" width=\"600\" height=\"600\" src=\"https:\/\/arturf.com\/wp-content\/uploads\/2020\/04\/1.jpg\" class=\"attachment- size-\" alt=\"S\u1ed1c Pad\" srcset=\"https:\/\/arturf.com\/wp-content\/uploads\/2020\/04\/1.jpg 600w, https:\/\/arturf.com\/wp-content\/uploads\/2020\/04\/1-300x300.jpg 300w, https:\/\/arturf.com\/wp-content\/uploads\/2020\/04\/1-12x12.jpg 12w, https:\/\/arturf.com\/wp-content\/uploads\/2020\/04\/1-510x510.jpg 510w, https:\/\/arturf.com\/wp-content\/uploads\/2020\/04\/1-100x100.jpg 100w\" sizes=\"auto, (max-width: 600px) 100vw, 600px\" \/>\t\t\t\t\t\t\t\t\t\t\t<\/div>\n\t\t\t\t\t<\/div>\n\n\t\t<div class=\"box-text text-center\" >\n\t\t\t<div class=\"box-text-inner\">\n\t\t\t\t\n<h4 style=\"text-align: center;\">C\u1ed1i xay gi\u00f3 &amp; r\u00e3nh<\/h4>\n<p style=\"text-align: center;\"><strong>\u1ee8ng d\u1ee5ng: <\/strong>Ngo\u00e0i tr\u1eddi trong nh\u00e0<br \/><strong>T\u1eeb kh\u00f3a:<\/strong>Si\u00eau b\u1ec1n, \u0111\u00e0n h\u1ed3i tuy\u1ec7t v\u1eddi<\/p>\n\t\t\t<\/div>\n\t\t<\/div>\n\t<\/div>\n\t\n\t\t<\/div>\n\t\t\t\t\t<\/div>\n\n\t\n\n\t<div id=\"col-644920330\" class=\"col medium-3 small-6 large-3\"  >\n\t\t\t\t<div class=\"col-inner\"  >\n\t\t\t\n\t\t\t\n\t<div class=\"box has-hover   has-hover box-text-bottom\" >\n\n\t\t<div class=\"box-image\" style=\"border-radius:100%;\">\n\t\t\t\t\t\t<div class=\"\" >\n\t\t\t\t<img loading=\"lazy\" decoding=\"async\" width=\"500\" height=\"500\" src=\"https:\/\/arturf.com\/wp-content\/uploads\/2020\/09\/Shock-Pad-UltraFlexFlow.jpg\" class=\"attachment- size-\" alt=\"S\u1ed1c Pad\" srcset=\"https:\/\/arturf.com\/wp-content\/uploads\/2020\/09\/Shock-Pad-UltraFlexFlow.jpg 500w, https:\/\/arturf.com\/wp-content\/uploads\/2020\/09\/Shock-Pad-UltraFlexFlow-300x300.jpg 300w, https:\/\/arturf.com\/wp-content\/uploads\/2020\/09\/Shock-Pad-UltraFlexFlow-12x12.jpg 12w, https:\/\/arturf.com\/wp-content\/uploads\/2020\/09\/Shock-Pad-UltraFlexFlow-100x100.jpg 100w\" sizes=\"auto, (max-width: 500px) 100vw, 500px\" \/>\t\t\t\t\t\t\t\t\t\t\t<\/div>\n\t\t\t\t\t<\/div>\n\n\t\t<div class=\"box-text text-center\" >\n\t\t\t<div class=\"box-text-inner\">\n\t\t\t\t\n<h4 style=\"text-align: center;\">C\u1ed1i xay gi\u00f3<\/h4>\n<p style=\"text-align: center;\"><strong>\u1ee8ng d\u1ee5ng:<\/strong> Ngo\u00e0i tr\u1eddi trong nh\u00e0<br \/><strong>T\u1eeb kh\u00f3a:<\/strong> Kh\u1ea3 n\u0103ng ph\u1ee5c h\u1ed3i si\u00eau nhanh, tho\u00e1t n\u01b0\u1edbc si\u00eau nhanh, ngo\u00e0i tr\u1eddi<\/p>\n\t\t\t<\/div>\n\t\t<\/div>\n\t<\/div>\n\t\n\t\t<\/div>\n\t\t\t\t\t<\/div>\n\n\t\n<\/div>\n<div class=\"row\"  id=\"row-1824752343\">\n\n\t<div id=\"col-1197003196\" class=\"col small-12 large-12\"  >\n\t\t\t\t<div class=\"col-inner\"  >\n\t\t\t\n\t\t\t\n<h3>\u0110\u1ed9 d\u00e0y &amp; M\u1eadt \u0111\u1ed9 v\u1eadt li\u1ec7u:<\/h3>\n<p>Ch\u1ecdn trong s\u1ed1 c\u00e1c t\u00f9y ch\u1ecdn \u0111\u1ed9 d\u00e0y \u0111\u1ec7m ch\u1ed1ng s\u1ed1c c\u1ee7a ch\u00fang t\u00f4i, t\u1eeb 10mm \u0111\u1ebfn 70mm. \u0110\u1ed1i v\u1edbi s\u00e2n b\u00f3ng, \u0111\u1ed9 d\u00e0y th\u01b0\u1eddng \u0111\u01b0\u1ee3c s\u1eed d\u1ee5ng l\u00e0 10mm ho\u1eb7c 15mm.<\/p>\n<p>C\u00e1c t\u00f9y ch\u1ecdn m\u1eadt \u0111\u1ed9 v\u1eadt li\u1ec7u ti\u00eau chu\u1ea9n c\u1ee7a ch\u00fang t\u00f4i bao g\u1ed3m 30kg\/m\u00b3 v\u00e0 50kg\/m\u00b3. \u0110\u1ed1i v\u1edbi c\u00e1c MOQ cao h\u01a1n, ch\u00fang t\u00f4i c\u00f3 th\u1ec3 s\u1ea3n xu\u1ea5t \u0111\u1ec7m ch\u1ed1ng s\u1ed1c v\u1edbi m\u1eadt \u0111\u1ed9 70kg\/m\u00b3 ho\u1eb7c c\u00e1c v\u1eadt li\u1ec7u c\u00f3 m\u1eadt \u0111\u1ed9 t\u00f9y ch\u1ec9nh kh\u00e1c.<\/p>\n<p>T\u0103ng c\u01b0\u1eddng s\u1ef1 an to\u00e0n v\u00e0 hi\u1ec7u su\u1ea5t c\u1ee7a b\u1ec1 m\u1eb7t c\u1ecf nh\u00e2n t\u1ea1o c\u1ee7a b\u1ea1n v\u1edbi \u0111\u1ec7m s\u1ed1c ch\u1ea5t l\u01b0\u1ee3ng cao c\u1ee7a ch\u00fang t\u00f4i. Tr\u1ea3i nghi\u1ec7m s\u1ef1 tho\u1ea3i m\u00e1i v\u01b0\u1ee3t tr\u1ed9i, \u0111\u1ed9 b\u1ec1n v\u00e0 c\u00e0i \u0111\u1eb7t d\u1ec5 d\u00e0ng. Li\u00ean h\u1ec7 v\u1edbi ch\u00fang t\u00f4i ngay b\u00e2y gi\u1edd \u0111\u1ec3 \u0111\u1eb7t h\u00e0ng ho\u1eb7c h\u1ecfi v\u1ec1 c\u00e1c t\u00f9y ch\u1ecdn t\u00f9y ch\u1ec9nh.<\/p>\n\t\t<\/div>\n\t\t\t\t\t<\/div>\n\n\t\n<\/div>","protected":false},"excerpt":{"rendered":"<p>L\u1edbp \u0111\u1ec7m ch\u1ed1ng s\u1ed1c c\u1ee7a ch\u00fang t\u00f4i l\u00e0 l\u1edbp \u0111\u00e0n h\u1ed3i \u0111\u01b0\u1ee3c thi\u1ebft k\u1ebf \u0111\u1ec3 mang l\u1ea1i s\u1ef1 tho\u1ea3i m\u00e1i v\u00e0 an to\u00e0n t\u1ed1i \u01b0u cho b\u1ec1 m\u1eb7t c\u1ecf nh\u00e2n t\u1ea1o. N\u00f3 cung c\u1ea5p \u0111\u1ec7m cao c\u1ea5p cho ng\u01b0\u1eddi ch\u01a1i v\u00e0 \u0111\u1ea3m b\u1ea3o tr\u1ea3i nghi\u1ec7m ch\u01a1i nh\u1eb9 nh\u00e0ng h\u01a1n. Cho d\u00f9 b\u1ea1n c\u1ea7n n\u00f3 cho c\u00e1c khu v\u1ef1c vui ch\u01a1i, s\u00e2n b\u00f3ng \u0111\u00e1 (\u0111\u1eb7c bi\u1ec7t l\u00e0 s\u00e2n c\u1ecf kh\u00f4ng l\u1ea5p \u0111\u1ea7y) ho\u1eb7c b\u00e3i c\u1ecf, \u0111\u1ec7m ch\u1ed1ng s\u1ed1c Arturf c\u1ee7a ch\u00fang t\u00f4i l\u00e0 gi\u1ea3i ph\u00e1p l\u00fd t\u01b0\u1edfng.<\/p>","protected":false},"featured_media":9603,"template":"","meta":{"_seopress_robots_primary_cat":"","_seopress_titles_title":"Shock Pad - Enhance Safety and Comfort for Artificial Grass Surfaces","_seopress_titles_desc":"Enhance safety and comfort with our shock pad for artificial grass surfaces. Easy installation, versatile, and resilient. ","_seopress_robots_index":""},"product_brand":[],"product_cat":[66],"product_tag":[],"class_list":{"0":"post-6549","1":"product","2":"type-product","3":"status-publish","4":"has-post-thumbnail","6":"product_cat-accessories","8":"first","9":"instock","10":"shipping-taxable","11":"product-type-simple"},"_links":{"self":[{"href":"https:\/\/arturf.com\/vi\/wp-json\/wp\/v2\/product\/6549","targetHints":{"allow":["GET"]}}],"collection":[{"href":"https:\/\/arturf.com\/vi\/wp-json\/wp\/v2\/product"}],"about":[{"href":"https:\/\/arturf.com\/vi\/wp-json\/wp\/v2\/types\/product"}],"wp:featuredmedia":[{"embeddable":true,"href":"https:\/\/arturf.com\/vi\/wp-json\/wp\/v2\/media\/9603"}],"wp:attachment":[{"href":"https:\/\/arturf.com\/vi\/wp-json\/wp\/v2\/media?parent=6549"}],"wp:term":[{"taxonomy":"product_brand","embeddable":true,"href":"https:\/\/arturf.com\/vi\/wp-json\/wp\/v2\/product_brand?post=6549"},{"taxonomy":"product_cat","embeddable":true,"href":"https:\/\/arturf.com\/vi\/wp-json\/wp\/v2\/product_cat?post=6549"},{"taxonomy":"product_tag","embeddable":true,"href":"https:\/\/arturf.com\/vi\/wp-json\/wp\/v2\/product_tag?post=6549"}],"curies":[{"name":"wp","href":"https:\/\/api.w.org\/{rel}","templated":true}]}}