{"id":6559,"date":"2018-06-05T14:11:04","date_gmt":"2018-06-05T14:11:04","guid":{"rendered":"https:\/\/arturf.com\/?post_type=product&#038;p=6559"},"modified":"2021-09-04T16:05:12","modified_gmt":"2021-09-04T08:05:12","slug":"tennis-multi-sports-artificial-grass-elite","status":"publish","type":"product","link":"https:\/\/arturf.com\/vi\/product\/tennis-multi-sports-artificial-grass-elite\/","title":{"rendered":"Tennis &amp; C\u1ecf nh\u00e2n t\u1ea1o nhi\u1ec1u m\u00f4n th\u1ec3 thao - Elite"},"content":{"rendered":"<p>C\u1ecf nh\u00e2n t\u1ea1o d\u00e0nh cho qu\u1ea7n v\u1ee3t &amp; \u0111a m\u00f4n th\u1ec3 thao -Elite cung c\u1ea5p m\u1ed9t b\u1ec1 m\u1eb7t ph\u1eb3ng v\u00e0 linh ho\u1ea1t \u0111\u01b0\u1ee3c ph\u1ee7 c\u00e1t. B\u1ec1 m\u1eb7t \u0111\u00e3 \u0111\u01b0\u1ee3c ph\u00e1t tri\u1ec3n \u0111\u1ec3 ch\u01a1i an to\u00e0n v\u00e0 nh\u1ea5t qu\u00e1n trong m\u1ecdi \u0111i\u1ec1u ki\u1ec7n m\u00e0 v\u1eabn gi\u1eef \u0111\u01b0\u1ee3c t\u00ednh th\u1ea9m m\u1ef9 c\u1ee7a n\u00f3. N\u00f3 l\u00fd t\u01b0\u1edfng cho qu\u1ea7n v\u1ee3t v\u00e0 c\u00e1c s\u00e2n \u0111a n\u0103ng.<\/p>\n<div class=\"row\"  id=\"row-1013164195\">\n\n\t<div id=\"col-1061294037\" class=\"col medium-6 small-12 large-6\"  >\n\t\t\t\t<div class=\"col-inner\"  >\n\t\t\t\n\t\t\t\n<div class=\"video video-fit mb\" style=\"padding-top:56.25%;\"><p><iframe loading=\"lazy\" title=\"S\u00e2n tennis c\u1ecf nh\u00e2n t\u1ea1o\" width=\"1020\" height=\"574\" src=\"https:\/\/www.youtube.com\/embed\/HCKBZ2CxjQA?feature=oembed\" frameborder=\"0\" allow=\"accelerometer; autoplay; clipboard-write; encrypted-media; gyroscope; picture-in-picture; web-share\" referrerpolicy=\"strict-origin-when-cross-origin\" allowfullscreen><\/iframe><\/p>\n<\/div>\n\t\t<\/div>\n\t\t\t\t\t<\/div>\n\n\t\n\n\t<div id=\"col-2136568175\" class=\"col medium-6 small-12 large-6\"  >\n\t\t\t\t<div class=\"col-inner\"  >\n\t\t\t\n\t\t\t\n<div class=\"video video-fit mb\" style=\"padding-top:56.25%;\"><p><iframe loading=\"lazy\" title=\"S\u00e2n tennis c\u1ecf nh\u00e2n t\u1ea1o 3yr Old Kid love Arturf\" width=\"1020\" height=\"574\" src=\"https:\/\/www.youtube.com\/embed\/sOXqP5ECeuQ?feature=oembed\" frameborder=\"0\" allow=\"accelerometer; autoplay; clipboard-write; encrypted-media; gyroscope; picture-in-picture; web-share\" referrerpolicy=\"strict-origin-when-cross-origin\" allowfullscreen><\/iframe><\/p>\n<\/div>\n\t\t<\/div>\n\t\t\t\t\t<\/div>\n\n\t\n<\/div>","protected":false},"excerpt":{"rendered":"<p>Chi\u1ec1u cao c\u1ecdc 10 mm-15mm \u0111\u01b0\u1ee3c khuy\u1ebfn ngh\u1ecb. M\u1eadt \u0111\u1ed9 kh\u00e2u cao, lo\u1ea1i c\u1ecf nh\u00e2n t\u1ea1o ch\u1ee9a \u0111\u1ea7y c\u00e1t \u0111\u1ec3 x\u00e2y d\u1ef1ng <a href=\"https:\/\/arturf.com\/vi\/sports\/tennis\/\">s\u00e2n qu\u1ea7n v\u1ee3t<\/a>, <a href=\"https:\/\/arturf.com\/vi\/sports\/cricket\/\">S\u00e2n cricket<\/a> ho\u1eb7c l\u00e0 <a href=\"https:\/\/arturf.com\/vi\/sports\/multi-sport\/\">\u0111a m\u1ee5c \u0111\u00edch<\/a> c\u00e1c m\u00f4n th\u1ec3 thao.<\/p>","protected":false},"featured_media":12538,"template":"","meta":{"_seopress_robots_primary_cat":"","_seopress_titles_title":"","_seopress_titles_desc":"","_seopress_robots_index":""},"product_brand":[],"product_cat":[68,69,71],"product_tag":[],"class_list":{"0":"post-6559","1":"product","2":"type-product","3":"status-publish","4":"has-post-thumbnail","6":"product_cat-tennis","7":"product_cat-multi-purpose","8":"product_cat-hockey","10":"first","11":"instock","12":"shipping-taxable","13":"product-type-simple"},"_links":{"self":[{"href":"https:\/\/arturf.com\/vi\/wp-json\/wp\/v2\/product\/6559","targetHints":{"allow":["GET"]}}],"collection":[{"href":"https:\/\/arturf.com\/vi\/wp-json\/wp\/v2\/product"}],"about":[{"href":"https:\/\/arturf.com\/vi\/wp-json\/wp\/v2\/types\/product"}],"wp:featuredmedia":[{"embeddable":true,"href":"https:\/\/arturf.com\/vi\/wp-json\/wp\/v2\/media\/12538"}],"wp:attachment":[{"href":"https:\/\/arturf.com\/vi\/wp-json\/wp\/v2\/media?parent=6559"}],"wp:term":[{"taxonomy":"product_brand","embeddable":true,"href":"https:\/\/arturf.com\/vi\/wp-json\/wp\/v2\/product_brand?post=6559"},{"taxonomy":"product_cat","embeddable":true,"href":"https:\/\/arturf.com\/vi\/wp-json\/wp\/v2\/product_cat?post=6559"},{"taxonomy":"product_tag","embeddable":true,"href":"https:\/\/arturf.com\/vi\/wp-json\/wp\/v2\/product_tag?post=6559"}],"curies":[{"name":"wp","href":"https:\/\/api.w.org\/{rel}","templated":true}]}}