{"id":6708,"date":"2012-07-17T12:11:10","date_gmt":"2012-07-17T12:11:10","guid":{"rendered":"https:\/\/arturf.com\/?post_type=product&#038;p=6708"},"modified":"2023-07-19T17:50:17","modified_gmt":"2023-07-19T09:50:17","slug":"tee-grass","status":"publish","type":"product","link":"https:\/\/arturf.com\/vi\/product\/tee-grass\/","title":{"rendered":"Tee Grass-Master Swings c\u1ee7a b\u1ea1n"},"content":{"rendered":"<h3>Gi\u1ea3i ph\u00f3ng ti\u1ec1m n\u0103ng ch\u01a1i g\u00f4n c\u1ee7a b\u1ea1n v\u1edbi Tee Grass Arturf<\/h3>\n<p>Tee Grass c\u1ee7a ch\u00fang t\u00f4i l\u00e0 lo\u1ea1i c\u1ecf nh\u00e2n t\u1ea1o PE cao c\u1ea5p, si\u00eau d\u00e0y, \u0111\u01b0\u1ee3c ch\u1ebf t\u1ea1o t\u1ec9 m\u1ec9 \u0111\u1ec3 ph\u1ee5c v\u1ee5 ri\u00eang cho ng\u01b0\u1eddi ch\u01a1i g\u00f4n. V\u1edbi thi\u1ebft k\u1ebf kh\u00f4ng th\u1ea5m n\u01b0\u1edbc 40 mm, m\u1eb7t c\u1ecf n\u00e0y kh\u00f4ng ch\u1ec9 \u0111\u1ee7 d\u00e0y \u0111\u1ec3 h\u1ed7 tr\u1ee3 ch\u1ed1t ph\u00e1t b\u00f3ng m\u00e0 c\u00f2n \u0111\u1eb7c bi\u1ec7t b\u1ec1n, cho ph\u00e9p b\u1ea1n l\u00e1i th\u1eb3ng ra kh\u1ecfi m\u1eb7t s\u00e2n m\u00e0 kh\u00f4ng g\u1eb7p tr\u1edf ng\u1ea1i n\u00e0o.<\/p>\n<h3>C\u00fa swing ho\u00e0n h\u1ea3o, m\u1ecdi l\u00fac<\/h3>\n<p>N\u00f3i l\u1eddi t\u1ea1m bi\u1ec7t v\u1edbi s\u1ef1 gi\u00e1n \u0111o\u1ea1n trong qu\u00e1 tr\u00ecnh thay \u0111\u1ed5i c\u1ee7a b\u1ea1n. Arturf Tee Grass mang l\u1ea1i c\u1ea3m gi\u00e1c t\u1ef1 nhi\u00ean v\u00e0 lo\u1ea1i b\u1ecf c\u1ea3m gi\u00e1c \u201cch\u1ed9p l\u1ea5y\u201d \u0111\u00e1ng s\u1ee3 c\u1ee7a \u0111\u1ea7u g\u1eady, mang l\u1ea1i tr\u1ea3i nghi\u1ec7m xoay m\u01b0\u1ee3t m\u00e0, nh\u1ea5t qu\u00e1n. V\u1edbi c\u00e1c s\u1ee3i d\u00e0y \u0111\u1eb7c, lo\u1ea1i c\u1ecf n\u00e0y cho ph\u00e9p b\u1ea1n s\u1eed d\u1ee5ng c\u00e1c \u0111i\u1ec3m ph\u00e1t b\u00f3ng gi\u1ed1ng nh\u01b0 tr\u00ean s\u00e2n g\u00f4n th\u00f4ng th\u01b0\u1eddng, tr\u1edf th\u00e0nh ng\u01b0\u1eddi b\u1ea1n \u0111\u1ed3ng h\u00e0nh l\u00fd t\u01b0\u1edfng c\u1ee7a b\u1ea1n trong nhi\u1ec1u n\u0103m luy\u1ec7n t\u1eadp l\u00e1i xe.<\/p>\n<h3>X\u00e2y d\u1ef1ng \u0111\u1ec3 cu\u1ed1i<\/h3>\n<p>\u0110\u1ed9 b\u1ec1n l\u00e0 t\u00ean \u0111\u1ec7m c\u1ee7a ch\u00fang t\u00f4i! Tee Grass c\u1ee7a ch\u00fang t\u00f4i \u0111\u01b0\u1ee3c thi\u1ebft k\u1ebf ri\u00eang cho c\u00e1c \u0111\u01b0\u1eddng ph\u00e1t b\u00f3ng trong ph\u1ea1m vi \u0111\u00e1nh g\u00f4n, th\u1ea3m l\u00e1i xe v\u00e0 th\u1ea3m s\u1ee9t m\u1ebb, d\u1ec5 d\u00e0ng ch\u1ecbu \u0111\u01b0\u1ee3c c\u00e1c c\u00fa \u0111\u00e1nh t\u1eeb c\u00fa \u0111\u00e1nh n\u00e0y sang c\u00fa \u0111\u00e1nh kh\u00e1c. H\u00e3y y\u00ean t\u00e2m r\u1eb1ng s\u00e2n c\u1ecf c\u1ee7a ch\u00fang t\u00f4i s\u1ebd duy tr\u00ec hi\u1ec7u su\u1ea5t cao nh\u1ea5t, mang \u0111\u1ebfn cho b\u1ea1n nh\u1eefng bu\u1ed5i luy\u1ec7n t\u1eadp tuy\u1ec7t v\u1eddi.<\/p>\n<h3>V\u1ecb tr\u00ed ch\u1ed1t Tee v\u00f4 t\u1eadn<\/h3>\n<p>Arturf Tee Grass \u0111\u01b0a s\u1ef1 thu\u1eadn ti\u1ec7n khi ch\u01a1i g\u00f4n c\u1ee7a b\u1ea1n l\u00ean m\u1ed9t t\u1ea7m cao m\u1edbi. B\u1ec1 m\u1eb7t cho ph\u00e9p \u0111\u1eb7t ch\u1ed1t ph\u00e1t b\u00f3ng kh\u00f4ng gi\u1edbi h\u1ea1n, l\u00e0m cho n\u00f3 tr\u1edf th\u00e0nh l\u1ef1a ch\u1ecdn ho\u00e0n h\u1ea3o cho c\u00e1c s\u00e2n g\u00f4n c\u00f3 khu v\u1ef1c ph\u00e1t b\u00f3ng trong m\u1ecdi th\u1eddi ti\u1ebft. \u0110\u00e3 qua r\u1ed3i c\u00e1i th\u1eddi hao m\u00f2n trong m\u1ed9t khu v\u1ef1c duy nh\u1ea5t \u2013 t\u1eadn d\u1ee5ng s\u1ef1 t\u1ef1 do ph\u00e1t b\u00f3ng t\u1eeb nhi\u1ec1u v\u1ecb tr\u00ed v\u00e0 g\u00f3c \u0111\u1ed9 kh\u00e1c nhau.<\/p>\n<p><img alt=\"C\u1ecf Tee\" loading=\"lazy\" decoding=\"async\" class=\"alignnone wp-image-12770 size-full\" src=\"https:\/\/arturf.com\/wp-content\/uploads\/2020\/09\/Arturf-golf-mat-tee-grass-TEE-Pro-40.jpg\" width=\"800\" height=\"592\" srcset=\"https:\/\/arturf.com\/wp-content\/uploads\/2020\/09\/Arturf-golf-mat-tee-grass-TEE-Pro-40.jpg 800w, https:\/\/arturf.com\/wp-content\/uploads\/2020\/09\/Arturf-golf-mat-tee-grass-TEE-Pro-40-300x222.jpg 300w, https:\/\/arturf.com\/wp-content\/uploads\/2020\/09\/Arturf-golf-mat-tee-grass-TEE-Pro-40-768x568.jpg 768w, https:\/\/arturf.com\/wp-content\/uploads\/2020\/09\/Arturf-golf-mat-tee-grass-TEE-Pro-40-16x12.jpg 16w, https:\/\/arturf.com\/wp-content\/uploads\/2020\/09\/Arturf-golf-mat-tee-grass-TEE-Pro-40-510x377.jpg 510w\" sizes=\"auto, (max-width: 800px) 100vw, 800px\" \/><\/p>\n<h3>Th\u00f4ng s\u1ed1 k\u1ef9 thu\u1eadt<\/h3>\n<ul>\n<li class=\"bullet-arrow\">Chi\u1ec1u cao c\u1ecdc: 40mm<\/li>\n<li class=\"bullet-arrow\">S\u1ee3i: S\u1ee3i monofilament polyetylen cu\u1ed9n tr\u00f2n si\u00eau d\u00e0y<\/li>\n<li class=\"bullet-arrow\">M\u00e0u xanh l\u00e1 c\u00e2y<\/li>\n<li class=\"bullet-arrow\">M\u00e1y \u0111o: 5\/16 inch<\/li>\n<li class=\"bullet-arrow\">K\u00edch th\u01b0\u1edbc: 2m x 18m, \u0110\u00f3ng g\u00f3i d\u1ea1ng cu\u1ed9n<\/li>\n<li class=\"bullet-arrow\">Tr\u1ecdng l\u01b0\u1ee3ng: 5,0 kg m\u1ed7i m\u00e9t vu\u00f4ng<\/li>\n<\/ul>\n<h3>Tr\u1ea3i nghi\u1ec7m l\u1ee3i th\u1ebf Tee Grass<\/h3>\n<ul>\n<li class=\"bullet-checkmark\">C\u1ecf nh\u00e2n t\u1ea1o ch\u1ea5t l\u01b0\u1ee3ng cao \u0111\u01b0\u1ee3c thi\u1ebft k\u1ebf d\u00e0nh ri\u00eang cho ng\u01b0\u1eddi ch\u01a1i golf.<\/li>\n<li class=\"bullet-checkmark\">M\u1eadt \u0111\u1ed9 t\u1ed1i \u01b0u \u0111\u1ec3 h\u1ed7 tr\u1ee3 ch\u1ed1t tee v\u00e0 l\u00e1i xe tr\u01a1n tru tr\u00ean b\u1ec1 m\u1eb7t.<\/li>\n<li class=\"bullet-checkmark\">Tr\u1ea3i nghi\u1ec7m xoay \u1ed5n \u0111\u1ecbnh m\u00e0 kh\u00f4ng c\u1ea7n \u201cch\u1ed9p l\u1ea5y\u201d \u0111\u1ea7u g\u1eady.<\/li>\n<li class=\"bullet-checkmark\">\u0110\u01b0\u1ee3c ch\u1ebf t\u1ea1o \u0111\u1ec3 ch\u1ecbu \u0111\u01b0\u1ee3c v\u00f4 s\u1ed1 l\u1ea7n l\u1eafc l\u01b0 trong nhi\u1ec1u n\u0103m th\u1ef1c h\u00e0nh l\u00e1i xe.<\/li>\n<li class=\"bullet-checkmark\">L\u00fd t\u01b0\u1edfng cho c\u00e1c \u0111\u01b0\u1eddng ph\u00e1t b\u00f3ng, th\u1ea3m l\u00e1i xe v\u00e0 th\u1ea3m s\u1ee9t m\u1ebb.<\/li>\n<li class=\"bullet-checkmark\">V\u00f4 s\u1ed1 v\u1ecb tr\u00ed ch\u1ed1t ph\u00e1t b\u00f3ng d\u00e0nh cho c\u00e1c khu v\u1ef1c ph\u00e1t b\u00f3ng trong m\u1ecdi th\u1eddi ti\u1ebft c\u1ee7a s\u00e2n g\u00f4n.<\/li>\n<\/ul>\n<h3>C\u00f2n h\u00e0ng v\u00e0 s\u1eb5n s\u00e0ng giao h\u00e0ng nhanh<\/h3>\n<p>\u0110\u1eebng ch\u1edd \u0111\u1ee3i l\u00e2u h\u01a1n \u0111\u1ec3 n\u00e2ng cao th\u1ef1c h\u00e0nh ch\u01a1i g\u00f4n c\u1ee7a b\u1ea1n. Tee Grass c\u1ee7a ch\u00fang t\u00f4i \u0111\u00e3 c\u00f3 h\u00e0ng v\u00e0 s\u1eb5n s\u00e0ng giao h\u00e0ng nhanh ch\u00f3ng, \u0111\u1ea3m b\u1ea3o b\u1ea1n c\u00f3 th\u1ec3 b\u1eaft \u0111\u1ea7u tinh ch\u1ec9nh c\u00fa swing c\u1ee7a m\u00ecnh ngay l\u1eadp t\u1ee9c!<\/p>\n<p><img alt=\"C\u1ecf Tee\" loading=\"lazy\" decoding=\"async\" class=\"alignnone wp-image-14423\" src=\"https:\/\/arturf.com\/wp-content\/uploads\/2021\/04\/Golf-Tee-Grass-In-Stock.jpg\" width=\"800\" height=\"600\" srcset=\"https:\/\/arturf.com\/wp-content\/uploads\/2021\/04\/Golf-Tee-Grass-In-Stock.jpg 1000w, https:\/\/arturf.com\/wp-content\/uploads\/2021\/04\/Golf-Tee-Grass-In-Stock-300x225.jpg 300w, https:\/\/arturf.com\/wp-content\/uploads\/2021\/04\/Golf-Tee-Grass-In-Stock-200x150.jpg 200w, https:\/\/arturf.com\/wp-content\/uploads\/2021\/04\/Golf-Tee-Grass-In-Stock-768x576.jpg 768w, https:\/\/arturf.com\/wp-content\/uploads\/2021\/04\/Golf-Tee-Grass-In-Stock-16x12.jpg 16w, https:\/\/arturf.com\/wp-content\/uploads\/2021\/04\/Golf-Tee-Grass-In-Stock-350x263.jpg 350w, https:\/\/arturf.com\/wp-content\/uploads\/2021\/04\/Golf-Tee-Grass-In-Stock-510x383.jpg 510w\" sizes=\"auto, (max-width: 800px) 100vw, 800px\" \/><\/p>\n<p>Khai ph\u00e1 ti\u1ec1m n\u0103ng ch\u01a1i g\u00f4n th\u1ef1c s\u1ef1 c\u1ee7a b\u1ea1n v\u1edbi Arturf Tee Grass \u201cTEE Pro 40\u201d! T\u0103ng c\u01b0\u1eddng c\u00e1c bu\u1ed5i luy\u1ec7n t\u1eadp c\u1ee7a b\u1ea1n tr\u00ean s\u00e2n t\u1eadp \u0111\u00e1nh g\u00f4n ho\u1eb7c s\u00e2n g\u00f4n v\u1edbi c\u1ecf nh\u00e2n t\u1ea1o ch\u1ea5t l\u01b0\u1ee3ng cao, b\u1ec1n v\u00e0 th\u00e2n thi\u1ec7n v\u1edbi ng\u01b0\u1eddi ph\u00e1t b\u00f3ng c\u1ee7a ch\u00fang t\u00f4i. \u0110\u1eb7t h\u00e0ng ngay b\u00e2y gi\u1edd \u0111\u1ec3 \u0111\u01b0\u1ee3c giao h\u00e0ng nhanh ch\u00f3ng v\u00e0 \u0111\u01b0a tr\u00f2 ch\u01a1i g\u00f4n c\u1ee7a b\u1ea1n l\u00ean m\u1ed9t t\u1ea7m cao m\u1edbi!<\/p>\n\n\t<section class=\"section\" id=\"section_410138759\">\n\t\t<div class=\"section-bg fill\" >\n\t\t\t\t\t\t\t\t\t\n\t\t\t\n\n\t\t<\/div>\n\n\t\t\n\n\t\t<div class=\"section-content relative\">\n\t\t\t\n\n<div class=\"row\"  id=\"row-565141187\">\n\n\n\t<div id=\"col-1352906918\" class=\"col small-12 large-12\"  >\n\t\t\t\t<div class=\"col-inner text-center\"  >\n\t\t\t\n\t\t\t\n\n<h2>c\u00e2u h\u1ecfi th\u01b0\u1eddng g\u1eb7p<\/h2>\n\n\t\t<\/div>\n\t\t\t\t\t<\/div>\n\n\t\n\n<\/div>\n<div class=\"row align-center row-box-shadow-1\"  id=\"row-66071072\">\n\n\n\t<div id=\"col-728730787\" class=\"col medium-10 small-12 large-9\"  >\n\t\t\t\t<div class=\"col-inner\" style=\"background-color:rgb(255,255,255);\" >\n\t\t\t\n\t\t\t\n\n<div class=\"accordion\">\n\n\t<div id=\"accordion-94531973\" class=\"accordion-item\">\n\t\t<a id=\"accordion-94531973-label\" class=\"accordion-title plain\" href=\"#accordion-item-can-you-customize-specifications-for-your-artificial-turf-products?\" aria-expanded=\"false\" aria-controls=\"accordion-94531973-content\">\n\t\t\t<button class=\"toggle\" aria-label=\"Chuy\u1ec3n \u0111\u1ed5i\"><i class=\"icon-angle-down\" aria-hidden=\"true\"><\/i><\/button>\n\t\t\t<span>B\u1ea1n c\u00f3 th\u1ec3 t\u00f9y ch\u1ec9nh th\u00f4ng s\u1ed1 k\u1ef9 thu\u1eadt cho c\u00e1c s\u1ea3n ph\u1ea9m c\u1ecf nh\u00e2n t\u1ea1o c\u1ee7a m\u00ecnh kh\u00f4ng?<\/span>\n\t\t<\/a>\n\t\t<div id=\"accordion-94531973-content\" class=\"accordion-inner\" aria-labelledby=\"accordion-94531973-label\">\n\t\t\t\n\n<p>C\u00f3, ch\u00fang t\u00f4i cung c\u1ea5p c\u00e1c t\u00f9y ch\u1ecdn t\u00f9y ch\u1ec9nh v\u1ec1 m\u00e0u s\u1eafc, h\u00ecnh d\u1ea1ng s\u1ee3i, chi\u1ec1u cao c\u1ecdc, m\u1eadt \u0111\u1ed9 v\u00e0 l\u1edbp l\u00f3t. Ch\u00fang t\u00f4i c\u0169ng c\u00f3 th\u1ec3 s\u1ea3n xu\u1ea5t theo m\u1ed9t m\u1eabu \u0111\u01b0\u1ee3c cung c\u1ea5p.<\/p>\n\n\t\t<\/div>\n\t<\/div>\n\t\n\t<div id=\"accordion-889724819\" class=\"accordion-item\">\n\t\t<a id=\"accordion-889724819-label\" class=\"accordion-title plain\" href=\"#accordion-item-do-you-have-stock?\" aria-expanded=\"false\" aria-controls=\"accordion-889724819-content\">\n\t\t\t<button class=\"toggle\" aria-label=\"Chuy\u1ec3n \u0111\u1ed5i\"><i class=\"icon-angle-down\" aria-hidden=\"true\"><\/i><\/button>\n\t\t\t<span>B\u1ea1n c\u00f3 h\u00e0ng kh\u00f4ng?<\/span>\n\t\t<\/a>\n\t\t<div id=\"accordion-889724819-content\" class=\"accordion-inner\" aria-labelledby=\"accordion-889724819-label\">\n\t\t\t\n\n<p>Kh\u00f4ng, ch\u00fang t\u00f4i kh\u00f4ng gi\u1eef c\u1ed5 phi\u1ebfu. Ch\u00fang t\u00f4i b\u1eaft \u0111\u1ea7u s\u1ea3n xu\u1ea5t d\u1ef1a tr\u00ean c\u00e1c \u0111\u01a1n \u0111\u1eb7t h\u00e0ng c\u1ee5 th\u1ec3.<\/p>\n\n\t\t<\/div>\n\t<\/div>\n\t\n\t<div id=\"accordion-1939152771\" class=\"accordion-item\">\n\t\t<a id=\"accordion-1939152771-label\" class=\"accordion-title plain\" href=\"#accordion-item-what-is-your-moq?\" aria-expanded=\"false\" aria-controls=\"accordion-1939152771-content\">\n\t\t\t<button class=\"toggle\" aria-label=\"Chuy\u1ec3n \u0111\u1ed5i\"><i class=\"icon-angle-down\" aria-hidden=\"true\"><\/i><\/button>\n\t\t\t<span>Moq c\u1ee7a b\u1ea1n l\u00e0 g\u00ec?<\/span>\n\t\t<\/a>\n\t\t<div id=\"accordion-1939152771-content\" class=\"accordion-inner\" aria-labelledby=\"accordion-1939152771-label\">\n\t\t\t\n\n<p>\u0110\u1ed1i v\u1edbi h\u1ea7u h\u1ebft c\u1ecf nh\u00e2n t\u1ea1o, s\u1ed1 l\u01b0\u1ee3ng \u0111\u1eb7t h\u00e0ng t\u1ed1i thi\u1ec3u (MOQ) c\u1ee7a ch\u00fang t\u00f4i l\u00e0 500 m\u00e9t vu\u00f4ng. \u0110\u1ed1i v\u1edbi m\u1ed9t s\u1ed1 s\u1ea3n ph\u1ea9m c\u00f3 tr\u1ecdng l\u01b0\u1ee3ng nh\u1eb9, MOQ l\u00e0 800 m\u00e9t vu\u00f4ng.<\/p>\n\n\t\t<\/div>\n\t<\/div>\n\t\n\t<div id=\"accordion-4159801565\" class=\"accordion-item\">\n\t\t<a id=\"accordion-4159801565-label\" class=\"accordion-title plain\" href=\"#accordion-item-what-are-the-width-and-length-options-for-artificial-grass?\" aria-expanded=\"false\" aria-controls=\"accordion-4159801565-content\">\n\t\t\t<button class=\"toggle\" aria-label=\"Chuy\u1ec3n \u0111\u1ed5i\"><i class=\"icon-angle-down\" aria-hidden=\"true\"><\/i><\/button>\n\t\t\t<span>C\u00e1c t\u00f9y ch\u1ecdn chi\u1ec1u r\u1ed9ng v\u00e0 chi\u1ec1u d\u00e0i cho c\u1ecf nh\u00e2n t\u1ea1o l\u00e0 g\u00ec?<\/span>\n\t\t<\/a>\n\t\t<div id=\"accordion-4159801565-content\" class=\"accordion-inner\" aria-labelledby=\"accordion-4159801565-label\">\n\t\t\t\n\n<p>C\u00e1c t\u00f9y ch\u1ecdn chi\u1ec1u r\u1ed9ng ph\u1ed5 bi\u1ebfn c\u1ee7a ch\u00fang t\u00f4i l\u00e0 2m, 3,75m, 3,95m, 4m v\u00e0 5m. \u0110\u1ed9 d\u00e0i c\u00f3 th\u1ec3 \u0111\u01b0\u1ee3c t\u00f9y ch\u1ec9nh theo y\u00eau c\u1ea7u d\u1ef1 \u00e1n c\u1ee5 th\u1ec3 c\u1ee7a b\u1ea1n. Theo m\u1eb7c \u0111\u1ecbnh, ch\u00fang t\u00f4i k\u1ebft h\u1ee3p c\u1ecf r\u1ed9ng 4m v\u00e0 c\u1ecf r\u1ed9ng 2m v\u1edbi nhau \u0111\u1ec3 t\u1ed1i \u01b0u h\u00f3a kh\u00f4ng gian ch\u1ee9a.<\/p>\n\n\t\t<\/div>\n\t<\/div>\n\t\n\t<div id=\"accordion-3124741148\" class=\"accordion-item\">\n\t\t<a id=\"accordion-3124741148-label\" class=\"accordion-title plain\" href=\"#accordion-item-what-information-do-you-need-to-provide-the-landed-cost-for-international-customers?\" aria-expanded=\"false\" aria-controls=\"accordion-3124741148-content\">\n\t\t\t<button class=\"toggle\" aria-label=\"Chuy\u1ec3n \u0111\u1ed5i\"><i class=\"icon-angle-down\" aria-hidden=\"true\"><\/i><\/button>\n\t\t\t<span>B\u1ea1n c\u1ea7n th\u00f4ng tin g\u00ec \u0111\u1ec3 cung c\u1ea5p chi ph\u00ed h\u1ea1 c\u00e1nh cho kh\u00e1ch h\u00e0ng qu\u1ed1c t\u1ebf?<\/span>\n\t\t<\/a>\n\t\t<div id=\"accordion-3124741148-content\" class=\"accordion-inner\" aria-labelledby=\"accordion-3124741148-label\">\n\t\t\t\n\n<p>\u0110\u1ec3 cung c\u1ea5p chi ph\u00ed h\u1ea1 c\u00e1nh, ch\u00fang t\u00f4i y\u00eau c\u1ea7u th\u00f4ng tin v\u1ec1 chi ti\u1ebft s\u1ea3n ph\u1ea9m, s\u1ed1 l\u01b0\u1ee3ng v\u00e0 c\u1ea3ng bi\u1ec3n \u0111\u00edch.<\/p>\n\n\t\t<\/div>\n\t<\/div>\n\t\n\n<\/div>\n\n\t\t<\/div>\n\t\t\t\t\t<\/div>\n\n\t\n\n\n<style>\n#row-66071072 > .col > .col-inner {\n  padding: 0px 0px 0px 0px;\n}\n@media (min-width:550px) {\n  #row-66071072 > .col > .col-inner {\n    padding: 30px 30px 30px 30px;\n  }\n}\n<\/style>\n<\/div>\n\n\t\t<\/div>\n\n\t\t\n<style>\n#section_410138759 {\n  padding-top: 60px;\n  padding-bottom: 60px;\n}\n<\/style>\n\t<\/section>\n\t\n<div class=\"row align-center\"  id=\"row-1844154510\">\n\n\n\t<div id=\"col-133972964\" class=\"col medium-4 large-4\"  >\n\t\t\t\t<div class=\"col-inner\"  >\n\t\t\t\n\t<div class=\"is-border\"\n\t\tstyle=\"border-width:0px 0px 0px 0px;\">\n\t<\/div>\n\t\t\t\n\n\n\t\t<div class=\"icon-box featured-box icon-box-center text-center\"  style=\"margin:0px 0px 0px 0px;\">\n\t\t\t\t\t<div class=\"icon-box-img has-icon-bg\" style=\"width: 100px\">\n\t\t\t\t<div class=\"icon\">\n\t\t\t\t\t<div class=\"icon-inner\" style=\"border-width:2px;color:rgba(47, 159, 18, 0.88);\">\n\t\t\t\t\t\t<img loading=\"lazy\" decoding=\"async\" width=\"100\" height=\"100\" src=\"https:\/\/arturf.com\/wp-content\/uploads\/2018\/06\/Icon-Good-quality.png\" class=\"attachment-medium size-medium\" alt=\"C\u1ecf Tee\" srcset=\"https:\/\/arturf.com\/wp-content\/uploads\/2018\/06\/Icon-Good-quality.png 100w, https:\/\/arturf.com\/wp-content\/uploads\/2018\/06\/Icon-Good-quality-12x12.png 12w\" sizes=\"auto, (max-width: 100px) 100vw, 100px\" \/>\t\t\t\t\t<\/div>\n\t\t\t\t<\/div>\n\t\t\t<\/div>\n\t\t\t\t<div class=\"icon-box-text last-reset\">\n\t\t\t<h5 class=\"uppercase\">Ch\u1ea5t l\u01b0\u1ee3ng \u0111\u00e3 \u0111\u01b0\u1ee3c ch\u1ee9ng minh<\/h5>\t\t\t\t\t\t\n\n<p>C\u1ecf nh\u00e2n t\u1ea1o cao c\u1ea5p c\u00f3 kh\u1ea3 n\u0103ng ch\u1ed1ng tia c\u1ef1c t\u00edm v\u00e0 m\u00e0i m\u00f2n. B\u1ea3o h\u00e0nh v\u1eefng ch\u1eafc \u0111\u1ea3m b\u1ea3o s\u1ef1 h\u00e0i l\u00f2ng l\u00e2u d\u00e0i.<\/p>\n\n\t\t<\/div>\n\t<\/div>\n\t\n\t\n\n\t\t<\/div>\n\t\t\t\t\t<\/div>\n\n\t\n\n\t<div id=\"col-568748732\" class=\"col medium-4 large-4\"  >\n\t\t\t\t<div class=\"col-inner\"  >\n\t\t\t\n\t<div class=\"is-border\"\n\t\tstyle=\"border-width:0px 0px 0px 0px;\">\n\t<\/div>\n\t\t\t\n\n\n\t\t<div class=\"icon-box featured-box icon-box-center text-center\"  style=\"margin:0px 0px 0px 0px;\">\n\t\t\t\t\t<div class=\"icon-box-img has-icon-bg\" style=\"width: 100px\">\n\t\t\t\t<div class=\"icon\">\n\t\t\t\t\t<div class=\"icon-inner\" style=\"border-width:2px;color:rgba(47, 159, 18, 0.88);\">\n\t\t\t\t\t\t<img loading=\"lazy\" decoding=\"async\" width=\"100\" height=\"100\" src=\"https:\/\/arturf.com\/wp-content\/uploads\/2018\/06\/Icon-Good-price.png\" class=\"attachment-medium size-medium\" alt=\"C\u1ecf Tee\" srcset=\"https:\/\/arturf.com\/wp-content\/uploads\/2018\/06\/Icon-Good-price.png 100w, https:\/\/arturf.com\/wp-content\/uploads\/2018\/06\/Icon-Good-price-12x12.png 12w\" sizes=\"auto, (max-width: 100px) 100vw, 100px\" \/>\t\t\t\t\t<\/div>\n\t\t\t\t<\/div>\n\t\t\t<\/div>\n\t\t\t\t<div class=\"icon-box-text last-reset\">\n\t\t\t<h5 class=\"uppercase\">Gi\u00e1 c\u1ea3 c\u1ea1nh tranh<\/h5>\t\t\t\t\t\t\n\n<p>Ch\u00fang t\u00f4i cung c\u1ea5p gi\u00e1 c\u1ea3 c\u1ea1nh tranh, th\u00fac \u0111\u1ea9y s\u1ef1 ph\u00e1t tri\u1ec3n chung v\u00e0 th\u00e0nh c\u00f4ng l\u00e2u d\u00e0i v\u1edbi c\u00e1c \u0111\u1ea1i l\u00fd \u0111\u00e1ng k\u00ednh c\u1ee7a ch\u00fang t\u00f4i.<\/p>\n\n\t\t<\/div>\n\t<\/div>\n\t\n\t\n\n\t\t<\/div>\n\t\t\t\t\t<\/div>\n\n\t\n\n\t<div id=\"col-497589106\" class=\"col medium-4 large-4\"  >\n\t\t\t\t<div class=\"col-inner\"  >\n\t\t\t\n\t<div class=\"is-border\"\n\t\tstyle=\"border-width:0px 0px 0px 0px;\">\n\t<\/div>\n\t\t\t\n\n\n\t\t<div class=\"icon-box featured-box icon-box-center text-center\"  style=\"margin:0px 0px 0px 0px;\">\n\t\t\t\t\t<div class=\"icon-box-img has-icon-bg\" style=\"width: 100px\">\n\t\t\t\t<div class=\"icon\">\n\t\t\t\t\t<div class=\"icon-inner\" style=\"border-width:2px;color:rgba(47, 159, 18, 0.88);\">\n\t\t\t\t\t\t<img loading=\"lazy\" decoding=\"async\" width=\"100\" height=\"100\" src=\"https:\/\/arturf.com\/wp-content\/uploads\/2018\/06\/Icon-tailor-made.png\" class=\"attachment-medium size-medium\" alt=\"C\u1ecf Tee\" srcset=\"https:\/\/arturf.com\/wp-content\/uploads\/2018\/06\/Icon-tailor-made.png 100w, https:\/\/arturf.com\/wp-content\/uploads\/2018\/06\/Icon-tailor-made-12x12.png 12w\" sizes=\"auto, (max-width: 100px) 100vw, 100px\" \/>\t\t\t\t\t<\/div>\n\t\t\t\t<\/div>\n\t\t\t<\/div>\n\t\t\t\t<div class=\"icon-box-text last-reset\">\n\t\t\t<h5 class=\"uppercase\">Gi\u1ea3i ph\u00e1p t\u00f9y ch\u1ec9nh<\/h5>\t\t\t\t\t\t\n\n<p>Khai ph\u00e1 ti\u1ec1m n\u0103ng th\u1ecb tr\u01b0\u1eddng v\u1edbi c\u00e1c l\u1ef1a ch\u1ecdn c\u1ecf nh\u00e2n t\u1ea1o \u0111a d\u1ea1ng. <a href=\"https:\/\/arturf.com\/vi\/buyers-guide\/customized-artificial-grass-products\/\">Ph\u00f9 h\u1ee3p v\u1edbi nhu c\u1ea7u ho\u1eb7c m\u1eabu \u0111\u1ed9c \u0111\u00e1o<\/a>.<\/p>\n\n\t\t<\/div>\n\t<\/div>\n\t\n\t\n\n\t\t<\/div>\n\t\t\t\t\t<\/div>\n\n\t\n\n<\/div>","protected":false},"excerpt":{"rendered":"<p>Tr\u1ea3i nghi\u1ec7m nh\u1eefng g\u00ec t\u1ed1t nh\u1ea5t trong luy\u1ec7n t\u1eadp ch\u01a1i g\u00f4n v\u1edbi Tee Grass \u201cTEE Pro 40\u201d c\u1ee7a ch\u00fang t\u00f4i, s\u00e2n c\u1ecf nh\u00e2n t\u1ea1o c\u1ee9ng, kh\u00f4ng l\u1ea5p \u0111\u1ea7y c\u00e1t cu\u1ed1i c\u00f9ng. \u0110\u01b0\u1ee3c thi\u1ebft k\u1ebf \u0111\u1eb7c bi\u1ec7t cho g\u1eady s\u1eaft v\u00e0 g\u1ed7, m\u1eb7t c\u1ecf n\u00e0y gi\u1eef c\u1ed1 \u0111\u1ecbnh c\u00e1c ch\u1ed1t ph\u00e1t b\u00f3ng, \u0111\u1ea3m b\u1ea3o tr\u1ea3i nghi\u1ec7m ch\u01a1i g\u00f4n an to\u00e0n v\u00e0 th\u00fa v\u1ecb.<\/p>","protected":false},"featured_media":8032,"template":"","meta":{"_seopress_robots_primary_cat":"","_seopress_titles_title":"","_seopress_titles_desc":"Experience perfect swings with Tee Pro 40 - non-infill Tee grass for golf courses. In stock for fast delivery! \u26f3\ufe0f #Golf #TeeGrass","_seopress_robots_index":""},"product_brand":[],"product_cat":[65],"product_tag":[],"class_list":{"0":"post-6708","1":"product","2":"type-product","3":"status-publish","4":"has-post-thumbnail","6":"product_cat-golf","8":"first","9":"instock","10":"shipping-taxable","11":"product-type-simple"},"_links":{"self":[{"href":"https:\/\/arturf.com\/vi\/wp-json\/wp\/v2\/product\/6708","targetHints":{"allow":["GET"]}}],"collection":[{"href":"https:\/\/arturf.com\/vi\/wp-json\/wp\/v2\/product"}],"about":[{"href":"https:\/\/arturf.com\/vi\/wp-json\/wp\/v2\/types\/product"}],"wp:featuredmedia":[{"embeddable":true,"href":"https:\/\/arturf.com\/vi\/wp-json\/wp\/v2\/media\/8032"}],"wp:attachment":[{"href":"https:\/\/arturf.com\/vi\/wp-json\/wp\/v2\/media?parent=6708"}],"wp:term":[{"taxonomy":"product_brand","embeddable":true,"href":"https:\/\/arturf.com\/vi\/wp-json\/wp\/v2\/product_brand?post=6708"},{"taxonomy":"product_cat","embeddable":true,"href":"https:\/\/arturf.com\/vi\/wp-json\/wp\/v2\/product_cat?post=6708"},{"taxonomy":"product_tag","embeddable":true,"href":"https:\/\/arturf.com\/vi\/wp-json\/wp\/v2\/product_tag?post=6708"}],"curies":[{"name":"wp","href":"https:\/\/api.w.org\/{rel}","templated":true}]}}