{"id":6713,"date":"2018-07-27T15:10:48","date_gmt":"2018-07-27T15:10:48","guid":{"rendered":"https:\/\/arturf.com\/?post_type=product&#038;p=6713"},"modified":"2024-08-23T08:52:30","modified_gmt":"2024-08-23T00:52:30","slug":"color-grass","status":"publish","type":"product","link":"https:\/\/arturf.com\/vi\/product\/color-grass\/","title":{"rendered":"C\u1ecf m\u00e0u"},"content":{"rendered":"<p>C\u1ecf nh\u00e2n t\u1ea1o m\u00e0u t\u1ea1o c\u01a1 h\u1ed9i cho m\u1ed9t thi\u1ebft k\u1ebf s\u1ed1ng th\u1ef1c s\u1ef1 trong nh\u00e0 v\u00e0 ngo\u00e0i tr\u1eddi. N\u00f3 c\u00f3 th\u1ec3 \u0111\u01b0\u1ee3c \u0111\u1eb7t tr\u00ean b\u1ea5t k\u1ef3 b\u1ec1 m\u1eb7t n\u00e0o v\u00e0 tu\u00e2n th\u1ee7 h\u1ea7u h\u1ebft m\u1ecdi h\u00ecnh d\u1ea1ng. N\u00f3 \u0111\u1eb7c bi\u1ec7t l\u00e0m cho m\u1ed9t b\u1ed5 sung tuy\u1ec7t v\u1eddi cho c\u00e1c l\u0129nh v\u1ef1c th\u1ec3 thao, m\u1eabu gi\u00e1o, v\u01b0\u1eddn, s\u00e0n, hi\u00ean, ho\u1eb7c v\u0103n ph\u00f2ng.<\/p>\n<p>S\u1ef1 linh ho\u1ea1t v\u1ec1 h\u00ecnh d\u1ea1ng v\u00e0 m\u00e0u s\u1eafc lo\u1ea1i b\u1ecf t\u1ea5t c\u1ea3 c\u00e1c h\u1ea1n ch\u1ebf tr\u01b0\u1edbc \u0111\u00e2y \u0111\u01b0\u1ee3c \u0111\u1eb7t tr\u00ean c\u00e1c thi\u1ebft k\u1ebf c\u1ecf nh\u00e2n t\u1ea1o. B\u1ea1n c\u00f3 th\u1ec3 s\u1eed d\u1ee5ng nhi\u1ec1u m\u00e0u c\u1ecf nh\u00e2n t\u1ea1o \u0111\u1ec3 ph\u00e1 v\u1ee1 kh\u00f4ng gian ho\u1eb7c t\u1ea1o kh\u00f4ng gian trang tr\u00ed. V\u1edbi nhi\u1ec1u m\u00e0u s\u1eafc v\u00e0 ki\u1ec3u d\u00e1ng c\u00f3 s\u1eb5n, c\u00e1c l\u1ef1a ch\u1ecdn k\u1ebft qu\u1ea3 l\u00e0 v\u00f4 t\u1eadn. N\u00f3i chung, c\u1ecf nh\u00e2n t\u1ea1o m\u00e0u c\u00f3 th\u1ec3 \u0111\u01b0\u1ee3c s\u1eed d\u1ee5ng cho b\u1ea5t k\u1ef3 \u1ee9ng d\u1ee5ng n\u00e0o \u0111\u1ec3 t\u0103ng c\u01b0\u1eddng m\u00f4i tr\u01b0\u1eddng xung quanh.<\/p>\n<h4>Tr\u01b0\u1eddng h\u1ee3p c\u1ecf nh\u00e2n t\u1ea1o m\u00e0u \u0111\u01b0\u1ee3c s\u1eed d\u1ee5ng ph\u1ed5 bi\u1ebfn nh\u1ea5t?<\/h4>\n<ul>\n<li class=\"bullet-arrow\">S\u00e2n th\u1ec3 thao <a href=\"https:\/\/arturf.com\/vi\/support\/artificial-grass-line-marking\/\">\u0111\u00e1nh d\u1ea5u \u0111\u01b0\u1eddng<\/a><\/li>\n<li class=\"bullet-arrow\">C\u00e1c l\u0129nh v\u1ef1c th\u1ec3 thao nh\u01b0 s\u00e2n b\u00f3ng \u0111\u00e1 m\u00e0u xanh, \u0111\u1ecf ho\u1eb7c xanh <a href=\"https:\/\/arturf.com\/vi\/sports\/tennis\/\">s\u00e2n qu\u1ea7n v\u1ee3t<\/a>.<\/li>\n<li class=\"bullet-arrow\">\u0110\u01b0\u1eddng ch\u1ea1y \/<a href=\"https:\/\/arturf.com\/vi\/athletics-tracks\/\">\u0110\u01b0\u1eddng ray v\u00e0 b\u1ec1 m\u1eb7t \u0111i\u1ec1n kinh<\/a><\/li>\n<li class=\"bullet-arrow\">Khu vui ch\u01a1i<\/li>\n<li class=\"bullet-arrow\">Trang tr\u00ed<\/li>\n<li class=\"bullet-arrow\">Logo c\u1ecf nh\u00e2n t\u1ea1o m\u00e0u<\/li>\n<\/ul>\n\n  \n    <div class=\"row large-columns-8 medium-columns-3 small-columns-2 row-small slider row-slider slider-nav-reveal slider-nav-push\"  data-flickity-options='{&quot;imagesLoaded&quot;: true, &quot;groupCells&quot;: &quot;100%&quot;, &quot;dragThreshold&quot; : 5, &quot;cellAlign&quot;: &quot;left&quot;,&quot;wrapAround&quot;: true,&quot;prevNextButtons&quot;: true,&quot;percentPosition&quot;: true,&quot;pageDots&quot;: false, &quot;rightToLeft&quot;: false, &quot;autoPlay&quot; : false}' >\n\n  <div class=\"gallery-col col\" >\n          <div class=\"col-inner\">\n            <a class=\"image-lightbox lightbox-gallery\" href=\"https:\/\/arturf.com\/wp-content\/uploads\/2019\/01\/Artificial-Grass-Marking-Lines.jpg\" title=\"\">            <div class=\"box has-hover gallery-box box-normal\">\n              <div class=\"box-image image-cover\" style=\"padding-top:75%;\">\n                <img loading=\"lazy\" decoding=\"async\" width=\"300\" height=\"225\" src=\"https:\/\/arturf.com\/wp-content\/uploads\/2019\/01\/Artificial-Grass-Marking-Lines-300x225.jpg\" class=\"attachment-medium size-medium\" alt=\"\" ids=\"8218,11691,10219,11692,11695,11693,11696,11697,11694,5866\" style=\"normal\" type=\"slider\" col_spacing=\"small\" columns=\"8\" image_height=\"75%\" srcset=\"https:\/\/arturf.com\/wp-content\/uploads\/2019\/01\/Artificial-Grass-Marking-Lines-300x225.jpg 300w, https:\/\/arturf.com\/wp-content\/uploads\/2019\/01\/Artificial-Grass-Marking-Lines-200x150.jpg 200w, https:\/\/arturf.com\/wp-content\/uploads\/2019\/01\/Artificial-Grass-Marking-Lines-768x576.jpg 768w, https:\/\/arturf.com\/wp-content\/uploads\/2019\/01\/Artificial-Grass-Marking-Lines-16x12.jpg 16w, https:\/\/arturf.com\/wp-content\/uploads\/2019\/01\/Artificial-Grass-Marking-Lines-350x263.jpg 350w, https:\/\/arturf.com\/wp-content\/uploads\/2019\/01\/Artificial-Grass-Marking-Lines-510x383.jpg 510w, https:\/\/arturf.com\/wp-content\/uploads\/2019\/01\/Artificial-Grass-Marking-Lines.jpg 800w\" sizes=\"auto, (max-width: 300px) 100vw, 300px\" \/>                                                              <\/div>\n              <div class=\"box-text text-left\" >\n                 <p><\/p>\n              <\/div>\n            <\/div>\n            <\/a>          <\/div>\n         <\/div><div class=\"gallery-col col\" >\n          <div class=\"col-inner\">\n            <a class=\"image-lightbox lightbox-gallery\" href=\"https:\/\/arturf.com\/wp-content\/uploads\/2020\/05\/Running-Track-Artificial-Turf.jpg\" title=\"\">            <div class=\"box has-hover gallery-box box-normal\">\n              <div class=\"box-image image-cover\" style=\"padding-top:75%;\">\n                <img loading=\"lazy\" decoding=\"async\" width=\"300\" height=\"225\" src=\"https:\/\/arturf.com\/wp-content\/uploads\/2020\/05\/Running-Track-Artificial-Turf-300x225.jpg\" class=\"attachment-medium size-medium\" alt=\"\" ids=\"8218,11691,10219,11692,11695,11693,11696,11697,11694,5866\" style=\"normal\" type=\"slider\" col_spacing=\"small\" columns=\"8\" image_height=\"75%\" srcset=\"https:\/\/arturf.com\/wp-content\/uploads\/2020\/05\/Running-Track-Artificial-Turf-300x225.jpg 300w, https:\/\/arturf.com\/wp-content\/uploads\/2020\/05\/Running-Track-Artificial-Turf-200x150.jpg 200w, https:\/\/arturf.com\/wp-content\/uploads\/2020\/05\/Running-Track-Artificial-Turf-768x576.jpg 768w, https:\/\/arturf.com\/wp-content\/uploads\/2020\/05\/Running-Track-Artificial-Turf-16x12.jpg 16w, https:\/\/arturf.com\/wp-content\/uploads\/2020\/05\/Running-Track-Artificial-Turf-350x263.jpg 350w, https:\/\/arturf.com\/wp-content\/uploads\/2020\/05\/Running-Track-Artificial-Turf-510x383.jpg 510w, https:\/\/arturf.com\/wp-content\/uploads\/2020\/05\/Running-Track-Artificial-Turf.jpg 800w\" sizes=\"auto, (max-width: 300px) 100vw, 300px\" \/>                                                              <\/div>\n              <div class=\"box-text text-left\" >\n                 <p><\/p>\n              <\/div>\n            <\/div>\n            <\/a>          <\/div>\n         <\/div><div class=\"gallery-col col\" >\n          <div class=\"col-inner\">\n            <a class=\"image-lightbox lightbox-gallery\" href=\"https:\/\/arturf.com\/wp-content\/uploads\/2014\/05\/Artificial-GrassTennis-Court-Blue-and-Green-1024x842.jpg\" title=\"\">            <div class=\"box has-hover gallery-box box-normal\">\n              <div class=\"box-image image-cover\" style=\"padding-top:75%;\">\n                <img loading=\"lazy\" decoding=\"async\" width=\"300\" height=\"247\" src=\"https:\/\/arturf.com\/wp-content\/uploads\/2014\/05\/Artificial-GrassTennis-Court-Blue-and-Green-300x247.jpg\" class=\"attachment-medium size-medium\" alt=\"\" ids=\"8218,11691,10219,11692,11695,11693,11696,11697,11694,5866\" style=\"normal\" type=\"slider\" col_spacing=\"small\" columns=\"8\" image_height=\"75%\" srcset=\"https:\/\/arturf.com\/wp-content\/uploads\/2014\/05\/Artificial-GrassTennis-Court-Blue-and-Green-300x247.jpg 300w, https:\/\/arturf.com\/wp-content\/uploads\/2014\/05\/Artificial-GrassTennis-Court-Blue-and-Green-1024x842.jpg 1024w, https:\/\/arturf.com\/wp-content\/uploads\/2014\/05\/Artificial-GrassTennis-Court-Blue-and-Green-768x631.jpg 768w, https:\/\/arturf.com\/wp-content\/uploads\/2014\/05\/Artificial-GrassTennis-Court-Blue-and-Green-15x12.jpg 15w, https:\/\/arturf.com\/wp-content\/uploads\/2014\/05\/Artificial-GrassTennis-Court-Blue-and-Green-510x419.jpg 510w, https:\/\/arturf.com\/wp-content\/uploads\/2014\/05\/Artificial-GrassTennis-Court-Blue-and-Green.jpg 1080w\" sizes=\"auto, (max-width: 300px) 100vw, 300px\" \/>                                                              <\/div>\n              <div class=\"box-text text-left\" >\n                 <p><\/p>\n              <\/div>\n            <\/div>\n            <\/a>          <\/div>\n         <\/div><div class=\"gallery-col col\" >\n          <div class=\"col-inner\">\n            <a class=\"image-lightbox lightbox-gallery\" href=\"https:\/\/arturf.com\/wp-content\/uploads\/2020\/05\/Blue-Artificial-Grass-for-Playrounds.jpg\" title=\"\">            <div class=\"box has-hover gallery-box box-normal\">\n              <div class=\"box-image image-cover\" style=\"padding-top:75%;\">\n                <img loading=\"lazy\" decoding=\"async\" width=\"300\" height=\"225\" src=\"https:\/\/arturf.com\/wp-content\/uploads\/2020\/05\/Blue-Artificial-Grass-for-Playrounds-300x225.jpg\" class=\"attachment-medium size-medium\" alt=\"\" ids=\"8218,11691,10219,11692,11695,11693,11696,11697,11694,5866\" style=\"normal\" type=\"slider\" col_spacing=\"small\" columns=\"8\" image_height=\"75%\" srcset=\"https:\/\/arturf.com\/wp-content\/uploads\/2020\/05\/Blue-Artificial-Grass-for-Playrounds-300x225.jpg 300w, https:\/\/arturf.com\/wp-content\/uploads\/2020\/05\/Blue-Artificial-Grass-for-Playrounds-200x150.jpg 200w, https:\/\/arturf.com\/wp-content\/uploads\/2020\/05\/Blue-Artificial-Grass-for-Playrounds-768x576.jpg 768w, https:\/\/arturf.com\/wp-content\/uploads\/2020\/05\/Blue-Artificial-Grass-for-Playrounds-16x12.jpg 16w, https:\/\/arturf.com\/wp-content\/uploads\/2020\/05\/Blue-Artificial-Grass-for-Playrounds-350x263.jpg 350w, https:\/\/arturf.com\/wp-content\/uploads\/2020\/05\/Blue-Artificial-Grass-for-Playrounds-510x383.jpg 510w, https:\/\/arturf.com\/wp-content\/uploads\/2020\/05\/Blue-Artificial-Grass-for-Playrounds.jpg 800w\" sizes=\"auto, (max-width: 300px) 100vw, 300px\" \/>                                                              <\/div>\n              <div class=\"box-text text-left\" >\n                 <p><\/p>\n              <\/div>\n            <\/div>\n            <\/a>          <\/div>\n         <\/div><div class=\"gallery-col col\" >\n          <div class=\"col-inner\">\n            <a class=\"image-lightbox lightbox-gallery\" href=\"https:\/\/arturf.com\/wp-content\/uploads\/2020\/05\/Colored-Artificial-Grass-3.jpg\" title=\"\">            <div class=\"box has-hover gallery-box box-normal\">\n              <div class=\"box-image image-cover\" style=\"padding-top:75%;\">\n                <img loading=\"lazy\" decoding=\"async\" width=\"225\" height=\"300\" src=\"https:\/\/arturf.com\/wp-content\/uploads\/2020\/05\/Colored-Artificial-Grass-3-225x300.jpg\" class=\"attachment-medium size-medium\" alt=\"\" ids=\"8218,11691,10219,11692,11695,11693,11696,11697,11694,5866\" style=\"normal\" type=\"slider\" col_spacing=\"small\" columns=\"8\" image_height=\"75%\" srcset=\"https:\/\/arturf.com\/wp-content\/uploads\/2020\/05\/Colored-Artificial-Grass-3-225x300.jpg 225w, https:\/\/arturf.com\/wp-content\/uploads\/2020\/05\/Colored-Artificial-Grass-3-9x12.jpg 9w, https:\/\/arturf.com\/wp-content\/uploads\/2020\/05\/Colored-Artificial-Grass-3-510x681.jpg 510w, https:\/\/arturf.com\/wp-content\/uploads\/2020\/05\/Colored-Artificial-Grass-3.jpg 599w\" sizes=\"auto, (max-width: 225px) 100vw, 225px\" \/>                                                              <\/div>\n              <div class=\"box-text text-left\" >\n                 <p><\/p>\n              <\/div>\n            <\/div>\n            <\/a>          <\/div>\n         <\/div><div class=\"gallery-col col\" >\n          <div class=\"col-inner\">\n            <a class=\"image-lightbox lightbox-gallery\" href=\"https:\/\/arturf.com\/wp-content\/uploads\/2020\/05\/Colored-Artificial-Turf-for-Playgrounds.jpg\" title=\"\">            <div class=\"box has-hover gallery-box box-normal\">\n              <div class=\"box-image image-cover\" style=\"padding-top:75%;\">\n                <img loading=\"lazy\" decoding=\"async\" width=\"300\" height=\"225\" src=\"https:\/\/arturf.com\/wp-content\/uploads\/2020\/05\/Colored-Artificial-Turf-for-Playgrounds-300x225.jpg\" class=\"attachment-medium size-medium\" alt=\"\" ids=\"8218,11691,10219,11692,11695,11693,11696,11697,11694,5866\" style=\"normal\" type=\"slider\" col_spacing=\"small\" columns=\"8\" image_height=\"75%\" srcset=\"https:\/\/arturf.com\/wp-content\/uploads\/2020\/05\/Colored-Artificial-Turf-for-Playgrounds-300x225.jpg 300w, https:\/\/arturf.com\/wp-content\/uploads\/2020\/05\/Colored-Artificial-Turf-for-Playgrounds-200x150.jpg 200w, https:\/\/arturf.com\/wp-content\/uploads\/2020\/05\/Colored-Artificial-Turf-for-Playgrounds-768x576.jpg 768w, https:\/\/arturf.com\/wp-content\/uploads\/2020\/05\/Colored-Artificial-Turf-for-Playgrounds-16x12.jpg 16w, https:\/\/arturf.com\/wp-content\/uploads\/2020\/05\/Colored-Artificial-Turf-for-Playgrounds-350x263.jpg 350w, https:\/\/arturf.com\/wp-content\/uploads\/2020\/05\/Colored-Artificial-Turf-for-Playgrounds-510x383.jpg 510w, https:\/\/arturf.com\/wp-content\/uploads\/2020\/05\/Colored-Artificial-Turf-for-Playgrounds.jpg 800w\" sizes=\"auto, (max-width: 300px) 100vw, 300px\" \/>                                                              <\/div>\n              <div class=\"box-text text-left\" >\n                 <p><\/p>\n              <\/div>\n            <\/div>\n            <\/a>          <\/div>\n         <\/div><div class=\"gallery-col col\" >\n          <div class=\"col-inner\">\n            <a class=\"image-lightbox lightbox-gallery\" href=\"https:\/\/arturf.com\/wp-content\/uploads\/2020\/05\/Colored-Artificial-Grass-5.jpg\" title=\"\">            <div class=\"box has-hover gallery-box box-normal\">\n              <div class=\"box-image image-cover\" style=\"padding-top:75%;\">\n                <img loading=\"lazy\" decoding=\"async\" width=\"225\" height=\"300\" src=\"https:\/\/arturf.com\/wp-content\/uploads\/2020\/05\/Colored-Artificial-Grass-5-225x300.jpg\" class=\"attachment-medium size-medium\" alt=\"\" ids=\"8218,11691,10219,11692,11695,11693,11696,11697,11694,5866\" style=\"normal\" type=\"slider\" col_spacing=\"small\" columns=\"8\" image_height=\"75%\" srcset=\"https:\/\/arturf.com\/wp-content\/uploads\/2020\/05\/Colored-Artificial-Grass-5-225x300.jpg 225w, https:\/\/arturf.com\/wp-content\/uploads\/2020\/05\/Colored-Artificial-Grass-5-9x12.jpg 9w, https:\/\/arturf.com\/wp-content\/uploads\/2020\/05\/Colored-Artificial-Grass-5-510x680.jpg 510w, https:\/\/arturf.com\/wp-content\/uploads\/2020\/05\/Colored-Artificial-Grass-5.jpg 600w\" sizes=\"auto, (max-width: 225px) 100vw, 225px\" \/>                                                              <\/div>\n              <div class=\"box-text text-left\" >\n                 <p><\/p>\n              <\/div>\n            <\/div>\n            <\/a>          <\/div>\n         <\/div><div class=\"gallery-col col\" >\n          <div class=\"col-inner\">\n            <a class=\"image-lightbox lightbox-gallery\" href=\"https:\/\/arturf.com\/wp-content\/uploads\/2020\/05\/Colored-Artificial-Grass-4.jpg\" title=\"\">            <div class=\"box has-hover gallery-box box-normal\">\n              <div class=\"box-image image-cover\" style=\"padding-top:75%;\">\n                <img loading=\"lazy\" decoding=\"async\" width=\"300\" height=\"225\" src=\"https:\/\/arturf.com\/wp-content\/uploads\/2020\/05\/Colored-Artificial-Grass-4-300x225.jpg\" class=\"attachment-medium size-medium\" alt=\"\" ids=\"8218,11691,10219,11692,11695,11693,11696,11697,11694,5866\" style=\"normal\" type=\"slider\" col_spacing=\"small\" columns=\"8\" image_height=\"75%\" srcset=\"https:\/\/arturf.com\/wp-content\/uploads\/2020\/05\/Colored-Artificial-Grass-4-300x225.jpg 300w, https:\/\/arturf.com\/wp-content\/uploads\/2020\/05\/Colored-Artificial-Grass-4-200x150.jpg 200w, https:\/\/arturf.com\/wp-content\/uploads\/2020\/05\/Colored-Artificial-Grass-4-768x575.jpg 768w, https:\/\/arturf.com\/wp-content\/uploads\/2020\/05\/Colored-Artificial-Grass-4-16x12.jpg 16w, https:\/\/arturf.com\/wp-content\/uploads\/2020\/05\/Colored-Artificial-Grass-4-350x263.jpg 350w, https:\/\/arturf.com\/wp-content\/uploads\/2020\/05\/Colored-Artificial-Grass-4-510x382.jpg 510w, https:\/\/arturf.com\/wp-content\/uploads\/2020\/05\/Colored-Artificial-Grass-4.jpg 800w\" sizes=\"auto, (max-width: 300px) 100vw, 300px\" \/>                                                              <\/div>\n              <div class=\"box-text text-left\" >\n                 <p><\/p>\n              <\/div>\n            <\/div>\n            <\/a>          <\/div>\n         <\/div><div class=\"gallery-col col\" >\n          <div class=\"col-inner\">\n            <a class=\"image-lightbox lightbox-gallery\" href=\"https:\/\/arturf.com\/wp-content\/uploads\/2020\/05\/Artificial-Grass-for-stairway.jpg\" title=\"\">            <div class=\"box has-hover gallery-box box-normal\">\n              <div class=\"box-image image-cover\" style=\"padding-top:75%;\">\n                <img loading=\"lazy\" decoding=\"async\" width=\"300\" height=\"225\" src=\"https:\/\/arturf.com\/wp-content\/uploads\/2020\/05\/Artificial-Grass-for-stairway-300x225.jpg\" class=\"attachment-medium size-medium\" alt=\"\" ids=\"8218,11691,10219,11692,11695,11693,11696,11697,11694,5866\" style=\"normal\" type=\"slider\" col_spacing=\"small\" columns=\"8\" image_height=\"75%\" srcset=\"https:\/\/arturf.com\/wp-content\/uploads\/2020\/05\/Artificial-Grass-for-stairway-300x225.jpg 300w, https:\/\/arturf.com\/wp-content\/uploads\/2020\/05\/Artificial-Grass-for-stairway-200x150.jpg 200w, https:\/\/arturf.com\/wp-content\/uploads\/2020\/05\/Artificial-Grass-for-stairway-768x576.jpg 768w, https:\/\/arturf.com\/wp-content\/uploads\/2020\/05\/Artificial-Grass-for-stairway-16x12.jpg 16w, https:\/\/arturf.com\/wp-content\/uploads\/2020\/05\/Artificial-Grass-for-stairway-350x263.jpg 350w, https:\/\/arturf.com\/wp-content\/uploads\/2020\/05\/Artificial-Grass-for-stairway-510x383.jpg 510w, https:\/\/arturf.com\/wp-content\/uploads\/2020\/05\/Artificial-Grass-for-stairway.jpg 800w\" sizes=\"auto, (max-width: 300px) 100vw, 300px\" \/>                                                              <\/div>\n              <div class=\"box-text text-left\" >\n                 <p><\/p>\n              <\/div>\n            <\/div>\n            <\/a>          <\/div>\n         <\/div><div class=\"gallery-col col\" >\n          <div class=\"col-inner\">\n            <a class=\"image-lightbox lightbox-gallery\" href=\"https:\/\/arturf.com\/wp-content\/uploads\/2016\/12\/Artificial-Grass-Logo-4.jpg\" title=\"\">            <div class=\"box has-hover gallery-box box-normal\">\n              <div class=\"box-image image-cover\" style=\"padding-top:75%;\">\n                <img loading=\"lazy\" decoding=\"async\" width=\"300\" height=\"200\" src=\"https:\/\/arturf.com\/wp-content\/uploads\/2016\/12\/Artificial-Grass-Logo-4-300x200.jpg\" class=\"attachment-medium size-medium\" alt=\"\" ids=\"8218,11691,10219,11692,11695,11693,11696,11697,11694,5866\" style=\"normal\" type=\"slider\" col_spacing=\"small\" columns=\"8\" image_height=\"75%\" srcset=\"https:\/\/arturf.com\/wp-content\/uploads\/2016\/12\/Artificial-Grass-Logo-4-300x200.jpg 300w, https:\/\/arturf.com\/wp-content\/uploads\/2016\/12\/Artificial-Grass-Logo-4-18x12.jpg 18w, https:\/\/arturf.com\/wp-content\/uploads\/2016\/12\/Artificial-Grass-Logo-4-510x339.jpg 510w, https:\/\/arturf.com\/wp-content\/uploads\/2016\/12\/Artificial-Grass-Logo-4.jpg 600w\" sizes=\"auto, (max-width: 300px) 100vw, 300px\" \/>                                                              <\/div>\n              <div class=\"box-text text-left\" >\n                 <p><\/p>\n              <\/div>\n            <\/div>\n            <\/a>          <\/div>\n         <\/div><\/div>\n<p>T\u00ecm hi\u1ec3u th\u00eam v\u1ec1 c\u1ecf nh\u00e2n t\u1ea1o m\u00e0u, vui l\u00f2ng truy c\u1eadp b\u00e0i &#039;<a href=\"https:\/\/arturf.com\/vi\/support\/colored-artificial-grass\/\">C\u1ecf nh\u00e2n t\u1ea1o m\u00e0u<\/a>\u2018<\/p>","protected":false},"excerpt":{"rendered":"<p>\u0110\u00f4i khi, c\u1ecf kh\u00f4ng ph\u1ea3i l\u00fac n\u00e0o c\u0169ng xanh h\u01a1n, n\u00f3 c\u00f3 th\u1ec3 c\u00f3 m\u00e0u h\u1ed3ng h\u01a1n, xanh h\u01a1n ho\u1eb7c th\u1eadm ch\u00ed l\u00e0 m\u00e0u t\u00edm. C\u1ecf t\u1ed5ng h\u1ee3p th\u00f4ng th\u01b0\u1eddng pha tr\u1ed9n v\u00e0o b\u1ea5t k\u1ef3 m\u00f4i tr\u01b0\u1eddng t\u1ef1 nhi\u00ean v\u1edbi \u0111i\u1ec1u ch\u1ec9nh m\u1ed9t ch\u00fat cho c\u00e1c t\u00f4ng m\u00e0u xanh l\u00e1 c\u00e2y \u0111\u1ec3 th\u00eam chi\u1ec1u s\u00e2u.<\/p>","protected":false},"featured_media":11698,"template":"","meta":{"_seopress_robots_primary_cat":"none","_seopress_titles_title":"Colored Artificial Grass for Unique Designs | Sports Fields, Play Areas & More","_seopress_titles_desc":"Discover the versatility of colored artificial grass for both indoor and outdoor spaces. Ideal for sports fields, play areas, and decorative designs. Explore endless possibilities with vibrant colors and custom shapes for a unique touch in any environment.","_seopress_robots_index":""},"product_brand":[],"product_cat":[69],"product_tag":[],"class_list":{"0":"post-6713","1":"product","2":"type-product","3":"status-publish","4":"has-post-thumbnail","6":"product_cat-multi-purpose","8":"first","9":"instock","10":"shipping-taxable","11":"product-type-simple"},"_links":{"self":[{"href":"https:\/\/arturf.com\/vi\/wp-json\/wp\/v2\/product\/6713","targetHints":{"allow":["GET"]}}],"collection":[{"href":"https:\/\/arturf.com\/vi\/wp-json\/wp\/v2\/product"}],"about":[{"href":"https:\/\/arturf.com\/vi\/wp-json\/wp\/v2\/types\/product"}],"wp:featuredmedia":[{"embeddable":true,"href":"https:\/\/arturf.com\/vi\/wp-json\/wp\/v2\/media\/11698"}],"wp:attachment":[{"href":"https:\/\/arturf.com\/vi\/wp-json\/wp\/v2\/media?parent=6713"}],"wp:term":[{"taxonomy":"product_brand","embeddable":true,"href":"https:\/\/arturf.com\/vi\/wp-json\/wp\/v2\/product_brand?post=6713"},{"taxonomy":"product_cat","embeddable":true,"href":"https:\/\/arturf.com\/vi\/wp-json\/wp\/v2\/product_cat?post=6713"},{"taxonomy":"product_tag","embeddable":true,"href":"https:\/\/arturf.com\/vi\/wp-json\/wp\/v2\/product_tag?post=6713"}],"curies":[{"name":"wp","href":"https:\/\/api.w.org\/{rel}","templated":true}]}}