{"id":6882,"date":"2018-08-20T03:03:34","date_gmt":"2018-08-20T03:03:34","guid":{"rendered":"https:\/\/arturf.com\/?post_type=product&#038;p=6882"},"modified":"2024-07-13T21:25:22","modified_gmt":"2024-07-13T13:25:22","slug":"sports-fencing","status":"publish","type":"product","link":"https:\/\/arturf.com\/vi\/product\/sports-fencing\/","title":{"rendered":"H\u00e0ng r\u00e0o th\u1ec3 thao"},"content":{"rendered":"<div class=\"row\"  id=\"row-614207112\">\n\n\t<div id=\"col-1768690623\" class=\"col small-12 large-12\"  >\n\t\t\t\t<div class=\"col-inner\"  >\n\t\t\t\n\t\t\t\n<p>T\u1ea1i Arturf, ch\u00fang t\u00f4i t\u1eadn t\u00e2m cung c\u1ea5p c\u00e1c gi\u1ea3i ph\u00e1p ch\u1ea5t l\u01b0\u1ee3ng h\u00e0ng \u0111\u1ea7u cho c\u00e1c c\u01a1 s\u1edf th\u1ec3 thao. B\u00ean c\u1ea1nh s\u00e2n c\u1ecf nh\u00e2n t\u1ea1o cao c\u1ea5p, ch\u00fang t\u00f4i c\u00f2n cung c\u1ea5p h\u00e0ng r\u00e0o th\u1ec3 thao v\u00e0 tr\u1ee5 h\u00e0ng r\u00e0o ch\u1ea5t l\u01b0\u1ee3ng cao v\u1edbi s\u1ef1 h\u1ee3p t\u00e1c c\u1ee7a c\u00e1c nh\u00e0 s\u1ea3n xu\u1ea5t c\u00f3 uy t\u00edn. H\u00e0ng r\u00e0o th\u1ec3 thao c\u1ee7a ch\u00fang t\u00f4i \u0111\u01b0\u1ee3c thi\u1ebft k\u1ebf \u0111\u1ec3 \u0111\u1ea3m b\u1ea3o an to\u00e0n, \u0111\u1ed9 b\u1ec1n v\u00e0 t\u00ednh th\u1ea9m m\u1ef9 cho c\u00e1c \u1ee9ng d\u1ee5ng kh\u00e1c nhau. Sau \u0111\u00e2y ch\u00fang t\u00f4i xin gi\u1edbi thi\u1ec7u c\u00e1c s\u1ea3n ph\u1ea9m h\u00e0ng r\u00e0o th\u1ec3 thao c\u1ee7a m\u00ecnh:<\/p>\n<h3>H\u00e0ng r\u00e0o li\u00ean k\u1ebft chu\u1ed7i \u2013 H\u00e0ng r\u00e0o kim lo\u1ea1i ph\u1ee7 PE\/PVC cao c\u1ea5p<\/h3>\n<p>H\u00e0ng r\u00e0o li\u00ean k\u1ebft chu\u1ed7i c\u1ee7a ch\u00fang t\u00f4i l\u00e0 h\u00e0ng r\u00e0o kim lo\u1ea1i ph\u1ee7 PE\/PVC cao c\u1ea5p, \u0111\u01b0\u1ee3c bi\u1ebft \u0111\u1ebfn v\u1edbi nhi\u1ec1u t\u00ean g\u1ecdi kh\u00e1c nhau nh\u01b0 l\u01b0\u1edbi th\u00e9p, h\u00e0ng r\u00e0o l\u01b0\u1edbi th\u00e9p, h\u00e0ng r\u00e0o d\u00e2y x\u00edch, h\u00e0ng r\u00e0o l\u1ed1c xo\u00e1y, h\u00e0ng r\u00e0o b\u00e3o ho\u1eb7c h\u00e0ng r\u00e0o l\u01b0\u1edbi kim c\u01b0\u01a1ng. \u0110\u00e2y l\u00e0 s\u1ef1 l\u1ef1a ch\u1ecdn l\u00fd t\u01b0\u1edfng cho h\u00e0ng r\u00e0o s\u00e2n th\u1ec3 thao, \u0111\u1eb7c bi\u1ec7t \u1edf nh\u1eefng khu v\u1ef1c c\u00f3 kh\u1ea3 n\u0103ng ch\u1ed1ng va \u0111\u1eadp, \u0103n m\u00f2n v\u00e0 \u0111\u1ed9 \u1ea9m cao l\u00e0 r\u1ea5t quan tr\u1ecdng. \u0110\u01b0\u1ee3c l\u00e0m t\u1eeb th\u00e9p nh\u1eb9, th\u00e9p kh\u00f4ng g\u1ec9 ho\u1eb7c d\u00e2y s\u1eaft, nh\u1eefng h\u00e0ng r\u00e0o n\u00e0y \u0111\u00f3ng vai tr\u00f2 l\u00e0 r\u00e0o ch\u1eafn an to\u00e0n v\u00e0 \u0111\u01b0\u1ee3c s\u1eed d\u1ee5ng r\u1ed9ng r\u00e3i trong tr\u01b0\u1eddng h\u1ecdc, c\u00f4ng vi\u00ean, s\u00e2n ch\u01a1i v\u00e0 s\u00e2n b\u00f3ng \u0111\u00e1 \u0111\u1ec3 gi\u1eef b\u00f3ng v\u00e0 b\u1ea3o v\u1ec7 nh\u1eefng ng\u01b0\u1eddi b\u00ean ngo\u00e0i h\u00e0ng r\u00e0o.<\/p>\n<h4><strong>C\u00e1c t\u00ednh n\u0103ng ch\u00ednh:<\/strong><\/h4>\n<ul>\n<li>S\u1ee9c m\u1ea1nh, \u0111\u1ed9 b\u1ec1n v\u00e0 t\u00ednh linh ho\u1ea1t kh\u00f4ng khoan nh\u01b0\u1ee3ng.<\/li>\n<li>Thi\u1ebft k\u1ebf b\u1eaft m\u1eaft v\u1edbi nhi\u1ec1u l\u1ef1a ch\u1ecdn m\u00e0u s\u1eafc.<\/li>\n<li>Ho\u00e0n h\u1ea3o cho c\u00e1c s\u00e2n th\u1ec3 thao ch\u1ecbu t\u00e1c \u0111\u1ed9ng b\u00f3ng li\u00ean t\u1ee5c, ch\u1eb3ng h\u1ea1n nh\u01b0 s\u00e2n b\u00f3ng \u0111\u00e1, s\u00e2n tennis, l\u01b0\u1edbi cricket v\u00e0 l\u01b0\u1edbi b\u00f3ng ch\u00e0y.<\/li>\n<li>Th\u00edch h\u1ee3p cho h\u00e0ng r\u00e0o trong nh\u00e0 v\u00e0 c\u00f4ng nghi\u1ec7p c\u1ea7n kh\u1ea3 n\u0103ng ch\u1ed1ng va \u0111\u1eadp v\u00e0 \u0103n m\u00f2n v\u01b0\u1ee3t tr\u1ed9i.<\/li>\n<li>C\u00e0i \u0111\u1eb7t d\u1ec5 d\u00e0ng tr\u00ean \u0111\u1ea5t ho\u1eb7c n\u1ec1n b\u00ea t\u00f4ng.<\/li>\n<li>B\u1ec1n b\u1ec9, y\u00eau c\u1ea7u b\u1ea3o tr\u00ec t\u1ed1i thi\u1ec3u.<\/li>\n<\/ul>\n\n  \n    <div class=\"row large-columns-4 medium-columns-3 small-columns-2\" >\n  <div class=\"gallery-col col\" >\n          <div class=\"col-inner\">\n            <a class=\"image-lightbox lightbox-gallery\" href=\"https:\/\/arturf.com\/wp-content\/uploads\/2020\/09\/PE-coated-wire-mesh-fence-1024x768.jpg\" title=\"\">            <div class=\"box has-hover gallery-box box-overlay dark\">\n              <div class=\"box-image image-cover\" style=\"padding-top:75%;\">\n                <img loading=\"lazy\" decoding=\"async\" width=\"300\" height=\"225\" src=\"https:\/\/arturf.com\/wp-content\/uploads\/2020\/09\/PE-coated-wire-mesh-fence-300x225.jpg\" class=\"attachment-medium size-medium\" alt=\"\" ids=\"12746,19853,19859\" image_height=\"75%\" srcset=\"https:\/\/arturf.com\/wp-content\/uploads\/2020\/09\/PE-coated-wire-mesh-fence-300x225.jpg 300w, https:\/\/arturf.com\/wp-content\/uploads\/2020\/09\/PE-coated-wire-mesh-fence-1024x768.jpg 1024w, https:\/\/arturf.com\/wp-content\/uploads\/2020\/09\/PE-coated-wire-mesh-fence-200x150.jpg 200w, https:\/\/arturf.com\/wp-content\/uploads\/2020\/09\/PE-coated-wire-mesh-fence-768x576.jpg 768w, https:\/\/arturf.com\/wp-content\/uploads\/2020\/09\/PE-coated-wire-mesh-fence-16x12.jpg 16w, https:\/\/arturf.com\/wp-content\/uploads\/2020\/09\/PE-coated-wire-mesh-fence-350x263.jpg 350w, https:\/\/arturf.com\/wp-content\/uploads\/2020\/09\/PE-coated-wire-mesh-fence-510x383.jpg 510w, https:\/\/arturf.com\/wp-content\/uploads\/2020\/09\/PE-coated-wire-mesh-fence.jpg 1200w\" sizes=\"auto, (max-width: 300px) 100vw, 300px\" \/>                                  <div class=\"overlay fill\"\n                      style=\"background-color: rgba(0,0,0,.15)\">\n                  <\/div>\n                                                              <\/div>\n              <div class=\"box-text text-left\" >\n                 <p><\/p>\n              <\/div>\n            <\/div>\n            <\/a>          <\/div>\n         <\/div><div class=\"gallery-col col\" >\n          <div class=\"col-inner\">\n            <a class=\"image-lightbox lightbox-gallery\" href=\"https:\/\/arturf.com\/wp-content\/uploads\/2018\/08\/Easy-install-Sport-Fence.jpg\" title=\"\">            <div class=\"box has-hover gallery-box box-overlay dark\">\n              <div class=\"box-image image-cover\" style=\"padding-top:75%;\">\n                <img loading=\"lazy\" decoding=\"async\" width=\"500\" height=\"500\" src=\"https:\/\/arturf.com\/wp-content\/uploads\/2018\/08\/Easy-install-Sport-Fence-500x500.jpg\" class=\"attachment-medium size-medium\" alt=\"\" ids=\"12746,19853,19859\" image_height=\"75%\" srcset=\"https:\/\/arturf.com\/wp-content\/uploads\/2018\/08\/Easy-install-Sport-Fence-500x500.jpg 500w, https:\/\/arturf.com\/wp-content\/uploads\/2018\/08\/Easy-install-Sport-Fence-768x768.jpg 768w, https:\/\/arturf.com\/wp-content\/uploads\/2018\/08\/Easy-install-Sport-Fence-12x12.jpg 12w, https:\/\/arturf.com\/wp-content\/uploads\/2018\/08\/Easy-install-Sport-Fence-510x510.jpg 510w, https:\/\/arturf.com\/wp-content\/uploads\/2018\/08\/Easy-install-Sport-Fence-100x100.jpg 100w, https:\/\/arturf.com\/wp-content\/uploads\/2018\/08\/Easy-install-Sport-Fence.jpg 960w\" sizes=\"auto, (max-width: 500px) 100vw, 500px\" \/>                                  <div class=\"overlay fill\"\n                      style=\"background-color: rgba(0,0,0,.15)\">\n                  <\/div>\n                                                              <\/div>\n              <div class=\"box-text text-left\" >\n                 <p><\/p>\n              <\/div>\n            <\/div>\n            <\/a>          <\/div>\n         <\/div><div class=\"gallery-col col\" >\n          <div class=\"col-inner\">\n            <a class=\"image-lightbox lightbox-gallery\" href=\"https:\/\/arturf.com\/wp-content\/uploads\/2018\/08\/Secure-chain-link-fence-by-inserting-steel-bars-1-1.jpg\" title=\"\">            <div class=\"box has-hover gallery-box box-overlay dark\">\n              <div class=\"box-image image-cover\" style=\"padding-top:75%;\">\n                <img loading=\"lazy\" decoding=\"async\" width=\"500\" height=\"454\" src=\"https:\/\/arturf.com\/wp-content\/uploads\/2018\/08\/Secure-chain-link-fence-by-inserting-steel-bars-1-1-500x454.jpg\" class=\"attachment-medium size-medium\" alt=\"\" ids=\"12746,19853,19859\" image_height=\"75%\" srcset=\"https:\/\/arturf.com\/wp-content\/uploads\/2018\/08\/Secure-chain-link-fence-by-inserting-steel-bars-1-1-500x454.jpg 500w, https:\/\/arturf.com\/wp-content\/uploads\/2018\/08\/Secure-chain-link-fence-by-inserting-steel-bars-1-1-768x697.jpg 768w, https:\/\/arturf.com\/wp-content\/uploads\/2018\/08\/Secure-chain-link-fence-by-inserting-steel-bars-1-1-13x12.jpg 13w, https:\/\/arturf.com\/wp-content\/uploads\/2018\/08\/Secure-chain-link-fence-by-inserting-steel-bars-1-1-510x463.jpg 510w, https:\/\/arturf.com\/wp-content\/uploads\/2018\/08\/Secure-chain-link-fence-by-inserting-steel-bars-1-1.jpg 790w\" sizes=\"auto, (max-width: 500px) 100vw, 500px\" \/>                                  <div class=\"overlay fill\"\n                      style=\"background-color: rgba(0,0,0,.15)\">\n                  <\/div>\n                                                              <\/div>\n              <div class=\"box-text text-left\" >\n                 <p><\/p>\n              <\/div>\n            <\/div>\n            <\/a>          <\/div>\n         <\/div><\/div>\n\t\t<\/div>\n\t\t\t\t\t<\/div>\n\n\t\n<\/div>\n<div class=\"row\"  id=\"row-94571462\">\n\n\t<div id=\"col-284698470\" class=\"col small-12 large-12\"  >\n\t\t\t\t<div class=\"col-inner\"  >\n\t\t\t\n\t\t\t\n<h3><span style=\"font-size: 20.16px;\">H\u00e0ng r\u00e0o l\u01b0\u1edbi h\u00e0n 2D<\/span><\/h3>\n<p>H\u00e0ng r\u00e0o l\u01b0\u1edbi h\u00e0n 2D, c\u00f2n \u0111\u01b0\u1ee3c g\u1ecdi l\u00e0 H\u00e0ng r\u00e0o l\u01b0\u1edbi \u0111\u00f4i, H\u00e0ng r\u00e0o l\u01b0\u1edbi \u0111\u00f4i ho\u1eb7c H\u00e0ng r\u00e0o b\u1ea3ng 2D, \u0111\u01b0\u1ee3c l\u00e0m t\u1eeb d\u00e2y th\u00e9p kh\u00f4ng g\u1ec9 c\u00f3 h\u00e0m l\u01b0\u1ee3ng carbon th\u1ea5p ch\u1ea5t l\u01b0\u1ee3ng cao. V\u1edbi m\u1ed9t d\u00e2y d\u1ecdc v\u00e0 hai d\u00e2y ngang, h\u00e0ng r\u00e0o n\u00e0y mang l\u1ea1i s\u1ee9c m\u1ea1nh n\u00e2ng cao so v\u1edbi c\u00e1c t\u1ea5m h\u00e0ng r\u00e0o h\u00e0n ti\u00eau chu\u1ea9n. \u0110\u00f3 l\u00e0 l\u00fd t\u01b0\u1edfng \u0111\u1ec3 b\u1ea3o v\u1ec7 chu vi c\u1ee7a c\u00e1c c\u01a1 s\u1edf th\u01b0\u01a1ng m\u1ea1i, c\u00f4ng nghi\u1ec7p, gi\u00e1o d\u1ee5c v\u00e0 th\u1ec3 thao.<\/p>\n<h4>C\u00e1c t\u00ednh n\u0103ng ch\u00ednh:<\/h4>\n<ul>\n<li>C\u00f3 s\u1eb5n c\u00e1c m\u1eabu thi\u1ebft k\u1ebf \u0111\u1ec9nh ph\u1eb3ng v\u00e0 \u0111\u1ec9nh v\u00f2m.<\/li>\n<li>D\u00e2y ngang \u0111\u00f4i \u0111\u01b0\u1ee3c h\u00e0n v\u00e0o d\u00e2y d\u1ecdc \u0111\u1ec3 t\u0103ng \u0111\u1ed9 c\u1ee9ng.<\/li>\n<li>C\u00e1c l\u1ed7 l\u01b0\u1edbi l\u1edbn cho kh\u1ea3 n\u0103ng hi\u1ec3n th\u1ecb cao v\u00e0 b\u1ea3o m\u1eadt tuy\u1ec7t v\u1eddi.<\/li>\n<li>Gi\u00e1 c\u1ea3 c\u1ea1nh tranh v\u1edbi ch\u1ea5t l\u01b0\u1ee3ng cao, \u0111\u1ed9 c\u1ee9ng v\u00e0 tu\u1ed5i th\u1ecd d\u00e0i.<\/li>\n<li>B\u1ec1 m\u1eb7t m\u1ea1 k\u1ebdm ho\u1eb7c s\u01a1n t\u0129nh \u0111i\u1ec7n cho kh\u1ea3 n\u0103ng ch\u1ed1ng g\u1ec9 v\u00e0 \u0103n m\u00f2n tuy\u1ec7t v\u1eddi.<\/li>\n<li>\u0110\u01b0\u1ee3c thi\u1ebft k\u1ebf \u0111\u1ec3 ch\u1ecbu \u0111\u01b0\u1ee3c c\u00e1c \u0111i\u1ec1u ki\u1ec7n m\u00f4i tr\u01b0\u1eddng kh\u1eafc nghi\u1ec7t kh\u00e1c nhau.<\/li>\n<li>Y\u00eau c\u1ea7u b\u1ea3o tr\u00ec t\u1ed1i thi\u1ec3u do c\u1ea5u tr\u00fac m\u1ea1nh m\u1ebd c\u1ee7a n\u00f3.<\/li>\n<\/ul>\n\n  \n    <div class=\"row large-columns-4 medium-columns-3 small-columns-2\" >\n  <div class=\"gallery-col col\" >\n          <div class=\"col-inner\">\n            <a class=\"image-lightbox lightbox-gallery\" href=\"https:\/\/arturf.com\/wp-content\/uploads\/2018\/08\/2D-Welded-Mesh-Fence-01.jpg\" title=\"\">            <div class=\"box has-hover gallery-box box-overlay dark\">\n              <div class=\"box-image image-cover\" style=\"padding-top:75%;\">\n                <img loading=\"lazy\" decoding=\"async\" width=\"500\" height=\"500\" src=\"https:\/\/arturf.com\/wp-content\/uploads\/2018\/08\/2D-Welded-Mesh-Fence-01-500x500.jpg\" class=\"attachment-medium size-medium\" alt=\"\" ids=\"19855,19858,19857\" image_height=\"75%\" srcset=\"https:\/\/arturf.com\/wp-content\/uploads\/2018\/08\/2D-Welded-Mesh-Fence-01-500x500.jpg 500w, https:\/\/arturf.com\/wp-content\/uploads\/2018\/08\/2D-Welded-Mesh-Fence-01-12x12.jpg 12w, https:\/\/arturf.com\/wp-content\/uploads\/2018\/08\/2D-Welded-Mesh-Fence-01-510x510.jpg 510w, https:\/\/arturf.com\/wp-content\/uploads\/2018\/08\/2D-Welded-Mesh-Fence-01-100x100.jpg 100w, https:\/\/arturf.com\/wp-content\/uploads\/2018\/08\/2D-Welded-Mesh-Fence-01.jpg 550w\" sizes=\"auto, (max-width: 500px) 100vw, 500px\" \/>                                  <div class=\"overlay fill\"\n                      style=\"background-color: rgba(0,0,0,.15)\">\n                  <\/div>\n                                                              <\/div>\n              <div class=\"box-text text-left\" >\n                 <p><\/p>\n              <\/div>\n            <\/div>\n            <\/a>          <\/div>\n         <\/div><div class=\"gallery-col col\" >\n          <div class=\"col-inner\">\n            <a class=\"image-lightbox lightbox-gallery\" href=\"https:\/\/arturf.com\/wp-content\/uploads\/2018\/08\/2D-Welded-Mesh-Fence-02-1-865x1024.jpg\" title=\"\">            <div class=\"box has-hover gallery-box box-overlay dark\">\n              <div class=\"box-image image-cover\" style=\"padding-top:75%;\">\n                <img loading=\"lazy\" decoding=\"async\" width=\"423\" height=\"500\" src=\"https:\/\/arturf.com\/wp-content\/uploads\/2018\/08\/2D-Welded-Mesh-Fence-02-1-423x500.jpg\" class=\"attachment-medium size-medium\" alt=\"\" ids=\"19855,19858,19857\" image_height=\"75%\" srcset=\"https:\/\/arturf.com\/wp-content\/uploads\/2018\/08\/2D-Welded-Mesh-Fence-02-1-423x500.jpg 423w, https:\/\/arturf.com\/wp-content\/uploads\/2018\/08\/2D-Welded-Mesh-Fence-02-1-865x1024.jpg 865w, https:\/\/arturf.com\/wp-content\/uploads\/2018\/08\/2D-Welded-Mesh-Fence-02-1-768x909.jpg 768w, https:\/\/arturf.com\/wp-content\/uploads\/2018\/08\/2D-Welded-Mesh-Fence-02-1-1298x1536.jpg 1298w, https:\/\/arturf.com\/wp-content\/uploads\/2018\/08\/2D-Welded-Mesh-Fence-02-1-1731x2048.jpg 1731w, https:\/\/arturf.com\/wp-content\/uploads\/2018\/08\/2D-Welded-Mesh-Fence-02-1-10x12.jpg 10w, https:\/\/arturf.com\/wp-content\/uploads\/2018\/08\/2D-Welded-Mesh-Fence-02-1-510x604.jpg 510w, https:\/\/arturf.com\/wp-content\/uploads\/2018\/08\/2D-Welded-Mesh-Fence-02-1.jpg 1920w\" sizes=\"auto, (max-width: 423px) 100vw, 423px\" \/>                                  <div class=\"overlay fill\"\n                      style=\"background-color: rgba(0,0,0,.15)\">\n                  <\/div>\n                                                              <\/div>\n              <div class=\"box-text text-left\" >\n                 <p><\/p>\n              <\/div>\n            <\/div>\n            <\/a>          <\/div>\n         <\/div><div class=\"gallery-col col\" >\n          <div class=\"col-inner\">\n            <a class=\"image-lightbox lightbox-gallery\" href=\"https:\/\/arturf.com\/wp-content\/uploads\/2018\/08\/2D-Welded-Mesh-Fence-03-1024x768.jpg\" title=\"\">            <div class=\"box has-hover gallery-box box-overlay dark\">\n              <div class=\"box-image image-cover\" style=\"padding-top:75%;\">\n                <img loading=\"lazy\" decoding=\"async\" width=\"500\" height=\"375\" src=\"https:\/\/arturf.com\/wp-content\/uploads\/2018\/08\/2D-Welded-Mesh-Fence-03-500x375.jpg\" class=\"attachment-medium size-medium\" alt=\"\" ids=\"19855,19858,19857\" image_height=\"75%\" srcset=\"https:\/\/arturf.com\/wp-content\/uploads\/2018\/08\/2D-Welded-Mesh-Fence-03-500x375.jpg 500w, https:\/\/arturf.com\/wp-content\/uploads\/2018\/08\/2D-Welded-Mesh-Fence-03-1024x768.jpg 1024w, https:\/\/arturf.com\/wp-content\/uploads\/2018\/08\/2D-Welded-Mesh-Fence-03-200x150.jpg 200w, https:\/\/arturf.com\/wp-content\/uploads\/2018\/08\/2D-Welded-Mesh-Fence-03-768x576.jpg 768w, https:\/\/arturf.com\/wp-content\/uploads\/2018\/08\/2D-Welded-Mesh-Fence-03-1536x1152.jpg 1536w, https:\/\/arturf.com\/wp-content\/uploads\/2018\/08\/2D-Welded-Mesh-Fence-03-2048x1536.jpg 2048w, https:\/\/arturf.com\/wp-content\/uploads\/2018\/08\/2D-Welded-Mesh-Fence-03-16x12.jpg 16w, https:\/\/arturf.com\/wp-content\/uploads\/2018\/08\/2D-Welded-Mesh-Fence-03-350x263.jpg 350w, https:\/\/arturf.com\/wp-content\/uploads\/2018\/08\/2D-Welded-Mesh-Fence-03-510x383.jpg 510w\" sizes=\"auto, (max-width: 500px) 100vw, 500px\" \/>                                  <div class=\"overlay fill\"\n                      style=\"background-color: rgba(0,0,0,.15)\">\n                  <\/div>\n                                                              <\/div>\n              <div class=\"box-text text-left\" >\n                 <p><\/p>\n              <\/div>\n            <\/div>\n            <\/a>          <\/div>\n         <\/div><\/div>\n\t\t<\/div>\n\t\t\t\t\t<\/div>\n\n\t\n<\/div>\n<div class=\"row\"  id=\"row-781513297\">\n\n\t<div id=\"col-289273738\" class=\"col small-12 large-12\"  >\n\t\t\t\t<div class=\"col-inner\"  >\n\t\t\t\n\t\t\t\n<h3><span style=\"font-size: 20.16px;\">C\u1ecdc h\u00e0ng r\u00e0o<\/span><\/h3>\n<p>Ngo\u00e0i h\u00e0ng r\u00e0o th\u1ec3 thao, ch\u00fang t\u00f4i c\u00f2n cung c\u1ea5p nhi\u1ec1u lo\u1ea1i tr\u1ee5 h\u00e0ng r\u00e0o ch\u1ea5t l\u01b0\u1ee3ng cao \u0111\u01b0\u1ee3c thi\u1ebft k\u1ebf \u0111\u1ec3 b\u1ed5 sung v\u00e0 h\u1ed7 tr\u1ee3 h\u1ec7 th\u1ed1ng h\u00e0ng r\u00e0o c\u1ee7a ch\u00fang t\u00f4i. Tr\u1ee5 h\u00e0ng r\u00e0o c\u1ee7a ch\u00fang t\u00f4i \u0111\u01b0\u1ee3c l\u00e0m t\u1eeb v\u1eadt li\u1ec7u b\u1ec1n, \u0111\u1ea3m b\u1ea3o ch\u00fang cung c\u1ea5p s\u1ef1 h\u1ed7 tr\u1ee3 \u0111\u00e1ng tin c\u1eady v\u00e0 n\u00e2ng cao tu\u1ed5i th\u1ecd cho h\u00e0ng r\u00e0o c\u1ee7a b\u1ea1n. Tr\u1ee5 c\u00f3 th\u1ec3 l\u00e0 \u1ed1ng tr\u00f2n ho\u1eb7c \u1ed1ng vu\u00f4ng, mang l\u1ea1i t\u00ednh linh ho\u1ea1t \u0111\u1ec3 \u0111\u00e1p \u1ee9ng c\u00e1c nhu c\u1ea7u thi\u1ebft k\u1ebf v\u00e0 l\u1eafp \u0111\u1eb7t kh\u00e1c nhau.<\/p>\n<h4>C\u00e1c t\u00ednh n\u0103ng ch\u00ednh:<\/h4>\n<ul>\n<li>\u0110\u01b0\u1ee3c l\u00e0m t\u1eeb v\u1eadt li\u1ec7u ch\u1ea5t l\u01b0\u1ee3ng cao cho \u0111\u1ed9 b\u1ec1n.<\/li>\n<li>C\u00f3 s\u1eb5n trong thi\u1ebft k\u1ebf \u1ed1ng tr\u00f2n ho\u1eb7c \u1ed1ng vu\u00f4ng.<\/li>\n<li>\u0110\u01b0\u1ee3c thi\u1ebft k\u1ebf \u0111\u1ec3 cung c\u1ea5p s\u1ef1 h\u1ed7 tr\u1ee3 m\u1ea1nh m\u1ebd cho nhi\u1ec1u lo\u1ea1i h\u00e0ng r\u00e0o kh\u00e1c nhau.<\/li>\n<li>Ch\u1ed1ng \u0103n m\u00f2n v\u00e0 m\u00e0i m\u00f2n m\u00f4i tr\u01b0\u1eddng.<\/li>\n<li>C\u00f3 nhi\u1ec1u k\u00edch c\u1ee1 v\u00e0 ki\u1ec3u d\u00e1ng kh\u00e1c nhau \u0111\u1ec3 ph\u00f9 h\u1ee3p v\u1edbi c\u00e1c nhu c\u1ea7u l\u00e0m h\u00e0ng r\u00e0o kh\u00e1c nhau.<\/li>\n<li>Th\u1eadt d\u1ec5 d\u00e0ng \u0111\u1ec3 c\u00e0i \u0111\u1eb7t v\u00e0 b\u1ea3o tr\u00ec.<\/li>\n<\/ul>\n<h3>Gi\u1ea3i ph\u00e1p \u0111\u1ea5u ki\u1ebfm th\u1ec3 thao \u0111\u01b0\u1ee3c t\u1ed1i \u01b0u h\u00f3a<\/h3>\n<p>Trong x\u00e2y d\u1ef1ng c\u01a1 s\u1edf th\u1ec3 thao, vi\u1ec7c \u0111\u1ea1t \u0111\u01b0\u1ee3c hi\u1ec7u qu\u1ea3 v\u1ec1 m\u1eb7t chi ph\u00ed m\u00e0 kh\u00f4ng l\u00e0m gi\u1ea3m ch\u1ea5t l\u01b0\u1ee3ng l\u00e0 r\u1ea5t quan tr\u1ecdng. T\u1ea1i Arturf, ch\u00fang t\u00f4i cung c\u1ea5p c\u00e1c gi\u1ea3i ph\u00e1p b\u1ec1n b\u1ec9 v\u00e0 gi\u00e1 c\u1ea3 ph\u1ea3i ch\u0103ng b\u1eb1ng c\u00e1ch k\u1ebft h\u1ee3p c\u00e1c lo\u1ea1i h\u00e0ng r\u00e0o kh\u00e1c nhau \u0111\u1ec3 \u0111\u00e1p \u1ee9ng y\u00eau c\u1ea7u c\u1ee7a d\u1ef1 \u00e1n m\u1ed9t c\u00e1ch hi\u1ec7u qu\u1ea3.<\/p>\n<h4>Chi\u1ec1u cao chung v\u00e0 s\u1ef1 k\u1ebft h\u1ee3p ti\u1ebft ki\u1ec7m chi ph\u00ed<\/h4>\n<p>Chi\u1ec1u cao h\u00e0ng r\u00e0o th\u1ec3 thao \u0111i\u1ec3n h\u00ecnh l\u00e0 4m v\u00e0 6m. \u0110\u1ec3 t\u1ed1i \u01b0u h\u00f3a chi ph\u00ed, ch\u00fang t\u00f4i th\u01b0\u1eddng k\u1ebft h\u1ee3p hai lo\u1ea1i h\u00e0ng r\u00e0o. \u0110\u1ed1i v\u1edbi h\u00e0ng r\u00e0o b\u00f3ng \u0111\u00e1 cao 4m, v\u00ed d\u1ee5 bao g\u1ed3m:<\/p>\n<ul>\n<li>H\u00e0ng r\u00e0o l\u01b0\u1edbi h\u00e0n 2D cao 2m (D\u01b0\u1edbi) + H\u00e0ng r\u00e0o li\u00ean k\u1ebft chu\u1ed7i cao 2m (Tr\u00ean c\u00f9ng)<\/li>\n<li>H\u00e0ng r\u00e0o l\u01b0\u1edbi h\u00e0n 2D cao 2m (D\u01b0\u1edbi) + L\u01b0\u1edbi Polyethylene 2m (Tr\u00ean)<\/li>\n<li>H\u00e0ng r\u00e0o d\u00e2y x\u00edch cao 2m (d\u01b0\u1edbi) + 2m <a href=\"https:\/\/arturf.com\/vi\/product\/sport-netting-barrier\/\">L\u01b0\u1edbi polyetylen<\/a> (\u0110\u1ee9ng \u0111\u1ea7u)<\/li>\n<\/ul>\n<p>Nh\u1eefng s\u1ef1 k\u1ebft h\u1ee3p n\u00e0y \u0111\u1ea3m b\u1ea3o t\u00ednh b\u1ea3o m\u1eadt v\u00e0 \u0111\u1ed9 b\u1ec1n cao v\u1edbi chi ph\u00ed th\u1ea5p h\u01a1n.<\/p>\n<hr \/>\n<p>Ch\u00fang t\u00f4i li\u00ean t\u1ee5c m\u1edf r\u1ed9ng ph\u1ea1m vi s\u1ea3n ph\u1ea9m c\u1ee7a m\u00ecnh \u0111\u1ec3 cung c\u1ea5p nhi\u1ec1u l\u1ef1a ch\u1ecdn l\u00e0m h\u00e0ng r\u00e0o h\u01a1n. \u0110\u1ec3 bi\u1ebft th\u00eam th\u00f4ng tin v\u1ec1 c\u00e1c s\u1ea3n ph\u1ea9m h\u00e0ng r\u00e0o th\u1ec3 thao c\u1ee7a ch\u00fang t\u00f4i ho\u1eb7c y\u00eau c\u1ea7u b\u00e1o gi\u00e1, vui l\u00f2ng li\u00ean h\u1ec7 v\u1edbi ch\u00fang t\u00f4i t\u1ea1i info@arturf.com. H\u00e3y \u0111\u1ec3 Arturf gi\u00fap b\u1ea1n t\u1ea1o ra m\u1ed9t m\u00f4i tr\u01b0\u1eddng an to\u00e0n v\u00e0 th\u1ea9m m\u1ef9 cho c\u00e1c c\u01a1 s\u1edf th\u1ec3 thao c\u1ee7a b\u1ea1n.<\/p>\n\t\t<\/div>\n\t\t\t\t\t<\/div>\n\n\t\n<\/div>","protected":false},"excerpt":{"rendered":"<p>Kh\u00e1m ph\u00e1 h\u00e0ng lo\u1ea1t h\u00e0ng r\u00e0o th\u1ec3 thao ch\u1ea5t l\u01b0\u1ee3ng cao c\u1ee7a Arturf, bao g\u1ed3m h\u00e0ng r\u00e0o x\u00edch b\u1ecdc PE\/PVC v\u00e0 h\u00e0ng r\u00e0o l\u01b0\u1edbi h\u00e0n 2D. C\u00e1c t\u00f9y ch\u1ecdn b\u1ed5 sung c\u00f3 s\u1eb5n theo y\u00eau c\u1ea7u cho c\u00e1c gi\u1ea3i ph\u00e1p ph\u00f9 h\u1ee3p v\u1edbi nhu c\u1ea7u c\u01a1 s\u1edf th\u1ec3 thao c\u1ee7a b\u1ea1n.<\/p>","protected":false},"featured_media":14465,"template":"","meta":{"_seopress_robots_primary_cat":"","_seopress_titles_title":"","_seopress_titles_desc":"","_seopress_robots_index":""},"product_brand":[],"product_cat":[66],"product_tag":[],"class_list":{"0":"post-6882","1":"product","2":"type-product","3":"status-publish","4":"has-post-thumbnail","6":"product_cat-accessories","8":"first","9":"instock","10":"shipping-taxable","11":"product-type-simple"},"_links":{"self":[{"href":"https:\/\/arturf.com\/vi\/wp-json\/wp\/v2\/product\/6882","targetHints":{"allow":["GET"]}}],"collection":[{"href":"https:\/\/arturf.com\/vi\/wp-json\/wp\/v2\/product"}],"about":[{"href":"https:\/\/arturf.com\/vi\/wp-json\/wp\/v2\/types\/product"}],"wp:featuredmedia":[{"embeddable":true,"href":"https:\/\/arturf.com\/vi\/wp-json\/wp\/v2\/media\/14465"}],"wp:attachment":[{"href":"https:\/\/arturf.com\/vi\/wp-json\/wp\/v2\/media?parent=6882"}],"wp:term":[{"taxonomy":"product_brand","embeddable":true,"href":"https:\/\/arturf.com\/vi\/wp-json\/wp\/v2\/product_brand?post=6882"},{"taxonomy":"product_cat","embeddable":true,"href":"https:\/\/arturf.com\/vi\/wp-json\/wp\/v2\/product_cat?post=6882"},{"taxonomy":"product_tag","embeddable":true,"href":"https:\/\/arturf.com\/vi\/wp-json\/wp\/v2\/product_tag?post=6882"}],"curies":[{"name":"wp","href":"https:\/\/api.w.org\/{rel}","templated":true}]}}