{"id":6898,"date":"2018-08-23T01:23:36","date_gmt":"2018-08-23T01:23:36","guid":{"rendered":"https:\/\/arturf.com\/?post_type=product&#038;p=6898"},"modified":"2020-02-26T02:27:55","modified_gmt":"2020-02-26T02:27:55","slug":"weed-barrier","status":"publish","type":"product","link":"https:\/\/arturf.com\/vi\/product\/weed-barrier\/","title":{"rendered":"H\u00e0ng r\u00e0o c\u1ecf d\u1ea1i"},"content":{"rendered":"<p>L\u1edbp r\u00e0o ch\u1eafn c\u1ecf d\u1ea1i (ho\u1eb7c th\u1ea3m c\u1ecf d\u1ea1i) \u0111\u00f3ng vai tr\u00f2 l\u00e0 h\u00e0ng r\u00e0o ng\u0103n ch\u1eb7n \/ gi\u1ea3m thi\u1ec3u c\u1ecf d\u1ea1i m\u1ecdc tr\u00ean \u0111\u1ec9nh ho\u1eb7c th\u00f4ng qua c\u00e1c lo\u1ea1i c\u1ecf nh\u00e2n t\u1ea1o c\u1ea3nh quan.<\/p>\n<p>H\u00e0ng r\u00e0o c\u1ecf nh\u00e2n t\u1ea1o n\u00e0y (v\u1ea3i c\u1ea3nh) s\u1ebd gi\u00fap b\u1ea1n ch\u1eb7n c\u1ecf v\u00e0 t\u00e1ch \u0111\u1ea5t. L\u00e0m cho c\u00e0i \u0111\u1eb7t c\u1ecf nh\u00e2n t\u1ea1o c\u1ee7a b\u1ea1n nh\u01b0 m\u1ed9t chuy\u00ean gia cho m\u1ed9t \u0111\u1ed9 b\u1ec1n l\u00e2u d\u00e0i.<\/p>\n\t<div class=\"img has-hover x md-x lg-x y md-y lg-y\" id=\"image_1139371849\">\n\t\t\t\t\t\t\t\t<div class=\"img-inner dark\" >\n\t\t\t<img loading=\"lazy\" decoding=\"async\" width=\"800\" height=\"599\" src=\"https:\/\/arturf.com\/wp-content\/uploads\/2020\/02\/Artificial-Grass-Weed-Barrier.jpg\" class=\"attachment-large size-large\" alt=\"\" srcset=\"https:\/\/arturf.com\/wp-content\/uploads\/2020\/02\/Artificial-Grass-Weed-Barrier.jpg 800w, https:\/\/arturf.com\/wp-content\/uploads\/2020\/02\/Artificial-Grass-Weed-Barrier-300x225.jpg 300w, https:\/\/arturf.com\/wp-content\/uploads\/2020\/02\/Artificial-Grass-Weed-Barrier-200x150.jpg 200w, https:\/\/arturf.com\/wp-content\/uploads\/2020\/02\/Artificial-Grass-Weed-Barrier-768x575.jpg 768w, https:\/\/arturf.com\/wp-content\/uploads\/2020\/02\/Artificial-Grass-Weed-Barrier-16x12.jpg 16w, https:\/\/arturf.com\/wp-content\/uploads\/2020\/02\/Artificial-Grass-Weed-Barrier-350x263.jpg 350w, https:\/\/arturf.com\/wp-content\/uploads\/2020\/02\/Artificial-Grass-Weed-Barrier-510x382.jpg 510w\" sizes=\"auto, (max-width: 800px) 100vw, 800px\" \/>\t\t\t\t\t\t\n\t\t\t\t\t<\/div>\n\t\t\t\t\t\t\t\t\n<style>\n#image_1139371849 {\n  width: 100%;\n}\n<\/style>\n\t<\/div>","protected":false},"excerpt":{"rendered":"<p>H\u00e0ng r\u00e0o c\u1ecf d\u1ea1i ng\u0103n ch\u1eb7n s\u1ef1 ph\u00e1t tri\u1ec3n c\u1ee7a c\u1ecf d\u1ea1i trong d\u1ef1 \u00e1n l\u1eafp \u0111\u1eb7t c\u1ecf nh\u00e2n t\u1ea1o c\u1ee7a b\u1ea1n v\u1edbi vi\u1ec7c s\u1eed d\u1ee5ng h\u00e0ng r\u00e0o c\u1ecf d\u1ea1i. S\u1ea3n ph\u1ea9m n\u00e0y l\u00e0m ch\u00ednh x\u00e1c nh\u1eefng g\u00ec t\u00ean c\u1ee7a n\u00f3 ng\u1ee5 \u00fd. Trong h\u1ea7u h\u1ebft c\u00e1c tr\u01b0\u1eddng h\u1ee3p, c\u00e0i \u0111\u1eb7t gi\u1eefa c\u01a1 s\u1edf v\u00e0 c\u1ecf nh\u00e2n t\u1ea1o.<\/p>\n<p><strong>Chi\u1ec1u r\u1ed9ng c\u1ee7a cu\u1ed9n:<\/strong> 1m, 2m, 3 m, 4m<br \/>\n<strong>Chi\u1ec1u d\u00e0i cu\u1ed9n:<\/strong> 50m, 100m<br \/>\n<strong>Ng\u1eef ph\u00e1p:<\/strong> 100g \/, 120g \/<\/p>","protected":false},"featured_media":6901,"template":"","meta":{"_seopress_robots_primary_cat":"","_seopress_titles_title":"","_seopress_titles_desc":"","_seopress_robots_index":""},"product_brand":[],"product_cat":[66],"product_tag":[],"class_list":{"0":"post-6898","1":"product","2":"type-product","3":"status-publish","4":"has-post-thumbnail","6":"product_cat-accessories","8":"first","9":"instock","10":"shipping-taxable","11":"product-type-simple"},"_links":{"self":[{"href":"https:\/\/arturf.com\/vi\/wp-json\/wp\/v2\/product\/6898","targetHints":{"allow":["GET"]}}],"collection":[{"href":"https:\/\/arturf.com\/vi\/wp-json\/wp\/v2\/product"}],"about":[{"href":"https:\/\/arturf.com\/vi\/wp-json\/wp\/v2\/types\/product"}],"wp:featuredmedia":[{"embeddable":true,"href":"https:\/\/arturf.com\/vi\/wp-json\/wp\/v2\/media\/6901"}],"wp:attachment":[{"href":"https:\/\/arturf.com\/vi\/wp-json\/wp\/v2\/media?parent=6898"}],"wp:term":[{"taxonomy":"product_brand","embeddable":true,"href":"https:\/\/arturf.com\/vi\/wp-json\/wp\/v2\/product_brand?post=6898"},{"taxonomy":"product_cat","embeddable":true,"href":"https:\/\/arturf.com\/vi\/wp-json\/wp\/v2\/product_cat?post=6898"},{"taxonomy":"product_tag","embeddable":true,"href":"https:\/\/arturf.com\/vi\/wp-json\/wp\/v2\/product_tag?post=6898"}],"curies":[{"name":"wp","href":"https:\/\/api.w.org\/{rel}","templated":true}]}}