{"id":7820,"date":"2019-01-14T02:16:13","date_gmt":"2019-01-14T02:16:13","guid":{"rendered":"https:\/\/arturf.com\/?post_type=product&#038;p=7820"},"modified":"2022-07-02T21:43:47","modified_gmt":"2022-07-02T13:43:47","slug":"self-adhesive-seam-tape","status":"publish","type":"product","link":"https:\/\/arturf.com\/vi\/product\/self-adhesive-seam-tape\/","title":{"rendered":"B\u0103ng keo t\u1ef1 d\u00ednh"},"content":{"rendered":"<p>EasyTape l\u00e0 m\u1ed9t lo\u1ea1i b\u0103ng d\u00ednh t\u1ef1 d\u00ednh nh\u1ea1y c\u1ea3m v\u1edbi \u00e1p l\u1ef1c \u0111\u01b0\u1ee3c thi\u1ebft k\u1ebf cho c\u00e1c khu v\u1ef1c gi\u1ea3i tr\u00ed. V\u1edbi ch\u1ea5t k\u1ebft d\u00ednh v\u00e0 b\u0103ng d\u00ednh \u0111\u00e3 \u0111\u01b0\u1ee3c k\u1ebft h\u1ee3p, \u0111\u00e2y l\u00e0 c\u00e1ch d\u1ec5 d\u00e0ng v\u00e0 nhanh ch\u00f3ng nh\u1ea5t trong s\u1ed1 c\u00e1c l\u1ef1a ch\u1ecdn gh\u00e9p n\u1ed1i.<\/p>\n\t<div class=\"img has-hover x md-x lg-x y md-y lg-y\" id=\"image_1217832853\">\n\t\t\t\t\t\t\t\t<div class=\"img-inner dark\" >\n\t\t\t<img loading=\"lazy\" decoding=\"async\" width=\"1000\" height=\"574\" src=\"https:\/\/arturf.com\/wp-content\/uploads\/2019\/12\/ARTURF-self-adhesive-seam-tape-easy-install.jpg\" class=\"attachment-large size-large\" alt=\"\" srcset=\"https:\/\/arturf.com\/wp-content\/uploads\/2019\/12\/ARTURF-self-adhesive-seam-tape-easy-install.jpg 1000w, https:\/\/arturf.com\/wp-content\/uploads\/2019\/12\/ARTURF-self-adhesive-seam-tape-easy-install-300x172.jpg 300w, https:\/\/arturf.com\/wp-content\/uploads\/2019\/12\/ARTURF-self-adhesive-seam-tape-easy-install-768x441.jpg 768w, https:\/\/arturf.com\/wp-content\/uploads\/2019\/12\/ARTURF-self-adhesive-seam-tape-easy-install-18x10.jpg 18w, https:\/\/arturf.com\/wp-content\/uploads\/2019\/12\/ARTURF-self-adhesive-seam-tape-easy-install-510x293.jpg 510w\" sizes=\"auto, (max-width: 1000px) 100vw, 1000px\" \/>\t\t\t\t\t\t\n\t\t\t\t\t<\/div>\n\t\t\t\t\t\t\t\t\n<style>\n#image_1217832853 {\n  width: 80%;\n}\n<\/style>\n\t<\/div>\n\t\n<h4><strong>Ph\u01b0\u01a1ng ph\u00e1p \u1ee9ng d\u1ee5ng<\/strong><\/h4>\n<ul>\n<li style=\"list-style-type: none;\">\n<ul>\n<li class=\"bullet-checkmark bullet-arrow\">Cu\u1ed9n c\u1ecf nh\u00e2n t\u1ea1o th\u00e0nh c\u00e1c d\u1ea3i song song \u0111\u1ec3 c\u00e1c c\u1ea1nh ch\u1ea1m nhau.<\/li>\n<li class=\"bullet-checkmark bullet-arrow\">G\u1eadp c\u00e1c m\u00e9p l\u1ea1i v\u00e0 l\u1eafp b\u0103ng d\u00ednh v\u00e0o gi\u1eefa c\u00e1c cu\u1ed9n \u1edf v\u1ecb tr\u00ed \u0111\u01b0\u1eddng may s\u1ebd \u0111\u01b0\u1ee3c g\u1ea5p l\u1ea1i, d\u00e1n m\u1eb7t l\u00ean.<\/li>\n<li class=\"bullet-checkmark bullet-arrow\">G\u1ea5p c\u00e1c c\u1ea1nh l\u1ea1i v\u00e0o b\u0103ng d\u00ednh. \u0110\u1ea3m b\u1ea3o r\u1eb1ng c\u00e1c s\u1ee3i c\u1ecf kh\u00f4ng ch\u1ea1m v\u00e0o b\u1ec1 m\u1eb7t c\u1ee7a ch\u1ea5t k\u1ebft d\u00ednh, \u1ea5n \u0111\u01b0\u1eddng may ch\u1eafc ch\u1eafn.<\/li>\n<li class=\"bullet-checkmark bullet-arrow\">\u0110\u1ec3 c\u00e1c \u0111\u01b0\u1eddng n\u1ed1i c\u00e2n b\u1eb1ng v\u00e1n ho\u1eb7c t\u01b0\u01a1ng t\u1ef1 trong 24 gi\u1edd tr\u01b0\u1edbc khi s\u1eed d\u1ee5ng b\u1ec1 m\u1eb7t.<\/li>\n<\/ul>\n<\/li>\n<\/ul>\n<div class=\"row\"  id=\"row-996880366\">\n\n\t<div id=\"col-1724784108\" class=\"col medium-6 small-12 large-6\"  >\n\t\t\t\t<div class=\"col-inner\"  >\n\t\t\t\n\t\t\t\n<div class=\"video video-fit mb\" style=\"padding-top:56.25%;\"><p><iframe loading=\"lazy\" title=\"B\u0103ng d\u00e1n t\u1ef1 d\u00ednh \u0111\u1ec3 l\u1eafp \u0111\u1eb7t c\u1ecf nh\u00e2n t\u1ea1o\" width=\"1020\" height=\"574\" src=\"https:\/\/www.youtube.com\/embed\/9cIFHRVDGTQ?feature=oembed\" frameborder=\"0\" allow=\"accelerometer; autoplay; clipboard-write; encrypted-media; gyroscope; picture-in-picture; web-share\" referrerpolicy=\"strict-origin-when-cross-origin\" allowfullscreen><\/iframe><\/p>\n<\/div>\n\t\t<\/div>\n\t\t\t\t\t<\/div>\n\n\t\n<\/div>\n\t<div id=\"gap-337081222\" class=\"gap-element clearfix\" style=\"display:block; height:auto;\">\n\t\t\n<style>\n#gap-337081222 {\n  padding-top: 30px;\n}\n<\/style>\n\t<\/div>\n\t\n<h4>T\u00ednh n\u0103ng c\u1ee7a b\u0103ng d\u00e1n t\u1ef1 d\u00ednh<\/h4>\n<ul>\n<li class=\"bullet-checkmark\">\u00a0<strong>D\u1ec5 s\u1eed d\u1ee5ng:<\/strong> C\u00e1ch truy\u1ec1n th\u1ed1ng \u0111\u1ec3 gh\u00e9p hai mi\u1ebfng c\u1ecf nh\u00e2n t\u1ea1o l\u00e0 s\u1eed d\u1ee5ng <a href=\"https:\/\/arturf.com\/vi\/product\/artificial-grass-adhesive\/\">keo \/ keo<\/a> v\u00e0 <a href=\"https:\/\/arturf.com\/vi\/product\/artificial-grass-seaming-tape\/\">b\u0103ng keo<\/a>. B\u0103ng keo t\u1ef1 d\u00ednh gi\u00fap ti\u1ebft ki\u1ec7m s\u1ee9c lao \u0111\u1ed9ng v\u00e0 th\u1eddi gian. B\u1ea1n ch\u1ec9 c\u1ea7n th\u00e1o m\u00e0ng PE v\u00e0 d\u00e1n v\u00e0o m\u1eb7t sau c\u1ee7a ng\u01b0\u1eddi ch\u1ea1y c\u1ecf t\u1ed5ng h\u1ee3p \u0111\u1ec3 may c\u1ecf.<\/li>\n<li class=\"bullet-checkmark\"><strong>B\u00e1m d\u00ednh m\u1ea1nh:<\/strong> ph\u1ee7 ch\u1ea5t k\u1ebft d\u00ednh acrylic ch\u1ea5t l\u01b0\u1ee3ng h\u00e0ng \u0111\u1ea7u. V\u1edbi \u0111\u1eb7c t\u00ednh b\u00e1m d\u00ednh ch\u1eafc ch\u1eafn, ch\u1ed1ng tr\u01b0\u1ee3t, ch\u1ed1ng th\u1ea5m n\u01b0\u1edbc.<\/li>\n<li class=\"bullet-checkmark\"><strong>B\u1ec1n v\u00e0 l\u00e2u d\u00e0i:<\/strong> Sau khi d\u00e1n c\u1ecf nh\u00e2n t\u1ea1o, b\u0103ng c\u00f3 t\u00e1c d\u1ee5ng t\u1eeb 6 - 8 n\u0103m. \u0110\u1eb7c t\u00ednh t\u1ef1 d\u00ednh tuy\u1ec7t v\u1eddi, kh\u00f4ng d\u1ec5 r\u00f2 r\u1ec9 khi s\u1eed d\u1ee5ng, \u0111\u1ea3m b\u1ea3o th\u1eddi gian s\u1eed d\u1ee5ng l\u00e2u d\u00e0i.<\/li>\n<li class=\"bullet-checkmark\"><strong>\u0110a m\u1ee5c \u0111\u00edch:<\/strong> L\u00fd t\u01b0\u1edfng cho c\u00e1c \u1ee9ng d\u1ee5ng c\u1ea3nh quan nh\u01b0 s\u00e2n trong, trang tr\u00ed s\u00e0n, s\u00e2n v\u01b0\u1eddn, nh\u00e0 tr\u1ebb, ban c\u00f4ng, l\u1ed1i v\u00e0o v\u00e0 khu v\u1ef1c nu\u00f4i ch\u00f3 c\u1ea3nh.<\/li>\n<\/ul>\n\t<div class=\"img has-hover x md-x lg-x y md-y lg-y\" id=\"image_45373993\">\n\t\t\t\t\t\t\t\t<div class=\"img-inner dark\" >\n\t\t\t<img loading=\"lazy\" decoding=\"async\" width=\"1500\" height=\"1500\" src=\"https:\/\/arturf.com\/wp-content\/uploads\/2019\/12\/Features-of-ARTURF-self-adhesive-seaming-tape.jpg\" class=\"attachment-original size-original\" alt=\"\" srcset=\"https:\/\/arturf.com\/wp-content\/uploads\/2019\/12\/Features-of-ARTURF-self-adhesive-seaming-tape.jpg 1500w, https:\/\/arturf.com\/wp-content\/uploads\/2019\/12\/Features-of-ARTURF-self-adhesive-seaming-tape-300x300.jpg 300w, https:\/\/arturf.com\/wp-content\/uploads\/2019\/12\/Features-of-ARTURF-self-adhesive-seaming-tape-1024x1024.jpg 1024w, https:\/\/arturf.com\/wp-content\/uploads\/2019\/12\/Features-of-ARTURF-self-adhesive-seaming-tape-768x768.jpg 768w, https:\/\/arturf.com\/wp-content\/uploads\/2019\/12\/Features-of-ARTURF-self-adhesive-seaming-tape-12x12.jpg 12w, https:\/\/arturf.com\/wp-content\/uploads\/2019\/12\/Features-of-ARTURF-self-adhesive-seaming-tape-510x510.jpg 510w, https:\/\/arturf.com\/wp-content\/uploads\/2019\/12\/Features-of-ARTURF-self-adhesive-seaming-tape-100x100.jpg 100w\" sizes=\"auto, (max-width: 1500px) 100vw, 1500px\" \/>\t\t\t\t\t\t\n\t\t\t\t\t<\/div>\n\t\t\t\t\t\t\t\t\n<style>\n#image_45373993 {\n  width: 75%;\n}\n<\/style>\n\t<\/div>","protected":false},"excerpt":{"rendered":"<p>B\u0103ng d\u00ednh \u0111\u01b0\u1eddng may t\u1ef1 d\u00ednh (EasyTape) c\u1ee7a ch\u00fang t\u00f4i \u0111\u01b0\u1ee3c bao g\u1ed3m \/ ph\u1ee7 s\u1eb5n ch\u1ea5t k\u1ebft d\u00ednh. N\u00f3 r\u1ea5t thu\u1eadn ti\u1ec7n \u0111\u1ec3 s\u1eed d\u1ee5ng, L\u00fd t\u01b0\u1edfng cho c\u00e1c \u1ee9ng d\u1ee5ng c\u1ea3nh quan nh\u01b0 s\u00e2n trong, trang tr\u00ed s\u00e0n nh\u00e0, s\u00e2n v\u01b0\u1eddn, nh\u00e0 tr\u1ebb, ban c\u00f4ng, l\u1ed1i v\u00e0o v\u00e0 khu v\u1ef1c nu\u00f4i ch\u00f3 c\u1ea3nh.<\/p>\n<p>B\u0103ng keo t\u1ef1 d\u00ednh r\u1ea5t d\u1ec5 s\u1eed d\u1ee5ng v\u00e0 \u0111\u01b0\u1ee3c \u0111\u00f3ng g\u00f3i d\u01b0\u1edbi d\u1ea1ng cu\u1ed9n ri\u00eang l\u1ebb.<\/p>","protected":false},"featured_media":7822,"template":"","meta":{"_seopress_robots_primary_cat":"","_seopress_titles_title":"","_seopress_titles_desc":"Our self-adhesive seam tape \u2018TURF-FIX\u2019 is adhesive included\/pre-coated. It is very convenient to use, Ideal for landscape applications.","_seopress_robots_index":""},"product_brand":[],"product_cat":[66],"product_tag":[],"class_list":{"0":"post-7820","1":"product","2":"type-product","3":"status-publish","4":"has-post-thumbnail","6":"product_cat-accessories","8":"first","9":"instock","10":"shipping-taxable","11":"product-type-simple"},"_links":{"self":[{"href":"https:\/\/arturf.com\/vi\/wp-json\/wp\/v2\/product\/7820","targetHints":{"allow":["GET"]}}],"collection":[{"href":"https:\/\/arturf.com\/vi\/wp-json\/wp\/v2\/product"}],"about":[{"href":"https:\/\/arturf.com\/vi\/wp-json\/wp\/v2\/types\/product"}],"wp:featuredmedia":[{"embeddable":true,"href":"https:\/\/arturf.com\/vi\/wp-json\/wp\/v2\/media\/7822"}],"wp:attachment":[{"href":"https:\/\/arturf.com\/vi\/wp-json\/wp\/v2\/media?parent=7820"}],"wp:term":[{"taxonomy":"product_brand","embeddable":true,"href":"https:\/\/arturf.com\/vi\/wp-json\/wp\/v2\/product_brand?post=7820"},{"taxonomy":"product_cat","embeddable":true,"href":"https:\/\/arturf.com\/vi\/wp-json\/wp\/v2\/product_cat?post=7820"},{"taxonomy":"product_tag","embeddable":true,"href":"https:\/\/arturf.com\/vi\/wp-json\/wp\/v2\/product_tag?post=7820"}],"curies":[{"name":"wp","href":"https:\/\/api.w.org\/{rel}","templated":true}]}}